{"id":130,"date":"2021-06-20T21:42:23","date_gmt":"2021-06-20T18:42:23","guid":{"rendered":"https:\/\/bilisimyildizlari.org.tr\/2013\/?page_id=130"},"modified":"2021-06-20T21:47:12","modified_gmt":"2021-06-20T18:47:12","slug":"bilisim-kategori","status":"publish","type":"page","link":"https:\/\/bilisimyildizlari.org.tr\/2013\/bilisim-kategori\/","title":{"rendered":"Bili\u015fim Kategori"},"content":{"rendered":"<h2 class=\"titleBlack\">Bili\u015fim Y\u0131ld\u0131zlar\u0131 Kategorileri<\/h2>\n<p>&nbsp;<\/p>\n<div class=\"clear\"><\/div>\n<div class=\" alt-sayfa-icerik-icerik\"><\/div>\n<style>#sp-ea-132 .spcollapsing { height: 0; overflow: hidden; transition-property: height;transition-duration: 500ms;}#sp-ea-132.sp-easy-accordion>.sp-ea-single {margin-bottom: 10px; border: 1px solid #e2e2e2; }#sp-ea-132.sp-easy-accordion>.sp-ea-single>.ea-header a {color: #444;}#sp-ea-132.sp-easy-accordion>.sp-ea-single>.sp-collapse>.ea-body {background: #fff; color: #444;}#sp-ea-132.sp-easy-accordion>.sp-ea-single {background: #eee;}#sp-ea-132.sp-easy-accordion>.sp-ea-single>.ea-header a .ea-expand-icon { float: left; color: #444;font-size: 16px;}<\/style><div id=\"sp_easy_accordion-1778023398\"><div id=\"sp-ea-132\" class=\"sp-ea-one sp-easy-accordion\" data-ea-active=\"ea-click\" data-ea-mode=\"vertical\" data-preloader=\"\" data-scroll-active-item=\"\" data-offset-to-scroll=\"0\"><div class=\"ea-card ea-expand sp-ea-single\"><h3 class=\"ea-header\"><a class=\"collapsed\" id=\"ea-header-1320\" role=\"button\" data-sptoggle=\"spcollapse\" data-sptarget=\"#collapse1320\" aria-controls=\"collapse1320\" href=\"#\" aria-expanded=\"true\" tabindex=\"0\"><i aria-hidden=\"true\" role=\"presentation\" class=\"ea-expand-icon eap-icon-ea-expand-minus\"><\/i> 1. e-belediye<\/a><\/h3><div class=\"sp-collapse spcollapse collapsed show\" id=\"collapse1320\" data-parent=\"#sp-ea-132\" role=\"region\" aria-labelledby=\"ea-header-1320\"> <div class=\"ea-body\"><p>\u0130nternet \u00fcst\u00fcnden online hizmet veren belediyelerimize ait projeler bu kategoriye dahildir.<\/p><\/div><\/div><\/div><div class=\"ea-card sp-ea-single\"><h3 class=\"ea-header\"><a class=\"collapsed\" id=\"ea-header-1321\" role=\"button\" data-sptoggle=\"spcollapse\" data-sptarget=\"#collapse1321\" aria-controls=\"collapse1321\" href=\"#\" aria-expanded=\"false\" tabindex=\"0\"><i aria-hidden=\"true\" role=\"presentation\" class=\"ea-expand-icon eap-icon-ea-expand-plus\"><\/i> 2. e-ticaret<\/a><\/h3><div class=\"sp-collapse spcollapse \" id=\"collapse1321\" data-parent=\"#sp-ea-132\" role=\"region\" aria-labelledby=\"ea-header-1321\"> <div class=\"ea-body\"><p>Kendine ait \u00fcr\u00fcn ve hizmetlerin elektronik ortamda sat\u0131\u015f\u0131n\u0131 yapmak amac\u0131yla haz\u0131rlanm\u0131\u015f siteler bu kategoriye dahildir. E-ticaret kategorisi, ba\u015fka ama\u00e7lar do\u011frultusunda haz\u0131rlanm\u0131\u015f fakat, b\u00fcnyesinde e-ticaret mod\u00fcl\u00fc bulunduran siteleri de kapsamaktad\u0131r.<\/p><\/div><\/div><\/div><div class=\"ea-card sp-ea-single\"><h3 class=\"ea-header\"><a class=\"collapsed\" id=\"ea-header-1322\" role=\"button\" data-sptoggle=\"spcollapse\" data-sptarget=\"#collapse1322\" aria-controls=\"collapse1322\" href=\"#\" aria-expanded=\"false\" tabindex=\"0\"><i aria-hidden=\"true\" role=\"presentation\" class=\"ea-expand-icon eap-icon-ea-expand-plus\"><\/i> 3. e-gen\u00e7<\/a><\/h3><div class=\"sp-collapse spcollapse \" id=\"collapse1322\" data-parent=\"#sp-ea-132\" role=\"region\" aria-labelledby=\"ea-header-1322\"> <div class=\"ea-body\"><p>26 ya\u015f ve alt\u0131ndaki kat\u0131l\u0131mc\u0131lar\u0131n olu\u015fturdu\u011fu, geli\u015ftirdi\u011fi, y\u00f6netti\u011fi siteler bu kategoriye ba\u015fvurabilir.<\/p><\/div><\/div><\/div><div class=\"ea-card sp-ea-single\"><h3 class=\"ea-header\"><a class=\"collapsed\" id=\"ea-header-1323\" role=\"button\" data-sptoggle=\"spcollapse\" data-sptarget=\"#collapse1323\" aria-controls=\"collapse1323\" href=\"#\" aria-expanded=\"false\" tabindex=\"0\"><i aria-hidden=\"true\" role=\"presentation\" class=\"ea-expand-icon eap-icon-ea-expand-plus\"><\/i> 4. e-hizmet<\/a><\/h3><div class=\"sp-collapse spcollapse \" id=\"collapse1323\" data-parent=\"#sp-ea-132\" role=\"region\" aria-labelledby=\"ea-header-1323\"> <div class=\"ea-body\"><p>Ba\u015fkas\u0131na ait olan \u00fcr\u00fcn ve hizmetlerin \u00e7e\u015fitli aktivitelerle elektronik ortamda kullan\u0131c\u0131ya ula\u015f\u0131m\u0131n\u0131 sa\u011flayan ve b\u00f6ylece farkl\u0131 hizmet se\u00e7enekleri de sunan web siteleri bu kategoriye dahildir. \u00d6rne\u011fin bilet sat\u0131\u015f, kuru temizleme, \u00e7i\u00e7ek g\u00f6nderme gibi hayat\u0131 internetle kolayla\u015ft\u0131ran \u00e7e\u015fitli hizmetleri sunan web siteler bu kategoriden ba\u015fvuruda bulunabilirler.<\/p><\/div><\/div><\/div><div class=\"ea-card sp-ea-single\"><h3 class=\"ea-header\"><a class=\"collapsed\" id=\"ea-header-1324\" role=\"button\" data-sptoggle=\"spcollapse\" data-sptarget=\"#collapse1324\" aria-controls=\"collapse1324\" href=\"#\" aria-expanded=\"false\" tabindex=\"0\"><i aria-hidden=\"true\" role=\"presentation\" class=\"ea-expand-icon eap-icon-ea-expand-plus\"><\/i> 5. e-e\u011fitim<\/a><\/h3><div class=\"sp-collapse spcollapse \" id=\"collapse1324\" data-parent=\"#sp-ea-132\" role=\"region\" aria-labelledby=\"ea-header-1324\"> <div class=\"ea-body\"><p>Toplumun her kesiminden \u00e7ocuk veya yeti\u015fkinlere y\u00f6nelik her konuda e\u011fitimsel i\u00e7erik veya e\u011fitim sa\u011flayan siteler bu kategoriden ba\u015fvurabilirler. \u00dcniversite, lise, ilkokul, meslek y\u00fcksek okulu, \u00f6zel e\u011fitim kurumlar\u0131, internet \u00fczerinden e-e\u011fitim sunan kurulu\u015flar, kurslar ve ders ve \u00f6dev payla\u015f\u0131m\u0131 ama\u00e7l\u0131 \u00f6\u011frenci topluluklar\u0131n\u0131n siteleri bu kategoriye dahildir.<\/p><\/div><\/div><\/div><div class=\"ea-card sp-ea-single\"><h3 class=\"ea-header\"><a class=\"collapsed\" id=\"ea-header-1325\" role=\"button\" data-sptoggle=\"spcollapse\" data-sptarget=\"#collapse1325\" aria-controls=\"collapse1325\" href=\"#\" aria-expanded=\"false\" tabindex=\"0\"><i aria-hidden=\"true\" role=\"presentation\" class=\"ea-expand-icon eap-icon-ea-expand-plus\"><\/i> 6. e-innovasyon \/ e-giri\u015fimcilik<\/a><\/h3><div class=\"sp-collapse spcollapse \" id=\"collapse1325\" data-parent=\"#sp-ea-132\" role=\"region\" aria-labelledby=\"ea-header-1325\"> <div class=\"ea-body\"><p>T\u00fcrkiye\u2019de ve\/ veya bulundu\u011fu \u015fehirde bir ilki ger\u00e7ekle\u015ftiren, yarat\u0131c\u0131l\u0131kla farkl\u0131la\u015fan siteler bu kategoriye dahildir. Giri\u015fimcili\u011fi ve yarat\u0131c\u0131l\u0131\u011f\u0131 destekleyen, yol g\u00f6steren siteler de bu kategoriye ba\u015fvurabilirler.<\/p><\/div><\/div><\/div><div class=\"ea-card sp-ea-single\"><h3 class=\"ea-header\"><a class=\"collapsed\" id=\"ea-header-1326\" role=\"button\" data-sptoggle=\"spcollapse\" data-sptarget=\"#collapse1326\" aria-controls=\"collapse1326\" href=\"#\" aria-expanded=\"false\" tabindex=\"0\"><i aria-hidden=\"true\" role=\"presentation\" class=\"ea-expand-icon eap-icon-ea-expand-plus\"><\/i> 7. e-\u00fcniversite mobile<\/a><\/h3><div class=\"sp-collapse spcollapse \" id=\"collapse1326\" data-parent=\"#sp-ea-132\" role=\"region\" aria-labelledby=\"ea-header-1326\"> <div class=\"ea-body\">No Content<\/div><\/div><\/div><div class=\"ea-card sp-ea-single\"><h3 class=\"ea-header\"><a class=\"collapsed\" id=\"ea-header-1327\" role=\"button\" data-sptoggle=\"spcollapse\" data-sptarget=\"#collapse1327\" aria-controls=\"collapse1327\" href=\"#\" aria-expanded=\"false\" tabindex=\"0\"><i aria-hidden=\"true\" role=\"presentation\" class=\"ea-expand-icon eap-icon-ea-expand-plus\"><\/i> \u00d6zel \u00d6d\u00fcl Kategorilerimiz:<\/a><\/h3><div class=\"sp-collapse spcollapse \" id=\"collapse1327\" data-parent=\"#sp-ea-132\" role=\"region\" aria-labelledby=\"ea-header-1327\"> <div class=\"ea-body\"><ul><li>Halk\u0131n Favorisi<\/li><li>TBD YK \u00d6zel \u00d6d\u00fcl\u00fc<\/li><\/ul><\/div><\/div><\/div><\/div><\/div>\n<p>&nbsp;<\/p>\n<p>Kategori se\u00e7iminizde yard\u0131mc\u0131 olal\u0131m.<\/p>\n<p><i>Web sitenizin dahil olabilece\u011fi uygun kategori\/lerden emin de\u011filseniz l\u00fctfen info@bilisimyildizlar\u0131.com e-posta\u00a0adresi veya 0216 337 70 09 nolu telefon numaras\u0131ndan dan\u0131\u015fmanlar\u0131m\u0131zla irtibata ge\u00e7iniz.<\/i><\/p>\n<h6 style=\"width: 100%;padding: 15px;background-color: #f5f5f5;border-radius: 25px;font-family: calibri;text-align: right;vertical-align: middle\"><span style=\"float: left\"><br \/>\n<a href=\"https:\/\/bilisimyildizlari.org.tr\/2014\/\"><img decoding=\"async\" src=\"https:\/\/bilisimyildizlari.org.tr\/2014\/wp-content\/uploads\/sites\/3\/2021\/03\/fbilesim.jpg\" \/><\/a> \u00a0Bili\u015fim Yildizlari 2013<br \/>\n<\/span><br \/>\n<a href=\"https:\/\/www.tbd.org.tr\/\"><img decoding=\"async\" src=\"https:\/\/bilisimyildizlari.org.tr\/2014\/wp-content\/uploads\/sites\/3\/2021\/03\/f1.jpg\" \/><\/a><a href=\"https:\/\/www.btk.gov.tr\/\"><img decoding=\"async\" src=\"https:\/\/bilisimyildizlari.org.tr\/2014\/wp-content\/uploads\/sites\/3\/2021\/03\/f2.jpg\" \/><\/a><a href=\"https:\/\/www.uab.gov.tr\/\"><img decoding=\"async\" src=\"https:\/\/bilisimyildizlari.org.tr\/2014\/wp-content\/uploads\/sites\/3\/2021\/03\/f3.jpg\" \/><\/a><\/h6>\n","protected":false},"excerpt":{"rendered":"<p>Bili\u015fim Y\u0131ld\u0131zlar\u0131 Kategorileri &nbsp; &nbsp; Kategori se\u00e7iminizde yard\u0131mc\u0131 olal\u0131m. Web sitenizin dahil olabilece\u011fi uygun kategori\/lerden emin de\u011filseniz l\u00fctfen info@bilisimyildizlar\u0131.com e-posta\u00a0adresi veya 0216 337 70 09<\/p>\n","protected":false},"author":5,"featured_media":0,"parent":0,"menu_order":0,"comment_status":"closed","ping_status":"closed","template":"","meta":{"footnotes":""},"class_list":["post-130","page","type-page","status-publish","hentry"],"yoast_head":"<!-- This site is optimized with the Yoast SEO plugin v27.5 - https:\/\/yoast.com\/product\/yoast-seo-wordpress\/ -->\n<title>Bili\u015fim Kategori - Bili\u015fim Y\u0131ld\u0131zlar\u0131 2013<\/title>\n<meta name=\"robots\" content=\"index, follow, max-snippet:-1, max-image-preview:large, max-video-preview:-1\" \/>\n<link rel=\"canonical\" href=\"https:\/\/bilisimyildizlari.org.tr\/2013\/bilisim-kategori\/\" \/>\n<meta property=\"og:locale\" content=\"tr_TR\" \/>\n<meta property=\"og:type\" content=\"article\" \/>\n<meta property=\"og:title\" content=\"Bili\u015fim Kategori - Bili\u015fim Y\u0131ld\u0131zlar\u0131 2013\" \/>\n<meta property=\"og:description\" content=\"Bili\u015fim Y\u0131ld\u0131zlar\u0131 Kategorileri &nbsp; &nbsp; Kategori se\u00e7iminizde yard\u0131mc\u0131 olal\u0131m. Web sitenizin dahil olabilece\u011fi uygun kategori\/lerden emin de\u011filseniz l\u00fctfen info@bilisimyildizlar\u0131.com e-posta\u00a0adresi veya 0216 337 70 09\" \/>\n<meta property=\"og:url\" content=\"https:\/\/bilisimyildizlari.org.tr\/2013\/bilisim-kategori\/\" \/>\n<meta property=\"og:site_name\" content=\"Bili\u015fim Y\u0131ld\u0131zlar\u0131 2013\" \/>\n<meta property=\"article:modified_time\" content=\"2021-06-20T18:47:12+00:00\" \/>\n<meta property=\"og:image\" content=\"https:\/\/bilisimyildizlari.org.tr\/2014\/wp-content\/uploads\/sites\/3\/2021\/03\/fbilesim.jpg\" \/>\n<meta name=\"twitter:card\" content=\"summary_large_image\" \/>\n<meta name=\"twitter:label1\" content=\"Tahmini okuma s\u00fcresi\" \/>\n\t<meta name=\"twitter:data1\" content=\"1 dakika\" \/>\n<script type=\"application\/ld+json\" class=\"yoast-schema-graph\">{\"@context\":\"https:\\\/\\\/schema.org\",\"@graph\":[{\"@type\":\"WebPage\",\"@id\":\"https:\\\/\\\/bilisimyildizlari.org.tr\\\/2013\\\/bilisim-kategori\\\/\",\"url\":\"https:\\\/\\\/bilisimyildizlari.org.tr\\\/2013\\\/bilisim-kategori\\\/\",\"name\":\"Bili\u015fim Kategori - Bili\u015fim Y\u0131ld\u0131zlar\u0131 2013\",\"isPartOf\":{\"@id\":\"https:\\\/\\\/bilisimyildizlari.org.tr\\\/2013\\\/#website\"},\"primaryImageOfPage\":{\"@id\":\"https:\\\/\\\/bilisimyildizlari.org.tr\\\/2013\\\/bilisim-kategori\\\/#primaryimage\"},\"image\":{\"@id\":\"https:\\\/\\\/bilisimyildizlari.org.tr\\\/2013\\\/bilisim-kategori\\\/#primaryimage\"},\"thumbnailUrl\":\"https:\\\/\\\/bilisimyildizlari.org.tr\\\/2014\\\/wp-content\\\/uploads\\\/sites\\\/3\\\/2021\\\/03\\\/fbilesim.jpg\",\"datePublished\":\"2021-06-20T18:42:23+00:00\",\"dateModified\":\"2021-06-20T18:47:12+00:00\",\"breadcrumb\":{\"@id\":\"https:\\\/\\\/bilisimyildizlari.org.tr\\\/2013\\\/bilisim-kategori\\\/#breadcrumb\"},\"inLanguage\":\"tr\",\"potentialAction\":[{\"@type\":\"ReadAction\",\"target\":[\"https:\\\/\\\/bilisimyildizlari.org.tr\\\/2013\\\/bilisim-kategori\\\/\"]}]},{\"@type\":\"ImageObject\",\"inLanguage\":\"tr\",\"@id\":\"https:\\\/\\\/bilisimyildizlari.org.tr\\\/2013\\\/bilisim-kategori\\\/#primaryimage\",\"url\":\"https:\\\/\\\/bilisimyildizlari.org.tr\\\/2014\\\/wp-content\\\/uploads\\\/sites\\\/3\\\/2021\\\/03\\\/fbilesim.jpg\",\"contentUrl\":\"https:\\\/\\\/bilisimyildizlari.org.tr\\\/2014\\\/wp-content\\\/uploads\\\/sites\\\/3\\\/2021\\\/03\\\/fbilesim.jpg\"},{\"@type\":\"BreadcrumbList\",\"@id\":\"https:\\\/\\\/bilisimyildizlari.org.tr\\\/2013\\\/bilisim-kategori\\\/#breadcrumb\",\"itemListElement\":[{\"@type\":\"ListItem\",\"position\":1,\"name\":\"Anasayfa\",\"item\":\"https:\\\/\\\/bilisimyildizlari.org.tr\\\/2013\\\/\"},{\"@type\":\"ListItem\",\"position\":2,\"name\":\"Bili\u015fim Kategori\"}]},{\"@type\":\"WebSite\",\"@id\":\"https:\\\/\\\/bilisimyildizlari.org.tr\\\/2013\\\/#website\",\"url\":\"https:\\\/\\\/bilisimyildizlari.org.tr\\\/2013\\\/\",\"name\":\"Bili\u015fim Y\u0131ld\u0131zlar\u0131 2013\",\"description\":\"\",\"publisher\":{\"@id\":\"https:\\\/\\\/bilisimyildizlari.org.tr\\\/2013\\\/#organization\"},\"potentialAction\":[{\"@type\":\"SearchAction\",\"target\":{\"@type\":\"EntryPoint\",\"urlTemplate\":\"https:\\\/\\\/bilisimyildizlari.org.tr\\\/2013\\\/?s={search_term_string}\"},\"query-input\":{\"@type\":\"PropertyValueSpecification\",\"valueRequired\":true,\"valueName\":\"search_term_string\"}}],\"inLanguage\":\"tr\"},{\"@type\":\"Organization\",\"@id\":\"https:\\\/\\\/bilisimyildizlari.org.tr\\\/2013\\\/#organization\",\"name\":\"Bili\u015fim Y\u0131ld\u0131zlar\u0131 2013\",\"url\":\"https:\\\/\\\/bilisimyildizlari.org.tr\\\/2013\\\/\",\"logo\":{\"@type\":\"ImageObject\",\"inLanguage\":\"tr\",\"@id\":\"https:\\\/\\\/bilisimyildizlari.org.tr\\\/2013\\\/#\\\/schema\\\/logo\\\/image\\\/\",\"url\":\"https:\\\/\\\/bilisimyildizlari.org.tr\\\/2013\\\/wp-content\\\/uploads\\\/sites\\\/4\\\/2022\\\/05\\\/cropped-TBD_ist_logo1.png\",\"contentUrl\":\"https:\\\/\\\/bilisimyildizlari.org.tr\\\/2013\\\/wp-content\\\/uploads\\\/sites\\\/4\\\/2022\\\/05\\\/cropped-TBD_ist_logo1.png\",\"width\":89,\"height\":80,\"caption\":\"Bili\u015fim Y\u0131ld\u0131zlar\u0131 2013\"},\"image\":{\"@id\":\"https:\\\/\\\/bilisimyildizlari.org.tr\\\/2013\\\/#\\\/schema\\\/logo\\\/image\\\/\"}}]}<\/script>\n<!-- \/ Yoast SEO plugin. -->","yoast_head_json":{"title":"Bili\u015fim Kategori - Bili\u015fim Y\u0131ld\u0131zlar\u0131 2013","robots":{"index":"index","follow":"follow","max-snippet":"max-snippet:-1","max-image-preview":"max-image-preview:large","max-video-preview":"max-video-preview:-1"},"canonical":"https:\/\/bilisimyildizlari.org.tr\/2013\/bilisim-kategori\/","og_locale":"tr_TR","og_type":"article","og_title":"Bili\u015fim Kategori - Bili\u015fim Y\u0131ld\u0131zlar\u0131 2013","og_description":"Bili\u015fim Y\u0131ld\u0131zlar\u0131 Kategorileri &nbsp; &nbsp; Kategori se\u00e7iminizde yard\u0131mc\u0131 olal\u0131m. Web sitenizin dahil olabilece\u011fi uygun kategori\/lerden emin de\u011filseniz l\u00fctfen info@bilisimyildizlar\u0131.com e-posta\u00a0adresi veya 0216 337 70 09","og_url":"https:\/\/bilisimyildizlari.org.tr\/2013\/bilisim-kategori\/","og_site_name":"Bili\u015fim Y\u0131ld\u0131zlar\u0131 2013","article_modified_time":"2021-06-20T18:47:12+00:00","og_image":[{"url":"https:\/\/bilisimyildizlari.org.tr\/2014\/wp-content\/uploads\/sites\/3\/2021\/03\/fbilesim.jpg","type":"","width":"","height":""}],"twitter_card":"summary_large_image","twitter_misc":{"Tahmini okuma s\u00fcresi":"1 dakika"},"schema":{"@context":"https:\/\/schema.org","@graph":[{"@type":"WebPage","@id":"https:\/\/bilisimyildizlari.org.tr\/2013\/bilisim-kategori\/","url":"https:\/\/bilisimyildizlari.org.tr\/2013\/bilisim-kategori\/","name":"Bili\u015fim Kategori - Bili\u015fim Y\u0131ld\u0131zlar\u0131 2013","isPartOf":{"@id":"https:\/\/bilisimyildizlari.org.tr\/2013\/#website"},"primaryImageOfPage":{"@id":"https:\/\/bilisimyildizlari.org.tr\/2013\/bilisim-kategori\/#primaryimage"},"image":{"@id":"https:\/\/bilisimyildizlari.org.tr\/2013\/bilisim-kategori\/#primaryimage"},"thumbnailUrl":"https:\/\/bilisimyildizlari.org.tr\/2014\/wp-content\/uploads\/sites\/3\/2021\/03\/fbilesim.jpg","datePublished":"2021-06-20T18:42:23+00:00","dateModified":"2021-06-20T18:47:12+00:00","breadcrumb":{"@id":"https:\/\/bilisimyildizlari.org.tr\/2013\/bilisim-kategori\/#breadcrumb"},"inLanguage":"tr","potentialAction":[{"@type":"ReadAction","target":["https:\/\/bilisimyildizlari.org.tr\/2013\/bilisim-kategori\/"]}]},{"@type":"ImageObject","inLanguage":"tr","@id":"https:\/\/bilisimyildizlari.org.tr\/2013\/bilisim-kategori\/#primaryimage","url":"https:\/\/bilisimyildizlari.org.tr\/2014\/wp-content\/uploads\/sites\/3\/2021\/03\/fbilesim.jpg","contentUrl":"https:\/\/bilisimyildizlari.org.tr\/2014\/wp-content\/uploads\/sites\/3\/2021\/03\/fbilesim.jpg"},{"@type":"BreadcrumbList","@id":"https:\/\/bilisimyildizlari.org.tr\/2013\/bilisim-kategori\/#breadcrumb","itemListElement":[{"@type":"ListItem","position":1,"name":"Anasayfa","item":"https:\/\/bilisimyildizlari.org.tr\/2013\/"},{"@type":"ListItem","position":2,"name":"Bili\u015fim Kategori"}]},{"@type":"WebSite","@id":"https:\/\/bilisimyildizlari.org.tr\/2013\/#website","url":"https:\/\/bilisimyildizlari.org.tr\/2013\/","name":"Bili\u015fim Y\u0131ld\u0131zlar\u0131 2013","description":"","publisher":{"@id":"https:\/\/bilisimyildizlari.org.tr\/2013\/#organization"},"potentialAction":[{"@type":"SearchAction","target":{"@type":"EntryPoint","urlTemplate":"https:\/\/bilisimyildizlari.org.tr\/2013\/?s={search_term_string}"},"query-input":{"@type":"PropertyValueSpecification","valueRequired":true,"valueName":"search_term_string"}}],"inLanguage":"tr"},{"@type":"Organization","@id":"https:\/\/bilisimyildizlari.org.tr\/2013\/#organization","name":"Bili\u015fim Y\u0131ld\u0131zlar\u0131 2013","url":"https:\/\/bilisimyildizlari.org.tr\/2013\/","logo":{"@type":"ImageObject","inLanguage":"tr","@id":"https:\/\/bilisimyildizlari.org.tr\/2013\/#\/schema\/logo\/image\/","url":"https:\/\/bilisimyildizlari.org.tr\/2013\/wp-content\/uploads\/sites\/4\/2022\/05\/cropped-TBD_ist_logo1.png","contentUrl":"https:\/\/bilisimyildizlari.org.tr\/2013\/wp-content\/uploads\/sites\/4\/2022\/05\/cropped-TBD_ist_logo1.png","width":89,"height":80,"caption":"Bili\u015fim Y\u0131ld\u0131zlar\u0131 2013"},"image":{"@id":"https:\/\/bilisimyildizlari.org.tr\/2013\/#\/schema\/logo\/image\/"}}]}},"_links":{"self":[{"href":"https:\/\/bilisimyildizlari.org.tr\/2013\/wp-json\/wp\/v2\/pages\/130","targetHints":{"allow":["GET"]}}],"collection":[{"href":"https:\/\/bilisimyildizlari.org.tr\/2013\/wp-json\/wp\/v2\/pages"}],"about":[{"href":"https:\/\/bilisimyildizlari.org.tr\/2013\/wp-json\/wp\/v2\/types\/page"}],"author":[{"embeddable":true,"href":"https:\/\/bilisimyildizlari.org.tr\/2013\/wp-json\/wp\/v2\/users\/5"}],"replies":[{"embeddable":true,"href":"https:\/\/bilisimyildizlari.org.tr\/2013\/wp-json\/wp\/v2\/comments?post=130"}],"version-history":[{"count":0,"href":"https:\/\/bilisimyildizlari.org.tr\/2013\/wp-json\/wp\/v2\/pages\/130\/revisions"}],"wp:attachment":[{"href":"https:\/\/bilisimyildizlari.org.tr\/2013\/wp-json\/wp\/v2\/media?parent=130"}],"curies":[{"name":"wp","href":"https:\/\/api.w.org\/{rel}","templated":true}]}}