{"id":140,"date":"2021-06-20T21:59:25","date_gmt":"2021-06-20T18:59:25","guid":{"rendered":"https:\/\/bilisimyildizlari.org.tr\/2013\/?page_id=140"},"modified":"2021-06-20T21:59:32","modified_gmt":"2021-06-20T18:59:32","slug":"katilim-sartlari-2","status":"publish","type":"page","link":"https:\/\/bilisimyildizlari.org.tr\/2013\/katilim-sartlari\/katilim-sartlari-2\/","title":{"rendered":"Kat\u0131l\u0131m \u015eartlar\u0131"},"content":{"rendered":"<p>Kat\u0131l\u0131m \u015eartlar\u0131 ve \u00dccret Kat\u0131l\u0131m Kurum Uyumlulu\u011fu<\/p>\n<p>Bili\u015fim Y\u0131ld\u0131zlar\u0131 E-d\u00f6n\u00fc\u015f\u00fcm Yar\u0131\u015fmas\u0131na kat\u0131l\u0131m yapacak site adaylar\u0131n\u0131n;<\/p>\n<ul>\n<li>Devlet \u0130\u015fleri<\/li>\n<li>Ticari Kurumlar<\/li>\n<li>Finans Kurumlar\u0131<\/li>\n<li>Sa\u011fl\u0131k Kurumlar\u0131<\/li>\n<li>E\u011fitim Kurumlar\u0131<\/li>\n<\/ul>\n<p>Bu yap\u0131lar sadece kendileri ad\u0131na yap\u0131lan ya da yapt\u0131klar\u0131 e-d\u00f6n\u00fc\u015f\u00fcm projeleriyle kat\u0131labilirler.<\/p>\n<p>Di\u011fer kurumlar, \u00f6zel \u015firketler ve \u015fah\u0131s siteleri i\u00e7in de yap\u0131lacak ba\u015fvurular\u0131n ba\u015fvuruyu yapan ki\u015finin ya da kurumun ilgili siteyi temsil etme yetkisi olmas\u0131 gerekmektedir.<\/p>\n<p><strong>Kategori Uygunlu\u011fu<\/strong><\/p>\n<p>Bili\u015fim Y\u0131ld\u0131zlar\u0131 E-d\u00f6n\u00fc\u015f\u00fcm Yar\u0131\u015fmas\u0131na kat\u0131l\u0131m yapacak site adaylar\u0131n\u0131n, yar\u0131\u015fmaya kat\u0131labilmesi i\u00e7in belirtmi\u015f oldu\u011fu e-d\u00f6n\u00fc\u015f\u00fcm projesi ile ba\u015fvurdu\u011fu kategorinin uyumlu olmas\u0131 gerekmektedir.<\/p>\n<p>Adaylar\u0131n ba\u015fvurduklar\u0131 kategori say\u0131s\u0131nda bir k\u0131s\u0131tlama olmad\u0131\u011f\u0131 gibi, ba\u015fvuru adetlerinde de bir k\u0131s\u0131tlama yoktur. Bir aday birden farkl\u0131 site i\u00e7in ba\u015fvurabilir. B\u00f6yle bir durum i\u00e7in yeni bir hesap olu\u015fturmas\u0131 gerekmektedir.<\/p>\n<p>Ba\u015fvuru tarihleri i\u00e7inde, ba\u015fvuru formu eksiksiz olarak doldurulan ve son ba\u015fvuru tarihine kadar ba\u015fvuru \u00fccreti \u00f6denen t\u00fcm ba\u015fvurular, de\u011ferlendirmeye al\u0131nacakt\u0131r.<\/p>\n<p>Son ba\u015fvuru tarihine kadar, ba\u015fvurusu yap\u0131lan sitelerin ba\u015fvuru kategorisi, ba\u015fvuru sahibi taraf\u0131ndan yine internet \u00fczerinden de\u011fi\u015ftirilebilir.<\/p>\n<p>Bili\u015fim Y\u0131ld\u0131zlar\u0131 e-D\u00f6n\u00fc\u015f\u00fcm Yar\u0131\u015fmas\u0131 j\u00fcri \u00fcyeleri, uygun g\u00f6rd\u00fckleri takdirde yap\u0131lan ba\u015fvurular\u0131n kategorilerini de\u011fi\u015ftirme hakk\u0131n\u0131 sakl\u0131 tutar.<\/p>\n<p>Herhangi bir kategoride yeterli say\u0131da ba\u015fvuru olmamas\u0131 halinde j\u00fcri \u00fcyeleri taraf\u0131ndan al\u0131nan karar ile kategori iptal edilebilir.<\/p>\n<p>Kategori listesi ve detayl\u0131 a\u00e7\u0131klamalar\u0131 i\u00e7in t\u0131klay\u0131n\u0131z.<\/p>\n<p><strong>\u0130\u00e7erik Bak\u0131m\u0131ndan Uygunluk<\/strong><\/p>\n<p>Bili\u015fim Y\u0131ld\u0131zlar\u0131 e-D\u00f6n\u00fc\u015f\u00fcm Yar\u0131\u015fmas\u0131\u2019na kat\u0131l\u0131m yapacak site adaylar\u0131n\u0131n, yasa d\u0131\u015f\u0131 faaliyetlerle ilgili i\u00e7erik bulunduran, pornografi, hakaret mesajlar\u0131 i\u00e7eren, herhangi bir kurum, kurulu\u015f ya da \u015fahs\u0131 karalama ama\u00e7l\u0131 beyanat i\u00e7eren i\u00e7erikli \u00f6nerileri olmamas\u0131 gereklidir.<\/p>\n<p><strong>De\u011ferlendirilebilir Yap\u0131 Sa\u011flama<\/strong><\/p>\n<p>Bili\u015fim Y\u0131ld\u0131zlar\u0131 e-D\u00f6n\u00fc\u015f\u00fcm Yar\u0131\u015fmas\u0131\u2019na kat\u0131l\u0131m yapacak e-d\u00f6n\u00fc\u015f\u00fcm site adaylar\u0131n\u0131n, kat\u0131l\u0131m i\u00e7in \u00f6nerdikleri projelerin do\u011fru \u015fekilde de\u011ferlendirilebilmesi i\u00e7in sunulan projeyi internet \u00fczerinden ula\u015f\u0131labilecek ve de\u011ferlendirilebilecek sadece j\u00fcriler i\u00e7in \u00f6zel hesap olu\u015fturmal\u0131d\u0131r.<\/p>\n<p>Belli bir \u00fccret kar\u015f\u0131l\u0131\u011f\u0131nda ziyaret edilebilen siteler, j\u00fcrinin de\u011ferlendirme yapabilmesi i\u00e7in \u00fccretsiz deneme s\u00fcresi \u00f6nermeleri durumunda organizasyona kat\u0131labilecektir.<\/p>\n<p><strong>\u00dccret<\/strong><\/p>\n<p>T\u00fcm kategorilere yap\u0131lan ba\u015fvurular \u00dcCRETS\u0130ZD\u0130R.<\/p>\n<p style=\"width: 100%;padding: 15px;background-color: #f5f5f5;border-radius: 25px;font-family: calibri;text-align: right;vertical-align: middle\"><span style=\"float: left\"><br \/>\n<a href=\"https:\/\/bilisimyildizlari.org.tr\/2014\/\"><img decoding=\"async\" src=\"https:\/\/bilisimyildizlari.org.tr\/2014\/wp-content\/uploads\/sites\/3\/2021\/03\/fbilesim.jpg\" \/><\/a> \u00a0Bili\u015fim Yildizlari 2013<br \/>\n<\/span><br \/>\n<a href=\"https:\/\/www.tbd.org.tr\/\"><img decoding=\"async\" src=\"https:\/\/bilisimyildizlari.org.tr\/2014\/wp-content\/uploads\/sites\/3\/2021\/03\/f1.jpg\" \/><\/a><a href=\"https:\/\/www.btk.gov.tr\/\"><img decoding=\"async\" src=\"https:\/\/bilisimyildizlari.org.tr\/2014\/wp-content\/uploads\/sites\/3\/2021\/03\/f2.jpg\" \/><\/a><a href=\"https:\/\/www.uab.gov.tr\/\"><img decoding=\"async\" src=\"https:\/\/bilisimyildizlari.org.tr\/2014\/wp-content\/uploads\/sites\/3\/2021\/03\/f3.jpg\" \/><\/a><\/p>\n","protected":false},"excerpt":{"rendered":"<p>Kat\u0131l\u0131m \u015eartlar\u0131 ve \u00dccret Kat\u0131l\u0131m Kurum Uyumlulu\u011fu Bili\u015fim Y\u0131ld\u0131zlar\u0131 E-d\u00f6n\u00fc\u015f\u00fcm Yar\u0131\u015fmas\u0131na kat\u0131l\u0131m yapacak site adaylar\u0131n\u0131n; Devlet \u0130\u015fleri Ticari Kurumlar Finans Kurumlar\u0131 Sa\u011fl\u0131k Kurumlar\u0131 E\u011fitim Kurumlar\u0131<\/p>\n","protected":false},"author":5,"featured_media":0,"parent":15,"menu_order":0,"comment_status":"closed","ping_status":"closed","template":"","meta":{"footnotes":""},"class_list":["post-140","page","type-page","status-publish","hentry"],"yoast_head":"<!-- This site is optimized with the Yoast SEO plugin v27.5 - https:\/\/yoast.com\/product\/yoast-seo-wordpress\/ -->\n<title>Kat\u0131l\u0131m \u015eartlar\u0131 - Bili\u015fim Y\u0131ld\u0131zlar\u0131 2013<\/title>\n<meta name=\"robots\" content=\"index, follow, max-snippet:-1, max-image-preview:large, max-video-preview:-1\" \/>\n<link rel=\"canonical\" href=\"https:\/\/bilisimyildizlari.org.tr\/2013\/katilim-sartlari\/katilim-sartlari-2\/\" \/>\n<meta property=\"og:locale\" content=\"tr_TR\" \/>\n<meta property=\"og:type\" content=\"article\" \/>\n<meta property=\"og:title\" content=\"Kat\u0131l\u0131m \u015eartlar\u0131 - Bili\u015fim Y\u0131ld\u0131zlar\u0131 2013\" \/>\n<meta property=\"og:description\" content=\"Kat\u0131l\u0131m \u015eartlar\u0131 ve \u00dccret Kat\u0131l\u0131m Kurum Uyumlulu\u011fu Bili\u015fim Y\u0131ld\u0131zlar\u0131 E-d\u00f6n\u00fc\u015f\u00fcm Yar\u0131\u015fmas\u0131na kat\u0131l\u0131m yapacak site adaylar\u0131n\u0131n; Devlet \u0130\u015fleri Ticari Kurumlar Finans Kurumlar\u0131 Sa\u011fl\u0131k Kurumlar\u0131 E\u011fitim Kurumlar\u0131\" \/>\n<meta property=\"og:url\" content=\"https:\/\/bilisimyildizlari.org.tr\/2013\/katilim-sartlari\/katilim-sartlari-2\/\" \/>\n<meta property=\"og:site_name\" content=\"Bili\u015fim Y\u0131ld\u0131zlar\u0131 2013\" \/>\n<meta property=\"article:modified_time\" content=\"2021-06-20T18:59:32+00:00\" \/>\n<meta property=\"og:image\" content=\"https:\/\/bilisimyildizlari.org.tr\/2014\/wp-content\/uploads\/sites\/3\/2021\/03\/fbilesim.jpg\" \/>\n<meta name=\"twitter:card\" content=\"summary_large_image\" \/>\n<meta name=\"twitter:label1\" content=\"Tahmini okuma s\u00fcresi\" \/>\n\t<meta name=\"twitter:data1\" content=\"3 dakika\" \/>\n<script type=\"application\/ld+json\" class=\"yoast-schema-graph\">{\"@context\":\"https:\\\/\\\/schema.org\",\"@graph\":[{\"@type\":\"WebPage\",\"@id\":\"https:\\\/\\\/bilisimyildizlari.org.tr\\\/2013\\\/katilim-sartlari\\\/katilim-sartlari-2\\\/\",\"url\":\"https:\\\/\\\/bilisimyildizlari.org.tr\\\/2013\\\/katilim-sartlari\\\/katilim-sartlari-2\\\/\",\"name\":\"Kat\u0131l\u0131m \u015eartlar\u0131 - Bili\u015fim Y\u0131ld\u0131zlar\u0131 2013\",\"isPartOf\":{\"@id\":\"https:\\\/\\\/bilisimyildizlari.org.tr\\\/2013\\\/#website\"},\"primaryImageOfPage\":{\"@id\":\"https:\\\/\\\/bilisimyildizlari.org.tr\\\/2013\\\/katilim-sartlari\\\/katilim-sartlari-2\\\/#primaryimage\"},\"image\":{\"@id\":\"https:\\\/\\\/bilisimyildizlari.org.tr\\\/2013\\\/katilim-sartlari\\\/katilim-sartlari-2\\\/#primaryimage\"},\"thumbnailUrl\":\"https:\\\/\\\/bilisimyildizlari.org.tr\\\/2014\\\/wp-content\\\/uploads\\\/sites\\\/3\\\/2021\\\/03\\\/fbilesim.jpg\",\"datePublished\":\"2021-06-20T18:59:25+00:00\",\"dateModified\":\"2021-06-20T18:59:32+00:00\",\"breadcrumb\":{\"@id\":\"https:\\\/\\\/bilisimyildizlari.org.tr\\\/2013\\\/katilim-sartlari\\\/katilim-sartlari-2\\\/#breadcrumb\"},\"inLanguage\":\"tr\",\"potentialAction\":[{\"@type\":\"ReadAction\",\"target\":[\"https:\\\/\\\/bilisimyildizlari.org.tr\\\/2013\\\/katilim-sartlari\\\/katilim-sartlari-2\\\/\"]}]},{\"@type\":\"ImageObject\",\"inLanguage\":\"tr\",\"@id\":\"https:\\\/\\\/bilisimyildizlari.org.tr\\\/2013\\\/katilim-sartlari\\\/katilim-sartlari-2\\\/#primaryimage\",\"url\":\"https:\\\/\\\/bilisimyildizlari.org.tr\\\/2014\\\/wp-content\\\/uploads\\\/sites\\\/3\\\/2021\\\/03\\\/fbilesim.jpg\",\"contentUrl\":\"https:\\\/\\\/bilisimyildizlari.org.tr\\\/2014\\\/wp-content\\\/uploads\\\/sites\\\/3\\\/2021\\\/03\\\/fbilesim.jpg\"},{\"@type\":\"BreadcrumbList\",\"@id\":\"https:\\\/\\\/bilisimyildizlari.org.tr\\\/2013\\\/katilim-sartlari\\\/katilim-sartlari-2\\\/#breadcrumb\",\"itemListElement\":[{\"@type\":\"ListItem\",\"position\":1,\"name\":\"Anasayfa\",\"item\":\"https:\\\/\\\/bilisimyildizlari.org.tr\\\/2013\\\/\"},{\"@type\":\"ListItem\",\"position\":2,\"name\":\"Kat\u0131l\u0131m\",\"item\":\"https:\\\/\\\/bilisimyildizlari.org.tr\\\/2013\\\/katilim-sartlari\\\/\"},{\"@type\":\"ListItem\",\"position\":3,\"name\":\"Kat\u0131l\u0131m \u015eartlar\u0131\"}]},{\"@type\":\"WebSite\",\"@id\":\"https:\\\/\\\/bilisimyildizlari.org.tr\\\/2013\\\/#website\",\"url\":\"https:\\\/\\\/bilisimyildizlari.org.tr\\\/2013\\\/\",\"name\":\"Bili\u015fim Y\u0131ld\u0131zlar\u0131 2013\",\"description\":\"\",\"publisher\":{\"@id\":\"https:\\\/\\\/bilisimyildizlari.org.tr\\\/2013\\\/#organization\"},\"potentialAction\":[{\"@type\":\"SearchAction\",\"target\":{\"@type\":\"EntryPoint\",\"urlTemplate\":\"https:\\\/\\\/bilisimyildizlari.org.tr\\\/2013\\\/?s={search_term_string}\"},\"query-input\":{\"@type\":\"PropertyValueSpecification\",\"valueRequired\":true,\"valueName\":\"search_term_string\"}}],\"inLanguage\":\"tr\"},{\"@type\":\"Organization\",\"@id\":\"https:\\\/\\\/bilisimyildizlari.org.tr\\\/2013\\\/#organization\",\"name\":\"Bili\u015fim Y\u0131ld\u0131zlar\u0131 2013\",\"url\":\"https:\\\/\\\/bilisimyildizlari.org.tr\\\/2013\\\/\",\"logo\":{\"@type\":\"ImageObject\",\"inLanguage\":\"tr\",\"@id\":\"https:\\\/\\\/bilisimyildizlari.org.tr\\\/2013\\\/#\\\/schema\\\/logo\\\/image\\\/\",\"url\":\"https:\\\/\\\/bilisimyildizlari.org.tr\\\/2013\\\/wp-content\\\/uploads\\\/sites\\\/4\\\/2022\\\/05\\\/cropped-TBD_ist_logo1.png\",\"contentUrl\":\"https:\\\/\\\/bilisimyildizlari.org.tr\\\/2013\\\/wp-content\\\/uploads\\\/sites\\\/4\\\/2022\\\/05\\\/cropped-TBD_ist_logo1.png\",\"width\":89,\"height\":80,\"caption\":\"Bili\u015fim Y\u0131ld\u0131zlar\u0131 2013\"},\"image\":{\"@id\":\"https:\\\/\\\/bilisimyildizlari.org.tr\\\/2013\\\/#\\\/schema\\\/logo\\\/image\\\/\"}}]}<\/script>\n<!-- \/ Yoast SEO plugin. -->","yoast_head_json":{"title":"Kat\u0131l\u0131m \u015eartlar\u0131 - Bili\u015fim Y\u0131ld\u0131zlar\u0131 2013","robots":{"index":"index","follow":"follow","max-snippet":"max-snippet:-1","max-image-preview":"max-image-preview:large","max-video-preview":"max-video-preview:-1"},"canonical":"https:\/\/bilisimyildizlari.org.tr\/2013\/katilim-sartlari\/katilim-sartlari-2\/","og_locale":"tr_TR","og_type":"article","og_title":"Kat\u0131l\u0131m \u015eartlar\u0131 - Bili\u015fim Y\u0131ld\u0131zlar\u0131 2013","og_description":"Kat\u0131l\u0131m \u015eartlar\u0131 ve \u00dccret Kat\u0131l\u0131m Kurum Uyumlulu\u011fu Bili\u015fim Y\u0131ld\u0131zlar\u0131 E-d\u00f6n\u00fc\u015f\u00fcm Yar\u0131\u015fmas\u0131na kat\u0131l\u0131m yapacak site adaylar\u0131n\u0131n; Devlet \u0130\u015fleri Ticari Kurumlar Finans Kurumlar\u0131 Sa\u011fl\u0131k Kurumlar\u0131 E\u011fitim Kurumlar\u0131","og_url":"https:\/\/bilisimyildizlari.org.tr\/2013\/katilim-sartlari\/katilim-sartlari-2\/","og_site_name":"Bili\u015fim Y\u0131ld\u0131zlar\u0131 2013","article_modified_time":"2021-06-20T18:59:32+00:00","og_image":[{"url":"https:\/\/bilisimyildizlari.org.tr\/2014\/wp-content\/uploads\/sites\/3\/2021\/03\/fbilesim.jpg","type":"","width":"","height":""}],"twitter_card":"summary_large_image","twitter_misc":{"Tahmini okuma s\u00fcresi":"3 dakika"},"schema":{"@context":"https:\/\/schema.org","@graph":[{"@type":"WebPage","@id":"https:\/\/bilisimyildizlari.org.tr\/2013\/katilim-sartlari\/katilim-sartlari-2\/","url":"https:\/\/bilisimyildizlari.org.tr\/2013\/katilim-sartlari\/katilim-sartlari-2\/","name":"Kat\u0131l\u0131m \u015eartlar\u0131 - Bili\u015fim Y\u0131ld\u0131zlar\u0131 2013","isPartOf":{"@id":"https:\/\/bilisimyildizlari.org.tr\/2013\/#website"},"primaryImageOfPage":{"@id":"https:\/\/bilisimyildizlari.org.tr\/2013\/katilim-sartlari\/katilim-sartlari-2\/#primaryimage"},"image":{"@id":"https:\/\/bilisimyildizlari.org.tr\/2013\/katilim-sartlari\/katilim-sartlari-2\/#primaryimage"},"thumbnailUrl":"https:\/\/bilisimyildizlari.org.tr\/2014\/wp-content\/uploads\/sites\/3\/2021\/03\/fbilesim.jpg","datePublished":"2021-06-20T18:59:25+00:00","dateModified":"2021-06-20T18:59:32+00:00","breadcrumb":{"@id":"https:\/\/bilisimyildizlari.org.tr\/2013\/katilim-sartlari\/katilim-sartlari-2\/#breadcrumb"},"inLanguage":"tr","potentialAction":[{"@type":"ReadAction","target":["https:\/\/bilisimyildizlari.org.tr\/2013\/katilim-sartlari\/katilim-sartlari-2\/"]}]},{"@type":"ImageObject","inLanguage":"tr","@id":"https:\/\/bilisimyildizlari.org.tr\/2013\/katilim-sartlari\/katilim-sartlari-2\/#primaryimage","url":"https:\/\/bilisimyildizlari.org.tr\/2014\/wp-content\/uploads\/sites\/3\/2021\/03\/fbilesim.jpg","contentUrl":"https:\/\/bilisimyildizlari.org.tr\/2014\/wp-content\/uploads\/sites\/3\/2021\/03\/fbilesim.jpg"},{"@type":"BreadcrumbList","@id":"https:\/\/bilisimyildizlari.org.tr\/2013\/katilim-sartlari\/katilim-sartlari-2\/#breadcrumb","itemListElement":[{"@type":"ListItem","position":1,"name":"Anasayfa","item":"https:\/\/bilisimyildizlari.org.tr\/2013\/"},{"@type":"ListItem","position":2,"name":"Kat\u0131l\u0131m","item":"https:\/\/bilisimyildizlari.org.tr\/2013\/katilim-sartlari\/"},{"@type":"ListItem","position":3,"name":"Kat\u0131l\u0131m \u015eartlar\u0131"}]},{"@type":"WebSite","@id":"https:\/\/bilisimyildizlari.org.tr\/2013\/#website","url":"https:\/\/bilisimyildizlari.org.tr\/2013\/","name":"Bili\u015fim Y\u0131ld\u0131zlar\u0131 2013","description":"","publisher":{"@id":"https:\/\/bilisimyildizlari.org.tr\/2013\/#organization"},"potentialAction":[{"@type":"SearchAction","target":{"@type":"EntryPoint","urlTemplate":"https:\/\/bilisimyildizlari.org.tr\/2013\/?s={search_term_string}"},"query-input":{"@type":"PropertyValueSpecification","valueRequired":true,"valueName":"search_term_string"}}],"inLanguage":"tr"},{"@type":"Organization","@id":"https:\/\/bilisimyildizlari.org.tr\/2013\/#organization","name":"Bili\u015fim Y\u0131ld\u0131zlar\u0131 2013","url":"https:\/\/bilisimyildizlari.org.tr\/2013\/","logo":{"@type":"ImageObject","inLanguage":"tr","@id":"https:\/\/bilisimyildizlari.org.tr\/2013\/#\/schema\/logo\/image\/","url":"https:\/\/bilisimyildizlari.org.tr\/2013\/wp-content\/uploads\/sites\/4\/2022\/05\/cropped-TBD_ist_logo1.png","contentUrl":"https:\/\/bilisimyildizlari.org.tr\/2013\/wp-content\/uploads\/sites\/4\/2022\/05\/cropped-TBD_ist_logo1.png","width":89,"height":80,"caption":"Bili\u015fim Y\u0131ld\u0131zlar\u0131 2013"},"image":{"@id":"https:\/\/bilisimyildizlari.org.tr\/2013\/#\/schema\/logo\/image\/"}}]}},"_links":{"self":[{"href":"https:\/\/bilisimyildizlari.org.tr\/2013\/wp-json\/wp\/v2\/pages\/140","targetHints":{"allow":["GET"]}}],"collection":[{"href":"https:\/\/bilisimyildizlari.org.tr\/2013\/wp-json\/wp\/v2\/pages"}],"about":[{"href":"https:\/\/bilisimyildizlari.org.tr\/2013\/wp-json\/wp\/v2\/types\/page"}],"author":[{"embeddable":true,"href":"https:\/\/bilisimyildizlari.org.tr\/2013\/wp-json\/wp\/v2\/users\/5"}],"replies":[{"embeddable":true,"href":"https:\/\/bilisimyildizlari.org.tr\/2013\/wp-json\/wp\/v2\/comments?post=140"}],"version-history":[{"count":0,"href":"https:\/\/bilisimyildizlari.org.tr\/2013\/wp-json\/wp\/v2\/pages\/140\/revisions"}],"up":[{"embeddable":true,"href":"https:\/\/bilisimyildizlari.org.tr\/2013\/wp-json\/wp\/v2\/pages\/15"}],"wp:attachment":[{"href":"https:\/\/bilisimyildizlari.org.tr\/2013\/wp-json\/wp\/v2\/media?parent=140"}],"curies":[{"name":"wp","href":"https:\/\/api.w.org\/{rel}","templated":true}]}}