{"id":146,"date":"2021-06-20T22:04:59","date_gmt":"2021-06-20T19:04:59","guid":{"rendered":"https:\/\/bilisimyildizlari.org.tr\/2013\/?page_id=146"},"modified":"2021-06-20T22:17:26","modified_gmt":"2021-06-20T19:17:26","slug":"bilisim-yildizlari-degerlendirme-sureci","status":"publish","type":"page","link":"https:\/\/bilisimyildizlari.org.tr\/2013\/bilisim-yildizlari-degerlendirme-sureci\/","title":{"rendered":"Bili\u015fim Y\u0131ld\u0131zlar\u0131 De\u011ferlendirme S\u00fcreci"},"content":{"rendered":"<p><strong>1- \u00d6n Eleme<\/strong><\/p>\n<p>Ba\u015fvuru tamamland\u0131ktan sonra, t\u00fcm j\u00fcri \u00fcyeleri kendi kategorilerinde ba\u015fvurular\u0131n \u00f6n eleme i\u015flemi ger\u00e7ekle\u015ftirir.<\/p>\n<p>T\u00fcm projeler \u00f6ncelikle kategori uyumlulu\u011fu daha sonra da kat\u0131l\u0131m uyumlulu\u011funa g\u00f6re toplam j\u00fcri \u00fcyelerinin 3\u2019te 2\u2019sinden olumlu oy almas\u0131 gerekmektedir.<\/p>\n<p>J\u00fcrilerin \u00e7al\u0131\u015ft\u0131\u011f\u0131 kurumlara ait ya da kendilerine ait projeleri olamaz. Bu durumda ya yar\u0131\u015fma kat\u0131l\u0131m\u0131ndan ya da j\u00fcri adayl\u0131\u011f\u0131ndan \u00e7ekilmek zorunda kal\u0131rlar.<\/p>\n<p>\u00d6n eleme i\u015fleminde, de\u011ferlendirme kriterlerini kar\u015f\u0131layamayan projeler elenir.<\/p>\n<p><strong>2- Toplu De\u011ferlendirme<\/strong><\/p>\n<p>\u00d6n elemeyi ge\u00e7en Bili\u015fim Y\u0131ld\u0131zlar\u0131 e-D\u00f6n\u00fc\u015f\u00fcm Yar\u0131\u015fmas\u0131\u2019na kat\u0131lan projeler, toplu de\u011ferlendirme seviyesine ge\u00e7er ve j\u00fcri \u00fcyelerine e\u015fit olarak da\u011f\u0131t\u0131l\u0131r.<\/p>\n<p>De\u011ferlendirmelerde, Bili\u015fim Y\u0131ld\u0131zlar\u0131 e-D\u00f6n\u00fc\u015f\u00fcm Yar\u0131\u015fmas\u0131 kat\u0131lan her bir proje i\u00e7in her j\u00fcri ayr\u0131 ayr\u0131 oy kullanacakt\u0131r.<\/p>\n<p>100 Puan skalas\u0131 \u00fczerinden yap\u0131lacak de\u011ferlendirme sonucunda, her kategoride 65 ve \u00fcst\u00fcnde en y\u00fcksek puan\u0131 alan maksimum ilk 10 site final de\u011ferlendirmesine ge\u00e7ecektir. J\u00fcriler kendi ve \u00e7al\u0131\u015ft\u0131klar\u0131 kurumlar\u0131n sitelerini de\u011ferlendiremezler.<\/p>\n<p><strong>3- Final De\u011ferlendirmeleri ve Halk Oylamas\u0131<\/strong><\/p>\n<p>2. a\u015famay\u0131 ge\u00e7en t\u00fcm Bili\u015fim Y\u0131ld\u0131zlar\u0131 e-D\u00f6n\u00fc\u015f\u00fcm Yar\u0131\u015fmas\u0131\u2019na kat\u0131lan projeler son olarak, t\u00fcm j\u00fcri \u00fcyelerinin kat\u0131laca\u011f\u0131 bir de\u011ferlendirme ile oylan\u0131r.<\/p>\n<p>Hem j\u00fcrinin hem de halk oylamas\u0131n\u0131n verece\u011fi puanlarla 100 Puan skalas\u0131 \u00fczerinden yap\u0131lacak de\u011ferlendirme sonucunda, her kategoriye ait ilk 3 Bili\u015fim Y\u0131ld\u0131z\u0131 e-D\u00f6n\u00fc\u015f\u00fcm Projesi a\u00e7\u0131klanacak ve sadece 1. olan e-D\u00f6n\u00fc\u015f\u00fcm Projesi \u00f6d\u00fcle hak kazanacakt\u0131r.<\/p>\n<p style=\"width: 100%;padding: 15px;background-color: #f5f5f5;border-radius: 25px;font-family: calibri;text-align: right;vertical-align: middle\"><span style=\"float: left\"><br \/>\n<a href=\"https:\/\/bilisimyildizlari.org.tr\/2014\/\"><img decoding=\"async\" src=\"https:\/\/bilisimyildizlari.org.tr\/2014\/wp-content\/uploads\/sites\/3\/2021\/03\/fbilesim.jpg\" \/><\/a> \u00a0Bili\u015fim Yildizlari 2013<br \/>\n<\/span><br \/>\n<a href=\"https:\/\/www.tbd.org.tr\/\"><img decoding=\"async\" src=\"https:\/\/bilisimyildizlari.org.tr\/2014\/wp-content\/uploads\/sites\/3\/2021\/03\/f1.jpg\" \/><\/a><a href=\"https:\/\/www.btk.gov.tr\/\"><img decoding=\"async\" src=\"https:\/\/bilisimyildizlari.org.tr\/2014\/wp-content\/uploads\/sites\/3\/2021\/03\/f2.jpg\" \/><\/a><a href=\"https:\/\/www.uab.gov.tr\/\"><img decoding=\"async\" src=\"https:\/\/bilisimyildizlari.org.tr\/2014\/wp-content\/uploads\/sites\/3\/2021\/03\/f3.jpg\" \/><\/a><\/p>\n","protected":false},"excerpt":{"rendered":"<p>1- \u00d6n Eleme Ba\u015fvuru tamamland\u0131ktan sonra, t\u00fcm j\u00fcri \u00fcyeleri kendi kategorilerinde ba\u015fvurular\u0131n \u00f6n eleme i\u015flemi ger\u00e7ekle\u015ftirir. T\u00fcm projeler \u00f6ncelikle kategori uyumlulu\u011fu daha sonra da kat\u0131l\u0131m<\/p>\n","protected":false},"author":5,"featured_media":0,"parent":0,"menu_order":0,"comment_status":"closed","ping_status":"closed","template":"","meta":{"footnotes":""},"class_list":["post-146","page","type-page","status-publish","hentry"],"yoast_head":"<!-- This site is optimized with the Yoast SEO plugin v27.6 - https:\/\/yoast.com\/product\/yoast-seo-wordpress\/ -->\n<title>Bili\u015fim Y\u0131ld\u0131zlar\u0131 De\u011ferlendirme S\u00fcreci - Bili\u015fim Y\u0131ld\u0131zlar\u0131 2013<\/title>\n<meta name=\"robots\" content=\"index, follow, max-snippet:-1, max-image-preview:large, max-video-preview:-1\" \/>\n<link rel=\"canonical\" href=\"https:\/\/bilisimyildizlari.org.tr\/2013\/bilisim-yildizlari-degerlendirme-sureci\/\" \/>\n<meta property=\"og:locale\" content=\"tr_TR\" \/>\n<meta property=\"og:type\" content=\"article\" \/>\n<meta property=\"og:title\" content=\"Bili\u015fim Y\u0131ld\u0131zlar\u0131 De\u011ferlendirme S\u00fcreci - Bili\u015fim Y\u0131ld\u0131zlar\u0131 2013\" \/>\n<meta property=\"og:description\" content=\"1- \u00d6n Eleme Ba\u015fvuru tamamland\u0131ktan sonra, t\u00fcm j\u00fcri \u00fcyeleri kendi kategorilerinde ba\u015fvurular\u0131n \u00f6n eleme i\u015flemi ger\u00e7ekle\u015ftirir. T\u00fcm projeler \u00f6ncelikle kategori uyumlulu\u011fu daha sonra da kat\u0131l\u0131m\" \/>\n<meta property=\"og:url\" content=\"https:\/\/bilisimyildizlari.org.tr\/2013\/bilisim-yildizlari-degerlendirme-sureci\/\" \/>\n<meta property=\"og:site_name\" content=\"Bili\u015fim Y\u0131ld\u0131zlar\u0131 2013\" \/>\n<meta property=\"article:modified_time\" content=\"2021-06-20T19:17:26+00:00\" \/>\n<meta property=\"og:image\" content=\"https:\/\/bilisimyildizlari.org.tr\/2014\/wp-content\/uploads\/sites\/3\/2021\/03\/fbilesim.jpg\" \/>\n<meta name=\"twitter:card\" content=\"summary_large_image\" \/>\n<meta name=\"twitter:label1\" content=\"Tahmini okuma s\u00fcresi\" \/>\n\t<meta name=\"twitter:data1\" content=\"1 dakika\" \/>\n<script type=\"application\/ld+json\" class=\"yoast-schema-graph\">{\"@context\":\"https:\\\/\\\/schema.org\",\"@graph\":[{\"@type\":\"WebPage\",\"@id\":\"https:\\\/\\\/bilisimyildizlari.org.tr\\\/2013\\\/bilisim-yildizlari-degerlendirme-sureci\\\/\",\"url\":\"https:\\\/\\\/bilisimyildizlari.org.tr\\\/2013\\\/bilisim-yildizlari-degerlendirme-sureci\\\/\",\"name\":\"Bili\u015fim Y\u0131ld\u0131zlar\u0131 De\u011ferlendirme S\u00fcreci - Bili\u015fim Y\u0131ld\u0131zlar\u0131 2013\",\"isPartOf\":{\"@id\":\"https:\\\/\\\/bilisimyildizlari.org.tr\\\/2013\\\/#website\"},\"primaryImageOfPage\":{\"@id\":\"https:\\\/\\\/bilisimyildizlari.org.tr\\\/2013\\\/bilisim-yildizlari-degerlendirme-sureci\\\/#primaryimage\"},\"image\":{\"@id\":\"https:\\\/\\\/bilisimyildizlari.org.tr\\\/2013\\\/bilisim-yildizlari-degerlendirme-sureci\\\/#primaryimage\"},\"thumbnailUrl\":\"https:\\\/\\\/bilisimyildizlari.org.tr\\\/2014\\\/wp-content\\\/uploads\\\/sites\\\/3\\\/2021\\\/03\\\/fbilesim.jpg\",\"datePublished\":\"2021-06-20T19:04:59+00:00\",\"dateModified\":\"2021-06-20T19:17:26+00:00\",\"breadcrumb\":{\"@id\":\"https:\\\/\\\/bilisimyildizlari.org.tr\\\/2013\\\/bilisim-yildizlari-degerlendirme-sureci\\\/#breadcrumb\"},\"inLanguage\":\"tr\",\"potentialAction\":[{\"@type\":\"ReadAction\",\"target\":[\"https:\\\/\\\/bilisimyildizlari.org.tr\\\/2013\\\/bilisim-yildizlari-degerlendirme-sureci\\\/\"]}]},{\"@type\":\"ImageObject\",\"inLanguage\":\"tr\",\"@id\":\"https:\\\/\\\/bilisimyildizlari.org.tr\\\/2013\\\/bilisim-yildizlari-degerlendirme-sureci\\\/#primaryimage\",\"url\":\"https:\\\/\\\/bilisimyildizlari.org.tr\\\/2014\\\/wp-content\\\/uploads\\\/sites\\\/3\\\/2021\\\/03\\\/fbilesim.jpg\",\"contentUrl\":\"https:\\\/\\\/bilisimyildizlari.org.tr\\\/2014\\\/wp-content\\\/uploads\\\/sites\\\/3\\\/2021\\\/03\\\/fbilesim.jpg\"},{\"@type\":\"BreadcrumbList\",\"@id\":\"https:\\\/\\\/bilisimyildizlari.org.tr\\\/2013\\\/bilisim-yildizlari-degerlendirme-sureci\\\/#breadcrumb\",\"itemListElement\":[{\"@type\":\"ListItem\",\"position\":1,\"name\":\"Anasayfa\",\"item\":\"https:\\\/\\\/bilisimyildizlari.org.tr\\\/2013\\\/\"},{\"@type\":\"ListItem\",\"position\":2,\"name\":\"Bili\u015fim Y\u0131ld\u0131zlar\u0131 De\u011ferlendirme S\u00fcreci\"}]},{\"@type\":\"WebSite\",\"@id\":\"https:\\\/\\\/bilisimyildizlari.org.tr\\\/2013\\\/#website\",\"url\":\"https:\\\/\\\/bilisimyildizlari.org.tr\\\/2013\\\/\",\"name\":\"Bili\u015fim Y\u0131ld\u0131zlar\u0131 2013\",\"description\":\"\",\"publisher\":{\"@id\":\"https:\\\/\\\/bilisimyildizlari.org.tr\\\/2013\\\/#organization\"},\"potentialAction\":[{\"@type\":\"SearchAction\",\"target\":{\"@type\":\"EntryPoint\",\"urlTemplate\":\"https:\\\/\\\/bilisimyildizlari.org.tr\\\/2013\\\/?s={search_term_string}\"},\"query-input\":{\"@type\":\"PropertyValueSpecification\",\"valueRequired\":true,\"valueName\":\"search_term_string\"}}],\"inLanguage\":\"tr\"},{\"@type\":\"Organization\",\"@id\":\"https:\\\/\\\/bilisimyildizlari.org.tr\\\/2013\\\/#organization\",\"name\":\"Bili\u015fim Y\u0131ld\u0131zlar\u0131 2013\",\"url\":\"https:\\\/\\\/bilisimyildizlari.org.tr\\\/2013\\\/\",\"logo\":{\"@type\":\"ImageObject\",\"inLanguage\":\"tr\",\"@id\":\"https:\\\/\\\/bilisimyildizlari.org.tr\\\/2013\\\/#\\\/schema\\\/logo\\\/image\\\/\",\"url\":\"https:\\\/\\\/bilisimyildizlari.org.tr\\\/2013\\\/wp-content\\\/uploads\\\/sites\\\/4\\\/2022\\\/05\\\/cropped-TBD_ist_logo1.png\",\"contentUrl\":\"https:\\\/\\\/bilisimyildizlari.org.tr\\\/2013\\\/wp-content\\\/uploads\\\/sites\\\/4\\\/2022\\\/05\\\/cropped-TBD_ist_logo1.png\",\"width\":89,\"height\":80,\"caption\":\"Bili\u015fim Y\u0131ld\u0131zlar\u0131 2013\"},\"image\":{\"@id\":\"https:\\\/\\\/bilisimyildizlari.org.tr\\\/2013\\\/#\\\/schema\\\/logo\\\/image\\\/\"}}]}<\/script>\n<!-- \/ Yoast SEO plugin. -->","yoast_head_json":{"title":"Bili\u015fim Y\u0131ld\u0131zlar\u0131 De\u011ferlendirme S\u00fcreci - Bili\u015fim Y\u0131ld\u0131zlar\u0131 2013","robots":{"index":"index","follow":"follow","max-snippet":"max-snippet:-1","max-image-preview":"max-image-preview:large","max-video-preview":"max-video-preview:-1"},"canonical":"https:\/\/bilisimyildizlari.org.tr\/2013\/bilisim-yildizlari-degerlendirme-sureci\/","og_locale":"tr_TR","og_type":"article","og_title":"Bili\u015fim Y\u0131ld\u0131zlar\u0131 De\u011ferlendirme S\u00fcreci - Bili\u015fim Y\u0131ld\u0131zlar\u0131 2013","og_description":"1- \u00d6n Eleme Ba\u015fvuru tamamland\u0131ktan sonra, t\u00fcm j\u00fcri \u00fcyeleri kendi kategorilerinde ba\u015fvurular\u0131n \u00f6n eleme i\u015flemi ger\u00e7ekle\u015ftirir. T\u00fcm projeler \u00f6ncelikle kategori uyumlulu\u011fu daha sonra da kat\u0131l\u0131m","og_url":"https:\/\/bilisimyildizlari.org.tr\/2013\/bilisim-yildizlari-degerlendirme-sureci\/","og_site_name":"Bili\u015fim Y\u0131ld\u0131zlar\u0131 2013","article_modified_time":"2021-06-20T19:17:26+00:00","og_image":[{"url":"https:\/\/bilisimyildizlari.org.tr\/2014\/wp-content\/uploads\/sites\/3\/2021\/03\/fbilesim.jpg","type":"","width":"","height":""}],"twitter_card":"summary_large_image","twitter_misc":{"Tahmini okuma s\u00fcresi":"1 dakika"},"schema":{"@context":"https:\/\/schema.org","@graph":[{"@type":"WebPage","@id":"https:\/\/bilisimyildizlari.org.tr\/2013\/bilisim-yildizlari-degerlendirme-sureci\/","url":"https:\/\/bilisimyildizlari.org.tr\/2013\/bilisim-yildizlari-degerlendirme-sureci\/","name":"Bili\u015fim Y\u0131ld\u0131zlar\u0131 De\u011ferlendirme S\u00fcreci - Bili\u015fim Y\u0131ld\u0131zlar\u0131 2013","isPartOf":{"@id":"https:\/\/bilisimyildizlari.org.tr\/2013\/#website"},"primaryImageOfPage":{"@id":"https:\/\/bilisimyildizlari.org.tr\/2013\/bilisim-yildizlari-degerlendirme-sureci\/#primaryimage"},"image":{"@id":"https:\/\/bilisimyildizlari.org.tr\/2013\/bilisim-yildizlari-degerlendirme-sureci\/#primaryimage"},"thumbnailUrl":"https:\/\/bilisimyildizlari.org.tr\/2014\/wp-content\/uploads\/sites\/3\/2021\/03\/fbilesim.jpg","datePublished":"2021-06-20T19:04:59+00:00","dateModified":"2021-06-20T19:17:26+00:00","breadcrumb":{"@id":"https:\/\/bilisimyildizlari.org.tr\/2013\/bilisim-yildizlari-degerlendirme-sureci\/#breadcrumb"},"inLanguage":"tr","potentialAction":[{"@type":"ReadAction","target":["https:\/\/bilisimyildizlari.org.tr\/2013\/bilisim-yildizlari-degerlendirme-sureci\/"]}]},{"@type":"ImageObject","inLanguage":"tr","@id":"https:\/\/bilisimyildizlari.org.tr\/2013\/bilisim-yildizlari-degerlendirme-sureci\/#primaryimage","url":"https:\/\/bilisimyildizlari.org.tr\/2014\/wp-content\/uploads\/sites\/3\/2021\/03\/fbilesim.jpg","contentUrl":"https:\/\/bilisimyildizlari.org.tr\/2014\/wp-content\/uploads\/sites\/3\/2021\/03\/fbilesim.jpg"},{"@type":"BreadcrumbList","@id":"https:\/\/bilisimyildizlari.org.tr\/2013\/bilisim-yildizlari-degerlendirme-sureci\/#breadcrumb","itemListElement":[{"@type":"ListItem","position":1,"name":"Anasayfa","item":"https:\/\/bilisimyildizlari.org.tr\/2013\/"},{"@type":"ListItem","position":2,"name":"Bili\u015fim Y\u0131ld\u0131zlar\u0131 De\u011ferlendirme S\u00fcreci"}]},{"@type":"WebSite","@id":"https:\/\/bilisimyildizlari.org.tr\/2013\/#website","url":"https:\/\/bilisimyildizlari.org.tr\/2013\/","name":"Bili\u015fim Y\u0131ld\u0131zlar\u0131 2013","description":"","publisher":{"@id":"https:\/\/bilisimyildizlari.org.tr\/2013\/#organization"},"potentialAction":[{"@type":"SearchAction","target":{"@type":"EntryPoint","urlTemplate":"https:\/\/bilisimyildizlari.org.tr\/2013\/?s={search_term_string}"},"query-input":{"@type":"PropertyValueSpecification","valueRequired":true,"valueName":"search_term_string"}}],"inLanguage":"tr"},{"@type":"Organization","@id":"https:\/\/bilisimyildizlari.org.tr\/2013\/#organization","name":"Bili\u015fim Y\u0131ld\u0131zlar\u0131 2013","url":"https:\/\/bilisimyildizlari.org.tr\/2013\/","logo":{"@type":"ImageObject","inLanguage":"tr","@id":"https:\/\/bilisimyildizlari.org.tr\/2013\/#\/schema\/logo\/image\/","url":"https:\/\/bilisimyildizlari.org.tr\/2013\/wp-content\/uploads\/sites\/4\/2022\/05\/cropped-TBD_ist_logo1.png","contentUrl":"https:\/\/bilisimyildizlari.org.tr\/2013\/wp-content\/uploads\/sites\/4\/2022\/05\/cropped-TBD_ist_logo1.png","width":89,"height":80,"caption":"Bili\u015fim Y\u0131ld\u0131zlar\u0131 2013"},"image":{"@id":"https:\/\/bilisimyildizlari.org.tr\/2013\/#\/schema\/logo\/image\/"}}]}},"_links":{"self":[{"href":"https:\/\/bilisimyildizlari.org.tr\/2013\/wp-json\/wp\/v2\/pages\/146","targetHints":{"allow":["GET"]}}],"collection":[{"href":"https:\/\/bilisimyildizlari.org.tr\/2013\/wp-json\/wp\/v2\/pages"}],"about":[{"href":"https:\/\/bilisimyildizlari.org.tr\/2013\/wp-json\/wp\/v2\/types\/page"}],"author":[{"embeddable":true,"href":"https:\/\/bilisimyildizlari.org.tr\/2013\/wp-json\/wp\/v2\/users\/5"}],"replies":[{"embeddable":true,"href":"https:\/\/bilisimyildizlari.org.tr\/2013\/wp-json\/wp\/v2\/comments?post=146"}],"version-history":[{"count":0,"href":"https:\/\/bilisimyildizlari.org.tr\/2013\/wp-json\/wp\/v2\/pages\/146\/revisions"}],"wp:attachment":[{"href":"https:\/\/bilisimyildizlari.org.tr\/2013\/wp-json\/wp\/v2\/media?parent=146"}],"curies":[{"name":"wp","href":"https:\/\/api.w.org\/{rel}","templated":true}]}}