{"id":163,"date":"2021-06-20T22:21:52","date_gmt":"2021-06-20T19:21:52","guid":{"rendered":"https:\/\/bilisimyildizlari.org.tr\/2013\/?page_id=163"},"modified":"2023-08-01T17:16:30","modified_gmt":"2023-08-01T14:16:30","slug":"bilisim-yildizlariyla-iletisim","status":"publish","type":"page","link":"https:\/\/bilisimyildizlari.org.tr\/2013\/bilisim-yildizlari\/bilisim-yildizlariyla-iletisim\/","title":{"rendered":"Bili\u015fim Y\u0131ld\u0131zlar\u0131yla \u0130leti\u015fim"},"content":{"rendered":"<p><strong>Bili\u015fim Y\u0131ld\u0131zlar\u0131yla \u0130leti\u015fim<\/strong><\/p>\n<p>L\u00fctfen e-posta g\u00f6nderiniz ya da en son y\u0131l\u0131n ileti\u015fim formunu kullan\u0131n\u0131z.<\/p>\n","protected":false},"excerpt":{"rendered":"<p>Bili\u015fim Y\u0131ld\u0131zlar\u0131yla \u0130leti\u015fim L\u00fctfen e-posta g\u00f6nderiniz ya da en son y\u0131l\u0131n ileti\u015fim formunu kullan\u0131n\u0131z.<\/p>\n","protected":false},"author":5,"featured_media":0,"parent":7,"menu_order":0,"comment_status":"closed","ping_status":"closed","template":"","meta":{"footnotes":""},"class_list":["post-163","page","type-page","status-publish","hentry"],"yoast_head":"<!-- This site is optimized with the Yoast SEO plugin v27.6 - https:\/\/yoast.com\/product\/yoast-seo-wordpress\/ -->\n<title>Bili\u015fim Y\u0131ld\u0131zlar\u0131yla \u0130leti\u015fim - Bili\u015fim Y\u0131ld\u0131zlar\u0131 2013<\/title>\n<meta name=\"robots\" content=\"index, follow, max-snippet:-1, max-image-preview:large, max-video-preview:-1\" \/>\n<link rel=\"canonical\" href=\"https:\/\/bilisimyildizlari.org.tr\/2013\/bilisim-yildizlari\/bilisim-yildizlariyla-iletisim\/\" \/>\n<meta property=\"og:locale\" content=\"tr_TR\" \/>\n<meta property=\"og:type\" content=\"article\" \/>\n<meta property=\"og:title\" content=\"Bili\u015fim Y\u0131ld\u0131zlar\u0131yla \u0130leti\u015fim - Bili\u015fim Y\u0131ld\u0131zlar\u0131 2013\" \/>\n<meta property=\"og:description\" content=\"Bili\u015fim Y\u0131ld\u0131zlar\u0131yla \u0130leti\u015fim L\u00fctfen e-posta g\u00f6nderiniz ya da en son y\u0131l\u0131n ileti\u015fim formunu kullan\u0131n\u0131z.\" \/>\n<meta property=\"og:url\" content=\"https:\/\/bilisimyildizlari.org.tr\/2013\/bilisim-yildizlari\/bilisim-yildizlariyla-iletisim\/\" \/>\n<meta property=\"og:site_name\" content=\"Bili\u015fim Y\u0131ld\u0131zlar\u0131 2013\" \/>\n<meta property=\"article:modified_time\" content=\"2023-08-01T14:16:30+00:00\" \/>\n<meta name=\"twitter:card\" content=\"summary_large_image\" \/>\n<meta name=\"twitter:label1\" content=\"Tahmini okuma s\u00fcresi\" \/>\n\t<meta name=\"twitter:data1\" content=\"1 dakika\" \/>\n<script type=\"application\/ld+json\" class=\"yoast-schema-graph\">{\"@context\":\"https:\\\/\\\/schema.org\",\"@graph\":[{\"@type\":\"WebPage\",\"@id\":\"https:\\\/\\\/bilisimyildizlari.org.tr\\\/2013\\\/bilisim-yildizlari\\\/bilisim-yildizlariyla-iletisim\\\/\",\"url\":\"https:\\\/\\\/bilisimyildizlari.org.tr\\\/2013\\\/bilisim-yildizlari\\\/bilisim-yildizlariyla-iletisim\\\/\",\"name\":\"Bili\u015fim Y\u0131ld\u0131zlar\u0131yla \u0130leti\u015fim - Bili\u015fim Y\u0131ld\u0131zlar\u0131 2013\",\"isPartOf\":{\"@id\":\"https:\\\/\\\/bilisimyildizlari.org.tr\\\/2013\\\/#website\"},\"datePublished\":\"2021-06-20T19:21:52+00:00\",\"dateModified\":\"2023-08-01T14:16:30+00:00\",\"breadcrumb\":{\"@id\":\"https:\\\/\\\/bilisimyildizlari.org.tr\\\/2013\\\/bilisim-yildizlari\\\/bilisim-yildizlariyla-iletisim\\\/#breadcrumb\"},\"inLanguage\":\"tr\",\"potentialAction\":[{\"@type\":\"ReadAction\",\"target\":[\"https:\\\/\\\/bilisimyildizlari.org.tr\\\/2013\\\/bilisim-yildizlari\\\/bilisim-yildizlariyla-iletisim\\\/\"]}]},{\"@type\":\"BreadcrumbList\",\"@id\":\"https:\\\/\\\/bilisimyildizlari.org.tr\\\/2013\\\/bilisim-yildizlari\\\/bilisim-yildizlariyla-iletisim\\\/#breadcrumb\",\"itemListElement\":[{\"@type\":\"ListItem\",\"position\":1,\"name\":\"Anasayfa\",\"item\":\"https:\\\/\\\/bilisimyildizlari.org.tr\\\/2013\\\/\"},{\"@type\":\"ListItem\",\"position\":2,\"name\":\"Bili\u015fim Y\u0131ld\u0131zlar\u0131\",\"item\":\"https:\\\/\\\/bilisimyildizlari.org.tr\\\/2013\\\/bilisim-yildizlari\\\/\"},{\"@type\":\"ListItem\",\"position\":3,\"name\":\"Bili\u015fim Y\u0131ld\u0131zlar\u0131yla \u0130leti\u015fim\"}]},{\"@type\":\"WebSite\",\"@id\":\"https:\\\/\\\/bilisimyildizlari.org.tr\\\/2013\\\/#website\",\"url\":\"https:\\\/\\\/bilisimyildizlari.org.tr\\\/2013\\\/\",\"name\":\"Bili\u015fim Y\u0131ld\u0131zlar\u0131 2013\",\"description\":\"\",\"publisher\":{\"@id\":\"https:\\\/\\\/bilisimyildizlari.org.tr\\\/2013\\\/#organization\"},\"potentialAction\":[{\"@type\":\"SearchAction\",\"target\":{\"@type\":\"EntryPoint\",\"urlTemplate\":\"https:\\\/\\\/bilisimyildizlari.org.tr\\\/2013\\\/?s={search_term_string}\"},\"query-input\":{\"@type\":\"PropertyValueSpecification\",\"valueRequired\":true,\"valueName\":\"search_term_string\"}}],\"inLanguage\":\"tr\"},{\"@type\":\"Organization\",\"@id\":\"https:\\\/\\\/bilisimyildizlari.org.tr\\\/2013\\\/#organization\",\"name\":\"Bili\u015fim Y\u0131ld\u0131zlar\u0131 2013\",\"url\":\"https:\\\/\\\/bilisimyildizlari.org.tr\\\/2013\\\/\",\"logo\":{\"@type\":\"ImageObject\",\"inLanguage\":\"tr\",\"@id\":\"https:\\\/\\\/bilisimyildizlari.org.tr\\\/2013\\\/#\\\/schema\\\/logo\\\/image\\\/\",\"url\":\"https:\\\/\\\/bilisimyildizlari.org.tr\\\/2013\\\/wp-content\\\/uploads\\\/sites\\\/4\\\/2022\\\/05\\\/cropped-TBD_ist_logo1.png\",\"contentUrl\":\"https:\\\/\\\/bilisimyildizlari.org.tr\\\/2013\\\/wp-content\\\/uploads\\\/sites\\\/4\\\/2022\\\/05\\\/cropped-TBD_ist_logo1.png\",\"width\":89,\"height\":80,\"caption\":\"Bili\u015fim Y\u0131ld\u0131zlar\u0131 2013\"},\"image\":{\"@id\":\"https:\\\/\\\/bilisimyildizlari.org.tr\\\/2013\\\/#\\\/schema\\\/logo\\\/image\\\/\"}}]}<\/script>\n<!-- \/ Yoast SEO plugin. -->","yoast_head_json":{"title":"Bili\u015fim Y\u0131ld\u0131zlar\u0131yla \u0130leti\u015fim - Bili\u015fim Y\u0131ld\u0131zlar\u0131 2013","robots":{"index":"index","follow":"follow","max-snippet":"max-snippet:-1","max-image-preview":"max-image-preview:large","max-video-preview":"max-video-preview:-1"},"canonical":"https:\/\/bilisimyildizlari.org.tr\/2013\/bilisim-yildizlari\/bilisim-yildizlariyla-iletisim\/","og_locale":"tr_TR","og_type":"article","og_title":"Bili\u015fim Y\u0131ld\u0131zlar\u0131yla \u0130leti\u015fim - Bili\u015fim Y\u0131ld\u0131zlar\u0131 2013","og_description":"Bili\u015fim Y\u0131ld\u0131zlar\u0131yla \u0130leti\u015fim L\u00fctfen e-posta g\u00f6nderiniz ya da en son y\u0131l\u0131n ileti\u015fim formunu kullan\u0131n\u0131z.","og_url":"https:\/\/bilisimyildizlari.org.tr\/2013\/bilisim-yildizlari\/bilisim-yildizlariyla-iletisim\/","og_site_name":"Bili\u015fim Y\u0131ld\u0131zlar\u0131 2013","article_modified_time":"2023-08-01T14:16:30+00:00","twitter_card":"summary_large_image","twitter_misc":{"Tahmini okuma s\u00fcresi":"1 dakika"},"schema":{"@context":"https:\/\/schema.org","@graph":[{"@type":"WebPage","@id":"https:\/\/bilisimyildizlari.org.tr\/2013\/bilisim-yildizlari\/bilisim-yildizlariyla-iletisim\/","url":"https:\/\/bilisimyildizlari.org.tr\/2013\/bilisim-yildizlari\/bilisim-yildizlariyla-iletisim\/","name":"Bili\u015fim Y\u0131ld\u0131zlar\u0131yla \u0130leti\u015fim - Bili\u015fim Y\u0131ld\u0131zlar\u0131 2013","isPartOf":{"@id":"https:\/\/bilisimyildizlari.org.tr\/2013\/#website"},"datePublished":"2021-06-20T19:21:52+00:00","dateModified":"2023-08-01T14:16:30+00:00","breadcrumb":{"@id":"https:\/\/bilisimyildizlari.org.tr\/2013\/bilisim-yildizlari\/bilisim-yildizlariyla-iletisim\/#breadcrumb"},"inLanguage":"tr","potentialAction":[{"@type":"ReadAction","target":["https:\/\/bilisimyildizlari.org.tr\/2013\/bilisim-yildizlari\/bilisim-yildizlariyla-iletisim\/"]}]},{"@type":"BreadcrumbList","@id":"https:\/\/bilisimyildizlari.org.tr\/2013\/bilisim-yildizlari\/bilisim-yildizlariyla-iletisim\/#breadcrumb","itemListElement":[{"@type":"ListItem","position":1,"name":"Anasayfa","item":"https:\/\/bilisimyildizlari.org.tr\/2013\/"},{"@type":"ListItem","position":2,"name":"Bili\u015fim Y\u0131ld\u0131zlar\u0131","item":"https:\/\/bilisimyildizlari.org.tr\/2013\/bilisim-yildizlari\/"},{"@type":"ListItem","position":3,"name":"Bili\u015fim Y\u0131ld\u0131zlar\u0131yla \u0130leti\u015fim"}]},{"@type":"WebSite","@id":"https:\/\/bilisimyildizlari.org.tr\/2013\/#website","url":"https:\/\/bilisimyildizlari.org.tr\/2013\/","name":"Bili\u015fim Y\u0131ld\u0131zlar\u0131 2013","description":"","publisher":{"@id":"https:\/\/bilisimyildizlari.org.tr\/2013\/#organization"},"potentialAction":[{"@type":"SearchAction","target":{"@type":"EntryPoint","urlTemplate":"https:\/\/bilisimyildizlari.org.tr\/2013\/?s={search_term_string}"},"query-input":{"@type":"PropertyValueSpecification","valueRequired":true,"valueName":"search_term_string"}}],"inLanguage":"tr"},{"@type":"Organization","@id":"https:\/\/bilisimyildizlari.org.tr\/2013\/#organization","name":"Bili\u015fim Y\u0131ld\u0131zlar\u0131 2013","url":"https:\/\/bilisimyildizlari.org.tr\/2013\/","logo":{"@type":"ImageObject","inLanguage":"tr","@id":"https:\/\/bilisimyildizlari.org.tr\/2013\/#\/schema\/logo\/image\/","url":"https:\/\/bilisimyildizlari.org.tr\/2013\/wp-content\/uploads\/sites\/4\/2022\/05\/cropped-TBD_ist_logo1.png","contentUrl":"https:\/\/bilisimyildizlari.org.tr\/2013\/wp-content\/uploads\/sites\/4\/2022\/05\/cropped-TBD_ist_logo1.png","width":89,"height":80,"caption":"Bili\u015fim Y\u0131ld\u0131zlar\u0131 2013"},"image":{"@id":"https:\/\/bilisimyildizlari.org.tr\/2013\/#\/schema\/logo\/image\/"}}]}},"_links":{"self":[{"href":"https:\/\/bilisimyildizlari.org.tr\/2013\/wp-json\/wp\/v2\/pages\/163","targetHints":{"allow":["GET"]}}],"collection":[{"href":"https:\/\/bilisimyildizlari.org.tr\/2013\/wp-json\/wp\/v2\/pages"}],"about":[{"href":"https:\/\/bilisimyildizlari.org.tr\/2013\/wp-json\/wp\/v2\/types\/page"}],"author":[{"embeddable":true,"href":"https:\/\/bilisimyildizlari.org.tr\/2013\/wp-json\/wp\/v2\/users\/5"}],"replies":[{"embeddable":true,"href":"https:\/\/bilisimyildizlari.org.tr\/2013\/wp-json\/wp\/v2\/comments?post=163"}],"version-history":[{"count":1,"href":"https:\/\/bilisimyildizlari.org.tr\/2013\/wp-json\/wp\/v2\/pages\/163\/revisions"}],"predecessor-version":[{"id":189,"href":"https:\/\/bilisimyildizlari.org.tr\/2013\/wp-json\/wp\/v2\/pages\/163\/revisions\/189"}],"up":[{"embeddable":true,"href":"https:\/\/bilisimyildizlari.org.tr\/2013\/wp-json\/wp\/v2\/pages\/7"}],"wp:attachment":[{"href":"https:\/\/bilisimyildizlari.org.tr\/2013\/wp-json\/wp\/v2\/media?parent=163"}],"curies":[{"name":"wp","href":"https:\/\/api.w.org\/{rel}","templated":true}]}}