{"id":19,"date":"2021-06-12T02:24:18","date_gmt":"2021-06-11T23:24:18","guid":{"rendered":"https:\/\/bilisimyildizlari.org.tr\/2013\/?page_id=19"},"modified":"2021-06-20T21:33:40","modified_gmt":"2021-06-20T18:33:40","slug":"sonuclar","status":"publish","type":"page","link":"https:\/\/bilisimyildizlari.org.tr\/2013\/sonuclar\/","title":{"rendered":"Sonu\u00e7lar"},"content":{"rendered":"<h3>2012 y\u0131l\u0131 Sonu\u00e7lar\u0131<\/h3>\n<p style=\"text-align: center\"><em>En \u0130yi Web Sitesi<\/em><\/p>\n<p style=\"text-align: center\"><em><a href=\"http:\/\/www.kadikoy.bel.tr\">www.kadikoy.bel.tr<\/a><\/em><\/p>\n<p style=\"text-align: center\"><em>e-Belediye<\/em><\/p>\n<table style=\"height: 119px\" width=\"819\">\n<tbody>\n<tr>\n<th style=\"text-align: center\">\n<h5><em>Kategori 1.si<\/em><\/h5>\n<\/th>\n<th style=\"text-align: center\">\n<h5><em>Kategori 2.si<\/em><\/h5>\n<\/th>\n<th style=\"text-align: center\">\n<h5><em>Kategori 3.s\u00fc<\/em><\/h5>\n<\/th>\n<\/tr>\n<tr>\n<td><a href=\"http:\/\/www.kad\u0131koy.bel.tr\"><em>www.kad\u0131koy.bel.tr<\/em><\/a><\/td>\n<td><a href=\"http:\/\/www.kucukcekmece.bel.tr\"><em>www.kucukcekmece.bel.tr<\/em><\/a><\/td>\n<td><a href=\"http:\/\/www.altindag.bel.tr\"><em>www.altindag.bel.tr<\/em><\/a><\/td>\n<\/tr>\n<tr>\n<td><\/td>\n<td style=\"text-align: center\">\n<h3><em><strong>e-E\u011fitim<\/strong><\/em><\/h3>\n<\/td>\n<td><\/td>\n<\/tr>\n<tr>\n<td>\n<h5 style=\"text-align: center\"><em>Kategori 1.si<\/em><\/h5>\n<\/td>\n<td style=\"text-align: center\">\n<h5><em>Kategori 2.si<\/em><\/h5>\n<\/td>\n<td>\n<h5 style=\"text-align: center\"><em>Kategori 3.s\u00fc<\/em><\/h5>\n<\/td>\n<\/tr>\n<tr>\n<td><a href=\"http:\/\/www.butikdershanem.com\"><em>www.butikdershanem.com<\/em><\/a><\/td>\n<td><a href=\"http:\/\/www.teknokurs.net\"><em>www.teknokurs.net<\/em><\/a><\/td>\n<td><a href=\"http:\/\/www.bilimkampus.net\"><em>www.bilimkampus.net<\/em><\/a><\/td>\n<\/tr>\n<tr>\n<td>\n<h5 style=\"text-align: center\"><\/h5>\n<\/td>\n<td style=\"text-align: center\">\n<h3><em><strong>e-Gen\u00e7<\/strong><\/em><\/h3>\n<\/td>\n<td>\n<h5 style=\"text-align: center\"><\/h5>\n<\/td>\n<\/tr>\n<tr>\n<td>\n<h5 style=\"text-align: center\"><em>Kategori 1.si<\/em><\/h5>\n<\/td>\n<td>\n<h5 style=\"text-align: center\"><em>Kategori 2.si<\/em><\/h5>\n<\/td>\n<td>\n<h5 style=\"text-align: center\"><em>Kategori 3.s\u00fc<\/em><\/h5>\n<\/td>\n<\/tr>\n<tr>\n<td style=\"text-align: center\"><a href=\"http:\/\/www.universdeliden.com\">\u00a0www.universdeliden.com<\/a><\/td>\n<td style=\"text-align: center\"><a href=\"http:\/\/www.fragman.web.tr\">\u00a0www.fragman.web.tr<\/a><\/td>\n<td style=\"text-align: center\"><a href=\"http:\/\/www.hippikiz.com\">\u00a0www.hippikiz.com<\/a><\/td>\n<\/tr>\n<tr>\n<td>\n<h5 style=\"text-align: center\"><\/h5>\n<\/td>\n<td>\n<h3 style=\"text-align: center\"><em><strong>e-Hizmet<\/strong><\/em><\/h3>\n<\/td>\n<td>\n<h5 style=\"text-align: center\"><\/h5>\n<\/td>\n<\/tr>\n<tr>\n<td style=\"text-align: center\">\n<h5 style=\"text-align: center\"><em>Kategori 1.si<\/em><\/h5>\n<\/td>\n<td style=\"text-align: center\">\n<h5 style=\"text-align: center\"><em>Kategori 2.si<\/em><\/h5>\n<\/td>\n<td style=\"text-align: center\">\n<h5 style=\"text-align: center\"><em>Kategori 3.s\u00fc<\/em><\/h5>\n<\/td>\n<\/tr>\n<tr>\n<td style=\"text-align: center\"><a href=\"http:\/\/www.izto.org.tr\">www.izto.org.tr<\/a><\/td>\n<td style=\"text-align: center\"><a href=\"http:\/\/www.foodback.com.tr\">www.foodback.com.tr<\/a><\/td>\n<td style=\"text-align: center\"><a href=\"http:\/\/www.randevual.com\">www.randevual.com<\/a><\/td>\n<\/tr>\n<tr>\n<td>\n<h5 style=\"text-align: center\"><\/h5>\n<\/td>\n<td>\n<h3 style=\"text-align: center\"><em><strong>e-\u0130novasyon\/Giri\u015fimcilik<\/strong><\/em><\/h3>\n<\/td>\n<td>\n<h5 style=\"text-align: center\"><\/h5>\n<\/td>\n<\/tr>\n<tr>\n<td style=\"text-align: center\">\n<h5 style=\"text-align: center\"><em>Kategori 1.si<\/em><\/h5>\n<\/td>\n<td style=\"text-align: center\">\n<h5 style=\"text-align: center\"><em>Kategori 2.si<\/em><\/h5>\n<\/td>\n<td style=\"text-align: center\">\n<h5 style=\"text-align: center\"><em>Kategori 3.s\u00fc<\/em><\/h5>\n<\/td>\n<\/tr>\n<tr>\n<td style=\"text-align: center\"><a href=\"http:\/\/www.fatih.bel.tr\">www.fatih.bel.tr<\/a><\/td>\n<td style=\"text-align: center\"><a href=\"http:\/\/www.altindag.bel.tr\">www.altindag.bel.tr<\/a><\/td>\n<td style=\"text-align: center\"><a href=\"http:\/\/www.alalimbakalim.com\">www.alalimbakalim.com<\/a><\/td>\n<\/tr>\n<tr>\n<td>\n<h5 style=\"text-align: center\"><\/h5>\n<\/td>\n<td>\n<h3 style=\"text-align: center\"><em><strong>e-Kent<\/strong><\/em><\/h3>\n<\/td>\n<td>\n<h5 style=\"text-align: center\"><\/h5>\n<\/td>\n<\/tr>\n<tr>\n<td style=\"text-align: center\">\n<h5 style=\"text-align: center\"><em>Kategori 1.si<\/em><\/h5>\n<\/td>\n<td style=\"text-align: center\">\n<h5 style=\"text-align: center\"><em>Kategori 2.si<\/em><\/h5>\n<\/td>\n<td style=\"text-align: center\">\n<h5 style=\"text-align: center\"><em>Kategori 3.s\u00fc<\/em><\/h5>\n<\/td>\n<\/tr>\n<tr>\n<td style=\"text-align: center\"><a href=\"http:\/\/www.fatih.bel.tr\">www.fatih.bel.tr<\/a><\/td>\n<td style=\"text-align: center\"><a href=\"http:\/\/www.besiktas.bel.tr\">www.besiktas.bel.tr<\/a><\/td>\n<td style=\"text-align: center\"><a href=\"http:\/\/www.izto.org.tr\">www.izto.org.tr<\/a><\/td>\n<\/tr>\n<tr>\n<td>\n<h5 style=\"text-align: center\"><\/h5>\n<\/td>\n<td>\n<h3 style=\"text-align: center\"><em><strong>e-Ticaret<\/strong><\/em><\/h3>\n<\/td>\n<td>\n<h5 style=\"text-align: center\"><\/h5>\n<\/td>\n<\/tr>\n<tr>\n<td style=\"text-align: center\">\n<h5 style=\"text-align: center\"><em>Kategori 1.si<\/em><\/h5>\n<\/td>\n<td style=\"text-align: center\">\n<h5 style=\"text-align: center\"><em>Kategori 2.si<\/em><\/h5>\n<\/td>\n<td style=\"text-align: center\">\n<h5 style=\"text-align: center\"><em>Kategori 3.s\u00fc<\/em><\/h5>\n<\/td>\n<\/tr>\n<tr>\n<td style=\"text-align: center\"><a href=\"http:\/\/www.alalimbakalim.com\">www.alalimbakalim.com<\/a><\/td>\n<td style=\"text-align: center\"><a href=\"http:\/\/www.kliksa.com\">www.kliksa.com<\/a><\/td>\n<td style=\"text-align: center\"><a href=\"http:\/\/www.toptansite.com\">www.toptansite.com<\/a><\/td>\n<\/tr>\n<\/tbody>\n<\/table>\n<div class=\"middle\">\n<p>2011 Bili\u015fim Y\u0131ld\u0131zlar\u0131 sonu\u00e7lar\u0131na ula\u015fmak i\u00e7in t\u0131klay\u0131n\u0131z.<\/p>\n<\/div>\n<p style=\"width: 100%;padding: 15px;background-color: #f5f5f5;border-radius: 25px;font-family: calibri;text-align: right;vertical-align: middle\"><span style=\"float: left\"><br \/>\n<a href=\"https:\/\/bilisimyildizlari.org.tr\/2014\/\"><img decoding=\"async\" src=\"https:\/\/bilisimyildizlari.org.tr\/2014\/wp-content\/uploads\/sites\/3\/2021\/03\/fbilesim.jpg\" \/><\/a> \u00a0Bili\u015fim Yildizlari 2013<br \/>\n<\/span><br \/>\n<a href=\"https:\/\/www.tbd.org.tr\/\"><img decoding=\"async\" src=\"https:\/\/bilisimyildizlari.org.tr\/2014\/wp-content\/uploads\/sites\/3\/2021\/03\/f1.jpg\" \/><\/a><a href=\"https:\/\/www.btk.gov.tr\/\"><img decoding=\"async\" src=\"https:\/\/bilisimyildizlari.org.tr\/2014\/wp-content\/uploads\/sites\/3\/2021\/03\/f2.jpg\" \/><\/a><a href=\"https:\/\/www.uab.gov.tr\/\"><img decoding=\"async\" src=\"https:\/\/bilisimyildizlari.org.tr\/2014\/wp-content\/uploads\/sites\/3\/2021\/03\/f3.jpg\" \/><\/a><\/p>\n","protected":false},"excerpt":{"rendered":"<p>2012 y\u0131l\u0131 Sonu\u00e7lar\u0131 En \u0130yi Web Sitesi www.kadikoy.bel.tr e-Belediye Kategori 1.si Kategori 2.si Kategori 3.s\u00fc www.kad\u0131koy.bel.tr www.kucukcekmece.bel.tr www.altindag.bel.tr e-E\u011fitim Kategori 1.si Kategori 2.si Kategori 3.s\u00fc<\/p>\n","protected":false},"author":5,"featured_media":0,"parent":0,"menu_order":0,"comment_status":"closed","ping_status":"closed","template":"","meta":{"footnotes":""},"class_list":["post-19","page","type-page","status-publish","hentry"],"yoast_head":"<!-- This site is optimized with the Yoast SEO plugin v27.4 - https:\/\/yoast.com\/product\/yoast-seo-wordpress\/ -->\n<title>Sonu\u00e7lar - Bili\u015fim Y\u0131ld\u0131zlar\u0131 2013<\/title>\n<meta name=\"robots\" content=\"index, follow, max-snippet:-1, max-image-preview:large, max-video-preview:-1\" \/>\n<link rel=\"canonical\" href=\"https:\/\/bilisimyildizlari.org.tr\/2013\/sonuclar\/\" \/>\n<meta property=\"og:locale\" content=\"tr_TR\" \/>\n<meta property=\"og:type\" content=\"article\" \/>\n<meta property=\"og:title\" content=\"Sonu\u00e7lar - Bili\u015fim Y\u0131ld\u0131zlar\u0131 2013\" \/>\n<meta property=\"og:description\" content=\"2012 y\u0131l\u0131 Sonu\u00e7lar\u0131 En \u0130yi Web Sitesi www.kadikoy.bel.tr e-Belediye Kategori 1.si Kategori 2.si Kategori 3.s\u00fc www.kad\u0131koy.bel.tr www.kucukcekmece.bel.tr www.altindag.bel.tr e-E\u011fitim Kategori 1.si Kategori 2.si Kategori 3.s\u00fc\" \/>\n<meta property=\"og:url\" content=\"https:\/\/bilisimyildizlari.org.tr\/2013\/sonuclar\/\" \/>\n<meta property=\"og:site_name\" content=\"Bili\u015fim Y\u0131ld\u0131zlar\u0131 2013\" \/>\n<meta property=\"article:modified_time\" content=\"2021-06-20T18:33:40+00:00\" \/>\n<meta property=\"og:image\" content=\"https:\/\/bilisimyildizlari.org.tr\/2014\/wp-content\/uploads\/sites\/3\/2021\/03\/fbilesim.jpg\" \/>\n<meta name=\"twitter:card\" content=\"summary_large_image\" \/>\n<meta name=\"twitter:label1\" content=\"Tahmini okuma s\u00fcresi\" \/>\n\t<meta name=\"twitter:data1\" content=\"2 dakika\" \/>\n<script type=\"application\/ld+json\" class=\"yoast-schema-graph\">{\"@context\":\"https:\\\/\\\/schema.org\",\"@graph\":[{\"@type\":\"WebPage\",\"@id\":\"https:\\\/\\\/bilisimyildizlari.org.tr\\\/2013\\\/sonuclar\\\/\",\"url\":\"https:\\\/\\\/bilisimyildizlari.org.tr\\\/2013\\\/sonuclar\\\/\",\"name\":\"Sonu\u00e7lar - Bili\u015fim Y\u0131ld\u0131zlar\u0131 2013\",\"isPartOf\":{\"@id\":\"https:\\\/\\\/bilisimyildizlari.org.tr\\\/2013\\\/#website\"},\"primaryImageOfPage\":{\"@id\":\"https:\\\/\\\/bilisimyildizlari.org.tr\\\/2013\\\/sonuclar\\\/#primaryimage\"},\"image\":{\"@id\":\"https:\\\/\\\/bilisimyildizlari.org.tr\\\/2013\\\/sonuclar\\\/#primaryimage\"},\"thumbnailUrl\":\"https:\\\/\\\/bilisimyildizlari.org.tr\\\/2014\\\/wp-content\\\/uploads\\\/sites\\\/3\\\/2021\\\/03\\\/fbilesim.jpg\",\"datePublished\":\"2021-06-11T23:24:18+00:00\",\"dateModified\":\"2021-06-20T18:33:40+00:00\",\"breadcrumb\":{\"@id\":\"https:\\\/\\\/bilisimyildizlari.org.tr\\\/2013\\\/sonuclar\\\/#breadcrumb\"},\"inLanguage\":\"tr\",\"potentialAction\":[{\"@type\":\"ReadAction\",\"target\":[\"https:\\\/\\\/bilisimyildizlari.org.tr\\\/2013\\\/sonuclar\\\/\"]}]},{\"@type\":\"ImageObject\",\"inLanguage\":\"tr\",\"@id\":\"https:\\\/\\\/bilisimyildizlari.org.tr\\\/2013\\\/sonuclar\\\/#primaryimage\",\"url\":\"https:\\\/\\\/bilisimyildizlari.org.tr\\\/2014\\\/wp-content\\\/uploads\\\/sites\\\/3\\\/2021\\\/03\\\/fbilesim.jpg\",\"contentUrl\":\"https:\\\/\\\/bilisimyildizlari.org.tr\\\/2014\\\/wp-content\\\/uploads\\\/sites\\\/3\\\/2021\\\/03\\\/fbilesim.jpg\"},{\"@type\":\"BreadcrumbList\",\"@id\":\"https:\\\/\\\/bilisimyildizlari.org.tr\\\/2013\\\/sonuclar\\\/#breadcrumb\",\"itemListElement\":[{\"@type\":\"ListItem\",\"position\":1,\"name\":\"Anasayfa\",\"item\":\"https:\\\/\\\/bilisimyildizlari.org.tr\\\/2013\\\/\"},{\"@type\":\"ListItem\",\"position\":2,\"name\":\"Sonu\u00e7lar\"}]},{\"@type\":\"WebSite\",\"@id\":\"https:\\\/\\\/bilisimyildizlari.org.tr\\\/2013\\\/#website\",\"url\":\"https:\\\/\\\/bilisimyildizlari.org.tr\\\/2013\\\/\",\"name\":\"Bili\u015fim Y\u0131ld\u0131zlar\u0131 2013\",\"description\":\"\",\"publisher\":{\"@id\":\"https:\\\/\\\/bilisimyildizlari.org.tr\\\/2013\\\/#organization\"},\"potentialAction\":[{\"@type\":\"SearchAction\",\"target\":{\"@type\":\"EntryPoint\",\"urlTemplate\":\"https:\\\/\\\/bilisimyildizlari.org.tr\\\/2013\\\/?s={search_term_string}\"},\"query-input\":{\"@type\":\"PropertyValueSpecification\",\"valueRequired\":true,\"valueName\":\"search_term_string\"}}],\"inLanguage\":\"tr\"},{\"@type\":\"Organization\",\"@id\":\"https:\\\/\\\/bilisimyildizlari.org.tr\\\/2013\\\/#organization\",\"name\":\"Bili\u015fim Y\u0131ld\u0131zlar\u0131 2013\",\"url\":\"https:\\\/\\\/bilisimyildizlari.org.tr\\\/2013\\\/\",\"logo\":{\"@type\":\"ImageObject\",\"inLanguage\":\"tr\",\"@id\":\"https:\\\/\\\/bilisimyildizlari.org.tr\\\/2013\\\/#\\\/schema\\\/logo\\\/image\\\/\",\"url\":\"https:\\\/\\\/bilisimyildizlari.org.tr\\\/2013\\\/wp-content\\\/uploads\\\/sites\\\/4\\\/2022\\\/05\\\/cropped-TBD_ist_logo1.png\",\"contentUrl\":\"https:\\\/\\\/bilisimyildizlari.org.tr\\\/2013\\\/wp-content\\\/uploads\\\/sites\\\/4\\\/2022\\\/05\\\/cropped-TBD_ist_logo1.png\",\"width\":89,\"height\":80,\"caption\":\"Bili\u015fim Y\u0131ld\u0131zlar\u0131 2013\"},\"image\":{\"@id\":\"https:\\\/\\\/bilisimyildizlari.org.tr\\\/2013\\\/#\\\/schema\\\/logo\\\/image\\\/\"}}]}<\/script>\n<!-- \/ Yoast SEO plugin. -->","yoast_head_json":{"title":"Sonu\u00e7lar - Bili\u015fim Y\u0131ld\u0131zlar\u0131 2013","robots":{"index":"index","follow":"follow","max-snippet":"max-snippet:-1","max-image-preview":"max-image-preview:large","max-video-preview":"max-video-preview:-1"},"canonical":"https:\/\/bilisimyildizlari.org.tr\/2013\/sonuclar\/","og_locale":"tr_TR","og_type":"article","og_title":"Sonu\u00e7lar - Bili\u015fim Y\u0131ld\u0131zlar\u0131 2013","og_description":"2012 y\u0131l\u0131 Sonu\u00e7lar\u0131 En \u0130yi Web Sitesi www.kadikoy.bel.tr e-Belediye Kategori 1.si Kategori 2.si Kategori 3.s\u00fc www.kad\u0131koy.bel.tr www.kucukcekmece.bel.tr www.altindag.bel.tr e-E\u011fitim Kategori 1.si Kategori 2.si Kategori 3.s\u00fc","og_url":"https:\/\/bilisimyildizlari.org.tr\/2013\/sonuclar\/","og_site_name":"Bili\u015fim Y\u0131ld\u0131zlar\u0131 2013","article_modified_time":"2021-06-20T18:33:40+00:00","og_image":[{"url":"https:\/\/bilisimyildizlari.org.tr\/2014\/wp-content\/uploads\/sites\/3\/2021\/03\/fbilesim.jpg","type":"","width":"","height":""}],"twitter_card":"summary_large_image","twitter_misc":{"Tahmini okuma s\u00fcresi":"2 dakika"},"schema":{"@context":"https:\/\/schema.org","@graph":[{"@type":"WebPage","@id":"https:\/\/bilisimyildizlari.org.tr\/2013\/sonuclar\/","url":"https:\/\/bilisimyildizlari.org.tr\/2013\/sonuclar\/","name":"Sonu\u00e7lar - Bili\u015fim Y\u0131ld\u0131zlar\u0131 2013","isPartOf":{"@id":"https:\/\/bilisimyildizlari.org.tr\/2013\/#website"},"primaryImageOfPage":{"@id":"https:\/\/bilisimyildizlari.org.tr\/2013\/sonuclar\/#primaryimage"},"image":{"@id":"https:\/\/bilisimyildizlari.org.tr\/2013\/sonuclar\/#primaryimage"},"thumbnailUrl":"https:\/\/bilisimyildizlari.org.tr\/2014\/wp-content\/uploads\/sites\/3\/2021\/03\/fbilesim.jpg","datePublished":"2021-06-11T23:24:18+00:00","dateModified":"2021-06-20T18:33:40+00:00","breadcrumb":{"@id":"https:\/\/bilisimyildizlari.org.tr\/2013\/sonuclar\/#breadcrumb"},"inLanguage":"tr","potentialAction":[{"@type":"ReadAction","target":["https:\/\/bilisimyildizlari.org.tr\/2013\/sonuclar\/"]}]},{"@type":"ImageObject","inLanguage":"tr","@id":"https:\/\/bilisimyildizlari.org.tr\/2013\/sonuclar\/#primaryimage","url":"https:\/\/bilisimyildizlari.org.tr\/2014\/wp-content\/uploads\/sites\/3\/2021\/03\/fbilesim.jpg","contentUrl":"https:\/\/bilisimyildizlari.org.tr\/2014\/wp-content\/uploads\/sites\/3\/2021\/03\/fbilesim.jpg"},{"@type":"BreadcrumbList","@id":"https:\/\/bilisimyildizlari.org.tr\/2013\/sonuclar\/#breadcrumb","itemListElement":[{"@type":"ListItem","position":1,"name":"Anasayfa","item":"https:\/\/bilisimyildizlari.org.tr\/2013\/"},{"@type":"ListItem","position":2,"name":"Sonu\u00e7lar"}]},{"@type":"WebSite","@id":"https:\/\/bilisimyildizlari.org.tr\/2013\/#website","url":"https:\/\/bilisimyildizlari.org.tr\/2013\/","name":"Bili\u015fim Y\u0131ld\u0131zlar\u0131 2013","description":"","publisher":{"@id":"https:\/\/bilisimyildizlari.org.tr\/2013\/#organization"},"potentialAction":[{"@type":"SearchAction","target":{"@type":"EntryPoint","urlTemplate":"https:\/\/bilisimyildizlari.org.tr\/2013\/?s={search_term_string}"},"query-input":{"@type":"PropertyValueSpecification","valueRequired":true,"valueName":"search_term_string"}}],"inLanguage":"tr"},{"@type":"Organization","@id":"https:\/\/bilisimyildizlari.org.tr\/2013\/#organization","name":"Bili\u015fim Y\u0131ld\u0131zlar\u0131 2013","url":"https:\/\/bilisimyildizlari.org.tr\/2013\/","logo":{"@type":"ImageObject","inLanguage":"tr","@id":"https:\/\/bilisimyildizlari.org.tr\/2013\/#\/schema\/logo\/image\/","url":"https:\/\/bilisimyildizlari.org.tr\/2013\/wp-content\/uploads\/sites\/4\/2022\/05\/cropped-TBD_ist_logo1.png","contentUrl":"https:\/\/bilisimyildizlari.org.tr\/2013\/wp-content\/uploads\/sites\/4\/2022\/05\/cropped-TBD_ist_logo1.png","width":89,"height":80,"caption":"Bili\u015fim Y\u0131ld\u0131zlar\u0131 2013"},"image":{"@id":"https:\/\/bilisimyildizlari.org.tr\/2013\/#\/schema\/logo\/image\/"}}]}},"_links":{"self":[{"href":"https:\/\/bilisimyildizlari.org.tr\/2013\/wp-json\/wp\/v2\/pages\/19","targetHints":{"allow":["GET"]}}],"collection":[{"href":"https:\/\/bilisimyildizlari.org.tr\/2013\/wp-json\/wp\/v2\/pages"}],"about":[{"href":"https:\/\/bilisimyildizlari.org.tr\/2013\/wp-json\/wp\/v2\/types\/page"}],"author":[{"embeddable":true,"href":"https:\/\/bilisimyildizlari.org.tr\/2013\/wp-json\/wp\/v2\/users\/5"}],"replies":[{"embeddable":true,"href":"https:\/\/bilisimyildizlari.org.tr\/2013\/wp-json\/wp\/v2\/comments?post=19"}],"version-history":[{"count":0,"href":"https:\/\/bilisimyildizlari.org.tr\/2013\/wp-json\/wp\/v2\/pages\/19\/revisions"}],"wp:attachment":[{"href":"https:\/\/bilisimyildizlari.org.tr\/2013\/wp-json\/wp\/v2\/media?parent=19"}],"curies":[{"name":"wp","href":"https:\/\/api.w.org\/{rel}","templated":true}]}}