{"id":10,"date":"2021-03-20T19:12:55","date_gmt":"2021-03-20T16:12:55","guid":{"rendered":"https:\/\/bilisimyildizlari.org.tr\/2014\/?page_id=10"},"modified":"2021-06-16T00:20:58","modified_gmt":"2021-06-15T21:20:58","slug":"anasayfa","status":"publish","type":"page","link":"https:\/\/bilisimyildizlari.org.tr\/2014\/","title":{"rendered":"Anasayfa"},"content":{"rendered":"\n<div class=\"wp-block-media-text alignwide is-stacked-on-mobile is-style-twentytwentyone-border\"><figure class=\"wp-block-media-text__media\"><img loading=\"lazy\" decoding=\"async\" width=\"411\" height=\"493\" src=\"https:\/\/bilisimyildizlari.org.tr\/2014\/wp-content\/uploads\/sites\/3\/2021\/04\/bilisim-banner-1-2013.jpg\" alt=\"\" class=\"wp-image-99 size-full\" srcset=\"https:\/\/bilisimyildizlari.org.tr\/2014\/wp-content\/uploads\/sites\/3\/2021\/04\/bilisim-banner-1-2013.jpg 411w, https:\/\/bilisimyildizlari.org.tr\/2014\/wp-content\/uploads\/sites\/3\/2021\/04\/bilisim-banner-1-2013-250x300.jpg 250w\" sizes=\"auto, (max-width: 411px) 100vw, 411px\" \/><\/figure><div class=\"wp-block-media-text__content\">\n<p style=\"font-family: garamond;font-size:50px\"><b>De\u011fi\u015fimi Yakala!<\/b><\/p>\n\n\n\n<p style=\"font-family: calisto mt;font-size: 20px\"><i><b>2013\u2019te e-d\u00f6n\u00fc\u015f\u00fcm de\u011fi\u015fimini yakalayanlardan m\u0131s\u0131n? O zaman ba\u015fvurunun tam zaman\u0131. 2014 y\u0131l\u0131nda Bili\u015fim Y\u0131ld\u0131zlar\u0131 yar\u0131\u015fmas\u0131nda \u201cDe\u011fi\u015fimi Yakala\u201d yan projeler yar\u0131\u015f\u0131yor\u2026<\/b><\/i><\/p>\n<p><img loading=\"lazy\" decoding=\"async\" class=\"size-medium wp-image-101 alignnone\" src=\"https:\/\/bilisimyildizlari.org.tr\/2014\/wp-content\/uploads\/sites\/3\/2021\/04\/button--300x62.png\" alt=\"\" width=\"300\" height=\"62\" srcset=\"https:\/\/bilisimyildizlari.org.tr\/2014\/wp-content\/uploads\/sites\/3\/2021\/04\/button--300x62.png 300w, https:\/\/bilisimyildizlari.org.tr\/2014\/wp-content\/uploads\/sites\/3\/2021\/04\/button-.png 518w\" sizes=\"auto, (max-width: 300px) 100vw, 300px\" \/><\/p>\n\n\n\n<div class=\"wp-block-group\"><div class=\"wp-block-group__inner-container is-layout-flow wp-block-group-is-layout-flow\">\n<p class=\"has-text-align-right\">T\u00fcrkiye\u2019nin d\u00f6rt bir yan\u0131ndan, internet \u00fczerinde d\u00f6n\u00fc\u015f\u00fcm sa\u011flam\u0131\u015f veya i\u015f yap\u0131s\u0131n\u0131 \u0130nternet ortam\u0131na ta\u015f\u0131m\u0131\u015f, \u00f6zel ya da kamusal alandaki t\u00fcm bili\u015fim y\u0131ld\u0131zlar\u0131 yar\u0131\u015f\u0131yor!<\/p>\n<\/div><\/div>\n<\/div><\/div>\n\n\n\n<div class=\"wp-block-buttons alignfull is-content-justification-center is-layout-flex wp-block-buttons-is-layout-flex\"><\/div>\n\n\n\n<div class=\"wp-block-buttons alignfull is-content-justification-center is-layout-flex wp-block-buttons-is-layout-flex\"><\/div>\n\n\n\n<p style=\"width:100%;padding:15px;background-color:#F5F5F5;border-radius: 25px;font-family: calibri;text-align: right;vertical-align: middle\">\n  <span style=\"float:left\">\n    <a href=\"https:\/\/bilisimyildizlari.org.tr\/2014\/\"><img decoding=\"async\" src=\"https:\/\/bilisimyildizlari.org.tr\/2014\/wp-content\/uploads\/sites\/3\/2021\/03\/fbilesim.jpg\"><\/a>&nbsp;&nbsp;Bili\u015fim Yildizlari 2014\n  <\/span>\n<a href=\"https:\/\/www.tbd.org.tr\/\"><img decoding=\"async\" src=\"https:\/\/bilisimyildizlari.org.tr\/2014\/wp-content\/uploads\/sites\/3\/2021\/03\/f1.jpg\"><\/a><a href=\"https:\/\/www.btk.gov.tr\/\"><img decoding=\"async\" src=\"https:\/\/bilisimyildizlari.org.tr\/2014\/wp-content\/uploads\/sites\/3\/2021\/03\/f2.jpg\"><\/a><a href=\"https:\/\/www.uab.gov.tr\/\"><img decoding=\"async\" src=\"https:\/\/bilisimyildizlari.org.tr\/2014\/wp-content\/uploads\/sites\/3\/2021\/03\/f3.jpg\"><\/a>\n<\/p>\n","protected":false},"excerpt":{"rendered":"<p>&nbsp;&nbsp;Bili\u015fim Yildizlari 2014<\/p>\n","protected":false},"author":3,"featured_media":0,"parent":0,"menu_order":0,"comment_status":"closed","ping_status":"closed","template":"","meta":{"footnotes":""},"class_list":["post-10","page","type-page","status-publish","hentry"],"yoast_head":"<!-- This site is optimized with the Yoast SEO plugin v27.3 - https:\/\/yoast.com\/product\/yoast-seo-wordpress\/ -->\n<title>Anasayfa - Bili\u015fim Y\u0131ld\u0131zlar\u0131 2014<\/title>\n<meta name=\"robots\" content=\"index, follow, max-snippet:-1, max-image-preview:large, max-video-preview:-1\" \/>\n<link rel=\"canonical\" href=\"https:\/\/bilisimyildizlari.org.tr\/2014\/\" \/>\n<meta property=\"og:locale\" content=\"tr_TR\" \/>\n<meta property=\"og:type\" content=\"article\" \/>\n<meta property=\"og:title\" content=\"Anasayfa - Bili\u015fim Y\u0131ld\u0131zlar\u0131 2014\" \/>\n<meta property=\"og:description\" content=\"&nbsp;&nbsp;Bili\u015fim Yildizlari 2014\" \/>\n<meta property=\"og:url\" content=\"https:\/\/bilisimyildizlari.org.tr\/2014\/\" \/>\n<meta property=\"og:site_name\" content=\"Bili\u015fim Y\u0131ld\u0131zlar\u0131 2014\" \/>\n<meta property=\"article:modified_time\" content=\"2021-06-15T21:20:58+00:00\" \/>\n<meta property=\"og:image\" content=\"https:\/\/bilisimyildizlari.org.tr\/2014\/wp-content\/uploads\/sites\/3\/2021\/04\/bilisim-banner-1-2013.jpg\" \/>\n<meta name=\"twitter:card\" content=\"summary_large_image\" \/>\n<meta name=\"twitter:label1\" content=\"Tahmini okuma s\u00fcresi\" \/>\n\t<meta name=\"twitter:data1\" content=\"2 dakika\" \/>\n<script type=\"application\/ld+json\" class=\"yoast-schema-graph\">{\"@context\":\"https:\\\/\\\/schema.org\",\"@graph\":[{\"@type\":\"WebPage\",\"@id\":\"https:\\\/\\\/bilisimyildizlari.org.tr\\\/2014\\\/\",\"url\":\"https:\\\/\\\/bilisimyildizlari.org.tr\\\/2014\\\/\",\"name\":\"Anasayfa - Bili\u015fim Y\u0131ld\u0131zlar\u0131 2014\",\"isPartOf\":{\"@id\":\"https:\\\/\\\/bilisimyildizlari.org.tr\\\/2014\\\/#website\"},\"primaryImageOfPage\":{\"@id\":\"https:\\\/\\\/bilisimyildizlari.org.tr\\\/2014\\\/#primaryimage\"},\"image\":{\"@id\":\"https:\\\/\\\/bilisimyildizlari.org.tr\\\/2014\\\/#primaryimage\"},\"thumbnailUrl\":\"https:\\\/\\\/bilisimyildizlari.org.tr\\\/2014\\\/wp-content\\\/uploads\\\/sites\\\/3\\\/2021\\\/04\\\/bilisim-banner-1-2013.jpg\",\"datePublished\":\"2021-03-20T16:12:55+00:00\",\"dateModified\":\"2021-06-15T21:20:58+00:00\",\"breadcrumb\":{\"@id\":\"https:\\\/\\\/bilisimyildizlari.org.tr\\\/2014\\\/#breadcrumb\"},\"inLanguage\":\"tr\",\"potentialAction\":[{\"@type\":\"ReadAction\",\"target\":[\"https:\\\/\\\/bilisimyildizlari.org.tr\\\/2014\\\/\"]}]},{\"@type\":\"ImageObject\",\"inLanguage\":\"tr\",\"@id\":\"https:\\\/\\\/bilisimyildizlari.org.tr\\\/2014\\\/#primaryimage\",\"url\":\"https:\\\/\\\/bilisimyildizlari.org.tr\\\/2014\\\/wp-content\\\/uploads\\\/sites\\\/3\\\/2021\\\/04\\\/bilisim-banner-1-2013.jpg\",\"contentUrl\":\"https:\\\/\\\/bilisimyildizlari.org.tr\\\/2014\\\/wp-content\\\/uploads\\\/sites\\\/3\\\/2021\\\/04\\\/bilisim-banner-1-2013.jpg\",\"width\":411,\"height\":493},{\"@type\":\"BreadcrumbList\",\"@id\":\"https:\\\/\\\/bilisimyildizlari.org.tr\\\/2014\\\/#breadcrumb\",\"itemListElement\":[{\"@type\":\"ListItem\",\"position\":1,\"name\":\"Anasayfa\",\"item\":\"https:\\\/\\\/bilisimyildizlari.org.tr\\\/2014\\\/\"},{\"@type\":\"ListItem\",\"position\":2,\"name\":\"Anasayfa\"}]},{\"@type\":\"WebSite\",\"@id\":\"https:\\\/\\\/bilisimyildizlari.org.tr\\\/2014\\\/#website\",\"url\":\"https:\\\/\\\/bilisimyildizlari.org.tr\\\/2014\\\/\",\"name\":\"Bili\u015fim Y\u0131ld\u0131zlar\u0131 2014\",\"description\":\"\u0130stanbul Bili\u015fim Y\u0131ld\u0131zlar\u0131 2014 Ar\u015fivi\",\"publisher\":{\"@id\":\"https:\\\/\\\/bilisimyildizlari.org.tr\\\/2014\\\/#organization\"},\"potentialAction\":[{\"@type\":\"SearchAction\",\"target\":{\"@type\":\"EntryPoint\",\"urlTemplate\":\"https:\\\/\\\/bilisimyildizlari.org.tr\\\/2014\\\/?s={search_term_string}\"},\"query-input\":{\"@type\":\"PropertyValueSpecification\",\"valueRequired\":true,\"valueName\":\"search_term_string\"}}],\"inLanguage\":\"tr\"},{\"@type\":\"Organization\",\"@id\":\"https:\\\/\\\/bilisimyildizlari.org.tr\\\/2014\\\/#organization\",\"name\":\"Bili\u015fim Y\u0131ld\u0131zlar\u0131 2014\",\"url\":\"https:\\\/\\\/bilisimyildizlari.org.tr\\\/2014\\\/\",\"logo\":{\"@type\":\"ImageObject\",\"inLanguage\":\"tr\",\"@id\":\"https:\\\/\\\/bilisimyildizlari.org.tr\\\/2014\\\/#\\\/schema\\\/logo\\\/image\\\/\",\"url\":\"https:\\\/\\\/bilisimyildizlari.org.tr\\\/2014\\\/wp-content\\\/uploads\\\/sites\\\/3\\\/2022\\\/05\\\/cropped-logo2014.jpg\",\"contentUrl\":\"https:\\\/\\\/bilisimyildizlari.org.tr\\\/2014\\\/wp-content\\\/uploads\\\/sites\\\/3\\\/2022\\\/05\\\/cropped-logo2014.jpg\",\"width\":385,\"height\":119,\"caption\":\"Bili\u015fim Y\u0131ld\u0131zlar\u0131 2014\"},\"image\":{\"@id\":\"https:\\\/\\\/bilisimyildizlari.org.tr\\\/2014\\\/#\\\/schema\\\/logo\\\/image\\\/\"}}]}<\/script>\n<!-- \/ Yoast SEO plugin. -->","yoast_head_json":{"title":"Anasayfa - Bili\u015fim Y\u0131ld\u0131zlar\u0131 2014","robots":{"index":"index","follow":"follow","max-snippet":"max-snippet:-1","max-image-preview":"max-image-preview:large","max-video-preview":"max-video-preview:-1"},"canonical":"https:\/\/bilisimyildizlari.org.tr\/2014\/","og_locale":"tr_TR","og_type":"article","og_title":"Anasayfa - Bili\u015fim Y\u0131ld\u0131zlar\u0131 2014","og_description":"&nbsp;&nbsp;Bili\u015fim Yildizlari 2014","og_url":"https:\/\/bilisimyildizlari.org.tr\/2014\/","og_site_name":"Bili\u015fim Y\u0131ld\u0131zlar\u0131 2014","article_modified_time":"2021-06-15T21:20:58+00:00","og_image":[{"url":"https:\/\/bilisimyildizlari.org.tr\/2014\/wp-content\/uploads\/sites\/3\/2021\/04\/bilisim-banner-1-2013.jpg","type":"","width":"","height":""}],"twitter_card":"summary_large_image","twitter_misc":{"Tahmini okuma s\u00fcresi":"2 dakika"},"schema":{"@context":"https:\/\/schema.org","@graph":[{"@type":"WebPage","@id":"https:\/\/bilisimyildizlari.org.tr\/2014\/","url":"https:\/\/bilisimyildizlari.org.tr\/2014\/","name":"Anasayfa - Bili\u015fim Y\u0131ld\u0131zlar\u0131 2014","isPartOf":{"@id":"https:\/\/bilisimyildizlari.org.tr\/2014\/#website"},"primaryImageOfPage":{"@id":"https:\/\/bilisimyildizlari.org.tr\/2014\/#primaryimage"},"image":{"@id":"https:\/\/bilisimyildizlari.org.tr\/2014\/#primaryimage"},"thumbnailUrl":"https:\/\/bilisimyildizlari.org.tr\/2014\/wp-content\/uploads\/sites\/3\/2021\/04\/bilisim-banner-1-2013.jpg","datePublished":"2021-03-20T16:12:55+00:00","dateModified":"2021-06-15T21:20:58+00:00","breadcrumb":{"@id":"https:\/\/bilisimyildizlari.org.tr\/2014\/#breadcrumb"},"inLanguage":"tr","potentialAction":[{"@type":"ReadAction","target":["https:\/\/bilisimyildizlari.org.tr\/2014\/"]}]},{"@type":"ImageObject","inLanguage":"tr","@id":"https:\/\/bilisimyildizlari.org.tr\/2014\/#primaryimage","url":"https:\/\/bilisimyildizlari.org.tr\/2014\/wp-content\/uploads\/sites\/3\/2021\/04\/bilisim-banner-1-2013.jpg","contentUrl":"https:\/\/bilisimyildizlari.org.tr\/2014\/wp-content\/uploads\/sites\/3\/2021\/04\/bilisim-banner-1-2013.jpg","width":411,"height":493},{"@type":"BreadcrumbList","@id":"https:\/\/bilisimyildizlari.org.tr\/2014\/#breadcrumb","itemListElement":[{"@type":"ListItem","position":1,"name":"Anasayfa","item":"https:\/\/bilisimyildizlari.org.tr\/2014\/"},{"@type":"ListItem","position":2,"name":"Anasayfa"}]},{"@type":"WebSite","@id":"https:\/\/bilisimyildizlari.org.tr\/2014\/#website","url":"https:\/\/bilisimyildizlari.org.tr\/2014\/","name":"Bili\u015fim Y\u0131ld\u0131zlar\u0131 2014","description":"\u0130stanbul Bili\u015fim Y\u0131ld\u0131zlar\u0131 2014 Ar\u015fivi","publisher":{"@id":"https:\/\/bilisimyildizlari.org.tr\/2014\/#organization"},"potentialAction":[{"@type":"SearchAction","target":{"@type":"EntryPoint","urlTemplate":"https:\/\/bilisimyildizlari.org.tr\/2014\/?s={search_term_string}"},"query-input":{"@type":"PropertyValueSpecification","valueRequired":true,"valueName":"search_term_string"}}],"inLanguage":"tr"},{"@type":"Organization","@id":"https:\/\/bilisimyildizlari.org.tr\/2014\/#organization","name":"Bili\u015fim Y\u0131ld\u0131zlar\u0131 2014","url":"https:\/\/bilisimyildizlari.org.tr\/2014\/","logo":{"@type":"ImageObject","inLanguage":"tr","@id":"https:\/\/bilisimyildizlari.org.tr\/2014\/#\/schema\/logo\/image\/","url":"https:\/\/bilisimyildizlari.org.tr\/2014\/wp-content\/uploads\/sites\/3\/2022\/05\/cropped-logo2014.jpg","contentUrl":"https:\/\/bilisimyildizlari.org.tr\/2014\/wp-content\/uploads\/sites\/3\/2022\/05\/cropped-logo2014.jpg","width":385,"height":119,"caption":"Bili\u015fim Y\u0131ld\u0131zlar\u0131 2014"},"image":{"@id":"https:\/\/bilisimyildizlari.org.tr\/2014\/#\/schema\/logo\/image\/"}}]}},"_links":{"self":[{"href":"https:\/\/bilisimyildizlari.org.tr\/2014\/wp-json\/wp\/v2\/pages\/10","targetHints":{"allow":["GET"]}}],"collection":[{"href":"https:\/\/bilisimyildizlari.org.tr\/2014\/wp-json\/wp\/v2\/pages"}],"about":[{"href":"https:\/\/bilisimyildizlari.org.tr\/2014\/wp-json\/wp\/v2\/types\/page"}],"author":[{"embeddable":true,"href":"https:\/\/bilisimyildizlari.org.tr\/2014\/wp-json\/wp\/v2\/users\/3"}],"replies":[{"embeddable":true,"href":"https:\/\/bilisimyildizlari.org.tr\/2014\/wp-json\/wp\/v2\/comments?post=10"}],"version-history":[{"count":0,"href":"https:\/\/bilisimyildizlari.org.tr\/2014\/wp-json\/wp\/v2\/pages\/10\/revisions"}],"wp:attachment":[{"href":"https:\/\/bilisimyildizlari.org.tr\/2014\/wp-json\/wp\/v2\/media?parent=10"}],"curies":[{"name":"wp","href":"https:\/\/api.w.org\/{rel}","templated":true}]}}