{"id":144,"date":"2021-05-12T16:25:37","date_gmt":"2021-05-12T13:25:37","guid":{"rendered":"https:\/\/bilisimyildizlari.org.tr\/2014\/?page_id=144"},"modified":"2021-06-09T00:27:53","modified_gmt":"2021-06-08T21:27:53","slug":"sponsorlar","status":"publish","type":"page","link":"https:\/\/bilisimyildizlari.org.tr\/2014\/sponsorlar\/","title":{"rendered":"Sponsorlar"},"content":{"rendered":"\n<div class=\"wp-block-columns is-layout-flex wp-container-core-columns-is-layout-9d6595d7 wp-block-columns-is-layout-flex\">\n<div class=\"wp-block-column is-layout-flow wp-block-column-is-layout-flow\"><\/div>\n<\/div>\n\n\n\n<h3 class=\"has-text-align-center wp-block-heading\"><strong>Destekleyenler<\/strong><\/h3>\n\n\n\n<div class=\"wp-block-group\"><div class=\"wp-block-group__inner-container is-layout-flow wp-block-group-is-layout-flow\">\n<div class=\"wp-block-columns is-layout-flex wp-container-core-columns-is-layout-9d6595d7 wp-block-columns-is-layout-flex\">\n<div class=\"wp-block-column is-layout-flow wp-block-column-is-layout-flow\" style=\"flex-basis:100%\">\n<figure class=\"wp-block-gallery columns-3 is-cropped wp-block-gallery-1 is-layout-flex wp-block-gallery-is-layout-flex\"><ul class=\"blocks-gallery-grid\"><li class=\"blocks-gallery-item\"><figure><img loading=\"lazy\" decoding=\"async\" width=\"608\" height=\"408\" src=\"https:\/\/bilisimyildizlari.org.tr\/2014\/wp-content\/uploads\/sites\/3\/2021\/05\/yasad_logo-1.jpg\" alt=\"\" data-id=\"281\" data-link=\"https:\/\/bilisimyildizlari.org.tr\/2014\/sponsorlar\/yasad_logo-1\/\" class=\"wp-image-281\" srcset=\"https:\/\/bilisimyildizlari.org.tr\/2014\/wp-content\/uploads\/sites\/3\/2021\/05\/yasad_logo-1.jpg 608w, https:\/\/bilisimyildizlari.org.tr\/2014\/wp-content\/uploads\/sites\/3\/2021\/05\/yasad_logo-1-300x201.jpg 300w\" sizes=\"auto, (max-width: 608px) 100vw, 608px\" \/><\/figure><\/li><li class=\"blocks-gallery-item\"><figure><img loading=\"lazy\" decoding=\"async\" width=\"608\" height=\"408\" src=\"https:\/\/bilisimyildizlari.org.tr\/2014\/wp-content\/uploads\/sites\/3\/2021\/05\/Basliksiz-1-1.jpg\" alt=\"\" data-id=\"282\" data-full-url=\"https:\/\/bilisimyildizlari.org.tr\/2014\/wp-content\/uploads\/sites\/3\/2021\/05\/Basliksiz-1-1.jpg\" data-link=\"https:\/\/bilisimyildizlari.org.tr\/2014\/sponsorlar\/basliksiz-1-1\/\" class=\"wp-image-282\" srcset=\"https:\/\/bilisimyildizlari.org.tr\/2014\/wp-content\/uploads\/sites\/3\/2021\/05\/Basliksiz-1-1.jpg 608w, https:\/\/bilisimyildizlari.org.tr\/2014\/wp-content\/uploads\/sites\/3\/2021\/05\/Basliksiz-1-1-300x201.jpg 300w\" sizes=\"auto, (max-width: 608px) 100vw, 608px\" \/><\/figure><\/li><li class=\"blocks-gallery-item\"><figure><img loading=\"lazy\" decoding=\"async\" width=\"608\" height=\"408\" src=\"https:\/\/bilisimyildizlari.org.tr\/2014\/wp-content\/uploads\/sites\/3\/2021\/05\/mobisad_logo_renk-1.jpg\" alt=\"\" data-id=\"283\" data-full-url=\"https:\/\/bilisimyildizlari.org.tr\/2014\/wp-content\/uploads\/sites\/3\/2021\/05\/mobisad_logo_renk-1.jpg\" data-link=\"https:\/\/bilisimyildizlari.org.tr\/2014\/sponsorlar\/mobisad_logo_renk-1\/\" class=\"wp-image-283\" srcset=\"https:\/\/bilisimyildizlari.org.tr\/2014\/wp-content\/uploads\/sites\/3\/2021\/05\/mobisad_logo_renk-1.jpg 608w, https:\/\/bilisimyildizlari.org.tr\/2014\/wp-content\/uploads\/sites\/3\/2021\/05\/mobisad_logo_renk-1-300x201.jpg 300w\" sizes=\"auto, (max-width: 608px) 100vw, 608px\" \/><\/figure><\/li><li class=\"blocks-gallery-item\"><figure><img loading=\"lazy\" decoding=\"async\" width=\"608\" height=\"408\" src=\"https:\/\/bilisimyildizlari.org.tr\/2014\/wp-content\/uploads\/sites\/3\/2021\/05\/tbv-1.jpg\" alt=\"\" data-id=\"284\" data-full-url=\"https:\/\/bilisimyildizlari.org.tr\/2014\/wp-content\/uploads\/sites\/3\/2021\/05\/tbv-1.jpg\" data-link=\"https:\/\/bilisimyildizlari.org.tr\/2014\/sponsorlar\/tbv-1\/\" class=\"wp-image-284\" srcset=\"https:\/\/bilisimyildizlari.org.tr\/2014\/wp-content\/uploads\/sites\/3\/2021\/05\/tbv-1.jpg 608w, https:\/\/bilisimyildizlari.org.tr\/2014\/wp-content\/uploads\/sites\/3\/2021\/05\/tbv-1-300x201.jpg 300w\" sizes=\"auto, (max-width: 608px) 100vw, 608px\" \/><\/figure><\/li><li class=\"blocks-gallery-item\"><figure><img loading=\"lazy\" decoding=\"async\" width=\"608\" height=\"408\" src=\"https:\/\/bilisimyildizlari.org.tr\/2014\/wp-content\/uploads\/sites\/3\/2021\/05\/teder-1.jpg\" alt=\"\" data-id=\"285\" data-full-url=\"https:\/\/bilisimyildizlari.org.tr\/2014\/wp-content\/uploads\/sites\/3\/2021\/05\/teder-1.jpg\" data-link=\"https:\/\/bilisimyildizlari.org.tr\/2014\/sponsorlar\/teder-1\/\" class=\"wp-image-285\" srcset=\"https:\/\/bilisimyildizlari.org.tr\/2014\/wp-content\/uploads\/sites\/3\/2021\/05\/teder-1.jpg 608w, https:\/\/bilisimyildizlari.org.tr\/2014\/wp-content\/uploads\/sites\/3\/2021\/05\/teder-1-300x201.jpg 300w\" sizes=\"auto, (max-width: 608px) 100vw, 608px\" \/><\/figure><\/li><li class=\"blocks-gallery-item\"><figure><img loading=\"lazy\" decoding=\"async\" width=\"608\" height=\"408\" src=\"https:\/\/bilisimyildizlari.org.tr\/2014\/wp-content\/uploads\/sites\/3\/2021\/05\/tubisa-1.jpg\" alt=\"\" data-id=\"286\" data-full-url=\"https:\/\/bilisimyildizlari.org.tr\/2014\/wp-content\/uploads\/sites\/3\/2021\/05\/tubisa-1.jpg\" data-link=\"https:\/\/bilisimyildizlari.org.tr\/2014\/sponsorlar\/tubisa-1\/\" class=\"wp-image-286\" srcset=\"https:\/\/bilisimyildizlari.org.tr\/2014\/wp-content\/uploads\/sites\/3\/2021\/05\/tubisa-1.jpg 608w, https:\/\/bilisimyildizlari.org.tr\/2014\/wp-content\/uploads\/sites\/3\/2021\/05\/tubisa-1-300x201.jpg 300w\" sizes=\"auto, (max-width: 608px) 100vw, 608px\" \/><\/figure><\/li><\/ul><\/figure>\n<\/div>\n<\/div>\n<\/div><\/div>\n\n\n\n<p><\/p>\n\n\n\n<h3 class=\"has-text-align-center wp-block-heading\"><strong>Etkinlik Sponsorlar<\/strong>\u0131<\/h3>\n\n\n\n<div class=\"wp-block-columns is-layout-flex wp-container-core-columns-is-layout-9d6595d7 wp-block-columns-is-layout-flex\">\n<div class=\"wp-block-column is-layout-flow wp-block-column-is-layout-flow\" style=\"flex-basis:100%\">\n<div class=\"wp-block-group is-style-default\"><div class=\"wp-block-group__inner-container is-layout-flow wp-block-group-is-layout-flow\">\n<figure class=\"wp-block-gallery columns-3 is-cropped wp-block-gallery-2 is-layout-flex wp-block-gallery-is-layout-flex\"><ul class=\"blocks-gallery-grid\"><li class=\"blocks-gallery-item\"><figure><img loading=\"lazy\" decoding=\"async\" width=\"608\" height=\"408\" src=\"https:\/\/bilisimyildizlari.org.tr\/2014\/wp-content\/uploads\/sites\/3\/2021\/05\/asdsaf.jpg\" alt=\"\" data-id=\"289\" data-link=\"https:\/\/bilisimyildizlari.org.tr\/2014\/sponsorlar\/asdsaf\/\" class=\"wp-image-289\" srcset=\"https:\/\/bilisimyildizlari.org.tr\/2014\/wp-content\/uploads\/sites\/3\/2021\/05\/asdsaf.jpg 608w, https:\/\/bilisimyildizlari.org.tr\/2014\/wp-content\/uploads\/sites\/3\/2021\/05\/asdsaf-300x201.jpg 300w\" sizes=\"auto, (max-width: 608px) 100vw, 608px\" \/><\/figure><\/li><li class=\"blocks-gallery-item\"><figure><img loading=\"lazy\" decoding=\"async\" width=\"608\" height=\"408\" src=\"https:\/\/bilisimyildizlari.org.tr\/2014\/wp-content\/uploads\/sites\/3\/2021\/05\/Basliksiz-1-kopya.jpg\" alt=\"\" data-id=\"290\" data-link=\"https:\/\/bilisimyildizlari.org.tr\/2014\/sponsorlar\/basliksiz-1-kopya\/\" class=\"wp-image-290\" srcset=\"https:\/\/bilisimyildizlari.org.tr\/2014\/wp-content\/uploads\/sites\/3\/2021\/05\/Basliksiz-1-kopya.jpg 608w, https:\/\/bilisimyildizlari.org.tr\/2014\/wp-content\/uploads\/sites\/3\/2021\/05\/Basliksiz-1-kopya-300x201.jpg 300w\" sizes=\"auto, (max-width: 608px) 100vw, 608px\" \/><\/figure><\/li><li class=\"blocks-gallery-item\"><figure><img loading=\"lazy\" decoding=\"async\" width=\"608\" height=\"408\" src=\"https:\/\/bilisimyildizlari.org.tr\/2014\/wp-content\/uploads\/sites\/3\/2021\/05\/image.jpg\" alt=\"\" data-id=\"292\" data-link=\"https:\/\/bilisimyildizlari.org.tr\/2014\/sponsorlar\/image\/\" class=\"wp-image-292\" srcset=\"https:\/\/bilisimyildizlari.org.tr\/2014\/wp-content\/uploads\/sites\/3\/2021\/05\/image.jpg 608w, https:\/\/bilisimyildizlari.org.tr\/2014\/wp-content\/uploads\/sites\/3\/2021\/05\/image-300x201.jpg 300w\" sizes=\"auto, (max-width: 608px) 100vw, 608px\" \/><\/figure><\/li><li class=\"blocks-gallery-item\"><figure><img loading=\"lazy\" decoding=\"async\" width=\"608\" height=\"408\" src=\"https:\/\/bilisimyildizlari.org.tr\/2014\/wp-content\/uploads\/sites\/3\/2021\/05\/sadas.jpg\" alt=\"\" data-id=\"293\" data-link=\"https:\/\/bilisimyildizlari.org.tr\/2014\/sponsorlar\/sadas\/\" class=\"wp-image-293\" srcset=\"https:\/\/bilisimyildizlari.org.tr\/2014\/wp-content\/uploads\/sites\/3\/2021\/05\/sadas.jpg 608w, https:\/\/bilisimyildizlari.org.tr\/2014\/wp-content\/uploads\/sites\/3\/2021\/05\/sadas-300x201.jpg 300w\" sizes=\"auto, (max-width: 608px) 100vw, 608px\" \/><\/figure><\/li><li class=\"blocks-gallery-item\"><figure><img loading=\"lazy\" decoding=\"async\" width=\"608\" height=\"408\" src=\"https:\/\/bilisimyildizlari.org.tr\/2014\/wp-content\/uploads\/sites\/3\/2021\/05\/vizyon.jpg\" alt=\"\" data-id=\"294\" data-link=\"https:\/\/bilisimyildizlari.org.tr\/2014\/sponsorlar\/vizyon\/\" class=\"wp-image-294\" srcset=\"https:\/\/bilisimyildizlari.org.tr\/2014\/wp-content\/uploads\/sites\/3\/2021\/05\/vizyon.jpg 608w, https:\/\/bilisimyildizlari.org.tr\/2014\/wp-content\/uploads\/sites\/3\/2021\/05\/vizyon-300x201.jpg 300w\" sizes=\"auto, (max-width: 608px) 100vw, 608px\" \/><\/figure><\/li><li class=\"blocks-gallery-item\"><figure><img loading=\"lazy\" decoding=\"async\" width=\"600\" height=\"400\" src=\"https:\/\/bilisimyildizlari.org.tr\/2014\/wp-content\/uploads\/sites\/3\/2021\/05\/arka-1.jpg\" alt=\"\" data-id=\"295\" data-full-url=\"https:\/\/bilisimyildizlari.org.tr\/2014\/wp-content\/uploads\/sites\/3\/2021\/05\/arka-1.jpg\" data-link=\"https:\/\/bilisimyildizlari.org.tr\/2014\/sponsorlar\/arka-1\/\" class=\"wp-image-295\" srcset=\"https:\/\/bilisimyildizlari.org.tr\/2014\/wp-content\/uploads\/sites\/3\/2021\/05\/arka-1.jpg 600w, https:\/\/bilisimyildizlari.org.tr\/2014\/wp-content\/uploads\/sites\/3\/2021\/05\/arka-1-300x200.jpg 300w\" sizes=\"auto, (max-width: 600px) 100vw, 600px\" \/><\/figure><\/li><\/ul><\/figure>\n<\/div><\/div>\n<\/div>\n<\/div>\n\n\n\n<h3 class=\"has-text-align-center wp-block-heading\"><strong>Bas\u0131n Sponsorlar\u0131<\/strong><\/h3>\n\n\n\n<figure class=\"wp-block-gallery columns-3 is-cropped wp-block-gallery-3 is-layout-flex wp-block-gallery-is-layout-flex\"><ul class=\"blocks-gallery-grid\"><li class=\"blocks-gallery-item\"><figure><img loading=\"lazy\" decoding=\"async\" width=\"608\" height=\"408\" src=\"https:\/\/bilisimyildizlari.org.tr\/2014\/wp-content\/uploads\/sites\/3\/2021\/05\/asd.jpg\" alt=\"\" data-id=\"298\" data-link=\"https:\/\/bilisimyildizlari.org.tr\/2014\/sponsorlar\/asd\/\" class=\"wp-image-298\" srcset=\"https:\/\/bilisimyildizlari.org.tr\/2014\/wp-content\/uploads\/sites\/3\/2021\/05\/asd.jpg 608w, https:\/\/bilisimyildizlari.org.tr\/2014\/wp-content\/uploads\/sites\/3\/2021\/05\/asd-300x201.jpg 300w\" sizes=\"auto, (max-width: 608px) 100vw, 608px\" \/><\/figure><\/li><li class=\"blocks-gallery-item\"><figure><img loading=\"lazy\" decoding=\"async\" width=\"600\" height=\"400\" src=\"https:\/\/bilisimyildizlari.org.tr\/2014\/wp-content\/uploads\/sites\/3\/2021\/05\/arka-3.jpg\" alt=\"\" data-id=\"300\" data-link=\"https:\/\/bilisimyildizlari.org.tr\/2014\/sponsorlar\/arka-3\/\" class=\"wp-image-300\" srcset=\"https:\/\/bilisimyildizlari.org.tr\/2014\/wp-content\/uploads\/sites\/3\/2021\/05\/arka-3.jpg 600w, https:\/\/bilisimyildizlari.org.tr\/2014\/wp-content\/uploads\/sites\/3\/2021\/05\/arka-3-300x200.jpg 300w\" sizes=\"auto, (max-width: 600px) 100vw, 600px\" \/><\/figure><\/li><li class=\"blocks-gallery-item\"><figure><img loading=\"lazy\" decoding=\"async\" width=\"600\" height=\"400\" src=\"https:\/\/bilisimyildizlari.org.tr\/2014\/wp-content\/uploads\/sites\/3\/2021\/05\/arka-4.jpg\" alt=\"\" data-id=\"301\" data-full-url=\"https:\/\/bilisimyildizlari.org.tr\/2014\/wp-content\/uploads\/sites\/3\/2021\/05\/arka-4.jpg\" data-link=\"https:\/\/bilisimyildizlari.org.tr\/2014\/sponsorlar\/arka-4\/\" class=\"wp-image-301\" srcset=\"https:\/\/bilisimyildizlari.org.tr\/2014\/wp-content\/uploads\/sites\/3\/2021\/05\/arka-4.jpg 600w, https:\/\/bilisimyildizlari.org.tr\/2014\/wp-content\/uploads\/sites\/3\/2021\/05\/arka-4-300x200.jpg 300w\" sizes=\"auto, (max-width: 600px) 100vw, 600px\" \/><\/figure><\/li><\/ul><\/figure>\n\n\n\n<p>\u0130nternet E-d\u00f6n\u00fc\u015f\u00fcm organizasyonuna sponsor olmak i\u00e7in&nbsp;<a href=\"mailto:info@bilisimyildizlari.com%20\">T\u0131klay\u0131n\u0131z!<\/a><\/p>\n\n\n\n<p style=\"width:100%;padding:15px;background-color:#F5F5F5;border-radius: 25px;font-family: calibri;text-align: right;vertical-align: middle\">\n  <span style=\"float:left\">\n    <a href=\"https:\/\/bilisimyildizlari.org.tr\/2014\/\"><img decoding=\"async\" src=\"https:\/\/bilisimyildizlari.org.tr\/2014\/wp-content\/uploads\/sites\/3\/2021\/03\/fbilesim.jpg\"><\/a>&nbsp;&nbsp;Bili\u015fim Yildizlari 2014\n  <\/span>\n<a href=\"https:\/\/www.tbd.org.tr\/\"><img decoding=\"async\" src=\"https:\/\/bilisimyildizlari.org.tr\/2014\/wp-content\/uploads\/sites\/3\/2021\/03\/f1.jpg\"><\/a><a href=\"https:\/\/www.btk.gov.tr\/\"><img decoding=\"async\" src=\"https:\/\/bilisimyildizlari.org.tr\/2014\/wp-content\/uploads\/sites\/3\/2021\/03\/f2.jpg\"><\/a><a href=\"https:\/\/www.uab.gov.tr\/\"><img decoding=\"async\" src=\"https:\/\/bilisimyildizlari.org.tr\/2014\/wp-content\/uploads\/sites\/3\/2021\/03\/f3.jpg\"><\/a>\n<\/p>\n","protected":false},"excerpt":{"rendered":"<p>Destekleyenler Etkinlik Sponsorlar\u0131 Bas\u0131n Sponsorlar\u0131 \u0130nternet E-d\u00f6n\u00fc\u015f\u00fcm organizasyonuna sponsor olmak i\u00e7in&nbsp;T\u0131klay\u0131n\u0131z! &nbsp;&nbsp;Bili\u015fim Yildizlari 2014<\/p>\n","protected":false},"author":5,"featured_media":0,"parent":0,"menu_order":0,"comment_status":"closed","ping_status":"closed","template":"","meta":{"footnotes":""},"class_list":["post-144","page","type-page","status-publish","hentry"],"yoast_head":"<!-- This site is optimized with the Yoast SEO plugin v27.5 - https:\/\/yoast.com\/product\/yoast-seo-wordpress\/ -->\n<title>Sponsorlar - Bili\u015fim Y\u0131ld\u0131zlar\u0131 2014<\/title>\n<meta name=\"robots\" content=\"index, follow, max-snippet:-1, max-image-preview:large, max-video-preview:-1\" \/>\n<link rel=\"canonical\" href=\"https:\/\/bilisimyildizlari.org.tr\/2014\/sponsorlar\/\" \/>\n<meta property=\"og:locale\" content=\"tr_TR\" \/>\n<meta property=\"og:type\" content=\"article\" \/>\n<meta property=\"og:title\" content=\"Sponsorlar - Bili\u015fim Y\u0131ld\u0131zlar\u0131 2014\" \/>\n<meta property=\"og:description\" content=\"Destekleyenler Etkinlik Sponsorlar\u0131 Bas\u0131n Sponsorlar\u0131 \u0130nternet E-d\u00f6n\u00fc\u015f\u00fcm organizasyonuna sponsor olmak i\u00e7in&nbsp;T\u0131klay\u0131n\u0131z! &nbsp;&nbsp;Bili\u015fim Yildizlari 2014\" \/>\n<meta property=\"og:url\" content=\"https:\/\/bilisimyildizlari.org.tr\/2014\/sponsorlar\/\" \/>\n<meta property=\"og:site_name\" content=\"Bili\u015fim Y\u0131ld\u0131zlar\u0131 2014\" \/>\n<meta property=\"article:modified_time\" content=\"2021-06-08T21:27:53+00:00\" \/>\n<meta property=\"og:image\" content=\"https:\/\/bilisimyildizlari.org.tr\/2014\/wp-content\/uploads\/sites\/3\/2021\/05\/yasad_logo-1.jpg\" \/>\n<meta name=\"twitter:card\" content=\"summary_large_image\" \/>\n<meta name=\"twitter:label1\" content=\"Tahmini okuma s\u00fcresi\" \/>\n\t<meta name=\"twitter:data1\" content=\"4 dakika\" \/>\n<script type=\"application\/ld+json\" class=\"yoast-schema-graph\">{\"@context\":\"https:\\\/\\\/schema.org\",\"@graph\":[{\"@type\":\"WebPage\",\"@id\":\"https:\\\/\\\/bilisimyildizlari.org.tr\\\/2014\\\/sponsorlar\\\/\",\"url\":\"https:\\\/\\\/bilisimyildizlari.org.tr\\\/2014\\\/sponsorlar\\\/\",\"name\":\"Sponsorlar - Bili\u015fim Y\u0131ld\u0131zlar\u0131 2014\",\"isPartOf\":{\"@id\":\"https:\\\/\\\/bilisimyildizlari.org.tr\\\/2014\\\/#website\"},\"primaryImageOfPage\":{\"@id\":\"https:\\\/\\\/bilisimyildizlari.org.tr\\\/2014\\\/sponsorlar\\\/#primaryimage\"},\"image\":{\"@id\":\"https:\\\/\\\/bilisimyildizlari.org.tr\\\/2014\\\/sponsorlar\\\/#primaryimage\"},\"thumbnailUrl\":\"https:\\\/\\\/bilisimyildizlari.org.tr\\\/2014\\\/wp-content\\\/uploads\\\/sites\\\/3\\\/2021\\\/05\\\/yasad_logo-1.jpg\",\"datePublished\":\"2021-05-12T13:25:37+00:00\",\"dateModified\":\"2021-06-08T21:27:53+00:00\",\"breadcrumb\":{\"@id\":\"https:\\\/\\\/bilisimyildizlari.org.tr\\\/2014\\\/sponsorlar\\\/#breadcrumb\"},\"inLanguage\":\"tr\",\"potentialAction\":[{\"@type\":\"ReadAction\",\"target\":[\"https:\\\/\\\/bilisimyildizlari.org.tr\\\/2014\\\/sponsorlar\\\/\"]}]},{\"@type\":\"ImageObject\",\"inLanguage\":\"tr\",\"@id\":\"https:\\\/\\\/bilisimyildizlari.org.tr\\\/2014\\\/sponsorlar\\\/#primaryimage\",\"url\":\"https:\\\/\\\/bilisimyildizlari.org.tr\\\/2014\\\/wp-content\\\/uploads\\\/sites\\\/3\\\/2021\\\/05\\\/yasad_logo-1.jpg\",\"contentUrl\":\"https:\\\/\\\/bilisimyildizlari.org.tr\\\/2014\\\/wp-content\\\/uploads\\\/sites\\\/3\\\/2021\\\/05\\\/yasad_logo-1.jpg\",\"width\":608,\"height\":408},{\"@type\":\"BreadcrumbList\",\"@id\":\"https:\\\/\\\/bilisimyildizlari.org.tr\\\/2014\\\/sponsorlar\\\/#breadcrumb\",\"itemListElement\":[{\"@type\":\"ListItem\",\"position\":1,\"name\":\"Anasayfa\",\"item\":\"https:\\\/\\\/bilisimyildizlari.org.tr\\\/2014\\\/\"},{\"@type\":\"ListItem\",\"position\":2,\"name\":\"Sponsorlar\"}]},{\"@type\":\"WebSite\",\"@id\":\"https:\\\/\\\/bilisimyildizlari.org.tr\\\/2014\\\/#website\",\"url\":\"https:\\\/\\\/bilisimyildizlari.org.tr\\\/2014\\\/\",\"name\":\"Bili\u015fim Y\u0131ld\u0131zlar\u0131 2014\",\"description\":\"\u0130stanbul Bili\u015fim Y\u0131ld\u0131zlar\u0131 2014 Ar\u015fivi\",\"publisher\":{\"@id\":\"https:\\\/\\\/bilisimyildizlari.org.tr\\\/2014\\\/#organization\"},\"potentialAction\":[{\"@type\":\"SearchAction\",\"target\":{\"@type\":\"EntryPoint\",\"urlTemplate\":\"https:\\\/\\\/bilisimyildizlari.org.tr\\\/2014\\\/?s={search_term_string}\"},\"query-input\":{\"@type\":\"PropertyValueSpecification\",\"valueRequired\":true,\"valueName\":\"search_term_string\"}}],\"inLanguage\":\"tr\"},{\"@type\":\"Organization\",\"@id\":\"https:\\\/\\\/bilisimyildizlari.org.tr\\\/2014\\\/#organization\",\"name\":\"Bili\u015fim Y\u0131ld\u0131zlar\u0131 2014\",\"url\":\"https:\\\/\\\/bilisimyildizlari.org.tr\\\/2014\\\/\",\"logo\":{\"@type\":\"ImageObject\",\"inLanguage\":\"tr\",\"@id\":\"https:\\\/\\\/bilisimyildizlari.org.tr\\\/2014\\\/#\\\/schema\\\/logo\\\/image\\\/\",\"url\":\"https:\\\/\\\/bilisimyildizlari.org.tr\\\/2014\\\/wp-content\\\/uploads\\\/sites\\\/3\\\/2022\\\/05\\\/cropped-logo2014.jpg\",\"contentUrl\":\"https:\\\/\\\/bilisimyildizlari.org.tr\\\/2014\\\/wp-content\\\/uploads\\\/sites\\\/3\\\/2022\\\/05\\\/cropped-logo2014.jpg\",\"width\":385,\"height\":119,\"caption\":\"Bili\u015fim Y\u0131ld\u0131zlar\u0131 2014\"},\"image\":{\"@id\":\"https:\\\/\\\/bilisimyildizlari.org.tr\\\/2014\\\/#\\\/schema\\\/logo\\\/image\\\/\"}}]}<\/script>\n<!-- \/ Yoast SEO plugin. -->","yoast_head_json":{"title":"Sponsorlar - Bili\u015fim Y\u0131ld\u0131zlar\u0131 2014","robots":{"index":"index","follow":"follow","max-snippet":"max-snippet:-1","max-image-preview":"max-image-preview:large","max-video-preview":"max-video-preview:-1"},"canonical":"https:\/\/bilisimyildizlari.org.tr\/2014\/sponsorlar\/","og_locale":"tr_TR","og_type":"article","og_title":"Sponsorlar - Bili\u015fim Y\u0131ld\u0131zlar\u0131 2014","og_description":"Destekleyenler Etkinlik Sponsorlar\u0131 Bas\u0131n Sponsorlar\u0131 \u0130nternet E-d\u00f6n\u00fc\u015f\u00fcm organizasyonuna sponsor olmak i\u00e7in&nbsp;T\u0131klay\u0131n\u0131z! &nbsp;&nbsp;Bili\u015fim Yildizlari 2014","og_url":"https:\/\/bilisimyildizlari.org.tr\/2014\/sponsorlar\/","og_site_name":"Bili\u015fim Y\u0131ld\u0131zlar\u0131 2014","article_modified_time":"2021-06-08T21:27:53+00:00","og_image":[{"url":"https:\/\/bilisimyildizlari.org.tr\/2014\/wp-content\/uploads\/sites\/3\/2021\/05\/yasad_logo-1.jpg","type":"","width":"","height":""}],"twitter_card":"summary_large_image","twitter_misc":{"Tahmini okuma s\u00fcresi":"4 dakika"},"schema":{"@context":"https:\/\/schema.org","@graph":[{"@type":"WebPage","@id":"https:\/\/bilisimyildizlari.org.tr\/2014\/sponsorlar\/","url":"https:\/\/bilisimyildizlari.org.tr\/2014\/sponsorlar\/","name":"Sponsorlar - Bili\u015fim Y\u0131ld\u0131zlar\u0131 2014","isPartOf":{"@id":"https:\/\/bilisimyildizlari.org.tr\/2014\/#website"},"primaryImageOfPage":{"@id":"https:\/\/bilisimyildizlari.org.tr\/2014\/sponsorlar\/#primaryimage"},"image":{"@id":"https:\/\/bilisimyildizlari.org.tr\/2014\/sponsorlar\/#primaryimage"},"thumbnailUrl":"https:\/\/bilisimyildizlari.org.tr\/2014\/wp-content\/uploads\/sites\/3\/2021\/05\/yasad_logo-1.jpg","datePublished":"2021-05-12T13:25:37+00:00","dateModified":"2021-06-08T21:27:53+00:00","breadcrumb":{"@id":"https:\/\/bilisimyildizlari.org.tr\/2014\/sponsorlar\/#breadcrumb"},"inLanguage":"tr","potentialAction":[{"@type":"ReadAction","target":["https:\/\/bilisimyildizlari.org.tr\/2014\/sponsorlar\/"]}]},{"@type":"ImageObject","inLanguage":"tr","@id":"https:\/\/bilisimyildizlari.org.tr\/2014\/sponsorlar\/#primaryimage","url":"https:\/\/bilisimyildizlari.org.tr\/2014\/wp-content\/uploads\/sites\/3\/2021\/05\/yasad_logo-1.jpg","contentUrl":"https:\/\/bilisimyildizlari.org.tr\/2014\/wp-content\/uploads\/sites\/3\/2021\/05\/yasad_logo-1.jpg","width":608,"height":408},{"@type":"BreadcrumbList","@id":"https:\/\/bilisimyildizlari.org.tr\/2014\/sponsorlar\/#breadcrumb","itemListElement":[{"@type":"ListItem","position":1,"name":"Anasayfa","item":"https:\/\/bilisimyildizlari.org.tr\/2014\/"},{"@type":"ListItem","position":2,"name":"Sponsorlar"}]},{"@type":"WebSite","@id":"https:\/\/bilisimyildizlari.org.tr\/2014\/#website","url":"https:\/\/bilisimyildizlari.org.tr\/2014\/","name":"Bili\u015fim Y\u0131ld\u0131zlar\u0131 2014","description":"\u0130stanbul Bili\u015fim Y\u0131ld\u0131zlar\u0131 2014 Ar\u015fivi","publisher":{"@id":"https:\/\/bilisimyildizlari.org.tr\/2014\/#organization"},"potentialAction":[{"@type":"SearchAction","target":{"@type":"EntryPoint","urlTemplate":"https:\/\/bilisimyildizlari.org.tr\/2014\/?s={search_term_string}"},"query-input":{"@type":"PropertyValueSpecification","valueRequired":true,"valueName":"search_term_string"}}],"inLanguage":"tr"},{"@type":"Organization","@id":"https:\/\/bilisimyildizlari.org.tr\/2014\/#organization","name":"Bili\u015fim Y\u0131ld\u0131zlar\u0131 2014","url":"https:\/\/bilisimyildizlari.org.tr\/2014\/","logo":{"@type":"ImageObject","inLanguage":"tr","@id":"https:\/\/bilisimyildizlari.org.tr\/2014\/#\/schema\/logo\/image\/","url":"https:\/\/bilisimyildizlari.org.tr\/2014\/wp-content\/uploads\/sites\/3\/2022\/05\/cropped-logo2014.jpg","contentUrl":"https:\/\/bilisimyildizlari.org.tr\/2014\/wp-content\/uploads\/sites\/3\/2022\/05\/cropped-logo2014.jpg","width":385,"height":119,"caption":"Bili\u015fim Y\u0131ld\u0131zlar\u0131 2014"},"image":{"@id":"https:\/\/bilisimyildizlari.org.tr\/2014\/#\/schema\/logo\/image\/"}}]}},"_links":{"self":[{"href":"https:\/\/bilisimyildizlari.org.tr\/2014\/wp-json\/wp\/v2\/pages\/144","targetHints":{"allow":["GET"]}}],"collection":[{"href":"https:\/\/bilisimyildizlari.org.tr\/2014\/wp-json\/wp\/v2\/pages"}],"about":[{"href":"https:\/\/bilisimyildizlari.org.tr\/2014\/wp-json\/wp\/v2\/types\/page"}],"author":[{"embeddable":true,"href":"https:\/\/bilisimyildizlari.org.tr\/2014\/wp-json\/wp\/v2\/users\/5"}],"replies":[{"embeddable":true,"href":"https:\/\/bilisimyildizlari.org.tr\/2014\/wp-json\/wp\/v2\/comments?post=144"}],"version-history":[{"count":0,"href":"https:\/\/bilisimyildizlari.org.tr\/2014\/wp-json\/wp\/v2\/pages\/144\/revisions"}],"wp:attachment":[{"href":"https:\/\/bilisimyildizlari.org.tr\/2014\/wp-json\/wp\/v2\/media?parent=144"}],"curies":[{"name":"wp","href":"https:\/\/api.w.org\/{rel}","templated":true}]}}