{"id":164,"date":"2021-05-12T16:44:12","date_gmt":"2021-05-12T13:44:12","guid":{"rendered":"https:\/\/bilisimyildizlari.org.tr\/2014\/?page_id=164"},"modified":"2021-06-15T22:01:50","modified_gmt":"2021-06-15T19:01:50","slug":"juri-uyeleri","status":"publish","type":"page","link":"https:\/\/bilisimyildizlari.org.tr\/2014\/juri-uyeleri\/","title":{"rendered":"J\u00fcri \u00dcyeleri"},"content":{"rendered":"\n<p>\u25cf Ali G\u00fcng\u00f6r<br>\u25cf Aytekin \u0130\u015fman<br>\u25cf Azmi G\u00fcn<br>\u25cf Ediz \u015eaykol<br>\u25cf Erkut \u015eahin<br>\u25cf Figen \u00c7ilo\u011flu<br>\u25cf Hakk\u0131 \u00d6cal<br>\u25cf K\u00f6ksal K\u00fc\u00e7\u00fckada<br>\u25cf Melih Bayram Dede<br>\u25cf Merih I\u015f\u0131n<br>\u25cf Merter \u00d6zdemir<br>\u25cf Metin Ate\u015f<br>\u25cf Nihat Aydemir<br>\u25cf M. \u00d6zhan Kala\u00e7<br>\u25cf Polat Kutnay<br>\u25cf Sevin\u00e7 G\u00fclse\u00e7en<br>\u25cf \u015eakir Selvi<br>\u25cf Talat F\u0131rlar<br>\u25cf Taner Arsan<br>\u25cf Zerrin Ayvaz Reis<\/p>\n\n\n\n<p><strong>Say\u0131n J\u00fcri \u00dcyeleri&nbsp;<\/strong>,<\/p>\n\n\n\n<p>T\u00fcrkiye\u2019nin rekabet edebilirli\u011fini art\u0131rmak, herkesi bu konuda bilin\u00e7lendirip cesaretlendirmek ve buradaki kazan\u0131mlar\u0131 etrafl\u0131ca g\u00f6sterebilmek amac\u0131yla bizlerle beraber \u00e7\u0131kt\u0131\u011f\u0131n\u0131z bu yolda destekleriniz i\u00e7in yeniden te\u015fekk\u00fcr ederiz.<strong>&nbsp;21 Temmuz<\/strong>, Sal\u0131 g\u00fcn\u00fc yapm\u0131\u015f oldu\u011fumuz tan\u0131\u015fma toplant\u0131s\u0131nda, uzmanl\u0131\u011f\u0131n\u0131z ve tecr\u00fcbelerinizle payla\u015ft\u0131\u011f\u0131n\u0131z \u00f6nerileriniz, bizler i\u00e7in hi\u00e7 \u015f\u00fcphesiz b\u00fcy\u00fck bir katma de\u011fer oldu, olmaya da devam edecek. \u00d6nerilerinizi titizlikle de\u011ferlendirip, var g\u00fcc\u00fcm\u00fczle uygulamaya \u00e7al\u0131\u015faca\u011f\u0131z. De\u011ferlendirmelerinizin, yar\u0131\u015fman\u0131n&nbsp;<strong>\u201cg\u00fcvenirlilik\u201d, \u201cciddiyet\u201d<\/strong>&nbsp;ve&nbsp;<strong>\u201cuzmanl\u0131k\u201d&nbsp;<\/strong>konular\u0131ndaki kriterlerini titizlikle kar\u015f\u0131layaca\u011f\u0131na inanc\u0131m\u0131z tamd\u0131r. Tan\u0131\u015fma toplant\u0131m\u0131za kat\u0131l\u0131m\u0131z i\u00e7in bir kez daha te\u015fekk\u00fcrlerimizi kabul etmenizi rica eder, ekli dosyalarda bulabilece\u011finiz tan\u0131t\u0131m dok\u00fcmanlar\u0131n\u0131 da ayr\u0131ca payla\u015fmak isteriz.<\/p>\n\n\n\n<p><strong>Site\u2019de Size Ait Bilgilerin Yay\u0131nlanmas\u0131 \u0130\u00e7in A\u015fa\u011f\u0131dakileri L\u00fctfen Bize \u0130letin;<\/strong><\/p>\n\n\n\n<ul class=\"wp-block-list\"><li>\u0130sim Soyad<\/li><li>\u00c7al\u0131\u015ft\u0131\u011f\u0131 Kurum<\/li><li>G\u00f6revi<\/li><li>K\u0131sa \u00d6zge\u00e7mi\u015f (CV) (100 kelimeyi a\u015fmayan)<\/li><\/ul>\n\n\n\n<p><strong>Peki, tan\u0131t\u0131m dok\u00fcmanlar\u0131nda neler var, duyurular\u0131 kullanarak nas\u0131l bir katk\u0131 sa\u011flayabilirsiniz?<\/strong><br><strong>e-Duyuru:<\/strong>\u00a0Yar\u0131\u015fmaya olan bilinirli\u011fi ve kat\u0131l\u0131m\u0131 art\u0131raca\u011f\u0131n\u0131 d\u00fc\u015f\u00fcnd\u00fc\u011f\u00fcn\u00fcz duyuru kanallar\u0131 varsa, detaylar\u0131n\u0131 \u00f6ncelikli bizimle payla\u015farak, ekli dok\u00fcman i\u00e7eri\u011fini duyuru i\u00e7in kullanabilirsiniz.<br><strong>Banner:<\/strong>\u00a0Yar\u0131\u015fma tan\u0131t\u0131m banner\u2019lar\u0131n\u0131 web sitelerinizde yay\u0131nlayabilirsiniz. <a href=\"http:\/\/www.bilisimyildizlari.com\/forms\/Gorseller.aspx\"><br><\/a><strong>Bas\u0131n B\u00fclteni:<\/strong>\u00a0Medya ile 22 Temmuz g\u00fcn\u00fc payla\u015ft\u0131\u011f\u0131m\u0131z ikinci bas\u0131n b\u00fcltenini, yar\u0131\u015fma hakk\u0131nda daha detayl\u0131 bilgi sahibi olabilmeniz i\u00e7in, sizlere de bilgi ama\u00e7l\u0131 g\u00f6nderiyoruz. <\/p>\n\n\n\n<p>Sayg\u0131lar\u0131m\u0131zla.<\/p>\n\n\n\n<p>Bili\u015fim Y\u0131ld\u0131zlar\u0131 Organizasyon Komitesi<\/p>\n\n\n\n<figure class=\"wp-block-table\"><table><tbody><tr><td>ARZU BALO\u011eLU<\/td><td>Arzu.Baloglu@bilisimyildizlari.com<\/td><\/tr><tr><td>CEYDA \u00dcNSAL<\/td><td>Ceyda.Unsal@bilisimyildizlari.com<\/td><\/tr><tr><td>AYTA\u00c7 MEST\u00c7\u0130<\/td><td>Aytac.Mestci@bilisimyildizlari.com<\/td><\/tr><tr><td>SERDAR G\u00dcN\u0130Z\u0130<\/td><td>Serdar.Gunizi@bilisimyildizlari.com<\/td><\/tr><\/tbody><\/table><\/figure>\n","protected":false},"excerpt":{"rendered":"<p>\u25cf Ali G\u00fcng\u00f6r\u25cf Aytekin \u0130\u015fman\u25cf Azmi G\u00fcn\u25cf Ediz \u015eaykol\u25cf Erkut \u015eahin\u25cf Figen \u00c7ilo\u011flu\u25cf Hakk\u0131 \u00d6cal\u25cf K\u00f6ksal K\u00fc\u00e7\u00fckada\u25cf Melih Bayram Dede\u25cf Merih I\u015f\u0131n\u25cf Merter \u00d6zdemir\u25cf Metin<\/p>\n","protected":false},"author":5,"featured_media":0,"parent":0,"menu_order":0,"comment_status":"closed","ping_status":"closed","template":"","meta":{"footnotes":""},"class_list":["post-164","page","type-page","status-publish","hentry"],"yoast_head":"<!-- This site is optimized with the Yoast SEO plugin v27.5 - https:\/\/yoast.com\/product\/yoast-seo-wordpress\/ -->\n<title>J\u00fcri \u00dcyeleri - Bili\u015fim Y\u0131ld\u0131zlar\u0131 2014<\/title>\n<meta name=\"robots\" content=\"index, follow, max-snippet:-1, max-image-preview:large, max-video-preview:-1\" \/>\n<link rel=\"canonical\" href=\"https:\/\/bilisimyildizlari.org.tr\/2014\/juri-uyeleri\/\" \/>\n<meta property=\"og:locale\" content=\"tr_TR\" \/>\n<meta property=\"og:type\" content=\"article\" \/>\n<meta property=\"og:title\" content=\"J\u00fcri \u00dcyeleri - Bili\u015fim Y\u0131ld\u0131zlar\u0131 2014\" \/>\n<meta property=\"og:description\" content=\"\u25cf Ali G\u00fcng\u00f6r\u25cf Aytekin \u0130\u015fman\u25cf Azmi G\u00fcn\u25cf Ediz \u015eaykol\u25cf Erkut \u015eahin\u25cf Figen \u00c7ilo\u011flu\u25cf Hakk\u0131 \u00d6cal\u25cf K\u00f6ksal K\u00fc\u00e7\u00fckada\u25cf Melih Bayram Dede\u25cf Merih I\u015f\u0131n\u25cf Merter \u00d6zdemir\u25cf Metin\" \/>\n<meta property=\"og:url\" content=\"https:\/\/bilisimyildizlari.org.tr\/2014\/juri-uyeleri\/\" \/>\n<meta property=\"og:site_name\" content=\"Bili\u015fim Y\u0131ld\u0131zlar\u0131 2014\" \/>\n<meta property=\"article:modified_time\" content=\"2021-06-15T19:01:50+00:00\" \/>\n<meta name=\"twitter:card\" content=\"summary_large_image\" \/>\n<meta name=\"twitter:label1\" content=\"Tahmini okuma s\u00fcresi\" \/>\n\t<meta name=\"twitter:data1\" content=\"2 dakika\" \/>\n<script type=\"application\/ld+json\" class=\"yoast-schema-graph\">{\"@context\":\"https:\\\/\\\/schema.org\",\"@graph\":[{\"@type\":\"WebPage\",\"@id\":\"https:\\\/\\\/bilisimyildizlari.org.tr\\\/2014\\\/juri-uyeleri\\\/\",\"url\":\"https:\\\/\\\/bilisimyildizlari.org.tr\\\/2014\\\/juri-uyeleri\\\/\",\"name\":\"J\u00fcri \u00dcyeleri - Bili\u015fim Y\u0131ld\u0131zlar\u0131 2014\",\"isPartOf\":{\"@id\":\"https:\\\/\\\/bilisimyildizlari.org.tr\\\/2014\\\/#website\"},\"datePublished\":\"2021-05-12T13:44:12+00:00\",\"dateModified\":\"2021-06-15T19:01:50+00:00\",\"breadcrumb\":{\"@id\":\"https:\\\/\\\/bilisimyildizlari.org.tr\\\/2014\\\/juri-uyeleri\\\/#breadcrumb\"},\"inLanguage\":\"tr\",\"potentialAction\":[{\"@type\":\"ReadAction\",\"target\":[\"https:\\\/\\\/bilisimyildizlari.org.tr\\\/2014\\\/juri-uyeleri\\\/\"]}]},{\"@type\":\"BreadcrumbList\",\"@id\":\"https:\\\/\\\/bilisimyildizlari.org.tr\\\/2014\\\/juri-uyeleri\\\/#breadcrumb\",\"itemListElement\":[{\"@type\":\"ListItem\",\"position\":1,\"name\":\"Anasayfa\",\"item\":\"https:\\\/\\\/bilisimyildizlari.org.tr\\\/2014\\\/\"},{\"@type\":\"ListItem\",\"position\":2,\"name\":\"J\u00fcri \u00dcyeleri\"}]},{\"@type\":\"WebSite\",\"@id\":\"https:\\\/\\\/bilisimyildizlari.org.tr\\\/2014\\\/#website\",\"url\":\"https:\\\/\\\/bilisimyildizlari.org.tr\\\/2014\\\/\",\"name\":\"Bili\u015fim Y\u0131ld\u0131zlar\u0131 2014\",\"description\":\"\u0130stanbul Bili\u015fim Y\u0131ld\u0131zlar\u0131 2014 Ar\u015fivi\",\"publisher\":{\"@id\":\"https:\\\/\\\/bilisimyildizlari.org.tr\\\/2014\\\/#organization\"},\"potentialAction\":[{\"@type\":\"SearchAction\",\"target\":{\"@type\":\"EntryPoint\",\"urlTemplate\":\"https:\\\/\\\/bilisimyildizlari.org.tr\\\/2014\\\/?s={search_term_string}\"},\"query-input\":{\"@type\":\"PropertyValueSpecification\",\"valueRequired\":true,\"valueName\":\"search_term_string\"}}],\"inLanguage\":\"tr\"},{\"@type\":\"Organization\",\"@id\":\"https:\\\/\\\/bilisimyildizlari.org.tr\\\/2014\\\/#organization\",\"name\":\"Bili\u015fim Y\u0131ld\u0131zlar\u0131 2014\",\"url\":\"https:\\\/\\\/bilisimyildizlari.org.tr\\\/2014\\\/\",\"logo\":{\"@type\":\"ImageObject\",\"inLanguage\":\"tr\",\"@id\":\"https:\\\/\\\/bilisimyildizlari.org.tr\\\/2014\\\/#\\\/schema\\\/logo\\\/image\\\/\",\"url\":\"https:\\\/\\\/bilisimyildizlari.org.tr\\\/2014\\\/wp-content\\\/uploads\\\/sites\\\/3\\\/2022\\\/05\\\/cropped-logo2014.jpg\",\"contentUrl\":\"https:\\\/\\\/bilisimyildizlari.org.tr\\\/2014\\\/wp-content\\\/uploads\\\/sites\\\/3\\\/2022\\\/05\\\/cropped-logo2014.jpg\",\"width\":385,\"height\":119,\"caption\":\"Bili\u015fim Y\u0131ld\u0131zlar\u0131 2014\"},\"image\":{\"@id\":\"https:\\\/\\\/bilisimyildizlari.org.tr\\\/2014\\\/#\\\/schema\\\/logo\\\/image\\\/\"}}]}<\/script>\n<!-- \/ Yoast SEO plugin. -->","yoast_head_json":{"title":"J\u00fcri \u00dcyeleri - Bili\u015fim Y\u0131ld\u0131zlar\u0131 2014","robots":{"index":"index","follow":"follow","max-snippet":"max-snippet:-1","max-image-preview":"max-image-preview:large","max-video-preview":"max-video-preview:-1"},"canonical":"https:\/\/bilisimyildizlari.org.tr\/2014\/juri-uyeleri\/","og_locale":"tr_TR","og_type":"article","og_title":"J\u00fcri \u00dcyeleri - Bili\u015fim Y\u0131ld\u0131zlar\u0131 2014","og_description":"\u25cf Ali G\u00fcng\u00f6r\u25cf Aytekin \u0130\u015fman\u25cf Azmi G\u00fcn\u25cf Ediz \u015eaykol\u25cf Erkut \u015eahin\u25cf Figen \u00c7ilo\u011flu\u25cf Hakk\u0131 \u00d6cal\u25cf K\u00f6ksal K\u00fc\u00e7\u00fckada\u25cf Melih Bayram Dede\u25cf Merih I\u015f\u0131n\u25cf Merter \u00d6zdemir\u25cf Metin","og_url":"https:\/\/bilisimyildizlari.org.tr\/2014\/juri-uyeleri\/","og_site_name":"Bili\u015fim Y\u0131ld\u0131zlar\u0131 2014","article_modified_time":"2021-06-15T19:01:50+00:00","twitter_card":"summary_large_image","twitter_misc":{"Tahmini okuma s\u00fcresi":"2 dakika"},"schema":{"@context":"https:\/\/schema.org","@graph":[{"@type":"WebPage","@id":"https:\/\/bilisimyildizlari.org.tr\/2014\/juri-uyeleri\/","url":"https:\/\/bilisimyildizlari.org.tr\/2014\/juri-uyeleri\/","name":"J\u00fcri \u00dcyeleri - Bili\u015fim Y\u0131ld\u0131zlar\u0131 2014","isPartOf":{"@id":"https:\/\/bilisimyildizlari.org.tr\/2014\/#website"},"datePublished":"2021-05-12T13:44:12+00:00","dateModified":"2021-06-15T19:01:50+00:00","breadcrumb":{"@id":"https:\/\/bilisimyildizlari.org.tr\/2014\/juri-uyeleri\/#breadcrumb"},"inLanguage":"tr","potentialAction":[{"@type":"ReadAction","target":["https:\/\/bilisimyildizlari.org.tr\/2014\/juri-uyeleri\/"]}]},{"@type":"BreadcrumbList","@id":"https:\/\/bilisimyildizlari.org.tr\/2014\/juri-uyeleri\/#breadcrumb","itemListElement":[{"@type":"ListItem","position":1,"name":"Anasayfa","item":"https:\/\/bilisimyildizlari.org.tr\/2014\/"},{"@type":"ListItem","position":2,"name":"J\u00fcri \u00dcyeleri"}]},{"@type":"WebSite","@id":"https:\/\/bilisimyildizlari.org.tr\/2014\/#website","url":"https:\/\/bilisimyildizlari.org.tr\/2014\/","name":"Bili\u015fim Y\u0131ld\u0131zlar\u0131 2014","description":"\u0130stanbul Bili\u015fim Y\u0131ld\u0131zlar\u0131 2014 Ar\u015fivi","publisher":{"@id":"https:\/\/bilisimyildizlari.org.tr\/2014\/#organization"},"potentialAction":[{"@type":"SearchAction","target":{"@type":"EntryPoint","urlTemplate":"https:\/\/bilisimyildizlari.org.tr\/2014\/?s={search_term_string}"},"query-input":{"@type":"PropertyValueSpecification","valueRequired":true,"valueName":"search_term_string"}}],"inLanguage":"tr"},{"@type":"Organization","@id":"https:\/\/bilisimyildizlari.org.tr\/2014\/#organization","name":"Bili\u015fim Y\u0131ld\u0131zlar\u0131 2014","url":"https:\/\/bilisimyildizlari.org.tr\/2014\/","logo":{"@type":"ImageObject","inLanguage":"tr","@id":"https:\/\/bilisimyildizlari.org.tr\/2014\/#\/schema\/logo\/image\/","url":"https:\/\/bilisimyildizlari.org.tr\/2014\/wp-content\/uploads\/sites\/3\/2022\/05\/cropped-logo2014.jpg","contentUrl":"https:\/\/bilisimyildizlari.org.tr\/2014\/wp-content\/uploads\/sites\/3\/2022\/05\/cropped-logo2014.jpg","width":385,"height":119,"caption":"Bili\u015fim Y\u0131ld\u0131zlar\u0131 2014"},"image":{"@id":"https:\/\/bilisimyildizlari.org.tr\/2014\/#\/schema\/logo\/image\/"}}]}},"_links":{"self":[{"href":"https:\/\/bilisimyildizlari.org.tr\/2014\/wp-json\/wp\/v2\/pages\/164","targetHints":{"allow":["GET"]}}],"collection":[{"href":"https:\/\/bilisimyildizlari.org.tr\/2014\/wp-json\/wp\/v2\/pages"}],"about":[{"href":"https:\/\/bilisimyildizlari.org.tr\/2014\/wp-json\/wp\/v2\/types\/page"}],"author":[{"embeddable":true,"href":"https:\/\/bilisimyildizlari.org.tr\/2014\/wp-json\/wp\/v2\/users\/5"}],"replies":[{"embeddable":true,"href":"https:\/\/bilisimyildizlari.org.tr\/2014\/wp-json\/wp\/v2\/comments?post=164"}],"version-history":[{"count":0,"href":"https:\/\/bilisimyildizlari.org.tr\/2014\/wp-json\/wp\/v2\/pages\/164\/revisions"}],"wp:attachment":[{"href":"https:\/\/bilisimyildizlari.org.tr\/2014\/wp-json\/wp\/v2\/media?parent=164"}],"curies":[{"name":"wp","href":"https:\/\/api.w.org\/{rel}","templated":true}]}}