{"id":177,"date":"2021-05-12T16:49:43","date_gmt":"2021-05-12T13:49:43","guid":{"rendered":"https:\/\/bilisimyildizlari.org.tr\/2014\/?page_id=177"},"modified":"2023-08-01T17:18:27","modified_gmt":"2023-08-01T14:18:27","slug":"bulten","status":"publish","type":"page","link":"https:\/\/bilisimyildizlari.org.tr\/2014\/bulten\/","title":{"rendered":"B\u00fclten"},"content":{"rendered":"\r\n<h3 class=\"alignfull has-text-align-center wp-block-heading\"><strong>TBD liderli\u011finde organize edilen, t\u00fcm bili\u015fim STK&#8217;lar\u0131, devlet ve<br \/>kamu\/\u00f6zel sekt\u00f6rlerinden tam destek alan<em>\u00a0Bili\u015fim Y\u0131ld\u0131zlar\u0131 e-D\u00f6n\u00fc\u015f\u00fcm Yar\u0131\u015fmas\u0131<\/em>; g\u00fcven, ciddiyet ve uzmanl\u0131ktaki farkl\u0131l\u0131\u011f\u0131n\u0131 g\u00fc\u00e7l\u00fc Dan\u0131\u015fma Kurulu\u2019yla da ortaya koyuyor.<\/strong><\/h3>\r\n\r\n\r\n\r\n<div class=\"wp-block-group alignfull is-layout-flow wp-block-group-is-layout-flow\">\r\n<div class=\"wp-block-group__inner-container\">\u00a0<\/div>\r\n<\/div>\r\n\r\n\r\n\r\n<p>22 Temmuz 2009, \u0130stanbul \u2013\u00a0<a href=\"http:\/\/www.bilisimyildizlari.com\/\">www.bilisimyildizlari.com<\/a>; T\u00fcrkiye\u2019nin her sahas\u0131nda e-d\u00f6n\u00fc\u015f\u00fcme yapaca\u011f\u0131 yat\u0131r\u0131m\u0131 art\u0131rmak ve \u00fclkemize geli\u015fmi\u015f \u00fclkeler d\u00fczeyine ta\u015f\u0131ma yolunda ivme kazand\u0131rmak amac\u0131yla d\u00fczenlenen Bili\u015fim Y\u0131ld\u0131zlar\u0131 e-D\u00f6n\u00fc\u015f\u00fcm Yar\u0131\u015fmas\u0131, Ula\u015ft\u0131rma Bakanl\u0131\u011f\u0131m\u0131zdan Bili\u015fim ve \u0130leti\u015fim Teknolojileri Kurumu\u2019na, Etkinlik sponsorlar\u0131ndan bili\u015fim STK\u2019lar\u0131nda g\u00f6n\u00fcll\u00fc \u00e7al\u0131\u015fan bili\u015fim profesyoneline kadar bir\u00e7ok g\u00fc\u00e7l\u00fc destek\u00e7isiyle\u00a0<strong>\u201cOrtak Hedef Birli\u011fi\u201d\u00a0<\/strong>nde devam ediyor.<strong>\u00a0Ula\u015ft\u0131rma Bakan\u0131 Sn. Binali Y\u0131ld\u0131r\u0131m ile Bili\u015fim ve \u0130leti\u015fim Teknolojileri Kurulu Ba\u015fkan\u0131 Sn. Dr. Tayfun Acarer\u2019<\/strong>in de konu\u015fmac\u0131 olarak kat\u0131laca\u011f\u0131 \u00f6d\u00fcl t\u00f6reninde, kazanan kat\u0131l\u0131mc\u0131lar, \u00f6d\u00fcllerini bili\u015fim konusunda en etkin ki\u015filerden\u00a0<strong>17 Kas\u0131m 2009<\/strong>\u00a0tarihinde alacaklar.<\/p>\r\n\r\n\r\n\r\n<p>\u00d6rnek \u00e7\u00f6z\u00fcmleri i\u015f d\u00fcnyas\u0131yla tan\u0131\u015ft\u0131rmay\u0131 ve e-d\u00f6n\u00fc\u015f\u00fcme olan ilginin artmas\u0131n\u0131 sa\u011flamay\u0131 hedefleyen, Bili\u015fim Y\u0131ld\u0131zlar\u0131 e-D\u00f6n\u00fc\u015f\u00fcm Yar\u0131\u015fmas\u0131, \u00e7ok de\u011ferli 13 ki\u015fiden olu\u015fan g\u00fc\u00e7l\u00fc Dan\u0131\u015fman Kurulu ile konusunda uzman ve tecr\u00fcbeli 30 ki\u015fiden olu\u015fan J\u00fcri Kurulu\u2019nun \u00f6nderli\u011finde ger\u00e7ekle\u015ftiriliyor. J\u00fcri de\u011ferlendirmesinin yan\u0131 s\u0131ra, halk oylamas\u0131n\u0131n da de\u011ferlendirmeye kat\u0131laca\u011f\u0131 yar\u0131\u015fmaya, her seviyeden, daha b\u00fcy\u00fck bir internet kullan\u0131c\u0131s\u0131n\u0131n aktif olarak kat\u0131lmas\u0131 hedefleniyor.<\/p>\r\n\r\n\r\n\r\n<p>T\u00fcrkiye\u2019nin rekabet edebilirli\u011fini art\u0131rmak, herkesi bu konuda bilin\u00e7lendirip cesaretlendirmek ve buradaki kazan\u0131mlar\u0131 etrafl\u0131ca g\u00f6sterebilmek amac\u0131yla, 10 ayr\u0131 kategoride, 13 ayr\u0131 kritere g\u00f6re de\u011ferlendirme yapacak J\u00fcri Kurulu, de\u011ferlendirmelerinde\u00a0<strong>\u201cg\u00fcvenirlilik\u201d, \u201cciddiyet\u201d<\/strong>\u00a0ve\u00a0<strong>\u201cuzmanl\u0131k\u201d\u00a0<\/strong>konular\u0131na verdikleri \u00f6nemle a\u015fa\u011f\u0131daki \u00e7ok de\u011ferli ki\u015filerden olu\u015fan Dan\u0131\u015fma Kurulu\u2019ndan da b\u00fcy\u00fck bir g\u00fc\u00e7 ve destek alacaklar.<\/p>\r\n\r\n\r\n\r\n<p>TBD \u0130stanbul, ilk kez d\u00fczenlenen Bili\u015fim Y\u0131ld\u0131zlar\u0131 e-D\u00f6n\u00fc\u015f\u00fcm Yar\u0131\u015fmas\u0131 ile kurumun g\u00fcvenilirli\u011fini, ciddiyetini, uzmanl\u0131\u011f\u0131n\u0131 ve bilgisini bili\u015fim projeleri alan\u0131na ta\u015f\u0131yor. TBD \u0130stanbul Etkinlik Y\u00fcr\u00fctme Kurulu olarak, bu prestijli yar\u0131\u015fmada sizleri de yerinizi almaya davet ediyoruz.<\/p>\r\n\r\n\r\n\r\n<div class=\"wp-block-image\">\r\n<figure class=\"aligncenter\"><img decoding=\"async\" src=\"https:\/\/lh6.googleusercontent.com\/RBblFj7-at5cysS5Wj3KHCRJ8ch5zqFhpDU9sNgurIW-DoiiedNMMLY4Plu6uhtq79mcHoH9SfF176CWFgnwj0HjId91YheCpMa3qJtwasmtNjegHPQ-1LWgcIYILUlcQFGhPpg\" alt=\"E-D\u00f6n\u00fc\u015f\u00fcm Yar\u0131\u015fmas\u0131\" \/><\/figure>\r\n<\/div>\r\n\r\n\r\n\r\n<p>Bili\u015fim Y\u0131ld\u0131zlar\u0131 e-D\u00f6n\u00fc\u015f\u00fcm Yar\u0131\u015fmas\u0131, internet \u00fczerinde d\u00f6n\u00fc\u015f\u00fcm sa\u011flam\u0131\u015f, i\u015f yap\u0131s\u0131n\u0131 internet ortam\u0131na ta\u015f\u0131m\u0131\u015f farkl\u0131 web tabanl\u0131 projelerinin daha iyi tan\u0131t\u0131lmas\u0131 ve e-d\u00f6n\u00fc\u015f\u00fcme olan ilginin daha fazla artmas\u0131n\u0131 sa\u011flamak ama\u00e7l\u0131, TBD yap\u0131s\u0131 alt\u0131nda olu\u015fturulan ba\u011f\u0131ms\u0131z bir organizasyondur.<\/p>\r\n\r\n\r\n\r\n<p>TBD\u2019nin deste\u011fiyle hayata g\u00f6zlerini a\u00e7m\u0131\u015f olan bu organizasyon, konusunda T\u00fcrkiye\u2019nin en uzman ve tecr\u00fcbeli j\u00fcrilerinin \u00f6nderli\u011finde T\u00fcrkiye\u2019de olu\u015fturulan ba\u015far\u0131l\u0131 internet e-d\u00f6n\u00fc\u015f\u00fcm \u00e7al\u0131\u015fmalar\u0131n\u0131 de\u011ferlendirmeyi hedeflemektedir.<\/p>\r\n\r\n\r\n\r\n<p>Bili\u015fim Y\u0131ld\u0131zlar\u0131 e-D\u00f6n\u00fc\u015f\u00fcm Yar\u0131\u015fmas\u0131\u2019nda a\u015fa\u011f\u0131daki 10 farkl\u0131 kategoride \u00f6d\u00fcl verilmektedir. Her kategoride ilk \u00fc\u00e7e girenler belirlenerek sertifikalar\u0131 verilirken, 1. olan en iyi e-d\u00f6n\u00fc\u015f\u00fcm \u00e7\u00f6z\u00fcm\u00fc \u00f6d\u00fcl t\u00f6reninde \u00f6d\u00fcl\u00fcn\u00fc almaktad\u0131r.<\/p>\r\n\r\n\r\n\r\n<figure class=\"wp-block-table aligncenter\">\r\n<table>\r\n<tbody>\r\n<tr>\r\n<td>e-ik, e-finans, e-pazarlama, e-haber, e-e\u011fitim, e-tr, e-ileti\u015fim, e-ticaret, e-hizmet, e-sa\u011fl\u0131k<\/td>\r\n<td><br \/><img loading=\"lazy\" decoding=\"async\" src=\"https:\/\/lh3.googleusercontent.com\/zKulAMVq9uZB3c5dOoSTxaH2Huu-_YRETVH6-EiHcRdT3qwmKgD0kExvB_FmcDoFDWHtZntnGHDIJVOmEnronazt7z1aOVinix5T5fwwlpVNb1udr3Ux-VgDs1GUKLKmOx_VrLM\" width=\"186\" height=\"250\" \/><\/td>\r\n<\/tr>\r\n<\/tbody>\r\n<\/table>\r\n<\/figure>\r\n\r\n\r\n\r\n<p>Bili\u015fim Y\u0131ld\u0131zlar\u0131 e-D\u00f6n\u00fc\u015f\u00fcm Yar\u0131\u015fmas\u0131\u2019nda, j\u00fcri de\u011ferlendirmesinin yan\u0131 s\u0131ra, halk oylamas\u0131 da de\u011ferlendirmeye kat\u0131lmaktad\u0131r. B\u00f6ylece etkinli\u011fe, her seviyeden, daha b\u00fcy\u00fck bir internet kullan\u0131c\u0131s\u0131n\u0131n aktif olarak kat\u0131lmas\u0131 sa\u011flanmaktad\u0131r.<\/p>\r\n\r\n\r\n\r\n<p>Yar\u0131\u015fmaya ba\u015fvurular 16 Ekim 2009 tarihine kadar devam edecek. 2 elemeli J\u00fcri de\u011ferlendirmesi 13 Kas\u0131m 2009 tarihinde tamamlanacak ama halk oylamas\u0131 \u00d6d\u00fcl gecesinden 1 g\u00fcn \u00f6ncesi, 19 Kas\u0131m 2009 tarihine kadar devam edecek. 20 Kas\u0131m 2009 tarihinde \u00f6d\u00fcller sahiplerini bulacak. Yar\u0131\u015fma ile ilgili her t\u00fcrl\u00fc bilgi i\u00e7in\u00a0<a href=\"http:\/\/www.bilisimyildizlari.com\/\">www.bilisimyildizlari.com<\/a>\u00a0adresini ziyaret edebilirsiniz.<\/p>\r\n\r\n\r\n","protected":false},"excerpt":{"rendered":"<p>TBD liderli\u011finde organize edilen, t\u00fcm bili\u015fim STK&#8217;lar\u0131, devlet vekamu\/\u00f6zel sekt\u00f6rlerinden tam destek alan\u00a0Bili\u015fim Y\u0131ld\u0131zlar\u0131 e-D\u00f6n\u00fc\u015f\u00fcm Yar\u0131\u015fmas\u0131; g\u00fcven, ciddiyet ve uzmanl\u0131ktaki farkl\u0131l\u0131\u011f\u0131n\u0131 g\u00fc\u00e7l\u00fc Dan\u0131\u015fma Kurulu\u2019yla da<\/p>\n","protected":false},"author":5,"featured_media":0,"parent":0,"menu_order":0,"comment_status":"closed","ping_status":"closed","template":"","meta":{"footnotes":""},"class_list":["post-177","page","type-page","status-publish","hentry"],"yoast_head":"<!-- This site is optimized with the Yoast SEO plugin v27.5 - https:\/\/yoast.com\/product\/yoast-seo-wordpress\/ -->\n<title>B\u00fclten - Bili\u015fim Y\u0131ld\u0131zlar\u0131 2014<\/title>\n<meta name=\"robots\" content=\"index, follow, max-snippet:-1, max-image-preview:large, max-video-preview:-1\" \/>\n<link rel=\"canonical\" href=\"https:\/\/bilisimyildizlari.org.tr\/2014\/bulten\/\" \/>\n<meta property=\"og:locale\" content=\"tr_TR\" \/>\n<meta property=\"og:type\" content=\"article\" \/>\n<meta property=\"og:title\" content=\"B\u00fclten - Bili\u015fim Y\u0131ld\u0131zlar\u0131 2014\" \/>\n<meta property=\"og:description\" content=\"TBD liderli\u011finde organize edilen, t\u00fcm bili\u015fim STK&#8217;lar\u0131, devlet vekamu\/\u00f6zel sekt\u00f6rlerinden tam destek alan\u00a0Bili\u015fim Y\u0131ld\u0131zlar\u0131 e-D\u00f6n\u00fc\u015f\u00fcm Yar\u0131\u015fmas\u0131; g\u00fcven, ciddiyet ve uzmanl\u0131ktaki farkl\u0131l\u0131\u011f\u0131n\u0131 g\u00fc\u00e7l\u00fc Dan\u0131\u015fma Kurulu\u2019yla da\" \/>\n<meta property=\"og:url\" content=\"https:\/\/bilisimyildizlari.org.tr\/2014\/bulten\/\" \/>\n<meta property=\"og:site_name\" content=\"Bili\u015fim Y\u0131ld\u0131zlar\u0131 2014\" \/>\n<meta property=\"article:modified_time\" content=\"2023-08-01T14:18:27+00:00\" \/>\n<meta property=\"og:image\" content=\"https:\/\/lh6.googleusercontent.com\/RBblFj7-at5cysS5Wj3KHCRJ8ch5zqFhpDU9sNgurIW-DoiiedNMMLY4Plu6uhtq79mcHoH9SfF176CWFgnwj0HjId91YheCpMa3qJtwasmtNjegHPQ-1LWgcIYILUlcQFGhPpg\" \/>\n<meta name=\"twitter:card\" content=\"summary_large_image\" \/>\n<meta name=\"twitter:label1\" content=\"Tahmini okuma s\u00fcresi\" \/>\n\t<meta name=\"twitter:data1\" content=\"4 dakika\" \/>\n<script type=\"application\/ld+json\" class=\"yoast-schema-graph\">{\"@context\":\"https:\\\/\\\/schema.org\",\"@graph\":[{\"@type\":\"WebPage\",\"@id\":\"https:\\\/\\\/bilisimyildizlari.org.tr\\\/2014\\\/bulten\\\/\",\"url\":\"https:\\\/\\\/bilisimyildizlari.org.tr\\\/2014\\\/bulten\\\/\",\"name\":\"B\u00fclten - Bili\u015fim Y\u0131ld\u0131zlar\u0131 2014\",\"isPartOf\":{\"@id\":\"https:\\\/\\\/bilisimyildizlari.org.tr\\\/2014\\\/#website\"},\"primaryImageOfPage\":{\"@id\":\"https:\\\/\\\/bilisimyildizlari.org.tr\\\/2014\\\/bulten\\\/#primaryimage\"},\"image\":{\"@id\":\"https:\\\/\\\/bilisimyildizlari.org.tr\\\/2014\\\/bulten\\\/#primaryimage\"},\"thumbnailUrl\":\"https:\\\/\\\/lh6.googleusercontent.com\\\/RBblFj7-at5cysS5Wj3KHCRJ8ch5zqFhpDU9sNgurIW-DoiiedNMMLY4Plu6uhtq79mcHoH9SfF176CWFgnwj0HjId91YheCpMa3qJtwasmtNjegHPQ-1LWgcIYILUlcQFGhPpg\",\"datePublished\":\"2021-05-12T13:49:43+00:00\",\"dateModified\":\"2023-08-01T14:18:27+00:00\",\"breadcrumb\":{\"@id\":\"https:\\\/\\\/bilisimyildizlari.org.tr\\\/2014\\\/bulten\\\/#breadcrumb\"},\"inLanguage\":\"tr\",\"potentialAction\":[{\"@type\":\"ReadAction\",\"target\":[\"https:\\\/\\\/bilisimyildizlari.org.tr\\\/2014\\\/bulten\\\/\"]}]},{\"@type\":\"ImageObject\",\"inLanguage\":\"tr\",\"@id\":\"https:\\\/\\\/bilisimyildizlari.org.tr\\\/2014\\\/bulten\\\/#primaryimage\",\"url\":\"https:\\\/\\\/lh6.googleusercontent.com\\\/RBblFj7-at5cysS5Wj3KHCRJ8ch5zqFhpDU9sNgurIW-DoiiedNMMLY4Plu6uhtq79mcHoH9SfF176CWFgnwj0HjId91YheCpMa3qJtwasmtNjegHPQ-1LWgcIYILUlcQFGhPpg\",\"contentUrl\":\"https:\\\/\\\/lh6.googleusercontent.com\\\/RBblFj7-at5cysS5Wj3KHCRJ8ch5zqFhpDU9sNgurIW-DoiiedNMMLY4Plu6uhtq79mcHoH9SfF176CWFgnwj0HjId91YheCpMa3qJtwasmtNjegHPQ-1LWgcIYILUlcQFGhPpg\"},{\"@type\":\"BreadcrumbList\",\"@id\":\"https:\\\/\\\/bilisimyildizlari.org.tr\\\/2014\\\/bulten\\\/#breadcrumb\",\"itemListElement\":[{\"@type\":\"ListItem\",\"position\":1,\"name\":\"Anasayfa\",\"item\":\"https:\\\/\\\/bilisimyildizlari.org.tr\\\/2014\\\/\"},{\"@type\":\"ListItem\",\"position\":2,\"name\":\"B\u00fclten\"}]},{\"@type\":\"WebSite\",\"@id\":\"https:\\\/\\\/bilisimyildizlari.org.tr\\\/2014\\\/#website\",\"url\":\"https:\\\/\\\/bilisimyildizlari.org.tr\\\/2014\\\/\",\"name\":\"Bili\u015fim Y\u0131ld\u0131zlar\u0131 2014\",\"description\":\"\u0130stanbul Bili\u015fim Y\u0131ld\u0131zlar\u0131 2014 Ar\u015fivi\",\"publisher\":{\"@id\":\"https:\\\/\\\/bilisimyildizlari.org.tr\\\/2014\\\/#organization\"},\"potentialAction\":[{\"@type\":\"SearchAction\",\"target\":{\"@type\":\"EntryPoint\",\"urlTemplate\":\"https:\\\/\\\/bilisimyildizlari.org.tr\\\/2014\\\/?s={search_term_string}\"},\"query-input\":{\"@type\":\"PropertyValueSpecification\",\"valueRequired\":true,\"valueName\":\"search_term_string\"}}],\"inLanguage\":\"tr\"},{\"@type\":\"Organization\",\"@id\":\"https:\\\/\\\/bilisimyildizlari.org.tr\\\/2014\\\/#organization\",\"name\":\"Bili\u015fim Y\u0131ld\u0131zlar\u0131 2014\",\"url\":\"https:\\\/\\\/bilisimyildizlari.org.tr\\\/2014\\\/\",\"logo\":{\"@type\":\"ImageObject\",\"inLanguage\":\"tr\",\"@id\":\"https:\\\/\\\/bilisimyildizlari.org.tr\\\/2014\\\/#\\\/schema\\\/logo\\\/image\\\/\",\"url\":\"https:\\\/\\\/bilisimyildizlari.org.tr\\\/2014\\\/wp-content\\\/uploads\\\/sites\\\/3\\\/2022\\\/05\\\/cropped-logo2014.jpg\",\"contentUrl\":\"https:\\\/\\\/bilisimyildizlari.org.tr\\\/2014\\\/wp-content\\\/uploads\\\/sites\\\/3\\\/2022\\\/05\\\/cropped-logo2014.jpg\",\"width\":385,\"height\":119,\"caption\":\"Bili\u015fim Y\u0131ld\u0131zlar\u0131 2014\"},\"image\":{\"@id\":\"https:\\\/\\\/bilisimyildizlari.org.tr\\\/2014\\\/#\\\/schema\\\/logo\\\/image\\\/\"}}]}<\/script>\n<!-- \/ Yoast SEO plugin. -->","yoast_head_json":{"title":"B\u00fclten - Bili\u015fim Y\u0131ld\u0131zlar\u0131 2014","robots":{"index":"index","follow":"follow","max-snippet":"max-snippet:-1","max-image-preview":"max-image-preview:large","max-video-preview":"max-video-preview:-1"},"canonical":"https:\/\/bilisimyildizlari.org.tr\/2014\/bulten\/","og_locale":"tr_TR","og_type":"article","og_title":"B\u00fclten - Bili\u015fim Y\u0131ld\u0131zlar\u0131 2014","og_description":"TBD liderli\u011finde organize edilen, t\u00fcm bili\u015fim STK&#8217;lar\u0131, devlet vekamu\/\u00f6zel sekt\u00f6rlerinden tam destek alan\u00a0Bili\u015fim Y\u0131ld\u0131zlar\u0131 e-D\u00f6n\u00fc\u015f\u00fcm Yar\u0131\u015fmas\u0131; g\u00fcven, ciddiyet ve uzmanl\u0131ktaki farkl\u0131l\u0131\u011f\u0131n\u0131 g\u00fc\u00e7l\u00fc Dan\u0131\u015fma Kurulu\u2019yla da","og_url":"https:\/\/bilisimyildizlari.org.tr\/2014\/bulten\/","og_site_name":"Bili\u015fim Y\u0131ld\u0131zlar\u0131 2014","article_modified_time":"2023-08-01T14:18:27+00:00","og_image":[{"url":"https:\/\/lh6.googleusercontent.com\/RBblFj7-at5cysS5Wj3KHCRJ8ch5zqFhpDU9sNgurIW-DoiiedNMMLY4Plu6uhtq79mcHoH9SfF176CWFgnwj0HjId91YheCpMa3qJtwasmtNjegHPQ-1LWgcIYILUlcQFGhPpg","type":"","width":"","height":""}],"twitter_card":"summary_large_image","twitter_misc":{"Tahmini okuma s\u00fcresi":"4 dakika"},"schema":{"@context":"https:\/\/schema.org","@graph":[{"@type":"WebPage","@id":"https:\/\/bilisimyildizlari.org.tr\/2014\/bulten\/","url":"https:\/\/bilisimyildizlari.org.tr\/2014\/bulten\/","name":"B\u00fclten - Bili\u015fim Y\u0131ld\u0131zlar\u0131 2014","isPartOf":{"@id":"https:\/\/bilisimyildizlari.org.tr\/2014\/#website"},"primaryImageOfPage":{"@id":"https:\/\/bilisimyildizlari.org.tr\/2014\/bulten\/#primaryimage"},"image":{"@id":"https:\/\/bilisimyildizlari.org.tr\/2014\/bulten\/#primaryimage"},"thumbnailUrl":"https:\/\/lh6.googleusercontent.com\/RBblFj7-at5cysS5Wj3KHCRJ8ch5zqFhpDU9sNgurIW-DoiiedNMMLY4Plu6uhtq79mcHoH9SfF176CWFgnwj0HjId91YheCpMa3qJtwasmtNjegHPQ-1LWgcIYILUlcQFGhPpg","datePublished":"2021-05-12T13:49:43+00:00","dateModified":"2023-08-01T14:18:27+00:00","breadcrumb":{"@id":"https:\/\/bilisimyildizlari.org.tr\/2014\/bulten\/#breadcrumb"},"inLanguage":"tr","potentialAction":[{"@type":"ReadAction","target":["https:\/\/bilisimyildizlari.org.tr\/2014\/bulten\/"]}]},{"@type":"ImageObject","inLanguage":"tr","@id":"https:\/\/bilisimyildizlari.org.tr\/2014\/bulten\/#primaryimage","url":"https:\/\/lh6.googleusercontent.com\/RBblFj7-at5cysS5Wj3KHCRJ8ch5zqFhpDU9sNgurIW-DoiiedNMMLY4Plu6uhtq79mcHoH9SfF176CWFgnwj0HjId91YheCpMa3qJtwasmtNjegHPQ-1LWgcIYILUlcQFGhPpg","contentUrl":"https:\/\/lh6.googleusercontent.com\/RBblFj7-at5cysS5Wj3KHCRJ8ch5zqFhpDU9sNgurIW-DoiiedNMMLY4Plu6uhtq79mcHoH9SfF176CWFgnwj0HjId91YheCpMa3qJtwasmtNjegHPQ-1LWgcIYILUlcQFGhPpg"},{"@type":"BreadcrumbList","@id":"https:\/\/bilisimyildizlari.org.tr\/2014\/bulten\/#breadcrumb","itemListElement":[{"@type":"ListItem","position":1,"name":"Anasayfa","item":"https:\/\/bilisimyildizlari.org.tr\/2014\/"},{"@type":"ListItem","position":2,"name":"B\u00fclten"}]},{"@type":"WebSite","@id":"https:\/\/bilisimyildizlari.org.tr\/2014\/#website","url":"https:\/\/bilisimyildizlari.org.tr\/2014\/","name":"Bili\u015fim Y\u0131ld\u0131zlar\u0131 2014","description":"\u0130stanbul Bili\u015fim Y\u0131ld\u0131zlar\u0131 2014 Ar\u015fivi","publisher":{"@id":"https:\/\/bilisimyildizlari.org.tr\/2014\/#organization"},"potentialAction":[{"@type":"SearchAction","target":{"@type":"EntryPoint","urlTemplate":"https:\/\/bilisimyildizlari.org.tr\/2014\/?s={search_term_string}"},"query-input":{"@type":"PropertyValueSpecification","valueRequired":true,"valueName":"search_term_string"}}],"inLanguage":"tr"},{"@type":"Organization","@id":"https:\/\/bilisimyildizlari.org.tr\/2014\/#organization","name":"Bili\u015fim Y\u0131ld\u0131zlar\u0131 2014","url":"https:\/\/bilisimyildizlari.org.tr\/2014\/","logo":{"@type":"ImageObject","inLanguage":"tr","@id":"https:\/\/bilisimyildizlari.org.tr\/2014\/#\/schema\/logo\/image\/","url":"https:\/\/bilisimyildizlari.org.tr\/2014\/wp-content\/uploads\/sites\/3\/2022\/05\/cropped-logo2014.jpg","contentUrl":"https:\/\/bilisimyildizlari.org.tr\/2014\/wp-content\/uploads\/sites\/3\/2022\/05\/cropped-logo2014.jpg","width":385,"height":119,"caption":"Bili\u015fim Y\u0131ld\u0131zlar\u0131 2014"},"image":{"@id":"https:\/\/bilisimyildizlari.org.tr\/2014\/#\/schema\/logo\/image\/"}}]}},"_links":{"self":[{"href":"https:\/\/bilisimyildizlari.org.tr\/2014\/wp-json\/wp\/v2\/pages\/177","targetHints":{"allow":["GET"]}}],"collection":[{"href":"https:\/\/bilisimyildizlari.org.tr\/2014\/wp-json\/wp\/v2\/pages"}],"about":[{"href":"https:\/\/bilisimyildizlari.org.tr\/2014\/wp-json\/wp\/v2\/types\/page"}],"author":[{"embeddable":true,"href":"https:\/\/bilisimyildizlari.org.tr\/2014\/wp-json\/wp\/v2\/users\/5"}],"replies":[{"embeddable":true,"href":"https:\/\/bilisimyildizlari.org.tr\/2014\/wp-json\/wp\/v2\/comments?post=177"}],"version-history":[{"count":1,"href":"https:\/\/bilisimyildizlari.org.tr\/2014\/wp-json\/wp\/v2\/pages\/177\/revisions"}],"predecessor-version":[{"id":579,"href":"https:\/\/bilisimyildizlari.org.tr\/2014\/wp-json\/wp\/v2\/pages\/177\/revisions\/579"}],"wp:attachment":[{"href":"https:\/\/bilisimyildizlari.org.tr\/2014\/wp-json\/wp\/v2\/media?parent=177"}],"curies":[{"name":"wp","href":"https:\/\/api.w.org\/{rel}","templated":true}]}}