{"id":1250,"date":"2021-12-24T14:13:59","date_gmt":"2021-12-24T11:13:59","guid":{"rendered":"https:\/\/bilisimyildizlari.org.tr\/2021\/?page_id=1250"},"modified":"2021-12-24T14:14:37","modified_gmt":"2021-12-24T11:14:37","slug":"berqnet-firewall","status":"publish","type":"page","link":"https:\/\/bilisimyildizlari.org.tr\/2021\/berqnet-firewall","title":{"rendered":"Berqnet Firewall"},"content":{"rendered":"\n<p><strong>KURUM:<\/strong> Logo Siber G\u00fcvenlik ve A\u011f Teknolojileri A.\u015e.<\/p>\n\n\n\n<p><strong>BA\u015eVURU SAH\u0130B\u0130:<\/strong> Serhat \u015eahin<\/p>\n\n\n\n<p><strong>URL:<\/strong> <a href=\"https:\/\/berqnet.com\/\" target=\"_blank\" rel=\"noreferrer noopener\">https:\/\/berqnet.com\/<\/a><\/p>\n\n\n\n<p><strong>VIDEO URL:<\/strong> <a href=\"https:\/\/youtu.be\/Fh51YJKXrj4\" target=\"_blank\" rel=\"noreferrer noopener\">https:\/\/youtu.be\/Fh51YJKXrj4<\/a><\/p>\n\n\n\n<p><strong>\u00d6ZET:<\/strong> Berqnet, i\u015fletmelerin ihtiya\u00e7 duydu\u011fu siber g\u00fcvenlik ihtiya\u00e7lar\u0131na y\u00f6nelik \u201ctek \u00fcr\u00fcnde tam \u00e7\u00f6z\u00fcm\u201d hedefiyle geli\u015ftirilmi\u015f, ileri seviye uzmanl\u0131k gerektirmeden kurulum ve y\u00f6netim kolayl\u0131\u011f\u0131n\u0131 temel alan, yerli kaynaklar ve T\u00fcrk m\u00fchendisleri taraf\u0131ndan geli\u015ftirilmi\u015f \u00fclkemizin en \u00f6nemli firewall (g\u00fcvenlik duvar\u0131) \u00fcr\u00fcnlerinden birisidir.<\/p>\n\n\n\n<p><strong>AMA\u00c7:<\/strong> Berqnet Firewall \u00fcr\u00fcnleri, i\u00e7inde bulundu\u011fu pazar\u0131n ihtiya\u00e7lar\u0131 g\u00f6z \u00f6n\u00fcnde bulundurularak geli\u015ftirilmi\u015ftir. K\u00fc\u00e7\u00fck ve Orta Boyutlu i\u015fletmelerin siber g\u00fcvenlik alan\u0131nda firewall kullan\u0131m oranlar\u0131n\u0131n d\u00fc\u015f\u00fck olmas\u0131, bu segmente \u00f6zel geli\u015ftirilmemi\u015f firewall \u00fcr\u00fcnlerinin kurulum ve kullan\u0131m karma\u015f\u0131kl\u0131\u011f\u0131, siber g\u00fcvenli\u011fi ula\u015f\u0131lamaz bir konuma getirmi\u015ftir. Berqnet, her firman\u0131n kolayl\u0131kla kurabilece\u011fi ve kullanabilece\u011fi \u00fcr\u00fcnler geli\u015ftirmek amac\u0131yla yola \u00e7\u0131km\u0131\u015f ve \u00fclkemizdeki her firman\u0131n siber tehditlere kar\u015f\u0131 \u00f6nlemini rahatl\u0131kla alabilece\u011fi firewall \u00fcr\u00fcn ailesini geli\u015ftirmi\u015ftir. Kalite ve ileri teknolojiden \u00f6d\u00fcn vermeden geli\u015ftirme s\u00fcre\u00e7lerine devam ederken d\u00fcnyan\u0131n en kolay kurulabilen ve y\u00f6netilebilen firewall olma hedefiyle de \u00e7al\u0131\u015fmalar\u0131na devam etmektedir.<\/p>\n\n\n\n<p><strong>KAPSAM:<\/strong> Berqnet firewall \u00fcr\u00fcn grubu, 1.000 kullan\u0131c\u0131ya kadar farkl\u0131 kullan\u0131c\u0131 say\u0131s\u0131 ve kullan\u0131m senaryosuna g\u00f6re olu\u015fturulmu\u015f 6 farkl\u0131 \u00fcr\u00fcn modeliyle, i\u015fletmelerin ba\u015fl\u0131ca siber g\u00fcvenlik ihtiya\u00e7lar\u0131na cevap vermektedir. Herhangi bir b\u00f6lge ya da sekt\u00f6r s\u0131n\u0131rlamas\u0131 olmaks\u0131z\u0131n her firman\u0131n kolayl\u0131kla kullanabilece\u011fi \u00fcr\u00fcnleriyle i\u015fletmelere t\u00fcmle\u015fik bir hizmet sunmaktad\u0131r. \u015eu anda T\u00fcrkiye, Azerbaycan ve Kuzey K\u0131br\u0131s T\u00fcrk Cumhuriyeti\u2019nde aktif olarak sat\u0131lmaktad\u0131r.<br>Berqnet Firewall \u00fcr\u00fcnleri yaz\u0131l\u0131m ve donan\u0131m olarak birlikte sat\u0131lmaktad\u0131r. Firewall uygulama yaz\u0131l\u0131m\u0131 ve FreeBSD i\u015fletim sistemi, m\u00fc\u015fterilerin ihtiya\u00e7 duydu\u011fu kapasiteye g\u00f6re ilgili donan\u0131m se\u00e7ene\u011fi \u00fczerinde m\u00fc\u015fteriye ula\u015ft\u0131r\u0131lmaktad\u0131r. Berqnet performans ihtiya\u00e7lar\u0131na g\u00f6re \u00f6zelle\u015ftirilmi\u015f donan\u0131mlar, yurtd\u0131\u015f\u0131nda bu alanda uzmanla\u015fm\u0131\u015f birden fazla tedarik\u00e7iden temin edilmekte ve do\u011frudan Logo Siber G\u00fcvenlik taraf\u0131ndan ithal edilmektedir. \u00dcr\u00fcnlerin m\u00fc\u015fteriye ula\u015ft\u0131r\u0131lmas\u0131, kurulum ve destek hizmetleri Berqnet yetkili i\u015f ortaklar\u0131 taraf\u0131ndan ger\u00e7ekle\u015ftirilmektedir. T\u00fcrkiye\u2019nin her noktas\u0131na da\u011f\u0131lm\u0131\u015f vaziyette 1.300\u2019den fazla Berqnet yetkili i\u015f orta\u011f\u0131 bulunmaktad\u0131r.<\/p>\n","protected":false},"excerpt":{"rendered":"<p>KURUM: Logo Siber G\u00fcvenlik ve A\u011f Teknolojileri A.\u015e. BA\u015eVURU SAH\u0130B\u0130: Serhat \u015eahin URL: https:\/\/berqnet.com\/ VIDEO URL: https:\/\/youtu.be\/Fh51YJKXrj4 \u00d6ZET: Berqnet, i\u015fletmelerin ihtiya\u00e7 duydu\u011fu siber g\u00fcvenlik ihtiya\u00e7lar\u0131na y\u00f6nelik \u201ctek \u00fcr\u00fcnde tam \u00e7\u00f6z\u00fcm\u201d hedefiyle geli\u015ftirilmi\u015f, ileri seviye uzmanl\u0131k gerektirmeden kurulum ve y\u00f6netim kolayl\u0131\u011f\u0131n\u0131 temel alan, yerli kaynaklar ve T\u00fcrk m\u00fchendisleri taraf\u0131ndan geli\u015ftirilmi\u015f \u00fclkemizin en \u00f6nemli firewall (g\u00fcvenlik duvar\u0131) &hellip; <\/p>\n","protected":false},"author":4,"featured_media":0,"parent":0,"menu_order":0,"comment_status":"closed","ping_status":"closed","template":"","meta":{"footnotes":""},"class_list":["post-1250","page","type-page","status-publish","hentry"],"yoast_head":"<!-- This site is optimized with the Yoast SEO plugin v27.6 - https:\/\/yoast.com\/product\/yoast-seo-wordpress\/ -->\n<title>Berqnet Firewall - Bili\u015fim Y\u0131ld\u0131zlar\u0131 2021<\/title>\n<meta name=\"robots\" content=\"index, follow, max-snippet:-1, max-image-preview:large, max-video-preview:-1\" \/>\n<link rel=\"canonical\" href=\"https:\/\/bilisimyildizlari.org.tr\/2021\/berqnet-firewall\" \/>\n<meta property=\"og:locale\" content=\"tr_TR\" \/>\n<meta property=\"og:type\" content=\"article\" \/>\n<meta property=\"og:title\" content=\"Berqnet Firewall - Bili\u015fim Y\u0131ld\u0131zlar\u0131 2021\" \/>\n<meta property=\"og:description\" content=\"KURUM: Logo Siber G\u00fcvenlik ve A\u011f Teknolojileri A.\u015e. BA\u015eVURU SAH\u0130B\u0130: Serhat \u015eahin URL: https:\/\/berqnet.com\/ VIDEO URL: https:\/\/youtu.be\/Fh51YJKXrj4 \u00d6ZET: Berqnet, i\u015fletmelerin ihtiya\u00e7 duydu\u011fu siber g\u00fcvenlik ihtiya\u00e7lar\u0131na y\u00f6nelik \u201ctek \u00fcr\u00fcnde tam \u00e7\u00f6z\u00fcm\u201d hedefiyle geli\u015ftirilmi\u015f, ileri seviye uzmanl\u0131k gerektirmeden kurulum ve y\u00f6netim kolayl\u0131\u011f\u0131n\u0131 temel alan, yerli kaynaklar ve T\u00fcrk m\u00fchendisleri taraf\u0131ndan geli\u015ftirilmi\u015f \u00fclkemizin en \u00f6nemli firewall (g\u00fcvenlik duvar\u0131) &hellip;\" \/>\n<meta property=\"og:url\" content=\"https:\/\/bilisimyildizlari.org.tr\/2021\/berqnet-firewall\" \/>\n<meta property=\"og:site_name\" content=\"Bili\u015fim Y\u0131ld\u0131zlar\u0131 2021\" \/>\n<meta property=\"article:modified_time\" content=\"2021-12-24T11:14:37+00:00\" \/>\n<meta name=\"twitter:card\" content=\"summary_large_image\" \/>\n<meta name=\"twitter:label1\" content=\"Tahmini okuma s\u00fcresi\" \/>\n\t<meta name=\"twitter:data1\" content=\"2 dakika\" \/>\n<script type=\"application\/ld+json\" class=\"yoast-schema-graph\">{\"@context\":\"https:\\\/\\\/schema.org\",\"@graph\":[{\"@type\":\"WebPage\",\"@id\":\"https:\\\/\\\/bilisimyildizlari.org.tr\\\/2021\\\/berqnet-firewall\",\"url\":\"https:\\\/\\\/bilisimyildizlari.org.tr\\\/2021\\\/berqnet-firewall\",\"name\":\"Berqnet Firewall - Bili\u015fim Y\u0131ld\u0131zlar\u0131 2021\",\"isPartOf\":{\"@id\":\"https:\\\/\\\/bilisimyildizlari.org.tr\\\/2021\\\/#website\"},\"datePublished\":\"2021-12-24T11:13:59+00:00\",\"dateModified\":\"2021-12-24T11:14:37+00:00\",\"breadcrumb\":{\"@id\":\"https:\\\/\\\/bilisimyildizlari.org.tr\\\/2021\\\/berqnet-firewall#breadcrumb\"},\"inLanguage\":\"tr\",\"potentialAction\":[{\"@type\":\"ReadAction\",\"target\":[\"https:\\\/\\\/bilisimyildizlari.org.tr\\\/2021\\\/berqnet-firewall\"]}]},{\"@type\":\"BreadcrumbList\",\"@id\":\"https:\\\/\\\/bilisimyildizlari.org.tr\\\/2021\\\/berqnet-firewall#breadcrumb\",\"itemListElement\":[{\"@type\":\"ListItem\",\"position\":1,\"name\":\"Anasayfa\",\"item\":\"https:\\\/\\\/bilisimyildizlari.org.tr\\\/2021\\\/\"},{\"@type\":\"ListItem\",\"position\":2,\"name\":\"Berqnet Firewall\"}]},{\"@type\":\"WebSite\",\"@id\":\"https:\\\/\\\/bilisimyildizlari.org.tr\\\/2021\\\/#website\",\"url\":\"https:\\\/\\\/bilisimyildizlari.org.tr\\\/2021\\\/\",\"name\":\"Bili\u015fim Y\u0131ld\u0131zlar\u0131 2021\",\"description\":\"TBD \u0130stanbul Bili\u015fim Y\u0131ld\u0131zlar\u0131 Yar\u0131\u015fmas\u0131\",\"publisher\":{\"@id\":\"https:\\\/\\\/bilisimyildizlari.org.tr\\\/2021\\\/#organization\"},\"potentialAction\":[{\"@type\":\"SearchAction\",\"target\":{\"@type\":\"EntryPoint\",\"urlTemplate\":\"https:\\\/\\\/bilisimyildizlari.org.tr\\\/2021\\\/?s={search_term_string}\"},\"query-input\":{\"@type\":\"PropertyValueSpecification\",\"valueRequired\":true,\"valueName\":\"search_term_string\"}}],\"inLanguage\":\"tr\"},{\"@type\":\"Organization\",\"@id\":\"https:\\\/\\\/bilisimyildizlari.org.tr\\\/2021\\\/#organization\",\"name\":\"Bili\u015fim Y\u0131ld\u0131zlar\u0131 2021\",\"url\":\"https:\\\/\\\/bilisimyildizlari.org.tr\\\/2021\\\/\",\"logo\":{\"@type\":\"ImageObject\",\"inLanguage\":\"tr\",\"@id\":\"https:\\\/\\\/bilisimyildizlari.org.tr\\\/2021\\\/#\\\/schema\\\/logo\\\/image\\\/\",\"url\":\"https:\\\/\\\/bilisimyildizlari.org.tr\\\/2021\\\/wp-content\\\/uploads\\\/sites\\\/2\\\/2021\\\/03\\\/TBD-50.-Yil-Logo-200px.png\",\"contentUrl\":\"https:\\\/\\\/bilisimyildizlari.org.tr\\\/2021\\\/wp-content\\\/uploads\\\/sites\\\/2\\\/2021\\\/03\\\/TBD-50.-Yil-Logo-200px.png\",\"width\":200,\"height\":136,\"caption\":\"Bili\u015fim Y\u0131ld\u0131zlar\u0131 2021\"},\"image\":{\"@id\":\"https:\\\/\\\/bilisimyildizlari.org.tr\\\/2021\\\/#\\\/schema\\\/logo\\\/image\\\/\"}}]}<\/script>\n<!-- \/ Yoast SEO plugin. -->","yoast_head_json":{"title":"Berqnet Firewall - Bili\u015fim Y\u0131ld\u0131zlar\u0131 2021","robots":{"index":"index","follow":"follow","max-snippet":"max-snippet:-1","max-image-preview":"max-image-preview:large","max-video-preview":"max-video-preview:-1"},"canonical":"https:\/\/bilisimyildizlari.org.tr\/2021\/berqnet-firewall","og_locale":"tr_TR","og_type":"article","og_title":"Berqnet Firewall - Bili\u015fim Y\u0131ld\u0131zlar\u0131 2021","og_description":"KURUM: Logo Siber G\u00fcvenlik ve A\u011f Teknolojileri A.\u015e. BA\u015eVURU SAH\u0130B\u0130: Serhat \u015eahin URL: https:\/\/berqnet.com\/ VIDEO URL: https:\/\/youtu.be\/Fh51YJKXrj4 \u00d6ZET: Berqnet, i\u015fletmelerin ihtiya\u00e7 duydu\u011fu siber g\u00fcvenlik ihtiya\u00e7lar\u0131na y\u00f6nelik \u201ctek \u00fcr\u00fcnde tam \u00e7\u00f6z\u00fcm\u201d hedefiyle geli\u015ftirilmi\u015f, ileri seviye uzmanl\u0131k gerektirmeden kurulum ve y\u00f6netim kolayl\u0131\u011f\u0131n\u0131 temel alan, yerli kaynaklar ve T\u00fcrk m\u00fchendisleri taraf\u0131ndan geli\u015ftirilmi\u015f \u00fclkemizin en \u00f6nemli firewall (g\u00fcvenlik duvar\u0131) &hellip;","og_url":"https:\/\/bilisimyildizlari.org.tr\/2021\/berqnet-firewall","og_site_name":"Bili\u015fim Y\u0131ld\u0131zlar\u0131 2021","article_modified_time":"2021-12-24T11:14:37+00:00","twitter_card":"summary_large_image","twitter_misc":{"Tahmini okuma s\u00fcresi":"2 dakika"},"schema":{"@context":"https:\/\/schema.org","@graph":[{"@type":"WebPage","@id":"https:\/\/bilisimyildizlari.org.tr\/2021\/berqnet-firewall","url":"https:\/\/bilisimyildizlari.org.tr\/2021\/berqnet-firewall","name":"Berqnet Firewall - Bili\u015fim Y\u0131ld\u0131zlar\u0131 2021","isPartOf":{"@id":"https:\/\/bilisimyildizlari.org.tr\/2021\/#website"},"datePublished":"2021-12-24T11:13:59+00:00","dateModified":"2021-12-24T11:14:37+00:00","breadcrumb":{"@id":"https:\/\/bilisimyildizlari.org.tr\/2021\/berqnet-firewall#breadcrumb"},"inLanguage":"tr","potentialAction":[{"@type":"ReadAction","target":["https:\/\/bilisimyildizlari.org.tr\/2021\/berqnet-firewall"]}]},{"@type":"BreadcrumbList","@id":"https:\/\/bilisimyildizlari.org.tr\/2021\/berqnet-firewall#breadcrumb","itemListElement":[{"@type":"ListItem","position":1,"name":"Anasayfa","item":"https:\/\/bilisimyildizlari.org.tr\/2021\/"},{"@type":"ListItem","position":2,"name":"Berqnet Firewall"}]},{"@type":"WebSite","@id":"https:\/\/bilisimyildizlari.org.tr\/2021\/#website","url":"https:\/\/bilisimyildizlari.org.tr\/2021\/","name":"Bili\u015fim Y\u0131ld\u0131zlar\u0131 2021","description":"TBD \u0130stanbul Bili\u015fim Y\u0131ld\u0131zlar\u0131 Yar\u0131\u015fmas\u0131","publisher":{"@id":"https:\/\/bilisimyildizlari.org.tr\/2021\/#organization"},"potentialAction":[{"@type":"SearchAction","target":{"@type":"EntryPoint","urlTemplate":"https:\/\/bilisimyildizlari.org.tr\/2021\/?s={search_term_string}"},"query-input":{"@type":"PropertyValueSpecification","valueRequired":true,"valueName":"search_term_string"}}],"inLanguage":"tr"},{"@type":"Organization","@id":"https:\/\/bilisimyildizlari.org.tr\/2021\/#organization","name":"Bili\u015fim Y\u0131ld\u0131zlar\u0131 2021","url":"https:\/\/bilisimyildizlari.org.tr\/2021\/","logo":{"@type":"ImageObject","inLanguage":"tr","@id":"https:\/\/bilisimyildizlari.org.tr\/2021\/#\/schema\/logo\/image\/","url":"https:\/\/bilisimyildizlari.org.tr\/2021\/wp-content\/uploads\/sites\/2\/2021\/03\/TBD-50.-Yil-Logo-200px.png","contentUrl":"https:\/\/bilisimyildizlari.org.tr\/2021\/wp-content\/uploads\/sites\/2\/2021\/03\/TBD-50.-Yil-Logo-200px.png","width":200,"height":136,"caption":"Bili\u015fim Y\u0131ld\u0131zlar\u0131 2021"},"image":{"@id":"https:\/\/bilisimyildizlari.org.tr\/2021\/#\/schema\/logo\/image\/"}}]}},"_links":{"self":[{"href":"https:\/\/bilisimyildizlari.org.tr\/2021\/wp-json\/wp\/v2\/pages\/1250","targetHints":{"allow":["GET"]}}],"collection":[{"href":"https:\/\/bilisimyildizlari.org.tr\/2021\/wp-json\/wp\/v2\/pages"}],"about":[{"href":"https:\/\/bilisimyildizlari.org.tr\/2021\/wp-json\/wp\/v2\/types\/page"}],"author":[{"embeddable":true,"href":"https:\/\/bilisimyildizlari.org.tr\/2021\/wp-json\/wp\/v2\/users\/4"}],"replies":[{"embeddable":true,"href":"https:\/\/bilisimyildizlari.org.tr\/2021\/wp-json\/wp\/v2\/comments?post=1250"}],"version-history":[{"count":0,"href":"https:\/\/bilisimyildizlari.org.tr\/2021\/wp-json\/wp\/v2\/pages\/1250\/revisions"}],"wp:attachment":[{"href":"https:\/\/bilisimyildizlari.org.tr\/2021\/wp-json\/wp\/v2\/media?parent=1250"}],"curies":[{"name":"wp","href":"https:\/\/api.w.org\/{rel}","templated":true}]}}