{"id":1254,"date":"2021-12-24T14:23:57","date_gmt":"2021-12-24T11:23:57","guid":{"rendered":"https:\/\/bilisimyildizlari.org.tr\/2021\/?page_id=1254"},"modified":"2021-12-24T14:23:58","modified_gmt":"2021-12-24T11:23:58","slug":"nlab","status":"publish","type":"page","link":"https:\/\/bilisimyildizlari.org.tr\/2021\/nlab","title":{"rendered":"NLab"},"content":{"rendered":"\n<p><strong>KURUM:<\/strong> Nara EdTech<\/p>\n\n\n\n<p><strong>BA\u015eVURU SAH\u0130B\u0130:<\/strong> Zafer Karaday\u0131<\/p>\n\n\n\n<p><strong>PROJE URL:<\/strong> <a href=\"https:\/\/nlab.nara.com.tr\/\" target=\"_blank\" rel=\"noreferrer noopener\">https:\/\/nlab.nara.com.tr\/<\/a><\/p>\n\n\n\n<p><strong>VIDEO URL:<\/strong> <a href=\"https:\/\/www.youtube.com\/watch?v=wTh7ZOV_GSM&amp;t=5s\" target=\"_blank\" rel=\"noreferrer noopener\">https:\/\/www.youtube.com\/watch?v=wTh7ZOV_GSM&amp;t=5s<\/a><\/p>\n\n\n\n<p><strong>\u00d6ZET: <\/strong>NLab kendine \u00f6zel bir bulut sistemi olan, AR, VR ve Web \u00fczerinden \u00e7al\u0131\u015fabilen geni\u015f kapsaml\u0131 bir e\u011fitim ve e\u011flence platformudur. AR\/VR teknolojilerini kullanarak e\u011fitimlerin interaktif ve daha iyi anla\u015f\u0131l\u0131r k\u0131lmay\u0131 hedefler. NLab\u2019\u0131n en temel amac\u0131 mesleki e\u011fitimde N-Lab sistemini kullanarak mesleki ve teknik becerileri m\u00fcmk\u00fcn olan en h\u0131zl\u0131 \u015fekilde kullan\u0131c\u0131lara kazand\u0131rmakt\u0131r.<\/p>\n\n\n\n<p><strong>AMA\u00c7:<\/strong> NLab \u00f6ncelikle mesleki e\u011fitimler i\u00e7in geli\u015ftirilmi\u015f bir uygulamad\u0131r. Sonras\u0131nda bu kapsam geni\u015fletilmi\u015f ve neredeyse t\u00fcm kullan\u0131c\u0131 gruplar\u0131na hitap eder hale getirilmi\u015ftir. Uygulaman\u0131n temel halinde herhangi bir \u00fc\u00e7 boyutlu modelleme program\u0131ndan modellenen \u00fc\u00e7 boyutlu objeler AR ve VR ortamda kullan\u0131c\u0131lar taraf\u0131ndan g\u00f6r\u00fcnt\u00fclenebilmekte ve transform ara\u00e7lar\u0131 (d\u00f6nd\u00fcrme, ta\u015f\u0131ma, oranlama gibi) ile detayl\u0131 bir \u015fekilde incelenebilmektedir. \u00d6rne\u011fin 3D bir kadavra modeli t\u0131p alan\u0131nda NLab \u00fcr\u00fcn\u00fcm\u00fcz kullan\u0131larak VR g\u00f6zl\u00fckler ile detayl\u0131 incelenebilir ve \u00fczerinde \u00e7e\u015fitli oynamalar yap\u0131labilir.<\/p>\n\n\n\n<p>NLab sundu\u011fu bu teknoloji ile bir \u015feyler tasarlayan ki\u015finin kendi tasarlad\u0131\u011f\u0131 ya da ba\u015fkalar\u0131n\u0131n tasarlad\u0131\u011f\u0131 nesneleri imalattan \u00f6nce detayl\u0131 olarak \u00f6l\u00e7ekli bir \u015fekilde AR,VR ve Web ortamlar\u0131nda incelenmesine olanak tan\u0131r. B\u00f6ylelikle imalattan sonra fark edilecek olan hatalar\u0131n \u00f6nceden fark edilmesi sa\u011flanarak b\u00fcy\u00fck bir \u00f6nlem al\u0131nm\u0131\u015f olur.<\/p>\n\n\n\n<p><strong>KAPSAM:<\/strong> NLab sundu\u011fu ya da sunaca\u011f\u0131 i\u00e7erikler ile K12, y\u00fcksek\u00f6\u011fretim, i\u015fba\u015f\u0131 e\u011fitimleri gibi bir\u00e7ok alan\u0131 kapsayacak ve geni\u015f bir i\u00e7erik havuzu ile t\u00fcm kullan\u0131c\u0131 gruplar\u0131na hitap edecektir. \u0130lkokuldan ba\u015flayarak i\u015fba\u015f\u0131na kadar geni\u015f bir skalaya hitap etmektedir.<\/p>\n","protected":false},"excerpt":{"rendered":"<p>KURUM: Nara EdTech BA\u015eVURU SAH\u0130B\u0130: Zafer Karaday\u0131 PROJE URL: https:\/\/nlab.nara.com.tr\/ VIDEO URL: https:\/\/www.youtube.com\/watch?v=wTh7ZOV_GSM&amp;t=5s \u00d6ZET: NLab kendine \u00f6zel bir bulut sistemi olan, AR, VR ve Web \u00fczerinden \u00e7al\u0131\u015fabilen geni\u015f kapsaml\u0131 bir e\u011fitim ve e\u011flence platformudur. AR\/VR teknolojilerini kullanarak e\u011fitimlerin interaktif ve daha iyi anla\u015f\u0131l\u0131r k\u0131lmay\u0131 hedefler. NLab\u2019\u0131n en temel amac\u0131 mesleki e\u011fitimde N-Lab sistemini kullanarak mesleki &hellip; <\/p>\n","protected":false},"author":4,"featured_media":0,"parent":0,"menu_order":0,"comment_status":"closed","ping_status":"closed","template":"","meta":{"footnotes":""},"class_list":["post-1254","page","type-page","status-publish","hentry"],"yoast_head":"<!-- This site is optimized with the Yoast SEO plugin v27.4 - https:\/\/yoast.com\/product\/yoast-seo-wordpress\/ -->\n<title>NLab - Bili\u015fim Y\u0131ld\u0131zlar\u0131 2021<\/title>\n<meta name=\"robots\" content=\"index, follow, max-snippet:-1, max-image-preview:large, max-video-preview:-1\" \/>\n<link rel=\"canonical\" href=\"https:\/\/bilisimyildizlari.org.tr\/2021\/nlab\" \/>\n<meta property=\"og:locale\" content=\"tr_TR\" \/>\n<meta property=\"og:type\" content=\"article\" \/>\n<meta property=\"og:title\" content=\"NLab - Bili\u015fim Y\u0131ld\u0131zlar\u0131 2021\" \/>\n<meta property=\"og:description\" content=\"KURUM: Nara EdTech BA\u015eVURU SAH\u0130B\u0130: Zafer Karaday\u0131 PROJE URL: https:\/\/nlab.nara.com.tr\/ VIDEO URL: https:\/\/www.youtube.com\/watch?v=wTh7ZOV_GSM&amp;t=5s \u00d6ZET: NLab kendine \u00f6zel bir bulut sistemi olan, AR, VR ve Web \u00fczerinden \u00e7al\u0131\u015fabilen geni\u015f kapsaml\u0131 bir e\u011fitim ve e\u011flence platformudur. AR\/VR teknolojilerini kullanarak e\u011fitimlerin interaktif ve daha iyi anla\u015f\u0131l\u0131r k\u0131lmay\u0131 hedefler. NLab\u2019\u0131n en temel amac\u0131 mesleki e\u011fitimde N-Lab sistemini kullanarak mesleki &hellip;\" \/>\n<meta property=\"og:url\" content=\"https:\/\/bilisimyildizlari.org.tr\/2021\/nlab\" \/>\n<meta property=\"og:site_name\" content=\"Bili\u015fim Y\u0131ld\u0131zlar\u0131 2021\" \/>\n<meta property=\"article:modified_time\" content=\"2021-12-24T11:23:58+00:00\" \/>\n<meta name=\"twitter:card\" content=\"summary_large_image\" \/>\n<meta name=\"twitter:label1\" content=\"Tahmini okuma s\u00fcresi\" \/>\n\t<meta name=\"twitter:data1\" content=\"2 dakika\" \/>\n<script type=\"application\/ld+json\" class=\"yoast-schema-graph\">{\"@context\":\"https:\\\/\\\/schema.org\",\"@graph\":[{\"@type\":\"WebPage\",\"@id\":\"https:\\\/\\\/bilisimyildizlari.org.tr\\\/2021\\\/nlab\",\"url\":\"https:\\\/\\\/bilisimyildizlari.org.tr\\\/2021\\\/nlab\",\"name\":\"NLab - Bili\u015fim Y\u0131ld\u0131zlar\u0131 2021\",\"isPartOf\":{\"@id\":\"https:\\\/\\\/bilisimyildizlari.org.tr\\\/2021\\\/#website\"},\"datePublished\":\"2021-12-24T11:23:57+00:00\",\"dateModified\":\"2021-12-24T11:23:58+00:00\",\"breadcrumb\":{\"@id\":\"https:\\\/\\\/bilisimyildizlari.org.tr\\\/2021\\\/nlab#breadcrumb\"},\"inLanguage\":\"tr\",\"potentialAction\":[{\"@type\":\"ReadAction\",\"target\":[\"https:\\\/\\\/bilisimyildizlari.org.tr\\\/2021\\\/nlab\"]}]},{\"@type\":\"BreadcrumbList\",\"@id\":\"https:\\\/\\\/bilisimyildizlari.org.tr\\\/2021\\\/nlab#breadcrumb\",\"itemListElement\":[{\"@type\":\"ListItem\",\"position\":1,\"name\":\"Anasayfa\",\"item\":\"https:\\\/\\\/bilisimyildizlari.org.tr\\\/2021\\\/\"},{\"@type\":\"ListItem\",\"position\":2,\"name\":\"NLab\"}]},{\"@type\":\"WebSite\",\"@id\":\"https:\\\/\\\/bilisimyildizlari.org.tr\\\/2021\\\/#website\",\"url\":\"https:\\\/\\\/bilisimyildizlari.org.tr\\\/2021\\\/\",\"name\":\"Bili\u015fim Y\u0131ld\u0131zlar\u0131 2021\",\"description\":\"TBD \u0130stanbul Bili\u015fim Y\u0131ld\u0131zlar\u0131 Yar\u0131\u015fmas\u0131\",\"publisher\":{\"@id\":\"https:\\\/\\\/bilisimyildizlari.org.tr\\\/2021\\\/#organization\"},\"potentialAction\":[{\"@type\":\"SearchAction\",\"target\":{\"@type\":\"EntryPoint\",\"urlTemplate\":\"https:\\\/\\\/bilisimyildizlari.org.tr\\\/2021\\\/?s={search_term_string}\"},\"query-input\":{\"@type\":\"PropertyValueSpecification\",\"valueRequired\":true,\"valueName\":\"search_term_string\"}}],\"inLanguage\":\"tr\"},{\"@type\":\"Organization\",\"@id\":\"https:\\\/\\\/bilisimyildizlari.org.tr\\\/2021\\\/#organization\",\"name\":\"Bili\u015fim Y\u0131ld\u0131zlar\u0131 2021\",\"url\":\"https:\\\/\\\/bilisimyildizlari.org.tr\\\/2021\\\/\",\"logo\":{\"@type\":\"ImageObject\",\"inLanguage\":\"tr\",\"@id\":\"https:\\\/\\\/bilisimyildizlari.org.tr\\\/2021\\\/#\\\/schema\\\/logo\\\/image\\\/\",\"url\":\"https:\\\/\\\/bilisimyildizlari.org.tr\\\/2021\\\/wp-content\\\/uploads\\\/sites\\\/2\\\/2021\\\/03\\\/TBD-50.-Yil-Logo-200px.png\",\"contentUrl\":\"https:\\\/\\\/bilisimyildizlari.org.tr\\\/2021\\\/wp-content\\\/uploads\\\/sites\\\/2\\\/2021\\\/03\\\/TBD-50.-Yil-Logo-200px.png\",\"width\":200,\"height\":136,\"caption\":\"Bili\u015fim Y\u0131ld\u0131zlar\u0131 2021\"},\"image\":{\"@id\":\"https:\\\/\\\/bilisimyildizlari.org.tr\\\/2021\\\/#\\\/schema\\\/logo\\\/image\\\/\"}}]}<\/script>\n<!-- \/ Yoast SEO plugin. -->","yoast_head_json":{"title":"NLab - Bili\u015fim Y\u0131ld\u0131zlar\u0131 2021","robots":{"index":"index","follow":"follow","max-snippet":"max-snippet:-1","max-image-preview":"max-image-preview:large","max-video-preview":"max-video-preview:-1"},"canonical":"https:\/\/bilisimyildizlari.org.tr\/2021\/nlab","og_locale":"tr_TR","og_type":"article","og_title":"NLab - Bili\u015fim Y\u0131ld\u0131zlar\u0131 2021","og_description":"KURUM: Nara EdTech BA\u015eVURU SAH\u0130B\u0130: Zafer Karaday\u0131 PROJE URL: https:\/\/nlab.nara.com.tr\/ VIDEO URL: https:\/\/www.youtube.com\/watch?v=wTh7ZOV_GSM&amp;t=5s \u00d6ZET: NLab kendine \u00f6zel bir bulut sistemi olan, AR, VR ve Web \u00fczerinden \u00e7al\u0131\u015fabilen geni\u015f kapsaml\u0131 bir e\u011fitim ve e\u011flence platformudur. AR\/VR teknolojilerini kullanarak e\u011fitimlerin interaktif ve daha iyi anla\u015f\u0131l\u0131r k\u0131lmay\u0131 hedefler. NLab\u2019\u0131n en temel amac\u0131 mesleki e\u011fitimde N-Lab sistemini kullanarak mesleki &hellip;","og_url":"https:\/\/bilisimyildizlari.org.tr\/2021\/nlab","og_site_name":"Bili\u015fim Y\u0131ld\u0131zlar\u0131 2021","article_modified_time":"2021-12-24T11:23:58+00:00","twitter_card":"summary_large_image","twitter_misc":{"Tahmini okuma s\u00fcresi":"2 dakika"},"schema":{"@context":"https:\/\/schema.org","@graph":[{"@type":"WebPage","@id":"https:\/\/bilisimyildizlari.org.tr\/2021\/nlab","url":"https:\/\/bilisimyildizlari.org.tr\/2021\/nlab","name":"NLab - Bili\u015fim Y\u0131ld\u0131zlar\u0131 2021","isPartOf":{"@id":"https:\/\/bilisimyildizlari.org.tr\/2021\/#website"},"datePublished":"2021-12-24T11:23:57+00:00","dateModified":"2021-12-24T11:23:58+00:00","breadcrumb":{"@id":"https:\/\/bilisimyildizlari.org.tr\/2021\/nlab#breadcrumb"},"inLanguage":"tr","potentialAction":[{"@type":"ReadAction","target":["https:\/\/bilisimyildizlari.org.tr\/2021\/nlab"]}]},{"@type":"BreadcrumbList","@id":"https:\/\/bilisimyildizlari.org.tr\/2021\/nlab#breadcrumb","itemListElement":[{"@type":"ListItem","position":1,"name":"Anasayfa","item":"https:\/\/bilisimyildizlari.org.tr\/2021\/"},{"@type":"ListItem","position":2,"name":"NLab"}]},{"@type":"WebSite","@id":"https:\/\/bilisimyildizlari.org.tr\/2021\/#website","url":"https:\/\/bilisimyildizlari.org.tr\/2021\/","name":"Bili\u015fim Y\u0131ld\u0131zlar\u0131 2021","description":"TBD \u0130stanbul Bili\u015fim Y\u0131ld\u0131zlar\u0131 Yar\u0131\u015fmas\u0131","publisher":{"@id":"https:\/\/bilisimyildizlari.org.tr\/2021\/#organization"},"potentialAction":[{"@type":"SearchAction","target":{"@type":"EntryPoint","urlTemplate":"https:\/\/bilisimyildizlari.org.tr\/2021\/?s={search_term_string}"},"query-input":{"@type":"PropertyValueSpecification","valueRequired":true,"valueName":"search_term_string"}}],"inLanguage":"tr"},{"@type":"Organization","@id":"https:\/\/bilisimyildizlari.org.tr\/2021\/#organization","name":"Bili\u015fim Y\u0131ld\u0131zlar\u0131 2021","url":"https:\/\/bilisimyildizlari.org.tr\/2021\/","logo":{"@type":"ImageObject","inLanguage":"tr","@id":"https:\/\/bilisimyildizlari.org.tr\/2021\/#\/schema\/logo\/image\/","url":"https:\/\/bilisimyildizlari.org.tr\/2021\/wp-content\/uploads\/sites\/2\/2021\/03\/TBD-50.-Yil-Logo-200px.png","contentUrl":"https:\/\/bilisimyildizlari.org.tr\/2021\/wp-content\/uploads\/sites\/2\/2021\/03\/TBD-50.-Yil-Logo-200px.png","width":200,"height":136,"caption":"Bili\u015fim Y\u0131ld\u0131zlar\u0131 2021"},"image":{"@id":"https:\/\/bilisimyildizlari.org.tr\/2021\/#\/schema\/logo\/image\/"}}]}},"_links":{"self":[{"href":"https:\/\/bilisimyildizlari.org.tr\/2021\/wp-json\/wp\/v2\/pages\/1254","targetHints":{"allow":["GET"]}}],"collection":[{"href":"https:\/\/bilisimyildizlari.org.tr\/2021\/wp-json\/wp\/v2\/pages"}],"about":[{"href":"https:\/\/bilisimyildizlari.org.tr\/2021\/wp-json\/wp\/v2\/types\/page"}],"author":[{"embeddable":true,"href":"https:\/\/bilisimyildizlari.org.tr\/2021\/wp-json\/wp\/v2\/users\/4"}],"replies":[{"embeddable":true,"href":"https:\/\/bilisimyildizlari.org.tr\/2021\/wp-json\/wp\/v2\/comments?post=1254"}],"version-history":[{"count":0,"href":"https:\/\/bilisimyildizlari.org.tr\/2021\/wp-json\/wp\/v2\/pages\/1254\/revisions"}],"wp:attachment":[{"href":"https:\/\/bilisimyildizlari.org.tr\/2021\/wp-json\/wp\/v2\/media?parent=1254"}],"curies":[{"name":"wp","href":"https:\/\/api.w.org\/{rel}","templated":true}]}}