{"id":1262,"date":"2021-12-24T14:31:16","date_gmt":"2021-12-24T11:31:16","guid":{"rendered":"https:\/\/bilisimyildizlari.org.tr\/2021\/?page_id=1262"},"modified":"2021-12-24T14:31:16","modified_gmt":"2021-12-24T11:31:16","slug":"ibs-smartus-projesi","status":"publish","type":"page","link":"https:\/\/bilisimyildizlari.org.tr\/2021\/ibs-smartus-projesi","title":{"rendered":"\u0130BS Smartus Projesi"},"content":{"rendered":"\n<p><strong>KURUM:<\/strong> \u0130stanbul B\u00fcy\u00fck\u015fehir Belediyesi<\/p>\n\n\n\n<p><strong>BA\u015eVURU SAH\u0130B\u0130:<\/strong> Erol \u00d6zg\u00fcner<\/p>\n\n\n\n<p><strong>\u00d6ZET: <\/strong>\u0130BB Smartus Projesi, \u0130stanbul\u2019daki kurulu\u015flar\u0131n ve sakinlerinin KVKK ve d\u00fczenleyici gereklilikleri kar\u015f\u0131layan verilerini do\u011frulamalar\u0131 ve payla\u015fmalar\u0131 i\u00e7in g\u00fcvenli ve izin tabanl\u0131 bir blok zincir a\u011f\u0131d\u0131r. Bu, bir belediyenin ayn\u0131 zamanda insanlar i\u00e7in sertifika ve dijital kimlik sa\u011flay\u0131c\u0131s\u0131 olarak da hizmet verdi\u011fi ve \u0130BB \u00e7evrimi\u00e7i hizmetlerini h\u0131zland\u0131rmak i\u00e7in KVKK uyumlu tam bir \u00e7\u00f6z\u00fcm sunan d\u00fcnyadaki ilk projedir. Vatanda\u015flar, do\u011falgaz ve su faturalar\u0131, \u0130BB\u2019nin (\u0130SMEK) halk e\u011fitim hizmetleri mezuniyet belgeleri dahil olmak \u00fczere \u00e7o\u011fu verisine \u015feffaf, uzla\u015fmaya dayal\u0131 bir blok zinciri a\u011f\u0131 ile eri\u015febilmektedir.<\/p>\n\n\n\n<p><strong>AMA\u00c7:<\/strong><\/p>\n\n\n\n<ul class=\"wp-block-list\"><li>Merkezile\u015ftirilmi\u015f dijital kimlik a\u011f\u0131 ihtiyac\u0131 olmas\u0131,<\/li><li>Noter tasdik zorunlulu\u011funun olmas\u0131,<\/li><li>Ki\u015fisel verilere\/belgelere her yerden ve her zaman eri\u015fme ihtiyac\u0131 olmas\u0131,<\/li><li>\u0130BB kurulu\u015flar\u0131na asl\u0131na uygun belgelerin sa\u011flanmas\u0131 i\u00e7in \u00e7ok fazla zaman harcanmas\u0131 ve<\/li><li>Vatanda\u015flara, kurulu\u015flar\u0131n verilerine eri\u015fimini kald\u0131rabilme yetene\u011fi sa\u011flama ihtiyac\u0131 gibi<\/li><\/ul>\n\n\n\n<p>KVKK zorluklar\u0131n\u0131n olmamas\u0131 bu projenin hayata ge\u00e7irilmesindeki itici g\u00fc\u00e7lerdir.<\/p>\n\n\n\n<p>B\u00fct\u00fcn bu ihtiya\u00e7lar\u0131 kar\u015f\u0131lama do\u011frultusunda vatanda\u015flarda blok zincir ile ilgili fark\u0131ndal\u0131k olu\u015fturulmas\u0131 da ama\u00e7lanm\u0131\u015ft\u0131r. Blok zincirin bir kripto para birimi olmad\u0131\u011f\u0131, da\u011f\u0131t\u0131lm\u0131\u015f bilgi i\u015flem sistemleri i\u00e7in bir \u00e7\u00f6z\u00fcm hatt\u0131 olu\u015fturmak ad\u0131na modern bir teknoloji oldu\u011funun kan\u0131tlanmas\u0131 ama\u00e7lanm\u0131\u015ft\u0131r. B\u00f6ylece yasal belgelerin tek elden do\u011frulan\u0131p, tekrar tekrar kullan\u0131lmas\u0131 da hedeflenmi\u015ftir.<\/p>\n\n\n\n<p><strong>KAPSAM:<\/strong> Kurulu\u015flar\u0131n herhangi bir veriyi ba\u015fka bir kurulu\u015fla payla\u015fmad\u0131\u011f\u0131n\u0131, ancak veri sahibinin kendisinin oldu\u011funu a\u00e7\u0131klamak zor oldu. Bu zorlu\u011fu a\u015fmak i\u00e7in t\u00fcm \u00f6nemli karar vericilerin projenin mobil uygulamas\u0131n\u0131 kullanmalar\u0131na karar verilmi\u015ftir. Vatanda\u015flar, kendi verilerine ula\u015fmaya ba\u015flad\u0131klar\u0131nda ve bu projenin b\u00fcy\u00fck zorluklar\u0131n ne kadar \u00fcstesinden geldi\u011fini anlad\u0131klar\u0131nda, s\u00fcrece adapte olmaya karar verdiler. Ba\u015fka bir deyi\u015fle; en b\u00fcy\u00fck zorluk teknolojinin kendisi de\u011fil, insanlard\u0131 ve bu zorluk, insanlar\u0131 do\u011frudan blok zincir teknolojisini kullanmaya davet ederek fark\u0131ndal\u0131k yaratarak \u00e7\u00f6z\u00fcld\u00fc.<\/p>\n","protected":false},"excerpt":{"rendered":"<p>KURUM: \u0130stanbul B\u00fcy\u00fck\u015fehir Belediyesi BA\u015eVURU SAH\u0130B\u0130: Erol \u00d6zg\u00fcner \u00d6ZET: \u0130BB Smartus Projesi, \u0130stanbul\u2019daki kurulu\u015flar\u0131n ve sakinlerinin KVKK ve d\u00fczenleyici gereklilikleri kar\u015f\u0131layan verilerini do\u011frulamalar\u0131 ve payla\u015fmalar\u0131 i\u00e7in g\u00fcvenli ve izin tabanl\u0131 bir blok zincir a\u011f\u0131d\u0131r. Bu, bir belediyenin ayn\u0131 zamanda insanlar i\u00e7in sertifika ve dijital kimlik sa\u011flay\u0131c\u0131s\u0131 olarak da hizmet verdi\u011fi ve \u0130BB \u00e7evrimi\u00e7i hizmetlerini h\u0131zland\u0131rmak &hellip; <\/p>\n","protected":false},"author":4,"featured_media":0,"parent":0,"menu_order":0,"comment_status":"closed","ping_status":"closed","template":"","meta":{"footnotes":""},"class_list":["post-1262","page","type-page","status-publish","hentry"],"yoast_head":"<!-- This site is optimized with the Yoast SEO plugin v27.6 - https:\/\/yoast.com\/product\/yoast-seo-wordpress\/ -->\n<title>\u0130BS Smartus Projesi - Bili\u015fim Y\u0131ld\u0131zlar\u0131 2021<\/title>\n<meta name=\"robots\" content=\"index, follow, max-snippet:-1, max-image-preview:large, max-video-preview:-1\" \/>\n<link rel=\"canonical\" href=\"https:\/\/bilisimyildizlari.org.tr\/2021\/ibs-smartus-projesi\" \/>\n<meta property=\"og:locale\" content=\"tr_TR\" \/>\n<meta property=\"og:type\" content=\"article\" \/>\n<meta property=\"og:title\" content=\"\u0130BS Smartus Projesi - Bili\u015fim Y\u0131ld\u0131zlar\u0131 2021\" \/>\n<meta property=\"og:description\" content=\"KURUM: \u0130stanbul B\u00fcy\u00fck\u015fehir Belediyesi BA\u015eVURU SAH\u0130B\u0130: Erol \u00d6zg\u00fcner \u00d6ZET: \u0130BB Smartus Projesi, \u0130stanbul\u2019daki kurulu\u015flar\u0131n ve sakinlerinin KVKK ve d\u00fczenleyici gereklilikleri kar\u015f\u0131layan verilerini do\u011frulamalar\u0131 ve payla\u015fmalar\u0131 i\u00e7in g\u00fcvenli ve izin tabanl\u0131 bir blok zincir a\u011f\u0131d\u0131r. Bu, bir belediyenin ayn\u0131 zamanda insanlar i\u00e7in sertifika ve dijital kimlik sa\u011flay\u0131c\u0131s\u0131 olarak da hizmet verdi\u011fi ve \u0130BB \u00e7evrimi\u00e7i hizmetlerini h\u0131zland\u0131rmak &hellip;\" \/>\n<meta property=\"og:url\" content=\"https:\/\/bilisimyildizlari.org.tr\/2021\/ibs-smartus-projesi\" \/>\n<meta property=\"og:site_name\" content=\"Bili\u015fim Y\u0131ld\u0131zlar\u0131 2021\" \/>\n<meta name=\"twitter:card\" content=\"summary_large_image\" \/>\n<meta name=\"twitter:label1\" content=\"Tahmini okuma s\u00fcresi\" \/>\n\t<meta name=\"twitter:data1\" content=\"2 dakika\" \/>\n<script type=\"application\/ld+json\" class=\"yoast-schema-graph\">{\"@context\":\"https:\\\/\\\/schema.org\",\"@graph\":[{\"@type\":\"WebPage\",\"@id\":\"https:\\\/\\\/bilisimyildizlari.org.tr\\\/2021\\\/ibs-smartus-projesi\",\"url\":\"https:\\\/\\\/bilisimyildizlari.org.tr\\\/2021\\\/ibs-smartus-projesi\",\"name\":\"\u0130BS Smartus Projesi - Bili\u015fim Y\u0131ld\u0131zlar\u0131 2021\",\"isPartOf\":{\"@id\":\"https:\\\/\\\/bilisimyildizlari.org.tr\\\/2021\\\/#website\"},\"datePublished\":\"2021-12-24T11:31:16+00:00\",\"breadcrumb\":{\"@id\":\"https:\\\/\\\/bilisimyildizlari.org.tr\\\/2021\\\/ibs-smartus-projesi#breadcrumb\"},\"inLanguage\":\"tr\",\"potentialAction\":[{\"@type\":\"ReadAction\",\"target\":[\"https:\\\/\\\/bilisimyildizlari.org.tr\\\/2021\\\/ibs-smartus-projesi\"]}]},{\"@type\":\"BreadcrumbList\",\"@id\":\"https:\\\/\\\/bilisimyildizlari.org.tr\\\/2021\\\/ibs-smartus-projesi#breadcrumb\",\"itemListElement\":[{\"@type\":\"ListItem\",\"position\":1,\"name\":\"Anasayfa\",\"item\":\"https:\\\/\\\/bilisimyildizlari.org.tr\\\/2021\\\/\"},{\"@type\":\"ListItem\",\"position\":2,\"name\":\"\u0130BS Smartus Projesi\"}]},{\"@type\":\"WebSite\",\"@id\":\"https:\\\/\\\/bilisimyildizlari.org.tr\\\/2021\\\/#website\",\"url\":\"https:\\\/\\\/bilisimyildizlari.org.tr\\\/2021\\\/\",\"name\":\"Bili\u015fim Y\u0131ld\u0131zlar\u0131 2021\",\"description\":\"TBD \u0130stanbul Bili\u015fim Y\u0131ld\u0131zlar\u0131 Yar\u0131\u015fmas\u0131\",\"publisher\":{\"@id\":\"https:\\\/\\\/bilisimyildizlari.org.tr\\\/2021\\\/#organization\"},\"potentialAction\":[{\"@type\":\"SearchAction\",\"target\":{\"@type\":\"EntryPoint\",\"urlTemplate\":\"https:\\\/\\\/bilisimyildizlari.org.tr\\\/2021\\\/?s={search_term_string}\"},\"query-input\":{\"@type\":\"PropertyValueSpecification\",\"valueRequired\":true,\"valueName\":\"search_term_string\"}}],\"inLanguage\":\"tr\"},{\"@type\":\"Organization\",\"@id\":\"https:\\\/\\\/bilisimyildizlari.org.tr\\\/2021\\\/#organization\",\"name\":\"Bili\u015fim Y\u0131ld\u0131zlar\u0131 2021\",\"url\":\"https:\\\/\\\/bilisimyildizlari.org.tr\\\/2021\\\/\",\"logo\":{\"@type\":\"ImageObject\",\"inLanguage\":\"tr\",\"@id\":\"https:\\\/\\\/bilisimyildizlari.org.tr\\\/2021\\\/#\\\/schema\\\/logo\\\/image\\\/\",\"url\":\"https:\\\/\\\/bilisimyildizlari.org.tr\\\/2021\\\/wp-content\\\/uploads\\\/sites\\\/2\\\/2021\\\/03\\\/TBD-50.-Yil-Logo-200px.png\",\"contentUrl\":\"https:\\\/\\\/bilisimyildizlari.org.tr\\\/2021\\\/wp-content\\\/uploads\\\/sites\\\/2\\\/2021\\\/03\\\/TBD-50.-Yil-Logo-200px.png\",\"width\":200,\"height\":136,\"caption\":\"Bili\u015fim Y\u0131ld\u0131zlar\u0131 2021\"},\"image\":{\"@id\":\"https:\\\/\\\/bilisimyildizlari.org.tr\\\/2021\\\/#\\\/schema\\\/logo\\\/image\\\/\"}}]}<\/script>\n<!-- \/ Yoast SEO plugin. -->","yoast_head_json":{"title":"\u0130BS Smartus Projesi - Bili\u015fim Y\u0131ld\u0131zlar\u0131 2021","robots":{"index":"index","follow":"follow","max-snippet":"max-snippet:-1","max-image-preview":"max-image-preview:large","max-video-preview":"max-video-preview:-1"},"canonical":"https:\/\/bilisimyildizlari.org.tr\/2021\/ibs-smartus-projesi","og_locale":"tr_TR","og_type":"article","og_title":"\u0130BS Smartus Projesi - Bili\u015fim Y\u0131ld\u0131zlar\u0131 2021","og_description":"KURUM: \u0130stanbul B\u00fcy\u00fck\u015fehir Belediyesi BA\u015eVURU SAH\u0130B\u0130: Erol \u00d6zg\u00fcner \u00d6ZET: \u0130BB Smartus Projesi, \u0130stanbul\u2019daki kurulu\u015flar\u0131n ve sakinlerinin KVKK ve d\u00fczenleyici gereklilikleri kar\u015f\u0131layan verilerini do\u011frulamalar\u0131 ve payla\u015fmalar\u0131 i\u00e7in g\u00fcvenli ve izin tabanl\u0131 bir blok zincir a\u011f\u0131d\u0131r. Bu, bir belediyenin ayn\u0131 zamanda insanlar i\u00e7in sertifika ve dijital kimlik sa\u011flay\u0131c\u0131s\u0131 olarak da hizmet verdi\u011fi ve \u0130BB \u00e7evrimi\u00e7i hizmetlerini h\u0131zland\u0131rmak &hellip;","og_url":"https:\/\/bilisimyildizlari.org.tr\/2021\/ibs-smartus-projesi","og_site_name":"Bili\u015fim Y\u0131ld\u0131zlar\u0131 2021","twitter_card":"summary_large_image","twitter_misc":{"Tahmini okuma s\u00fcresi":"2 dakika"},"schema":{"@context":"https:\/\/schema.org","@graph":[{"@type":"WebPage","@id":"https:\/\/bilisimyildizlari.org.tr\/2021\/ibs-smartus-projesi","url":"https:\/\/bilisimyildizlari.org.tr\/2021\/ibs-smartus-projesi","name":"\u0130BS Smartus Projesi - Bili\u015fim Y\u0131ld\u0131zlar\u0131 2021","isPartOf":{"@id":"https:\/\/bilisimyildizlari.org.tr\/2021\/#website"},"datePublished":"2021-12-24T11:31:16+00:00","breadcrumb":{"@id":"https:\/\/bilisimyildizlari.org.tr\/2021\/ibs-smartus-projesi#breadcrumb"},"inLanguage":"tr","potentialAction":[{"@type":"ReadAction","target":["https:\/\/bilisimyildizlari.org.tr\/2021\/ibs-smartus-projesi"]}]},{"@type":"BreadcrumbList","@id":"https:\/\/bilisimyildizlari.org.tr\/2021\/ibs-smartus-projesi#breadcrumb","itemListElement":[{"@type":"ListItem","position":1,"name":"Anasayfa","item":"https:\/\/bilisimyildizlari.org.tr\/2021\/"},{"@type":"ListItem","position":2,"name":"\u0130BS Smartus Projesi"}]},{"@type":"WebSite","@id":"https:\/\/bilisimyildizlari.org.tr\/2021\/#website","url":"https:\/\/bilisimyildizlari.org.tr\/2021\/","name":"Bili\u015fim Y\u0131ld\u0131zlar\u0131 2021","description":"TBD \u0130stanbul Bili\u015fim Y\u0131ld\u0131zlar\u0131 Yar\u0131\u015fmas\u0131","publisher":{"@id":"https:\/\/bilisimyildizlari.org.tr\/2021\/#organization"},"potentialAction":[{"@type":"SearchAction","target":{"@type":"EntryPoint","urlTemplate":"https:\/\/bilisimyildizlari.org.tr\/2021\/?s={search_term_string}"},"query-input":{"@type":"PropertyValueSpecification","valueRequired":true,"valueName":"search_term_string"}}],"inLanguage":"tr"},{"@type":"Organization","@id":"https:\/\/bilisimyildizlari.org.tr\/2021\/#organization","name":"Bili\u015fim Y\u0131ld\u0131zlar\u0131 2021","url":"https:\/\/bilisimyildizlari.org.tr\/2021\/","logo":{"@type":"ImageObject","inLanguage":"tr","@id":"https:\/\/bilisimyildizlari.org.tr\/2021\/#\/schema\/logo\/image\/","url":"https:\/\/bilisimyildizlari.org.tr\/2021\/wp-content\/uploads\/sites\/2\/2021\/03\/TBD-50.-Yil-Logo-200px.png","contentUrl":"https:\/\/bilisimyildizlari.org.tr\/2021\/wp-content\/uploads\/sites\/2\/2021\/03\/TBD-50.-Yil-Logo-200px.png","width":200,"height":136,"caption":"Bili\u015fim Y\u0131ld\u0131zlar\u0131 2021"},"image":{"@id":"https:\/\/bilisimyildizlari.org.tr\/2021\/#\/schema\/logo\/image\/"}}]}},"_links":{"self":[{"href":"https:\/\/bilisimyildizlari.org.tr\/2021\/wp-json\/wp\/v2\/pages\/1262","targetHints":{"allow":["GET"]}}],"collection":[{"href":"https:\/\/bilisimyildizlari.org.tr\/2021\/wp-json\/wp\/v2\/pages"}],"about":[{"href":"https:\/\/bilisimyildizlari.org.tr\/2021\/wp-json\/wp\/v2\/types\/page"}],"author":[{"embeddable":true,"href":"https:\/\/bilisimyildizlari.org.tr\/2021\/wp-json\/wp\/v2\/users\/4"}],"replies":[{"embeddable":true,"href":"https:\/\/bilisimyildizlari.org.tr\/2021\/wp-json\/wp\/v2\/comments?post=1262"}],"version-history":[{"count":0,"href":"https:\/\/bilisimyildizlari.org.tr\/2021\/wp-json\/wp\/v2\/pages\/1262\/revisions"}],"wp:attachment":[{"href":"https:\/\/bilisimyildizlari.org.tr\/2021\/wp-json\/wp\/v2\/media?parent=1262"}],"curies":[{"name":"wp","href":"https:\/\/api.w.org\/{rel}","templated":true}]}}