{"id":1264,"date":"2021-12-24T14:34:03","date_gmt":"2021-12-24T11:34:03","guid":{"rendered":"https:\/\/bilisimyildizlari.org.tr\/2021\/?page_id=1264"},"modified":"2021-12-24T14:35:09","modified_gmt":"2021-12-24T11:35:09","slug":"bizizmir-projesi","status":"publish","type":"page","link":"https:\/\/bilisimyildizlari.org.tr\/2021\/bizizmir-projesi","title":{"rendered":"Biz\u0130zmir Projesi"},"content":{"rendered":"\n<p><strong>KURUM:<\/strong> \u0130zmir B\u00fcy\u00fck\u015fehir Belediyesi<\/p>\n\n\n\n<p><strong>BA\u015eVURU SAH\u0130B\u0130:<\/strong> Ahmet Ata Temiz<\/p>\n\n\n\n<p><strong>URL:<\/strong> htt<a href=\"\/\/www.bizizmir.com\/\" target=\"_blank\" rel=\"noreferrer noopener\">ps:\/\/www.bizizmir.com\/<\/a><\/p>\n\n\n\n<p><strong>\u00d6ZET:<\/strong> Projeye ait uygulamas\u0131 ile hem\u015feriler \u0130zmir ile ilgili kararlarda s\u00f6z sahibi olabilir; Sosyal Yard\u0131mlardan Ula\u015f\u0131m Bilgilerine, Ya\u015fam Haritalar\u0131ndan K\u00fclt\u00fcr Sanat Etkinliklerine, \u00c7evrimi\u00e7i K\u00fct\u00fcphane\u2019den \u015eeffaf Y\u00f6netim anlay\u0131\u015f\u0131na kadar geni\u015f yelpazede her t\u00fcrl\u00fc bilgi ve belgelere eri\u015febilir. Bunlar\u0131n yan\u0131nda \u0130BB\u2019den online hizmet alabilir, her t\u00fcrl\u00fc belediye i\u015flemlerini halledebilir; hava durumundan trafik durumuna kent ile ilgili bilgileri alabilir, kent hayat\u0131n\u0131 kolayla\u015ft\u0131rabilir. Biz\u0130zmir Projesi, t\u00fcm hem\u015feriler taraf\u0131ndan eri\u015filebilir olma prensibi ile haz\u0131rlanm\u0131\u015ft\u0131r. Dijital Kent Meydan\u0131 olmas\u0131n\u0131n yan\u0131 s\u0131ra \u0130zmirlinin ki\u015fisel asistan\u0131 olarak konumland\u0131r\u0131larak T\u00fcrkiye\u2019de bir ilki ger\u00e7ekle\u015ftirmektedir. \u0130\u00e7eri\u011finde genel ve b\u00f6lgesel kat\u0131l\u0131m sa\u011flayabilen dinamik anketler, fikir payla\u015f\u0131m platformlar\u0131 ile kat\u0131l\u0131mc\u0131l\u0131\u011f\u0131 ve demokrasiyi desteklerken, ba\u015fkan\u0131n mal beyan\u0131n\u0131, kurumun proje bazl\u0131 hedef durumlar\u0131n\u0131, b\u00fct\u00e7esini, ihalelerini, meclis ve enc\u00fcmen toplant\u0131lar\u0131n\u0131 \u015feffaf bir \u015fekilde tek bir noktadan yay\u0131nlar. Ya\u015fad\u0131klar\u0131 b\u00f6lgenin hava derecesini g\u00f6sterirken tercih edildi\u011fi takdirde &#8220;\u00e7\u0131k\u0131\u015f ve var\u0131\u015f&#8221; noktalar\u0131 aras\u0131ndaki trafik durumunu sunarken \u015fehrin genel trafi\u011fini de rahatlatmaktad\u0131r. Ayr\u0131ca projede BizPuan olarak adland\u0131r\u0131lan, birlikte ya\u015fam bilincini artt\u0131rmak ve sosyal dayan\u0131\u015fma k\u00fclt\u00fcr\u00fcn\u00fc yayg\u0131nla\u015ft\u0131rmak amac\u0131yla \u0130zmir\u2019in ve \u0130zmirliler \u2019in sorunlar\u0131n\u0131 yurtta\u015f kat\u0131l\u0131m\u0131yla \u00e7\u00f6zd\u00fc\u011f\u00fc bir dijital imece uygulamas\u0131 i\u00e7ermektedir.<\/p>\n\n\n\n<p><strong>AMA\u00c7:<\/strong><\/p>\n\n\n\n<ul class=\"wp-block-list\"><li>Kat\u0131l\u0131mc\u0131 demokrasiyi kent baz\u0131nda hayata ge\u00e7irmek.<\/li><li>B\u00fct\u00fcnc\u00fcl yakla\u015f\u0131mla t\u00fcm belediye hizmetlerine, sosyal dayan\u0131\u015fma platformuna kolay eri\u015fim sa\u011flamak.<\/li><li>Hem\u015ferinin tek uygulama \u00fczerinden t\u00fcm i\u015flemlerinin takibini yapabilmesini sa\u011flamak<\/li><li>Belediyemiz b\u00fcnyesindeki t\u00fcm birimlere gelen ba\u015fvurular\u0131n tek bir yerde toplanarak maksimum verimi sa\u011flamak<\/li><li>Ki\u015fisel asistan ile hem\u015ferilerimize daha h\u0131zl\u0131 hizmet sunabilmek.<\/li><li>Hava \u2013 yol \u2013 fen i\u015fleri \u00e7al\u0131\u015fma alanlar\u0131n\u0131n bilgisini sunarak hem hem\u015ferimize alternatif g\u00fczergahlar\u0131 g\u00f6stermek; hem de kentin trafi\u011fini rahatlatmak ve \u00e7al\u0131\u015fmalar\u0131n kentliye s\u0131k\u0131nt\u0131 yaratmamas\u0131n\u0131 sa\u011flamak.<\/li><li>2020 y\u0131l\u0131nda ya\u015fad\u0131\u011f\u0131m\u0131z deprem gibi do\u011fal afetlerde h\u0131zl\u0131 manevra alabilmek i\u00e7in platform olu\u015fturmak.<\/li><li>\u015eeffaf, hesap verebilir ve \u00e7ok payda\u015fl\u0131 bir yap\u0131yla \u015fehri y\u00f6netmenin \u00f6nemine inanan \u0130zmir B\u00fcy\u00fck\u015fehir Belediyesi\u2019nin vizyonuna b\u00fcy\u00fck \u00f6l\u00e7\u00fcde destek sa\u011flamak.<\/li><\/ul>\n\n\n\n<p><strong>KAPSAM:<\/strong> Biz\u0130zmir Projesi\u2019nin hedef kitlesi; t\u00fcm \u0130zmirli yani \u0130zmir\u2019de ya\u015fayanlard\u0131r. Bu nedenle hem uygulama hem de web sitesi \u00fczerinden kullan\u0131labilmektedir. Uygulama faaliyetlerinin \u00f6l\u00e7eklenebilirli\u011fi; projenin esnek olmas\u0131na imkan verir. Dijital Kent Meydan\u0131 olarak adland\u0131rd\u0131\u011f\u0131m\u0131z b\u00f6l\u00fcm\u00fcn i\u00e7indeki hizmetler yani \u0130zmir B\u00fcy\u00fck\u015fehir Belediyesi taraf\u0131ndan oylamaya sunulan kent projeleri; hem\u015feriler taraf\u0131ndan gelecek \u00f6neriler ve yine bu \u00f6nerilerin hem\u015feriler taraf\u0131ndan desteklenip elenmesi gibi s\u00fcre\u00e7lerle Biz\u0130zmir Projesi de i\u00e7erik a\u00e7\u0131s\u0131ndan geli\u015fir. Ki\u015fisel Asistan olarak adland\u0131rd\u0131\u011f\u0131m\u0131z hizmetlerle de hem hem\u015ferilerimizin hem de genel kent hayat\u0131n\u0131n daha kaliteli bir seviyeye ta\u015f\u0131nmas\u0131n\u0131 sa\u011flar ve geri d\u00f6n\u00fc\u015flerle \u0130zmir B\u00fcy\u00fck\u015fehir Belediyesi hedef projelerinin \u00f6nceliklendirilmesinde rol oynar.<\/p>\n\n\n\n<p>Biz\u0130zmir Projesi; bir \u0130zmir B\u00fcy\u00fck\u015fehir Belediyesi hizmeti olmakla birlikte di\u011fer \u015fehirlere ve sakinlerine de hizmet verebilecek niteliktedir. Uygulama, di\u011fer \u015fehirlere \u00f6rnek olabilecek nitelikte olup, hizmet kapsam\u0131 \u0130zmir B\u00fcy\u00fck\u015fehir Belediyesi sorumluluk sahas\u0131d\u0131r. Projenin kullan\u0131c\u0131lar\u0131; Biz\u0130zmir \u00fcyesi olan ki\u015filerdir. \u015eu anki \u00fcye say\u0131s\u0131 60354\u2019dir. \u00d6zellikle Ki\u015fisel Asistan b\u00f6l\u00fcm\u00fcn\u00fc kullan\u0131m performans\u0131, ak\u0131ll\u0131 mobil cihaz kullan\u0131m say\u0131s\u0131 ile s\u0131n\u0131rl\u0131 olup di\u011fer \u00f6zelliklere (sosyal yard\u0131mlara ba\u015fvuru, kent haritalar\u0131, \u0130zmirim Kart y\u00fckleme vb. hizmetler) web sitesi \u00fczerinden ula\u015f\u0131labilir.<\/p>\n","protected":false},"excerpt":{"rendered":"<p>KURUM: \u0130zmir B\u00fcy\u00fck\u015fehir Belediyesi BA\u015eVURU SAH\u0130B\u0130: Ahmet Ata Temiz URL: https:\/\/www.bizizmir.com\/ \u00d6ZET: Projeye ait uygulamas\u0131 ile hem\u015feriler \u0130zmir ile ilgili kararlarda s\u00f6z sahibi olabilir; Sosyal Yard\u0131mlardan Ula\u015f\u0131m Bilgilerine, Ya\u015fam Haritalar\u0131ndan K\u00fclt\u00fcr Sanat Etkinliklerine, \u00c7evrimi\u00e7i K\u00fct\u00fcphane\u2019den \u015eeffaf Y\u00f6netim anlay\u0131\u015f\u0131na kadar geni\u015f yelpazede her t\u00fcrl\u00fc bilgi ve belgelere eri\u015febilir. Bunlar\u0131n yan\u0131nda \u0130BB\u2019den online hizmet alabilir, her t\u00fcrl\u00fc &hellip; <\/p>\n","protected":false},"author":4,"featured_media":0,"parent":0,"menu_order":0,"comment_status":"closed","ping_status":"closed","template":"","meta":{"footnotes":""},"class_list":["post-1264","page","type-page","status-publish","hentry"],"yoast_head":"<!-- This site is optimized with the Yoast SEO plugin v27.6 - https:\/\/yoast.com\/product\/yoast-seo-wordpress\/ -->\n<title>Biz\u0130zmir Projesi - Bili\u015fim Y\u0131ld\u0131zlar\u0131 2021<\/title>\n<meta name=\"robots\" content=\"index, follow, max-snippet:-1, max-image-preview:large, max-video-preview:-1\" \/>\n<link rel=\"canonical\" href=\"https:\/\/bilisimyildizlari.org.tr\/2021\/bizizmir-projesi\" \/>\n<meta property=\"og:locale\" content=\"tr_TR\" \/>\n<meta property=\"og:type\" content=\"article\" \/>\n<meta property=\"og:title\" content=\"Biz\u0130zmir Projesi - Bili\u015fim Y\u0131ld\u0131zlar\u0131 2021\" \/>\n<meta property=\"og:description\" content=\"KURUM: \u0130zmir B\u00fcy\u00fck\u015fehir Belediyesi BA\u015eVURU SAH\u0130B\u0130: Ahmet Ata Temiz URL: https:\/\/www.bizizmir.com\/ \u00d6ZET: Projeye ait uygulamas\u0131 ile hem\u015feriler \u0130zmir ile ilgili kararlarda s\u00f6z sahibi olabilir; Sosyal Yard\u0131mlardan Ula\u015f\u0131m Bilgilerine, Ya\u015fam Haritalar\u0131ndan K\u00fclt\u00fcr Sanat Etkinliklerine, \u00c7evrimi\u00e7i K\u00fct\u00fcphane\u2019den \u015eeffaf Y\u00f6netim anlay\u0131\u015f\u0131na kadar geni\u015f yelpazede her t\u00fcrl\u00fc bilgi ve belgelere eri\u015febilir. Bunlar\u0131n yan\u0131nda \u0130BB\u2019den online hizmet alabilir, her t\u00fcrl\u00fc &hellip;\" \/>\n<meta property=\"og:url\" content=\"https:\/\/bilisimyildizlari.org.tr\/2021\/bizizmir-projesi\" \/>\n<meta property=\"og:site_name\" content=\"Bili\u015fim Y\u0131ld\u0131zlar\u0131 2021\" \/>\n<meta property=\"article:modified_time\" content=\"2021-12-24T11:35:09+00:00\" \/>\n<meta name=\"twitter:card\" content=\"summary_large_image\" \/>\n<meta name=\"twitter:label1\" content=\"Tahmini okuma s\u00fcresi\" \/>\n\t<meta name=\"twitter:data1\" content=\"3 dakika\" \/>\n<script type=\"application\/ld+json\" class=\"yoast-schema-graph\">{\"@context\":\"https:\\\/\\\/schema.org\",\"@graph\":[{\"@type\":\"WebPage\",\"@id\":\"https:\\\/\\\/bilisimyildizlari.org.tr\\\/2021\\\/bizizmir-projesi\",\"url\":\"https:\\\/\\\/bilisimyildizlari.org.tr\\\/2021\\\/bizizmir-projesi\",\"name\":\"Biz\u0130zmir Projesi - Bili\u015fim Y\u0131ld\u0131zlar\u0131 2021\",\"isPartOf\":{\"@id\":\"https:\\\/\\\/bilisimyildizlari.org.tr\\\/2021\\\/#website\"},\"datePublished\":\"2021-12-24T11:34:03+00:00\",\"dateModified\":\"2021-12-24T11:35:09+00:00\",\"breadcrumb\":{\"@id\":\"https:\\\/\\\/bilisimyildizlari.org.tr\\\/2021\\\/bizizmir-projesi#breadcrumb\"},\"inLanguage\":\"tr\",\"potentialAction\":[{\"@type\":\"ReadAction\",\"target\":[\"https:\\\/\\\/bilisimyildizlari.org.tr\\\/2021\\\/bizizmir-projesi\"]}]},{\"@type\":\"BreadcrumbList\",\"@id\":\"https:\\\/\\\/bilisimyildizlari.org.tr\\\/2021\\\/bizizmir-projesi#breadcrumb\",\"itemListElement\":[{\"@type\":\"ListItem\",\"position\":1,\"name\":\"Anasayfa\",\"item\":\"https:\\\/\\\/bilisimyildizlari.org.tr\\\/2021\\\/\"},{\"@type\":\"ListItem\",\"position\":2,\"name\":\"Biz\u0130zmir Projesi\"}]},{\"@type\":\"WebSite\",\"@id\":\"https:\\\/\\\/bilisimyildizlari.org.tr\\\/2021\\\/#website\",\"url\":\"https:\\\/\\\/bilisimyildizlari.org.tr\\\/2021\\\/\",\"name\":\"Bili\u015fim Y\u0131ld\u0131zlar\u0131 2021\",\"description\":\"TBD \u0130stanbul Bili\u015fim Y\u0131ld\u0131zlar\u0131 Yar\u0131\u015fmas\u0131\",\"publisher\":{\"@id\":\"https:\\\/\\\/bilisimyildizlari.org.tr\\\/2021\\\/#organization\"},\"potentialAction\":[{\"@type\":\"SearchAction\",\"target\":{\"@type\":\"EntryPoint\",\"urlTemplate\":\"https:\\\/\\\/bilisimyildizlari.org.tr\\\/2021\\\/?s={search_term_string}\"},\"query-input\":{\"@type\":\"PropertyValueSpecification\",\"valueRequired\":true,\"valueName\":\"search_term_string\"}}],\"inLanguage\":\"tr\"},{\"@type\":\"Organization\",\"@id\":\"https:\\\/\\\/bilisimyildizlari.org.tr\\\/2021\\\/#organization\",\"name\":\"Bili\u015fim Y\u0131ld\u0131zlar\u0131 2021\",\"url\":\"https:\\\/\\\/bilisimyildizlari.org.tr\\\/2021\\\/\",\"logo\":{\"@type\":\"ImageObject\",\"inLanguage\":\"tr\",\"@id\":\"https:\\\/\\\/bilisimyildizlari.org.tr\\\/2021\\\/#\\\/schema\\\/logo\\\/image\\\/\",\"url\":\"https:\\\/\\\/bilisimyildizlari.org.tr\\\/2021\\\/wp-content\\\/uploads\\\/sites\\\/2\\\/2021\\\/03\\\/TBD-50.-Yil-Logo-200px.png\",\"contentUrl\":\"https:\\\/\\\/bilisimyildizlari.org.tr\\\/2021\\\/wp-content\\\/uploads\\\/sites\\\/2\\\/2021\\\/03\\\/TBD-50.-Yil-Logo-200px.png\",\"width\":200,\"height\":136,\"caption\":\"Bili\u015fim Y\u0131ld\u0131zlar\u0131 2021\"},\"image\":{\"@id\":\"https:\\\/\\\/bilisimyildizlari.org.tr\\\/2021\\\/#\\\/schema\\\/logo\\\/image\\\/\"}}]}<\/script>\n<!-- \/ Yoast SEO plugin. -->","yoast_head_json":{"title":"Biz\u0130zmir Projesi - Bili\u015fim Y\u0131ld\u0131zlar\u0131 2021","robots":{"index":"index","follow":"follow","max-snippet":"max-snippet:-1","max-image-preview":"max-image-preview:large","max-video-preview":"max-video-preview:-1"},"canonical":"https:\/\/bilisimyildizlari.org.tr\/2021\/bizizmir-projesi","og_locale":"tr_TR","og_type":"article","og_title":"Biz\u0130zmir Projesi - Bili\u015fim Y\u0131ld\u0131zlar\u0131 2021","og_description":"KURUM: \u0130zmir B\u00fcy\u00fck\u015fehir Belediyesi BA\u015eVURU SAH\u0130B\u0130: Ahmet Ata Temiz URL: https:\/\/www.bizizmir.com\/ \u00d6ZET: Projeye ait uygulamas\u0131 ile hem\u015feriler \u0130zmir ile ilgili kararlarda s\u00f6z sahibi olabilir; Sosyal Yard\u0131mlardan Ula\u015f\u0131m Bilgilerine, Ya\u015fam Haritalar\u0131ndan K\u00fclt\u00fcr Sanat Etkinliklerine, \u00c7evrimi\u00e7i K\u00fct\u00fcphane\u2019den \u015eeffaf Y\u00f6netim anlay\u0131\u015f\u0131na kadar geni\u015f yelpazede her t\u00fcrl\u00fc bilgi ve belgelere eri\u015febilir. Bunlar\u0131n yan\u0131nda \u0130BB\u2019den online hizmet alabilir, her t\u00fcrl\u00fc &hellip;","og_url":"https:\/\/bilisimyildizlari.org.tr\/2021\/bizizmir-projesi","og_site_name":"Bili\u015fim Y\u0131ld\u0131zlar\u0131 2021","article_modified_time":"2021-12-24T11:35:09+00:00","twitter_card":"summary_large_image","twitter_misc":{"Tahmini okuma s\u00fcresi":"3 dakika"},"schema":{"@context":"https:\/\/schema.org","@graph":[{"@type":"WebPage","@id":"https:\/\/bilisimyildizlari.org.tr\/2021\/bizizmir-projesi","url":"https:\/\/bilisimyildizlari.org.tr\/2021\/bizizmir-projesi","name":"Biz\u0130zmir Projesi - Bili\u015fim Y\u0131ld\u0131zlar\u0131 2021","isPartOf":{"@id":"https:\/\/bilisimyildizlari.org.tr\/2021\/#website"},"datePublished":"2021-12-24T11:34:03+00:00","dateModified":"2021-12-24T11:35:09+00:00","breadcrumb":{"@id":"https:\/\/bilisimyildizlari.org.tr\/2021\/bizizmir-projesi#breadcrumb"},"inLanguage":"tr","potentialAction":[{"@type":"ReadAction","target":["https:\/\/bilisimyildizlari.org.tr\/2021\/bizizmir-projesi"]}]},{"@type":"BreadcrumbList","@id":"https:\/\/bilisimyildizlari.org.tr\/2021\/bizizmir-projesi#breadcrumb","itemListElement":[{"@type":"ListItem","position":1,"name":"Anasayfa","item":"https:\/\/bilisimyildizlari.org.tr\/2021\/"},{"@type":"ListItem","position":2,"name":"Biz\u0130zmir Projesi"}]},{"@type":"WebSite","@id":"https:\/\/bilisimyildizlari.org.tr\/2021\/#website","url":"https:\/\/bilisimyildizlari.org.tr\/2021\/","name":"Bili\u015fim Y\u0131ld\u0131zlar\u0131 2021","description":"TBD \u0130stanbul Bili\u015fim Y\u0131ld\u0131zlar\u0131 Yar\u0131\u015fmas\u0131","publisher":{"@id":"https:\/\/bilisimyildizlari.org.tr\/2021\/#organization"},"potentialAction":[{"@type":"SearchAction","target":{"@type":"EntryPoint","urlTemplate":"https:\/\/bilisimyildizlari.org.tr\/2021\/?s={search_term_string}"},"query-input":{"@type":"PropertyValueSpecification","valueRequired":true,"valueName":"search_term_string"}}],"inLanguage":"tr"},{"@type":"Organization","@id":"https:\/\/bilisimyildizlari.org.tr\/2021\/#organization","name":"Bili\u015fim Y\u0131ld\u0131zlar\u0131 2021","url":"https:\/\/bilisimyildizlari.org.tr\/2021\/","logo":{"@type":"ImageObject","inLanguage":"tr","@id":"https:\/\/bilisimyildizlari.org.tr\/2021\/#\/schema\/logo\/image\/","url":"https:\/\/bilisimyildizlari.org.tr\/2021\/wp-content\/uploads\/sites\/2\/2021\/03\/TBD-50.-Yil-Logo-200px.png","contentUrl":"https:\/\/bilisimyildizlari.org.tr\/2021\/wp-content\/uploads\/sites\/2\/2021\/03\/TBD-50.-Yil-Logo-200px.png","width":200,"height":136,"caption":"Bili\u015fim Y\u0131ld\u0131zlar\u0131 2021"},"image":{"@id":"https:\/\/bilisimyildizlari.org.tr\/2021\/#\/schema\/logo\/image\/"}}]}},"_links":{"self":[{"href":"https:\/\/bilisimyildizlari.org.tr\/2021\/wp-json\/wp\/v2\/pages\/1264","targetHints":{"allow":["GET"]}}],"collection":[{"href":"https:\/\/bilisimyildizlari.org.tr\/2021\/wp-json\/wp\/v2\/pages"}],"about":[{"href":"https:\/\/bilisimyildizlari.org.tr\/2021\/wp-json\/wp\/v2\/types\/page"}],"author":[{"embeddable":true,"href":"https:\/\/bilisimyildizlari.org.tr\/2021\/wp-json\/wp\/v2\/users\/4"}],"replies":[{"embeddable":true,"href":"https:\/\/bilisimyildizlari.org.tr\/2021\/wp-json\/wp\/v2\/comments?post=1264"}],"version-history":[{"count":0,"href":"https:\/\/bilisimyildizlari.org.tr\/2021\/wp-json\/wp\/v2\/pages\/1264\/revisions"}],"wp:attachment":[{"href":"https:\/\/bilisimyildizlari.org.tr\/2021\/wp-json\/wp\/v2\/media?parent=1264"}],"curies":[{"name":"wp","href":"https:\/\/api.w.org\/{rel}","templated":true}]}}