{"id":1272,"date":"2021-12-24T14:51:54","date_gmt":"2021-12-24T11:51:54","guid":{"rendered":"https:\/\/bilisimyildizlari.org.tr\/2021\/?page_id=1272"},"modified":"2021-12-24T15:07:20","modified_gmt":"2021-12-24T12:07:20","slug":"assistcam-goruntulu-ihbar-destek-kayit-hizmetleri-yazilim-sistemi","status":"publish","type":"page","link":"https:\/\/bilisimyildizlari.org.tr\/2021\/assistcam-goruntulu-ihbar-destek-kayit-hizmetleri-yazilim-sistemi","title":{"rendered":"Assistcam G\u00f6r\u00fcnt\u00fcl\u00fc \u0130hbar Destek Kay\u0131t Hizmetleri Yaz\u0131l\u0131m Sistemi"},"content":{"rendered":"\n<p><strong>KURUM: <\/strong>Optimum Otomotiv Sat\u0131\u015f Sonras\u0131 \u00c7\u00f6z\u00fcmleri A.\u015e.<\/p>\n\n\n\n<p><strong>BA\u015eVURU SAH\u0130B\u0130: <\/strong>\u0130brahim Karada\u011f<\/p>\n\n\n\n<p><strong>URL:<\/strong> <a href=\"https:\/\/assistcam.com.tr\/\" target=\"_blank\" rel=\"noreferrer noopener\">https:\/\/assistcam.com.tr\/<\/a><\/p>\n\n\n\n<p><strong>VIDEO URL:<\/strong> <a href=\"https:\/\/youtu.be\/UdAdZlioziQ\" target=\"_blank\" rel=\"noreferrer noopener\">https:\/\/youtu.be\/UdAdZlioziQ<\/a><\/p>\n\n\n\n<p><strong>\u00d6ZET:<\/strong> Assistcam (G\u00f6r\u00fcnt\u00fcl\u00fc \u0130hbar Destek Kay\u0131t Hizmetleri Yaz\u0131l\u0131m Sistemi) ile; hasar g\u00f6rm\u00fc\u015f arac\u0131n fiziksel kontrol ve incelenmesi yerine, uzaktan ve g\u00f6r\u00fcnt\u00fcl\u00fc ileti\u015fim kurularak ihbar s\u00fcrecinde yap\u0131lacak i\u015fleme ait tahmini tutar tespit edilmektedir.<\/p>\n\n\n\n<p>Geleneksel y\u00f6ntem ile, sigortal\u0131lar veya hak sahipleri trafik kazas\u0131 meydana geldikten sonra, hasarl\u0131 ara\u00e7lar onar\u0131m servisine g\u00f6t\u00fcr\u00fcl\u00fcr. Web sitesi, mobil uygulama ya da \u00e7a\u011fr\u0131 merkezi aranarak teminattan sorumlu olan sigorta \u015firketi taraf\u0131ndan hasar ihbar\u0131 al\u0131n\u0131r. Kazal\u0131 arac\u0131n bulundu\u011fu il, il\u00e7e ve bulundu\u011fu servis bilgileri kaydedilir. Kaydedilen bilgilere g\u00f6re ayn\u0131 ildeki veya yak\u0131n illerdeki hasar tespit uzmanlara ilgili hasar ihbar\u0131 bildirilir. Uzmanlar kazal\u0131 ara\u00e7 bilgilerini k\u0131sa mesaj veya e-mail yolu ile \u00f6\u011frenir ve en yak\u0131n g\u00fcn\u00fcn program\u0131na dahil eder. Bir sonraki i\u015f g\u00fcn\u00fc, Kazal\u0131 arac\u0131n oldu\u011fu servise giderek kazal\u0131 arac\u0131n foto\u011fraflar\u0131n\u0131 \u00e7eker, arac\u0131n par\u00e7a ve onar\u0131m ihtiya\u00e7lar\u0131n\u0131 ve muallak (muhtemel) tamir tutar\u0131n\u0131 belirler. Kazaya ait evraklar\u0131 da alarak onar\u0131m yap\u0131lacak servisten ayr\u0131l\u0131r. Bir sonraki g\u00fcn onar\u0131m servisinden ald\u0131\u011f\u0131 evraklar\u0131 ve \u00e7ekti\u011fi foto\u011fraflar\u0131 b\u00fcro personeline devreder. B\u00fcro personeli, hasarl\u0131 par\u00e7alar\u0131n yedek par\u00e7a referanslar\u0131n\u0131 ve fiyatlar\u0131n\u0131 telefon ederek ve s\u00f6zl\u00fc sorgulamalarla yedek par\u00e7a sat\u0131c\u0131lar\u0131ndan temin etmeye \u00e7al\u0131\u015f\u0131r. Yedek par\u00e7a referanslar\u0131 temin edildikten sonra hasarl\u0131 olan yedek par\u00e7a fiyatlar\u0131 ve i\u015f\u00e7ilik tutarlar\u0131, hasarl\u0131 ara\u00e7, sigortal\u0131 ara\u00e7, malik ve s\u00fcr\u00fcc\u00fc bilgileri ile evrak ve foto\u011fraflar sigorta \u015firketinin sistemine manuel olarak giri\u015f yap\u0131l\u0131r.<\/p>\n\n\n\n<p>Bu y\u00f6ntem ile sigorta \u015firketleri, tazminata konu olan araca ait hasar dosyas\u0131nda muallak de\u011ferlendirmeye alaca\u011f\u0131 hasar muallak tutar\u0131n\u0131, gerekli bilgi ve belgelerin sistem giri\u015flerini bedelini ortalama en az 3 g\u00fcn\u00fcn \u00fczerinde bir s\u00fcrede yapabilmektedir.<\/p>\n\n\n\n<p>Assistcam, Hasar Muallak\u0131 Tespit Y\u00f6ntemi ile;<\/p>\n\n\n\n<p>a. Sigorta \u015firketi taraf\u0131ndan hasar ihbar\u0131 al\u0131n\u0131r ve e\u015f zamanl\u0131 olarak ihbarlar Assistcam G\u00f6r\u00fcnt\u00fcl\u00fc Destek Ekibi\u2019ne \u00e7evrimi\u00e7i olarak ula\u015f\u0131r.<br>b. Hasar dosyas\u0131ndan sorumlu olan G\u00f6r\u00fcnt\u00fcl\u00fc Destek Uzman\u0131, en ge\u00e7 1 saat i\u00e7inde ihbar veren ki\u015fi ile irtibata ge\u00e7erek, ihbar edenin ak\u0131ll\u0131 cep telefonuna bir k\u0131sa mesaj ile ASS\u0130STCAM uygulamas\u0131na ait bir ba\u011flant\u0131 adresi g\u00f6nderir.<br>c. Assistcam uygulamas\u0131 herhangi bir mobil uygulamaya ihtiya\u00e7 duyulmaks\u0131z\u0131n, k\u0131sa mesajla gelen ba\u011flant\u0131 t\u00fcm ak\u0131ll\u0131 cep telefonlar\u0131ndan ve taray\u0131c\u0131lardan a\u00e7\u0131labilmektedir. herhangi bir taray\u0131c\u0131dan a\u00e7\u0131l\u0131r. Markadan ba\u011f\u0131ms\u0131z olarak t\u00fcm ak\u0131ll\u0131 cep telefonlar\u0131na ve taray\u0131c\u0131lar\u0131na uyumludur.<br>d. Assistcam destek uzmanlar\u0131, ilgili ki\u015fidennin ak\u0131ll\u0131 telefonu \u00fczerinden, KVKK gere\u011fi t\u00fcm yasal izinleri ald\u0131ktan sonra g\u00f6r\u00fcnt\u00fcl\u00fc g\u00f6r\u00fc\u015fmeyi ba\u015flat\u0131r.<br>e. Bu sistem \u00fczerinden yap\u0131lan t\u00fcm g\u00f6r\u00fc\u015fmeler video ile kay\u0131t alt\u0131na al\u0131n\u0131rken, arac\u0131n d\u00f6rt bir taraf\u0131ndan foto\u011fraflar\u0131 \u00e7ekilir, \u015fasi numaras\u0131 ve kilometre bilgisi tespit edilirek sisteme kaydedilir. G\u00f6r\u00fc\u015fme esnas\u0131nda \u00e7ekilen hasar ve evrak foto\u011fraflar\u0131, ba\u011flant\u0131 veya telefon kalitesi d\u00fc\u015f\u00fck olsa dahi, y\u00fcksek \u00e7\u00f6z\u00fcn\u00fcrl\u00fckle kaydedilir. Bu sayede hasar g\u00f6ren par\u00e7alara ait foto\u011fraflar ve ayr\u0131ca kay\u0131t alt\u0131na al\u0131n\u0131r ve kaza gerekli t\u00fcm hasar evraklar\u0131 g\u00f6r\u00fc\u015fme bitmeden temin edilmi\u015f olur.<br>f. G\u00f6r\u00fc\u015fme s\u0131ras\u0131nda Assistcam ekran\u0131nda bulunan otomotiv katalo\u011fu \u00fczerinden %99 do\u011frulukla ilgili araca ait yedek par\u00e7a referanslar\u0131 ve fiyatlar\u0131 anl\u0131k belirlenerek en do\u011fru hasar muallak\u0131 tespit edilmi\u015f olur.<br>g. Kaydedilen t\u00fcm foto\u011fraflar, hasar evraklar\u0131 ve hasar muallak\u0131 e\u015f zamanl\u0131 olarak Sigorta \u015eirketinin sistemine yaz\u0131l\u0131m\u0131na anl\u0131k aktar\u0131l\u0131r.<\/p>\n\n\n\n<p><strong>AMA\u00c7:<\/strong><\/p>\n\n\n\n<p>1- Hasar dosyas\u0131 ba\u015f\u0131na d\u00fc\u015fen onar\u0131m maliyetinin azalt\u0131lmas\u0131<br>Assistcam ile eksperin ve\/veya dosya uzman\u0131n\u0131n hasarl\u0131 arac\u0131n bulundu\u011fu yere fiziken gitmeden teknoloji yard\u0131m\u0131yla g\u00f6r\u00fcnt\u00fcl\u00fc g\u00f6r\u00fc\u015fme yaparak gerekli bilgi ve dok\u00fcmanlar\u0131 kay\u0131t alt\u0131na almas\u0131 sa\u011flanmaktad\u0131r. B\u00f6ylelikle dosya ba\u015f\u0131na olu\u015fan ula\u015f\u0131m, konaklama, harc\u0131rah gibi masraflar azalm\u0131\u015f olmas\u0131 ve dosya ba\u015f\u0131na d\u00fc\u015fen maliyetin de azalmas\u0131 beklenmektedir.<br>2- Hasar dosyas\u0131 ba\u015f\u0131na d\u00fc\u015fen kapanma s\u00fcrelerinin d\u00fc\u015fmesi<br>*Dosyalar\u0131n i\u015flem h\u0131z\u0131 art\u0131\u015f dolay\u0131s\u0131yla kapanma s\u00fcrelerinde de d\u00fc\u015f\u00fc\u015f beklenmektedir.<br>3- G\u00fcnl\u00fck i\u015fleyi\u015f i\u015flem h\u0131z\u0131n\u0131n artt\u0131r\u0131lmas\u0131na paralel olarak payda\u015f memnuniyetinin artt\u0131r\u0131lmas\u0131<br>*T\u00fcm bunlar\u0131n neticesinde genel \u00e7er\u00e7eveden bak\u0131\u015fta operasyon h\u0131z\u0131 artt\u0131\u011f\u0131, dosya m\u00fcdahale ve sonu\u00e7land\u0131rma s\u00fcreleri k\u0131sald\u0131\u011f\u0131 i\u00e7in m\u00fc\u015fteri memnuniyetinde art\u0131\u015f ama\u00e7lanmaktad\u0131r.<br>4-Otomatik kontroller ile hata ve suistimallerin engellemeye \u00e7al\u0131\u015fmas\u0131<br>5-Randevu sistemi ve dengeli i\u015f da\u011f\u0131l\u0131m\u0131 ile uzmanlar\u0131n i\u015f yo\u011funlu\u011funun en uygun hale getirilmesi ve b\u00f6ylece d\u00f6n\u00fc\u015f s\u00fcrelerinin iyile\u015ftirilmesi ve m\u00fc\u015fteri memnuniyetinin artt\u0131r\u0131lmas\u0131<br>6-Yedek par\u00e7a ve i\u015f\u00e7ilik kataloglar\u0131 entegrasyonlar\u0131 sayesinde hasar\u0131n en h\u0131zl\u0131 \u015fekilde hesaplanarak m\u00fc\u015fteriye raporlanabilmesi ile dosya s\u00fcrelerinin d\u00fc\u015f\u00fcr\u00fclmesi ve dolayl\u0131 maliyetlerin azalt\u0131lmas\u0131 sa\u011flan\u0131r.<br>7-Veri g\u00fcvenli\u011finin artt\u0131r\u0131lmas\u0131<br>8-Videolar\u0131n elektronik olarak ar\u015fivlenmesi sayesinde gerekti\u011fi anda online olarak eri\u015filip denetlenebiliyor olmas\u0131<\/p>\n\n\n\n<p><strong>KAPSAM:<\/strong> Assistcam (G\u00f6r\u00fcnt\u00fcl\u00fc \u0130hbar Destek Kay\u0131t Hizmetleri Yaz\u0131l\u0131m Sistemi) Projesi, Optimum\u2019un Sigorta \u015eirketleri ve Filo Kiralama \u015eirketleri ad\u0131na \u00c7a\u011fr\u0131 Merkezi \u00fczerinden ger\u00e7ekle\u015ftirdi\u011fi standart hasar ihbar\u0131 ve g\u00f6r\u00fcnt\u00fcl\u00fc ihbar destek operasyonlar\u0131 y\u00f6netimini kapsamaktad\u0131r. G\u00f6r\u00fcnt\u00fcl\u00fc g\u00f6r\u00fc\u015fme sistemimiz ile, t\u00fcm T\u00fcrkiye\u2019de, y\u0131lda 100.000\u2019nin \u00fczerinde hasar dosyas\u0131n\u0131n sonu\u00e7land\u0131r\u0131lmas\u0131na katk\u0131 sa\u011flamay\u0131 hedefliyoruz. Bu sayede yerli i\u015f g\u00fcc\u00fc kayna\u011f\u0131na da geni\u015f bir istihdam olana\u011f\u0131 yarataca\u011f\u0131z.<\/p>\n","protected":false},"excerpt":{"rendered":"<p>KURUM: Optimum Otomotiv Sat\u0131\u015f Sonras\u0131 \u00c7\u00f6z\u00fcmleri A.\u015e. BA\u015eVURU SAH\u0130B\u0130: \u0130brahim Karada\u011f URL: https:\/\/assistcam.com.tr\/ VIDEO URL: https:\/\/youtu.be\/UdAdZlioziQ \u00d6ZET: Assistcam (G\u00f6r\u00fcnt\u00fcl\u00fc \u0130hbar Destek Kay\u0131t Hizmetleri Yaz\u0131l\u0131m Sistemi) ile; hasar g\u00f6rm\u00fc\u015f arac\u0131n fiziksel kontrol ve incelenmesi yerine, uzaktan ve g\u00f6r\u00fcnt\u00fcl\u00fc ileti\u015fim kurularak ihbar s\u00fcrecinde yap\u0131lacak i\u015fleme ait tahmini tutar tespit edilmektedir. Geleneksel y\u00f6ntem ile, sigortal\u0131lar veya hak sahipleri &hellip; <\/p>\n","protected":false},"author":4,"featured_media":0,"parent":0,"menu_order":0,"comment_status":"closed","ping_status":"closed","template":"","meta":{"footnotes":""},"class_list":["post-1272","page","type-page","status-publish","hentry"],"yoast_head":"<!-- This site is optimized with the Yoast SEO plugin v27.5 - https:\/\/yoast.com\/product\/yoast-seo-wordpress\/ -->\n<title>Assistcam G\u00f6r\u00fcnt\u00fcl\u00fc \u0130hbar Destek Kay\u0131t Hizmetleri Yaz\u0131l\u0131m Sistemi - Bili\u015fim Y\u0131ld\u0131zlar\u0131 2021<\/title>\n<meta name=\"robots\" content=\"index, follow, max-snippet:-1, max-image-preview:large, max-video-preview:-1\" \/>\n<link rel=\"canonical\" href=\"https:\/\/bilisimyildizlari.org.tr\/2021\/assistcam-goruntulu-ihbar-destek-kayit-hizmetleri-yazilim-sistemi\" \/>\n<meta property=\"og:locale\" content=\"tr_TR\" \/>\n<meta property=\"og:type\" content=\"article\" \/>\n<meta property=\"og:title\" content=\"Assistcam G\u00f6r\u00fcnt\u00fcl\u00fc \u0130hbar Destek Kay\u0131t Hizmetleri Yaz\u0131l\u0131m Sistemi - Bili\u015fim Y\u0131ld\u0131zlar\u0131 2021\" \/>\n<meta property=\"og:description\" content=\"KURUM: Optimum Otomotiv Sat\u0131\u015f Sonras\u0131 \u00c7\u00f6z\u00fcmleri A.\u015e. BA\u015eVURU SAH\u0130B\u0130: \u0130brahim Karada\u011f URL: https:\/\/assistcam.com.tr\/ VIDEO URL: https:\/\/youtu.be\/UdAdZlioziQ \u00d6ZET: Assistcam (G\u00f6r\u00fcnt\u00fcl\u00fc \u0130hbar Destek Kay\u0131t Hizmetleri Yaz\u0131l\u0131m Sistemi) ile; hasar g\u00f6rm\u00fc\u015f arac\u0131n fiziksel kontrol ve incelenmesi yerine, uzaktan ve g\u00f6r\u00fcnt\u00fcl\u00fc ileti\u015fim kurularak ihbar s\u00fcrecinde yap\u0131lacak i\u015fleme ait tahmini tutar tespit edilmektedir. Geleneksel y\u00f6ntem ile, sigortal\u0131lar veya hak sahipleri &hellip;\" \/>\n<meta property=\"og:url\" content=\"https:\/\/bilisimyildizlari.org.tr\/2021\/assistcam-goruntulu-ihbar-destek-kayit-hizmetleri-yazilim-sistemi\" \/>\n<meta property=\"og:site_name\" content=\"Bili\u015fim Y\u0131ld\u0131zlar\u0131 2021\" \/>\n<meta property=\"article:modified_time\" content=\"2021-12-24T12:07:20+00:00\" \/>\n<meta name=\"twitter:card\" content=\"summary_large_image\" \/>\n<meta name=\"twitter:label1\" content=\"Tahmini okuma s\u00fcresi\" \/>\n\t<meta name=\"twitter:data1\" content=\"5 dakika\" \/>\n<script type=\"application\/ld+json\" class=\"yoast-schema-graph\">{\"@context\":\"https:\\\/\\\/schema.org\",\"@graph\":[{\"@type\":\"WebPage\",\"@id\":\"https:\\\/\\\/bilisimyildizlari.org.tr\\\/2021\\\/assistcam-goruntulu-ihbar-destek-kayit-hizmetleri-yazilim-sistemi\",\"url\":\"https:\\\/\\\/bilisimyildizlari.org.tr\\\/2021\\\/assistcam-goruntulu-ihbar-destek-kayit-hizmetleri-yazilim-sistemi\",\"name\":\"Assistcam G\u00f6r\u00fcnt\u00fcl\u00fc \u0130hbar Destek Kay\u0131t Hizmetleri Yaz\u0131l\u0131m Sistemi - Bili\u015fim Y\u0131ld\u0131zlar\u0131 2021\",\"isPartOf\":{\"@id\":\"https:\\\/\\\/bilisimyildizlari.org.tr\\\/2021\\\/#website\"},\"datePublished\":\"2021-12-24T11:51:54+00:00\",\"dateModified\":\"2021-12-24T12:07:20+00:00\",\"breadcrumb\":{\"@id\":\"https:\\\/\\\/bilisimyildizlari.org.tr\\\/2021\\\/assistcam-goruntulu-ihbar-destek-kayit-hizmetleri-yazilim-sistemi#breadcrumb\"},\"inLanguage\":\"tr\",\"potentialAction\":[{\"@type\":\"ReadAction\",\"target\":[\"https:\\\/\\\/bilisimyildizlari.org.tr\\\/2021\\\/assistcam-goruntulu-ihbar-destek-kayit-hizmetleri-yazilim-sistemi\"]}]},{\"@type\":\"BreadcrumbList\",\"@id\":\"https:\\\/\\\/bilisimyildizlari.org.tr\\\/2021\\\/assistcam-goruntulu-ihbar-destek-kayit-hizmetleri-yazilim-sistemi#breadcrumb\",\"itemListElement\":[{\"@type\":\"ListItem\",\"position\":1,\"name\":\"Anasayfa\",\"item\":\"https:\\\/\\\/bilisimyildizlari.org.tr\\\/2021\\\/\"},{\"@type\":\"ListItem\",\"position\":2,\"name\":\"Assistcam G\u00f6r\u00fcnt\u00fcl\u00fc \u0130hbar Destek Kay\u0131t Hizmetleri Yaz\u0131l\u0131m Sistemi\"}]},{\"@type\":\"WebSite\",\"@id\":\"https:\\\/\\\/bilisimyildizlari.org.tr\\\/2021\\\/#website\",\"url\":\"https:\\\/\\\/bilisimyildizlari.org.tr\\\/2021\\\/\",\"name\":\"Bili\u015fim Y\u0131ld\u0131zlar\u0131 2021\",\"description\":\"TBD \u0130stanbul Bili\u015fim Y\u0131ld\u0131zlar\u0131 Yar\u0131\u015fmas\u0131\",\"publisher\":{\"@id\":\"https:\\\/\\\/bilisimyildizlari.org.tr\\\/2021\\\/#organization\"},\"potentialAction\":[{\"@type\":\"SearchAction\",\"target\":{\"@type\":\"EntryPoint\",\"urlTemplate\":\"https:\\\/\\\/bilisimyildizlari.org.tr\\\/2021\\\/?s={search_term_string}\"},\"query-input\":{\"@type\":\"PropertyValueSpecification\",\"valueRequired\":true,\"valueName\":\"search_term_string\"}}],\"inLanguage\":\"tr\"},{\"@type\":\"Organization\",\"@id\":\"https:\\\/\\\/bilisimyildizlari.org.tr\\\/2021\\\/#organization\",\"name\":\"Bili\u015fim Y\u0131ld\u0131zlar\u0131 2021\",\"url\":\"https:\\\/\\\/bilisimyildizlari.org.tr\\\/2021\\\/\",\"logo\":{\"@type\":\"ImageObject\",\"inLanguage\":\"tr\",\"@id\":\"https:\\\/\\\/bilisimyildizlari.org.tr\\\/2021\\\/#\\\/schema\\\/logo\\\/image\\\/\",\"url\":\"https:\\\/\\\/bilisimyildizlari.org.tr\\\/2021\\\/wp-content\\\/uploads\\\/sites\\\/2\\\/2021\\\/03\\\/TBD-50.-Yil-Logo-200px.png\",\"contentUrl\":\"https:\\\/\\\/bilisimyildizlari.org.tr\\\/2021\\\/wp-content\\\/uploads\\\/sites\\\/2\\\/2021\\\/03\\\/TBD-50.-Yil-Logo-200px.png\",\"width\":200,\"height\":136,\"caption\":\"Bili\u015fim Y\u0131ld\u0131zlar\u0131 2021\"},\"image\":{\"@id\":\"https:\\\/\\\/bilisimyildizlari.org.tr\\\/2021\\\/#\\\/schema\\\/logo\\\/image\\\/\"}}]}<\/script>\n<!-- \/ Yoast SEO plugin. -->","yoast_head_json":{"title":"Assistcam G\u00f6r\u00fcnt\u00fcl\u00fc \u0130hbar Destek Kay\u0131t Hizmetleri Yaz\u0131l\u0131m Sistemi - Bili\u015fim Y\u0131ld\u0131zlar\u0131 2021","robots":{"index":"index","follow":"follow","max-snippet":"max-snippet:-1","max-image-preview":"max-image-preview:large","max-video-preview":"max-video-preview:-1"},"canonical":"https:\/\/bilisimyildizlari.org.tr\/2021\/assistcam-goruntulu-ihbar-destek-kayit-hizmetleri-yazilim-sistemi","og_locale":"tr_TR","og_type":"article","og_title":"Assistcam G\u00f6r\u00fcnt\u00fcl\u00fc \u0130hbar Destek Kay\u0131t Hizmetleri Yaz\u0131l\u0131m Sistemi - Bili\u015fim Y\u0131ld\u0131zlar\u0131 2021","og_description":"KURUM: Optimum Otomotiv Sat\u0131\u015f Sonras\u0131 \u00c7\u00f6z\u00fcmleri A.\u015e. BA\u015eVURU SAH\u0130B\u0130: \u0130brahim Karada\u011f URL: https:\/\/assistcam.com.tr\/ VIDEO URL: https:\/\/youtu.be\/UdAdZlioziQ \u00d6ZET: Assistcam (G\u00f6r\u00fcnt\u00fcl\u00fc \u0130hbar Destek Kay\u0131t Hizmetleri Yaz\u0131l\u0131m Sistemi) ile; hasar g\u00f6rm\u00fc\u015f arac\u0131n fiziksel kontrol ve incelenmesi yerine, uzaktan ve g\u00f6r\u00fcnt\u00fcl\u00fc ileti\u015fim kurularak ihbar s\u00fcrecinde yap\u0131lacak i\u015fleme ait tahmini tutar tespit edilmektedir. Geleneksel y\u00f6ntem ile, sigortal\u0131lar veya hak sahipleri &hellip;","og_url":"https:\/\/bilisimyildizlari.org.tr\/2021\/assistcam-goruntulu-ihbar-destek-kayit-hizmetleri-yazilim-sistemi","og_site_name":"Bili\u015fim Y\u0131ld\u0131zlar\u0131 2021","article_modified_time":"2021-12-24T12:07:20+00:00","twitter_card":"summary_large_image","twitter_misc":{"Tahmini okuma s\u00fcresi":"5 dakika"},"schema":{"@context":"https:\/\/schema.org","@graph":[{"@type":"WebPage","@id":"https:\/\/bilisimyildizlari.org.tr\/2021\/assistcam-goruntulu-ihbar-destek-kayit-hizmetleri-yazilim-sistemi","url":"https:\/\/bilisimyildizlari.org.tr\/2021\/assistcam-goruntulu-ihbar-destek-kayit-hizmetleri-yazilim-sistemi","name":"Assistcam G\u00f6r\u00fcnt\u00fcl\u00fc \u0130hbar Destek Kay\u0131t Hizmetleri Yaz\u0131l\u0131m Sistemi - Bili\u015fim Y\u0131ld\u0131zlar\u0131 2021","isPartOf":{"@id":"https:\/\/bilisimyildizlari.org.tr\/2021\/#website"},"datePublished":"2021-12-24T11:51:54+00:00","dateModified":"2021-12-24T12:07:20+00:00","breadcrumb":{"@id":"https:\/\/bilisimyildizlari.org.tr\/2021\/assistcam-goruntulu-ihbar-destek-kayit-hizmetleri-yazilim-sistemi#breadcrumb"},"inLanguage":"tr","potentialAction":[{"@type":"ReadAction","target":["https:\/\/bilisimyildizlari.org.tr\/2021\/assistcam-goruntulu-ihbar-destek-kayit-hizmetleri-yazilim-sistemi"]}]},{"@type":"BreadcrumbList","@id":"https:\/\/bilisimyildizlari.org.tr\/2021\/assistcam-goruntulu-ihbar-destek-kayit-hizmetleri-yazilim-sistemi#breadcrumb","itemListElement":[{"@type":"ListItem","position":1,"name":"Anasayfa","item":"https:\/\/bilisimyildizlari.org.tr\/2021\/"},{"@type":"ListItem","position":2,"name":"Assistcam G\u00f6r\u00fcnt\u00fcl\u00fc \u0130hbar Destek Kay\u0131t Hizmetleri Yaz\u0131l\u0131m Sistemi"}]},{"@type":"WebSite","@id":"https:\/\/bilisimyildizlari.org.tr\/2021\/#website","url":"https:\/\/bilisimyildizlari.org.tr\/2021\/","name":"Bili\u015fim Y\u0131ld\u0131zlar\u0131 2021","description":"TBD \u0130stanbul Bili\u015fim Y\u0131ld\u0131zlar\u0131 Yar\u0131\u015fmas\u0131","publisher":{"@id":"https:\/\/bilisimyildizlari.org.tr\/2021\/#organization"},"potentialAction":[{"@type":"SearchAction","target":{"@type":"EntryPoint","urlTemplate":"https:\/\/bilisimyildizlari.org.tr\/2021\/?s={search_term_string}"},"query-input":{"@type":"PropertyValueSpecification","valueRequired":true,"valueName":"search_term_string"}}],"inLanguage":"tr"},{"@type":"Organization","@id":"https:\/\/bilisimyildizlari.org.tr\/2021\/#organization","name":"Bili\u015fim Y\u0131ld\u0131zlar\u0131 2021","url":"https:\/\/bilisimyildizlari.org.tr\/2021\/","logo":{"@type":"ImageObject","inLanguage":"tr","@id":"https:\/\/bilisimyildizlari.org.tr\/2021\/#\/schema\/logo\/image\/","url":"https:\/\/bilisimyildizlari.org.tr\/2021\/wp-content\/uploads\/sites\/2\/2021\/03\/TBD-50.-Yil-Logo-200px.png","contentUrl":"https:\/\/bilisimyildizlari.org.tr\/2021\/wp-content\/uploads\/sites\/2\/2021\/03\/TBD-50.-Yil-Logo-200px.png","width":200,"height":136,"caption":"Bili\u015fim Y\u0131ld\u0131zlar\u0131 2021"},"image":{"@id":"https:\/\/bilisimyildizlari.org.tr\/2021\/#\/schema\/logo\/image\/"}}]}},"_links":{"self":[{"href":"https:\/\/bilisimyildizlari.org.tr\/2021\/wp-json\/wp\/v2\/pages\/1272","targetHints":{"allow":["GET"]}}],"collection":[{"href":"https:\/\/bilisimyildizlari.org.tr\/2021\/wp-json\/wp\/v2\/pages"}],"about":[{"href":"https:\/\/bilisimyildizlari.org.tr\/2021\/wp-json\/wp\/v2\/types\/page"}],"author":[{"embeddable":true,"href":"https:\/\/bilisimyildizlari.org.tr\/2021\/wp-json\/wp\/v2\/users\/4"}],"replies":[{"embeddable":true,"href":"https:\/\/bilisimyildizlari.org.tr\/2021\/wp-json\/wp\/v2\/comments?post=1272"}],"version-history":[{"count":0,"href":"https:\/\/bilisimyildizlari.org.tr\/2021\/wp-json\/wp\/v2\/pages\/1272\/revisions"}],"wp:attachment":[{"href":"https:\/\/bilisimyildizlari.org.tr\/2021\/wp-json\/wp\/v2\/media?parent=1272"}],"curies":[{"name":"wp","href":"https:\/\/api.w.org\/{rel}","templated":true}]}}