{"id":1282,"date":"2021-12-24T15:01:51","date_gmt":"2021-12-24T12:01:51","guid":{"rendered":"https:\/\/bilisimyildizlari.org.tr\/2021\/?page_id=1282"},"modified":"2021-12-24T15:01:51","modified_gmt":"2021-12-24T12:01:51","slug":"remy-ile-pcr-test-talep-ve-yonetim-sistemi","status":"publish","type":"page","link":"https:\/\/bilisimyildizlari.org.tr\/2021\/remy-ile-pcr-test-talep-ve-yonetim-sistemi","title":{"rendered":"Remy ile PCR Test Talep ve Y\u00f6netim Sistemi"},"content":{"rendered":"\n<p><strong>KURUM:<\/strong> Remed Uluslararas\u0131 Destek ve Dan\u0131\u015fmanl\u0131k Hizmetler Tic A.\u015e.<\/p>\n\n\n\n<p><strong>BA\u015eVURU SAH\u0130B\u0130: <\/strong>Erdin\u00e7 U\u011furlu<\/p>\n\n\n\n<p><strong>URL:<\/strong> <a href=\"https:\/\/remedhealth.com\/pcr\/en\" target=\"_blank\" rel=\"noreferrer noopener\">https:\/\/remedhealth.com\/pcr\/en<\/a><\/p>\n\n\n\n<p><strong>\u00d6ZET:<\/strong> Remed Assistance m\u00fc\u015fterilerinin ve operasyon ekiplerinin hayat\u0131n\u0131 kolayla\u015ft\u0131ran Remy (metal yakal\u0131 \u00e7al\u0131\u015fan), ilk olarak; Kazakistan H\u00fck\u00fcmeti\u2019nin, vatanda\u015flar\u0131 da dahil olmak \u00fczere, \u00fclkeye giri\u015f yapan t\u00fcm yolcular i\u00e7in zorunlu tuttu\u011fu PCR testi s\u00fcre\u00e7lerinden sorumlu oldu. Art\u0131k Remy ile; T\u00fcrkiye, M\u0131s\u0131r ve Birle\u015fik Arap Emirlikleri ba\u015fta olmak \u00fczere b\u00f6lge \u00fclkelere tatil ama\u00e7l\u0131 giden turistlerin, \u00fclkelerine geri d\u00f6nerken yapmas\u0131 zorunlu olan PCR testi s\u00fcre\u00e7leri kolay ve h\u0131zl\u0131 bir \u015fekilde planlan\u0131yor.<\/p>\n\n\n\n<p><strong>AMA\u00c7:<\/strong> Kazakistan, Rusya ve Orta Asya \u00fclkelerinden \u00fclkemize ve b\u00f6lge \u00fclkelere turistik ama\u00e7la gelen insanlar\u0131n PCR talep s\u00fcre\u00e7lerini 7\/24 insan g\u00fcc\u00fc kullanmadan ilerletebilmek<br>Planlama a\u015famas\u0131ndan sonra, randevu bilgilerinin sorgulanma a\u015famas\u0131n\u0131 yine bot yaz\u0131l\u0131m yard\u0131m\u0131yla yapabilmek<br>\u00c7a\u011fr\u0131 merkezindeki \u00e7al\u0131\u015fan say\u0131s\u0131n\u0131 sadece acil operasyonlar ve g\u00f6rev atamalar\u0131 konusunda g\u00f6revlendirip, t\u00fcm operasyonel s\u00fcre\u00e7leri otomatik yapabilmek<\/p>\n\n\n\n<p><strong>KAPSAM: <\/strong>Projenin hedef kitlesi Kazakistan, Rusya ve Orta Asya \u00fclkelerinden T\u00fcrkiye ba\u015fta olmak \u00fczere b\u00f6lge \u00fclkelere turistik ama\u00e7l\u0131 gelecek ve d\u00f6n\u00fc\u015fte PCR testi yapmas\u0131 zorunlu 200bin ki\u015fi hedeflenmi\u015ftir. Proje kapsam\u0131nda, web bot ya da whatsapp bot \u00fczerinden talep yapacak turist, talebi kar\u015f\u0131layacak Remed Operasyon ve sonras\u0131nda randevu atamas\u0131n\u0131 yapacak Medikal Operasyon kullan\u0131c\u0131lar\u0131 sistemi kullanacakt\u0131r.<\/p>\n","protected":false},"excerpt":{"rendered":"<p>KURUM: Remed Uluslararas\u0131 Destek ve Dan\u0131\u015fmanl\u0131k Hizmetler Tic A.\u015e. BA\u015eVURU SAH\u0130B\u0130: Erdin\u00e7 U\u011furlu URL: https:\/\/remedhealth.com\/pcr\/en \u00d6ZET: Remed Assistance m\u00fc\u015fterilerinin ve operasyon ekiplerinin hayat\u0131n\u0131 kolayla\u015ft\u0131ran Remy (metal yakal\u0131 \u00e7al\u0131\u015fan), ilk olarak; Kazakistan H\u00fck\u00fcmeti\u2019nin, vatanda\u015flar\u0131 da dahil olmak \u00fczere, \u00fclkeye giri\u015f yapan t\u00fcm yolcular i\u00e7in zorunlu tuttu\u011fu PCR testi s\u00fcre\u00e7lerinden sorumlu oldu. Art\u0131k Remy ile; T\u00fcrkiye, M\u0131s\u0131r &hellip; <\/p>\n","protected":false},"author":4,"featured_media":0,"parent":0,"menu_order":0,"comment_status":"closed","ping_status":"closed","template":"","meta":{"footnotes":""},"class_list":["post-1282","page","type-page","status-publish","hentry"],"yoast_head":"<!-- This site is optimized with the Yoast SEO plugin v27.6 - https:\/\/yoast.com\/product\/yoast-seo-wordpress\/ -->\n<title>Remy ile PCR Test Talep ve Y\u00f6netim Sistemi - Bili\u015fim Y\u0131ld\u0131zlar\u0131 2021<\/title>\n<meta name=\"robots\" content=\"index, follow, max-snippet:-1, max-image-preview:large, max-video-preview:-1\" \/>\n<link rel=\"canonical\" href=\"https:\/\/bilisimyildizlari.org.tr\/2021\/remy-ile-pcr-test-talep-ve-yonetim-sistemi\" \/>\n<meta property=\"og:locale\" content=\"tr_TR\" \/>\n<meta property=\"og:type\" content=\"article\" \/>\n<meta property=\"og:title\" content=\"Remy ile PCR Test Talep ve Y\u00f6netim Sistemi - Bili\u015fim Y\u0131ld\u0131zlar\u0131 2021\" \/>\n<meta property=\"og:description\" content=\"KURUM: Remed Uluslararas\u0131 Destek ve Dan\u0131\u015fmanl\u0131k Hizmetler Tic A.\u015e. BA\u015eVURU SAH\u0130B\u0130: Erdin\u00e7 U\u011furlu URL: https:\/\/remedhealth.com\/pcr\/en \u00d6ZET: Remed Assistance m\u00fc\u015fterilerinin ve operasyon ekiplerinin hayat\u0131n\u0131 kolayla\u015ft\u0131ran Remy (metal yakal\u0131 \u00e7al\u0131\u015fan), ilk olarak; Kazakistan H\u00fck\u00fcmeti\u2019nin, vatanda\u015flar\u0131 da dahil olmak \u00fczere, \u00fclkeye giri\u015f yapan t\u00fcm yolcular i\u00e7in zorunlu tuttu\u011fu PCR testi s\u00fcre\u00e7lerinden sorumlu oldu. Art\u0131k Remy ile; T\u00fcrkiye, M\u0131s\u0131r &hellip;\" \/>\n<meta property=\"og:url\" content=\"https:\/\/bilisimyildizlari.org.tr\/2021\/remy-ile-pcr-test-talep-ve-yonetim-sistemi\" \/>\n<meta property=\"og:site_name\" content=\"Bili\u015fim Y\u0131ld\u0131zlar\u0131 2021\" \/>\n<meta name=\"twitter:card\" content=\"summary_large_image\" \/>\n<meta name=\"twitter:label1\" content=\"Tahmini okuma s\u00fcresi\" \/>\n\t<meta name=\"twitter:data1\" content=\"2 dakika\" \/>\n<script type=\"application\/ld+json\" class=\"yoast-schema-graph\">{\"@context\":\"https:\\\/\\\/schema.org\",\"@graph\":[{\"@type\":\"WebPage\",\"@id\":\"https:\\\/\\\/bilisimyildizlari.org.tr\\\/2021\\\/remy-ile-pcr-test-talep-ve-yonetim-sistemi\",\"url\":\"https:\\\/\\\/bilisimyildizlari.org.tr\\\/2021\\\/remy-ile-pcr-test-talep-ve-yonetim-sistemi\",\"name\":\"Remy ile PCR Test Talep ve Y\u00f6netim Sistemi - Bili\u015fim Y\u0131ld\u0131zlar\u0131 2021\",\"isPartOf\":{\"@id\":\"https:\\\/\\\/bilisimyildizlari.org.tr\\\/2021\\\/#website\"},\"datePublished\":\"2021-12-24T12:01:51+00:00\",\"breadcrumb\":{\"@id\":\"https:\\\/\\\/bilisimyildizlari.org.tr\\\/2021\\\/remy-ile-pcr-test-talep-ve-yonetim-sistemi#breadcrumb\"},\"inLanguage\":\"tr\",\"potentialAction\":[{\"@type\":\"ReadAction\",\"target\":[\"https:\\\/\\\/bilisimyildizlari.org.tr\\\/2021\\\/remy-ile-pcr-test-talep-ve-yonetim-sistemi\"]}]},{\"@type\":\"BreadcrumbList\",\"@id\":\"https:\\\/\\\/bilisimyildizlari.org.tr\\\/2021\\\/remy-ile-pcr-test-talep-ve-yonetim-sistemi#breadcrumb\",\"itemListElement\":[{\"@type\":\"ListItem\",\"position\":1,\"name\":\"Anasayfa\",\"item\":\"https:\\\/\\\/bilisimyildizlari.org.tr\\\/2021\\\/\"},{\"@type\":\"ListItem\",\"position\":2,\"name\":\"Remy ile PCR Test Talep ve Y\u00f6netim Sistemi\"}]},{\"@type\":\"WebSite\",\"@id\":\"https:\\\/\\\/bilisimyildizlari.org.tr\\\/2021\\\/#website\",\"url\":\"https:\\\/\\\/bilisimyildizlari.org.tr\\\/2021\\\/\",\"name\":\"Bili\u015fim Y\u0131ld\u0131zlar\u0131 2021\",\"description\":\"TBD \u0130stanbul Bili\u015fim Y\u0131ld\u0131zlar\u0131 Yar\u0131\u015fmas\u0131\",\"publisher\":{\"@id\":\"https:\\\/\\\/bilisimyildizlari.org.tr\\\/2021\\\/#organization\"},\"potentialAction\":[{\"@type\":\"SearchAction\",\"target\":{\"@type\":\"EntryPoint\",\"urlTemplate\":\"https:\\\/\\\/bilisimyildizlari.org.tr\\\/2021\\\/?s={search_term_string}\"},\"query-input\":{\"@type\":\"PropertyValueSpecification\",\"valueRequired\":true,\"valueName\":\"search_term_string\"}}],\"inLanguage\":\"tr\"},{\"@type\":\"Organization\",\"@id\":\"https:\\\/\\\/bilisimyildizlari.org.tr\\\/2021\\\/#organization\",\"name\":\"Bili\u015fim Y\u0131ld\u0131zlar\u0131 2021\",\"url\":\"https:\\\/\\\/bilisimyildizlari.org.tr\\\/2021\\\/\",\"logo\":{\"@type\":\"ImageObject\",\"inLanguage\":\"tr\",\"@id\":\"https:\\\/\\\/bilisimyildizlari.org.tr\\\/2021\\\/#\\\/schema\\\/logo\\\/image\\\/\",\"url\":\"https:\\\/\\\/bilisimyildizlari.org.tr\\\/2021\\\/wp-content\\\/uploads\\\/sites\\\/2\\\/2021\\\/03\\\/TBD-50.-Yil-Logo-200px.png\",\"contentUrl\":\"https:\\\/\\\/bilisimyildizlari.org.tr\\\/2021\\\/wp-content\\\/uploads\\\/sites\\\/2\\\/2021\\\/03\\\/TBD-50.-Yil-Logo-200px.png\",\"width\":200,\"height\":136,\"caption\":\"Bili\u015fim Y\u0131ld\u0131zlar\u0131 2021\"},\"image\":{\"@id\":\"https:\\\/\\\/bilisimyildizlari.org.tr\\\/2021\\\/#\\\/schema\\\/logo\\\/image\\\/\"}}]}<\/script>\n<!-- \/ Yoast SEO plugin. -->","yoast_head_json":{"title":"Remy ile PCR Test Talep ve Y\u00f6netim Sistemi - Bili\u015fim Y\u0131ld\u0131zlar\u0131 2021","robots":{"index":"index","follow":"follow","max-snippet":"max-snippet:-1","max-image-preview":"max-image-preview:large","max-video-preview":"max-video-preview:-1"},"canonical":"https:\/\/bilisimyildizlari.org.tr\/2021\/remy-ile-pcr-test-talep-ve-yonetim-sistemi","og_locale":"tr_TR","og_type":"article","og_title":"Remy ile PCR Test Talep ve Y\u00f6netim Sistemi - Bili\u015fim Y\u0131ld\u0131zlar\u0131 2021","og_description":"KURUM: Remed Uluslararas\u0131 Destek ve Dan\u0131\u015fmanl\u0131k Hizmetler Tic A.\u015e. BA\u015eVURU SAH\u0130B\u0130: Erdin\u00e7 U\u011furlu URL: https:\/\/remedhealth.com\/pcr\/en \u00d6ZET: Remed Assistance m\u00fc\u015fterilerinin ve operasyon ekiplerinin hayat\u0131n\u0131 kolayla\u015ft\u0131ran Remy (metal yakal\u0131 \u00e7al\u0131\u015fan), ilk olarak; Kazakistan H\u00fck\u00fcmeti\u2019nin, vatanda\u015flar\u0131 da dahil olmak \u00fczere, \u00fclkeye giri\u015f yapan t\u00fcm yolcular i\u00e7in zorunlu tuttu\u011fu PCR testi s\u00fcre\u00e7lerinden sorumlu oldu. Art\u0131k Remy ile; T\u00fcrkiye, M\u0131s\u0131r &hellip;","og_url":"https:\/\/bilisimyildizlari.org.tr\/2021\/remy-ile-pcr-test-talep-ve-yonetim-sistemi","og_site_name":"Bili\u015fim Y\u0131ld\u0131zlar\u0131 2021","twitter_card":"summary_large_image","twitter_misc":{"Tahmini okuma s\u00fcresi":"2 dakika"},"schema":{"@context":"https:\/\/schema.org","@graph":[{"@type":"WebPage","@id":"https:\/\/bilisimyildizlari.org.tr\/2021\/remy-ile-pcr-test-talep-ve-yonetim-sistemi","url":"https:\/\/bilisimyildizlari.org.tr\/2021\/remy-ile-pcr-test-talep-ve-yonetim-sistemi","name":"Remy ile PCR Test Talep ve Y\u00f6netim Sistemi - Bili\u015fim Y\u0131ld\u0131zlar\u0131 2021","isPartOf":{"@id":"https:\/\/bilisimyildizlari.org.tr\/2021\/#website"},"datePublished":"2021-12-24T12:01:51+00:00","breadcrumb":{"@id":"https:\/\/bilisimyildizlari.org.tr\/2021\/remy-ile-pcr-test-talep-ve-yonetim-sistemi#breadcrumb"},"inLanguage":"tr","potentialAction":[{"@type":"ReadAction","target":["https:\/\/bilisimyildizlari.org.tr\/2021\/remy-ile-pcr-test-talep-ve-yonetim-sistemi"]}]},{"@type":"BreadcrumbList","@id":"https:\/\/bilisimyildizlari.org.tr\/2021\/remy-ile-pcr-test-talep-ve-yonetim-sistemi#breadcrumb","itemListElement":[{"@type":"ListItem","position":1,"name":"Anasayfa","item":"https:\/\/bilisimyildizlari.org.tr\/2021\/"},{"@type":"ListItem","position":2,"name":"Remy ile PCR Test Talep ve Y\u00f6netim Sistemi"}]},{"@type":"WebSite","@id":"https:\/\/bilisimyildizlari.org.tr\/2021\/#website","url":"https:\/\/bilisimyildizlari.org.tr\/2021\/","name":"Bili\u015fim Y\u0131ld\u0131zlar\u0131 2021","description":"TBD \u0130stanbul Bili\u015fim Y\u0131ld\u0131zlar\u0131 Yar\u0131\u015fmas\u0131","publisher":{"@id":"https:\/\/bilisimyildizlari.org.tr\/2021\/#organization"},"potentialAction":[{"@type":"SearchAction","target":{"@type":"EntryPoint","urlTemplate":"https:\/\/bilisimyildizlari.org.tr\/2021\/?s={search_term_string}"},"query-input":{"@type":"PropertyValueSpecification","valueRequired":true,"valueName":"search_term_string"}}],"inLanguage":"tr"},{"@type":"Organization","@id":"https:\/\/bilisimyildizlari.org.tr\/2021\/#organization","name":"Bili\u015fim Y\u0131ld\u0131zlar\u0131 2021","url":"https:\/\/bilisimyildizlari.org.tr\/2021\/","logo":{"@type":"ImageObject","inLanguage":"tr","@id":"https:\/\/bilisimyildizlari.org.tr\/2021\/#\/schema\/logo\/image\/","url":"https:\/\/bilisimyildizlari.org.tr\/2021\/wp-content\/uploads\/sites\/2\/2021\/03\/TBD-50.-Yil-Logo-200px.png","contentUrl":"https:\/\/bilisimyildizlari.org.tr\/2021\/wp-content\/uploads\/sites\/2\/2021\/03\/TBD-50.-Yil-Logo-200px.png","width":200,"height":136,"caption":"Bili\u015fim Y\u0131ld\u0131zlar\u0131 2021"},"image":{"@id":"https:\/\/bilisimyildizlari.org.tr\/2021\/#\/schema\/logo\/image\/"}}]}},"_links":{"self":[{"href":"https:\/\/bilisimyildizlari.org.tr\/2021\/wp-json\/wp\/v2\/pages\/1282","targetHints":{"allow":["GET"]}}],"collection":[{"href":"https:\/\/bilisimyildizlari.org.tr\/2021\/wp-json\/wp\/v2\/pages"}],"about":[{"href":"https:\/\/bilisimyildizlari.org.tr\/2021\/wp-json\/wp\/v2\/types\/page"}],"author":[{"embeddable":true,"href":"https:\/\/bilisimyildizlari.org.tr\/2021\/wp-json\/wp\/v2\/users\/4"}],"replies":[{"embeddable":true,"href":"https:\/\/bilisimyildizlari.org.tr\/2021\/wp-json\/wp\/v2\/comments?post=1282"}],"version-history":[{"count":0,"href":"https:\/\/bilisimyildizlari.org.tr\/2021\/wp-json\/wp\/v2\/pages\/1282\/revisions"}],"wp:attachment":[{"href":"https:\/\/bilisimyildizlari.org.tr\/2021\/wp-json\/wp\/v2\/media?parent=1282"}],"curies":[{"name":"wp","href":"https:\/\/api.w.org\/{rel}","templated":true}]}}