{"id":1291,"date":"2021-12-24T15:11:33","date_gmt":"2021-12-24T12:11:33","guid":{"rendered":"https:\/\/bilisimyildizlari.org.tr\/2021\/?page_id=1291"},"modified":"2021-12-24T15:12:31","modified_gmt":"2021-12-24T12:12:31","slug":"ulasim-ve-trafik-mukemmeliyeti-pandemi-sonrasi-trafik-yogunlugunun-ongorulmesi-projesi","status":"publish","type":"page","link":"https:\/\/bilisimyildizlari.org.tr\/2021\/ulasim-ve-trafik-mukemmeliyeti-pandemi-sonrasi-trafik-yogunlugunun-ongorulmesi-projesi","title":{"rendered":"Ula\u015f\u0131m ve Trafik M\u00fckemmeliyeti Pandemi Sonras\u0131 Trafik Yo\u011funlu\u011funun \u00d6ng\u00f6r\u00fclmesi Projesi"},"content":{"rendered":"\n<p><strong>KURUM:<\/strong> \u0130stanbul B\u00fcy\u00fck\u015fehir Belediyesi<\/p>\n\n\n\n<p><strong>BA\u015eVURU SAH\u0130B\u0130:<\/strong> Erol \u00d6zg\u00fcner<\/p>\n\n\n\n<p><strong>\u00d6ZET:<\/strong> Ula\u015f\u0131m ve Trafik M\u00fckemmeliyeti Pandemi sonras\u0131 Trafik tahminlemesi Projesi ile, yapay zeka, veri analiti\u011fi ve bilgisayarla \u00f6\u011frenme teknolojilerinin kullan\u0131m\u0131yla \u0130BB\u2019nin ula\u015f\u0131m verilerinin \u00f6ng\u00f6r\u00fclmesi, toplanmas\u0131 ve optimize edilmesi amac\u0131yla veri bilimi tekniklerini uygulama kabiliyetini geli\u015ftirmesi hedeflenmektedir.<\/p>\n\n\n\n<p>Bu Proje kapsam\u0131nda \u0130stanbul\u2019un ana yollar\u0131n\u0131 kapsayacak nitelikte veri analiti\u011fi ve yapay zeka teknolojilerinin de yard\u0131m\u0131 ile bir g\u00fcnl\u00fck trafik \u00f6ng\u00f6r\u00fcs\u00fcne y\u00f6nelik \u00e7al\u0131\u015fmalar ger\u00e7ekle\u015ftirilmi\u015ftir. Bu \u00e7al\u0131\u015fmalar \u0131\u015f\u0131\u011f\u0131nda \u0130BB Ula\u015f\u0131m ve Trafik alan\u0131nda karar vericilere karar destek mekanizmas\u0131n\u0131n tasarlanmas\u0131 hedeflenmi\u015ftir.<\/p>\n\n\n\n<p><strong>AMA\u00c7:<\/strong> Ula\u015f\u0131m ve Trafik Y\u00f6netiminin Veri Odakl\u0131 \u00c7\u00f6z\u00fcmler ile Desteklenmesine hizmet etmek \u00fczere tasarlanan Pandemi sonras\u0131 Trafik Yo\u011funlu\u011funun Tahminlemesi\u2019ne y\u00f6nelik projemiz ile karar destek mekanizmas\u0131n\u0131n kurulmas\u0131, trafi\u011fin yo\u011funluk \u00f6ng\u00f6r\u00fcs\u00fcne ba\u011fl\u0131 olarak trafik ak\u0131\u015f\u0131n\u0131n y\u00f6netilmesi ve y\u00f6nlendirilmesi hedeflenmi\u015ftir.<\/p>\n\n\n\n<p>B\u00f6ylelikle trafik yo\u011funlu\u011fu veri odakl\u0131 \u00e7\u00f6z\u00fcmler ile takip edilebilecek, trafik yo\u011funlu\u011funa sebep olabilecek noktalar\u0131n daha evvelden fark edilip \u00f6n-eylem al\u0131nabilmesini sa\u011flamak, sonu\u00e7 olarak \u0130stanbullular\u0131n trafikte ge\u00e7irdi\u011fi s\u00fcreyi azaltmak, ya\u015fam kalitesini art\u0131rmak hedeflenmektedir.<\/p>\n\n\n\n<p><strong>KAPSAM:<\/strong> Projenin ana hedef kitlesi ve ilk kullan\u0131c\u0131lar\u0131 \u0130stanbul B\u00fcy\u00fck\u015fehir Belediyesi Trafik ve Ula\u015f\u0131m Daire Ba\u015fkanl\u0131\u011f\u0131 ve bu ba\u015fkanl\u0131\u011fa ba\u011fl\u0131 bulunan, Ula\u015f\u0131m Y\u00f6netim Merkezi, Ula\u015f\u0131m Planlama M\u00fcd\u00fcrl\u00fc\u011f\u00fc ve Ula\u015f\u0131m Master Plan\u0131 \u00e7al\u0131\u015fmalar\u0131 ger\u00e7ekle\u015ftiren di\u011fer payda\u015f ve i\u015ftiraklerdir.<\/p>\n\n\n\n<p>Ancak projenin son kullan\u0131c\u0131lar\u0131 trafikte bulunan t\u00fcm \u0130stanbullular oldu\u011fu unutulmamal\u0131d\u0131r.<\/p>\n\n\n\n<p>Burada yap\u0131lan \u00e7al\u0131\u015fman\u0131n \u0130stanbul\u2019un trafik y\u00f6netimine etki edecek karar destek mekanizmalar\u0131n\u0131n kurulmas\u0131 olmas\u0131 sebebiyle \u0130stanbul B\u00fcy\u00fck\u015fehir Belediyesi idari il s\u0131n\u0131rlar\u0131nda bulunan ana arterleri kapsamaktad\u0131r.<\/p>\n\n\n\n<p>Yol \u00fczerinde bulunan sens\u00f6rler sayesinde elde edilen h\u0131z de\u011ferleri kullan\u0131larak, \u0130stabul\u2019da bulunan ve trafik yo\u011funlu\u011funa sebebiyet veren \u00f6nemli konumlar\u0131n, hava durumu, yol \u00e7al\u0131\u015fmalar\u0131 gibi de\u011fi\u015fken parametreler ile yeni koronavir\u00fcs dolay\u0131s\u0131 ile seyahat k\u0131s\u0131tlamalar\u0131, okul ve i\u015f yerlerinin a\u00e7\u0131k olma durumu ve di\u011fer \u00f6nlemler parametre olarak dahil edilmi\u015ftir. Bu verilerin analizi ve makine \u00f6\u011frenmesi teknolojileri ile yapay zekan\u0131n e\u011fitilmesi sonucu \u0130BB Trafik Yo\u011funlu\u011funun Tahminlenmesi \u00e7al\u0131\u015fmalar\u0131 g\u00fcnl\u00fck olarak \u00f6n\u00fcm\u00fczdeki 24 saat hakk\u0131nda yol, y\u00f6n, il\u00e7e, semt k\u0131r\u0131l\u0131m\u0131nda saatlik \u00f6ng\u00f6r\u00fcler \u00fcretmektedir.<\/p>\n","protected":false},"excerpt":{"rendered":"<p>KURUM: \u0130stanbul B\u00fcy\u00fck\u015fehir Belediyesi BA\u015eVURU SAH\u0130B\u0130: Erol \u00d6zg\u00fcner \u00d6ZET: Ula\u015f\u0131m ve Trafik M\u00fckemmeliyeti Pandemi sonras\u0131 Trafik tahminlemesi Projesi ile, yapay zeka, veri analiti\u011fi ve bilgisayarla \u00f6\u011frenme teknolojilerinin kullan\u0131m\u0131yla \u0130BB\u2019nin ula\u015f\u0131m verilerinin \u00f6ng\u00f6r\u00fclmesi, toplanmas\u0131 ve optimize edilmesi amac\u0131yla veri bilimi tekniklerini uygulama kabiliyetini geli\u015ftirmesi hedeflenmektedir. Bu Proje kapsam\u0131nda \u0130stanbul\u2019un ana yollar\u0131n\u0131 kapsayacak nitelikte veri analiti\u011fi ve &hellip; <\/p>\n","protected":false},"author":4,"featured_media":0,"parent":0,"menu_order":0,"comment_status":"closed","ping_status":"closed","template":"","meta":{"footnotes":""},"class_list":["post-1291","page","type-page","status-publish","hentry"],"yoast_head":"<!-- This site is optimized with the Yoast SEO plugin v27.6 - https:\/\/yoast.com\/product\/yoast-seo-wordpress\/ -->\n<title>Ula\u015f\u0131m ve Trafik M\u00fckemmeliyeti Pandemi Sonras\u0131 Trafik Yo\u011funlu\u011funun \u00d6ng\u00f6r\u00fclmesi Projesi - Bili\u015fim Y\u0131ld\u0131zlar\u0131 2021<\/title>\n<meta name=\"robots\" content=\"index, follow, max-snippet:-1, max-image-preview:large, max-video-preview:-1\" \/>\n<link rel=\"canonical\" href=\"https:\/\/bilisimyildizlari.org.tr\/2021\/ulasim-ve-trafik-mukemmeliyeti-pandemi-sonrasi-trafik-yogunlugunun-ongorulmesi-projesi\" \/>\n<meta property=\"og:locale\" content=\"tr_TR\" \/>\n<meta property=\"og:type\" content=\"article\" \/>\n<meta property=\"og:title\" content=\"Ula\u015f\u0131m ve Trafik M\u00fckemmeliyeti Pandemi Sonras\u0131 Trafik Yo\u011funlu\u011funun \u00d6ng\u00f6r\u00fclmesi Projesi - Bili\u015fim Y\u0131ld\u0131zlar\u0131 2021\" \/>\n<meta property=\"og:description\" content=\"KURUM: \u0130stanbul B\u00fcy\u00fck\u015fehir Belediyesi BA\u015eVURU SAH\u0130B\u0130: Erol \u00d6zg\u00fcner \u00d6ZET: Ula\u015f\u0131m ve Trafik M\u00fckemmeliyeti Pandemi sonras\u0131 Trafik tahminlemesi Projesi ile, yapay zeka, veri analiti\u011fi ve bilgisayarla \u00f6\u011frenme teknolojilerinin kullan\u0131m\u0131yla \u0130BB\u2019nin ula\u015f\u0131m verilerinin \u00f6ng\u00f6r\u00fclmesi, toplanmas\u0131 ve optimize edilmesi amac\u0131yla veri bilimi tekniklerini uygulama kabiliyetini geli\u015ftirmesi hedeflenmektedir. Bu Proje kapsam\u0131nda \u0130stanbul\u2019un ana yollar\u0131n\u0131 kapsayacak nitelikte veri analiti\u011fi ve &hellip;\" \/>\n<meta property=\"og:url\" content=\"https:\/\/bilisimyildizlari.org.tr\/2021\/ulasim-ve-trafik-mukemmeliyeti-pandemi-sonrasi-trafik-yogunlugunun-ongorulmesi-projesi\" \/>\n<meta property=\"og:site_name\" content=\"Bili\u015fim Y\u0131ld\u0131zlar\u0131 2021\" \/>\n<meta property=\"article:modified_time\" content=\"2021-12-24T12:12:31+00:00\" \/>\n<meta name=\"twitter:card\" content=\"summary_large_image\" \/>\n<meta name=\"twitter:label1\" content=\"Tahmini okuma s\u00fcresi\" \/>\n\t<meta name=\"twitter:data1\" content=\"2 dakika\" \/>\n<script type=\"application\/ld+json\" class=\"yoast-schema-graph\">{\"@context\":\"https:\\\/\\\/schema.org\",\"@graph\":[{\"@type\":\"WebPage\",\"@id\":\"https:\\\/\\\/bilisimyildizlari.org.tr\\\/2021\\\/ulasim-ve-trafik-mukemmeliyeti-pandemi-sonrasi-trafik-yogunlugunun-ongorulmesi-projesi\",\"url\":\"https:\\\/\\\/bilisimyildizlari.org.tr\\\/2021\\\/ulasim-ve-trafik-mukemmeliyeti-pandemi-sonrasi-trafik-yogunlugunun-ongorulmesi-projesi\",\"name\":\"Ula\u015f\u0131m ve Trafik M\u00fckemmeliyeti Pandemi Sonras\u0131 Trafik Yo\u011funlu\u011funun \u00d6ng\u00f6r\u00fclmesi Projesi - Bili\u015fim Y\u0131ld\u0131zlar\u0131 2021\",\"isPartOf\":{\"@id\":\"https:\\\/\\\/bilisimyildizlari.org.tr\\\/2021\\\/#website\"},\"datePublished\":\"2021-12-24T12:11:33+00:00\",\"dateModified\":\"2021-12-24T12:12:31+00:00\",\"breadcrumb\":{\"@id\":\"https:\\\/\\\/bilisimyildizlari.org.tr\\\/2021\\\/ulasim-ve-trafik-mukemmeliyeti-pandemi-sonrasi-trafik-yogunlugunun-ongorulmesi-projesi#breadcrumb\"},\"inLanguage\":\"tr\",\"potentialAction\":[{\"@type\":\"ReadAction\",\"target\":[\"https:\\\/\\\/bilisimyildizlari.org.tr\\\/2021\\\/ulasim-ve-trafik-mukemmeliyeti-pandemi-sonrasi-trafik-yogunlugunun-ongorulmesi-projesi\"]}]},{\"@type\":\"BreadcrumbList\",\"@id\":\"https:\\\/\\\/bilisimyildizlari.org.tr\\\/2021\\\/ulasim-ve-trafik-mukemmeliyeti-pandemi-sonrasi-trafik-yogunlugunun-ongorulmesi-projesi#breadcrumb\",\"itemListElement\":[{\"@type\":\"ListItem\",\"position\":1,\"name\":\"Anasayfa\",\"item\":\"https:\\\/\\\/bilisimyildizlari.org.tr\\\/2021\\\/\"},{\"@type\":\"ListItem\",\"position\":2,\"name\":\"Ula\u015f\u0131m ve Trafik M\u00fckemmeliyeti Pandemi Sonras\u0131 Trafik Yo\u011funlu\u011funun \u00d6ng\u00f6r\u00fclmesi Projesi\"}]},{\"@type\":\"WebSite\",\"@id\":\"https:\\\/\\\/bilisimyildizlari.org.tr\\\/2021\\\/#website\",\"url\":\"https:\\\/\\\/bilisimyildizlari.org.tr\\\/2021\\\/\",\"name\":\"Bili\u015fim Y\u0131ld\u0131zlar\u0131 2021\",\"description\":\"TBD \u0130stanbul Bili\u015fim Y\u0131ld\u0131zlar\u0131 Yar\u0131\u015fmas\u0131\",\"publisher\":{\"@id\":\"https:\\\/\\\/bilisimyildizlari.org.tr\\\/2021\\\/#organization\"},\"potentialAction\":[{\"@type\":\"SearchAction\",\"target\":{\"@type\":\"EntryPoint\",\"urlTemplate\":\"https:\\\/\\\/bilisimyildizlari.org.tr\\\/2021\\\/?s={search_term_string}\"},\"query-input\":{\"@type\":\"PropertyValueSpecification\",\"valueRequired\":true,\"valueName\":\"search_term_string\"}}],\"inLanguage\":\"tr\"},{\"@type\":\"Organization\",\"@id\":\"https:\\\/\\\/bilisimyildizlari.org.tr\\\/2021\\\/#organization\",\"name\":\"Bili\u015fim Y\u0131ld\u0131zlar\u0131 2021\",\"url\":\"https:\\\/\\\/bilisimyildizlari.org.tr\\\/2021\\\/\",\"logo\":{\"@type\":\"ImageObject\",\"inLanguage\":\"tr\",\"@id\":\"https:\\\/\\\/bilisimyildizlari.org.tr\\\/2021\\\/#\\\/schema\\\/logo\\\/image\\\/\",\"url\":\"https:\\\/\\\/bilisimyildizlari.org.tr\\\/2021\\\/wp-content\\\/uploads\\\/sites\\\/2\\\/2021\\\/03\\\/TBD-50.-Yil-Logo-200px.png\",\"contentUrl\":\"https:\\\/\\\/bilisimyildizlari.org.tr\\\/2021\\\/wp-content\\\/uploads\\\/sites\\\/2\\\/2021\\\/03\\\/TBD-50.-Yil-Logo-200px.png\",\"width\":200,\"height\":136,\"caption\":\"Bili\u015fim Y\u0131ld\u0131zlar\u0131 2021\"},\"image\":{\"@id\":\"https:\\\/\\\/bilisimyildizlari.org.tr\\\/2021\\\/#\\\/schema\\\/logo\\\/image\\\/\"}}]}<\/script>\n<!-- \/ Yoast SEO plugin. -->","yoast_head_json":{"title":"Ula\u015f\u0131m ve Trafik M\u00fckemmeliyeti Pandemi Sonras\u0131 Trafik Yo\u011funlu\u011funun \u00d6ng\u00f6r\u00fclmesi Projesi - Bili\u015fim Y\u0131ld\u0131zlar\u0131 2021","robots":{"index":"index","follow":"follow","max-snippet":"max-snippet:-1","max-image-preview":"max-image-preview:large","max-video-preview":"max-video-preview:-1"},"canonical":"https:\/\/bilisimyildizlari.org.tr\/2021\/ulasim-ve-trafik-mukemmeliyeti-pandemi-sonrasi-trafik-yogunlugunun-ongorulmesi-projesi","og_locale":"tr_TR","og_type":"article","og_title":"Ula\u015f\u0131m ve Trafik M\u00fckemmeliyeti Pandemi Sonras\u0131 Trafik Yo\u011funlu\u011funun \u00d6ng\u00f6r\u00fclmesi Projesi - Bili\u015fim Y\u0131ld\u0131zlar\u0131 2021","og_description":"KURUM: \u0130stanbul B\u00fcy\u00fck\u015fehir Belediyesi BA\u015eVURU SAH\u0130B\u0130: Erol \u00d6zg\u00fcner \u00d6ZET: Ula\u015f\u0131m ve Trafik M\u00fckemmeliyeti Pandemi sonras\u0131 Trafik tahminlemesi Projesi ile, yapay zeka, veri analiti\u011fi ve bilgisayarla \u00f6\u011frenme teknolojilerinin kullan\u0131m\u0131yla \u0130BB\u2019nin ula\u015f\u0131m verilerinin \u00f6ng\u00f6r\u00fclmesi, toplanmas\u0131 ve optimize edilmesi amac\u0131yla veri bilimi tekniklerini uygulama kabiliyetini geli\u015ftirmesi hedeflenmektedir. Bu Proje kapsam\u0131nda \u0130stanbul\u2019un ana yollar\u0131n\u0131 kapsayacak nitelikte veri analiti\u011fi ve &hellip;","og_url":"https:\/\/bilisimyildizlari.org.tr\/2021\/ulasim-ve-trafik-mukemmeliyeti-pandemi-sonrasi-trafik-yogunlugunun-ongorulmesi-projesi","og_site_name":"Bili\u015fim Y\u0131ld\u0131zlar\u0131 2021","article_modified_time":"2021-12-24T12:12:31+00:00","twitter_card":"summary_large_image","twitter_misc":{"Tahmini okuma s\u00fcresi":"2 dakika"},"schema":{"@context":"https:\/\/schema.org","@graph":[{"@type":"WebPage","@id":"https:\/\/bilisimyildizlari.org.tr\/2021\/ulasim-ve-trafik-mukemmeliyeti-pandemi-sonrasi-trafik-yogunlugunun-ongorulmesi-projesi","url":"https:\/\/bilisimyildizlari.org.tr\/2021\/ulasim-ve-trafik-mukemmeliyeti-pandemi-sonrasi-trafik-yogunlugunun-ongorulmesi-projesi","name":"Ula\u015f\u0131m ve Trafik M\u00fckemmeliyeti Pandemi Sonras\u0131 Trafik Yo\u011funlu\u011funun \u00d6ng\u00f6r\u00fclmesi Projesi - Bili\u015fim Y\u0131ld\u0131zlar\u0131 2021","isPartOf":{"@id":"https:\/\/bilisimyildizlari.org.tr\/2021\/#website"},"datePublished":"2021-12-24T12:11:33+00:00","dateModified":"2021-12-24T12:12:31+00:00","breadcrumb":{"@id":"https:\/\/bilisimyildizlari.org.tr\/2021\/ulasim-ve-trafik-mukemmeliyeti-pandemi-sonrasi-trafik-yogunlugunun-ongorulmesi-projesi#breadcrumb"},"inLanguage":"tr","potentialAction":[{"@type":"ReadAction","target":["https:\/\/bilisimyildizlari.org.tr\/2021\/ulasim-ve-trafik-mukemmeliyeti-pandemi-sonrasi-trafik-yogunlugunun-ongorulmesi-projesi"]}]},{"@type":"BreadcrumbList","@id":"https:\/\/bilisimyildizlari.org.tr\/2021\/ulasim-ve-trafik-mukemmeliyeti-pandemi-sonrasi-trafik-yogunlugunun-ongorulmesi-projesi#breadcrumb","itemListElement":[{"@type":"ListItem","position":1,"name":"Anasayfa","item":"https:\/\/bilisimyildizlari.org.tr\/2021\/"},{"@type":"ListItem","position":2,"name":"Ula\u015f\u0131m ve Trafik M\u00fckemmeliyeti Pandemi Sonras\u0131 Trafik Yo\u011funlu\u011funun \u00d6ng\u00f6r\u00fclmesi Projesi"}]},{"@type":"WebSite","@id":"https:\/\/bilisimyildizlari.org.tr\/2021\/#website","url":"https:\/\/bilisimyildizlari.org.tr\/2021\/","name":"Bili\u015fim Y\u0131ld\u0131zlar\u0131 2021","description":"TBD \u0130stanbul Bili\u015fim Y\u0131ld\u0131zlar\u0131 Yar\u0131\u015fmas\u0131","publisher":{"@id":"https:\/\/bilisimyildizlari.org.tr\/2021\/#organization"},"potentialAction":[{"@type":"SearchAction","target":{"@type":"EntryPoint","urlTemplate":"https:\/\/bilisimyildizlari.org.tr\/2021\/?s={search_term_string}"},"query-input":{"@type":"PropertyValueSpecification","valueRequired":true,"valueName":"search_term_string"}}],"inLanguage":"tr"},{"@type":"Organization","@id":"https:\/\/bilisimyildizlari.org.tr\/2021\/#organization","name":"Bili\u015fim Y\u0131ld\u0131zlar\u0131 2021","url":"https:\/\/bilisimyildizlari.org.tr\/2021\/","logo":{"@type":"ImageObject","inLanguage":"tr","@id":"https:\/\/bilisimyildizlari.org.tr\/2021\/#\/schema\/logo\/image\/","url":"https:\/\/bilisimyildizlari.org.tr\/2021\/wp-content\/uploads\/sites\/2\/2021\/03\/TBD-50.-Yil-Logo-200px.png","contentUrl":"https:\/\/bilisimyildizlari.org.tr\/2021\/wp-content\/uploads\/sites\/2\/2021\/03\/TBD-50.-Yil-Logo-200px.png","width":200,"height":136,"caption":"Bili\u015fim Y\u0131ld\u0131zlar\u0131 2021"},"image":{"@id":"https:\/\/bilisimyildizlari.org.tr\/2021\/#\/schema\/logo\/image\/"}}]}},"_links":{"self":[{"href":"https:\/\/bilisimyildizlari.org.tr\/2021\/wp-json\/wp\/v2\/pages\/1291","targetHints":{"allow":["GET"]}}],"collection":[{"href":"https:\/\/bilisimyildizlari.org.tr\/2021\/wp-json\/wp\/v2\/pages"}],"about":[{"href":"https:\/\/bilisimyildizlari.org.tr\/2021\/wp-json\/wp\/v2\/types\/page"}],"author":[{"embeddable":true,"href":"https:\/\/bilisimyildizlari.org.tr\/2021\/wp-json\/wp\/v2\/users\/4"}],"replies":[{"embeddable":true,"href":"https:\/\/bilisimyildizlari.org.tr\/2021\/wp-json\/wp\/v2\/comments?post=1291"}],"version-history":[{"count":0,"href":"https:\/\/bilisimyildizlari.org.tr\/2021\/wp-json\/wp\/v2\/pages\/1291\/revisions"}],"wp:attachment":[{"href":"https:\/\/bilisimyildizlari.org.tr\/2021\/wp-json\/wp\/v2\/media?parent=1291"}],"curies":[{"name":"wp","href":"https:\/\/api.w.org\/{rel}","templated":true}]}}