{"id":813,"date":"2021-03-16T15:48:34","date_gmt":"2021-03-16T12:48:34","guid":{"rendered":"https:\/\/bilisimyildizlari.org.tr\/2021\/?page_id=813"},"modified":"2021-12-06T12:48:29","modified_gmt":"2021-12-06T09:48:29","slug":"basvuru","status":"publish","type":"page","link":"https:\/\/bilisimyildizlari.org.tr\/2021\/basvuru","title":{"rendered":"Ba\u015fvuru"},"content":{"rendered":"\n<div class=\"wp-block-columns is-layout-flex wp-container-core-columns-is-layout-9d6595d7 wp-block-columns-is-layout-flex\">\n<div class=\"wp-block-column is-layout-flow wp-block-column-is-layout-flow\">\n<div class=\"wp-block-buttons is-content-justification-center is-layout-flex wp-block-buttons-is-layout-flex\">\n<div class=\"wp-block-button has-custom-width wp-block-button__width-100 has-custom-font-size is-style-outline has-small-font-size is-style-outline--1\"><a class=\"wp-block-button__link has-light-green-cyan-background-color has-background\" style=\"border-radius:14px\">YARI\u015eMA BA\u015eVURU S\u00dcREC\u0130 TAMAMLANMI\u015eTIR<\/a><\/div>\n<\/div>\n<\/div>\n\n\n\n<div class=\"wp-block-column is-layout-flow wp-block-column-is-layout-flow\" style=\"flex-basis:70%\">\n<p>Yar\u0131\u015fma ba\u015fvurusu ile ilgili t\u00fcm bilgiler <strong><a href=\"https:\/\/bilisimyildizlari.org.tr\/wp-content\/uploads\/sites\/2\/2021\/06\/yonerge2021.pdf\" target=\"_blank\" rel=\"noreferrer noopener\">PDF Yar\u0131\u015fma Y\u00f6nergesi<\/a><\/strong>nde yer almaktad\u0131r.<br>Ba\u015fvurunuzu ger\u00e7ekle\u015ftirmeden \u00f6nce l\u00fctfen y\u00f6nergeyi dikkatlice okuyunuz.<\/p>\n<\/div>\n<\/div>\n\n\n\n<div class=\"wp-block-columns is-layout-flex wp-container-core-columns-is-layout-9d6595d7 wp-block-columns-is-layout-flex\">\n<div class=\"wp-block-column is-layout-flow wp-block-column-is-layout-flow\">\n<h4 class=\"wp-block-heading\">Ba\u015fvuru D\u00fczeyleri<\/h4>\n\n\n\n<ul class=\"wp-block-list\"><li>\u00d6zel Sekt\u00f6r<\/li><li>Ar-Ge Merkezi olan \u00d6zel Sekt\u00f6r Firmalar\u0131<\/li><li>\u00dcniversite<\/li><li>Teknopark, Teknokent \u015eirketleri<\/li><li>Sivil Toplum Kurulu\u015flar\u0131<\/li><li>Yerel Y\u00f6netimler<\/li><\/ul>\n\n\n\n<h4 class=\"wp-block-heading\">Ba\u015fvuru Alanlar\u0131<\/h4>\n\n\n\n<ul class=\"wp-block-list\"><li>5G ve Yeni \u0130leti\u015fim Teknolojileri<\/li><li>A\u00e7\u0131k Kaynak Kodlu Uygulamalar\/Sistemler<\/li><li>Ak\u0131ll\u0131 \u015eehirler<\/li><li>Ak\u0131ll\u0131 Uygulamalar (Sa\u011fl\u0131k, Tar\u0131m vb.)<\/li><li>Anl\u0131k Mesajla\u015fma Uygulamalar\u0131<\/li><li>Bulut Bili\u015fim<\/li><li>B\u00fcy\u00fck Veri, Yapay Zek\u00e2, Makine \u00d6\u011frenmesi ve Veri Madencili\u011fi<\/li><li>Co\u011frafi Bilgi Sistemleri<\/li><li>\u00c7evrimi\u00e7i E\u011fitim, Etkinlik Y\u00f6netimi ve Sanal Fuar Sistemleri<\/li><li>End\u00fcstri ve Ticaret \u00dcr\u00fcnleri<\/li><li>E-ticaret \/ Pazaryeri<\/li><li>G\u00f6m\u00fcl\u00fc Sistemler<\/li><li>Mobil Uygulama<\/li><li>Otonom Sistemler<\/li><li>Oyun ve E\u011flence<\/li><li>Robotik S\u00fcre\u00e7 Otomasyonu<\/li><li>Sanal Ger\u00e7eklik ve Art\u0131r\u0131lm\u0131\u015f Ger\u00e7eklik<\/li><li>Say\u0131sal (Dijital) D\u00f6n\u00fc\u015f\u00fcm<\/li><li>Siber G\u00fcvenlik<\/li><\/ul>\n<\/div>\n\n\n\n<div class=\"wp-block-column is-layout-flow wp-block-column-is-layout-flow\">\n<div class=\"wp-block-image\"><figure class=\"aligncenter size-large is-resized\"><img loading=\"lazy\" decoding=\"async\" src=\"https:\/\/bilisimyildizlari.org.tr\/wp-content\/uploads\/sites\/2\/2021\/03\/bilisim_yildizi-212x1024.png\" alt=\"\" class=\"wp-image-866\" width=\"173\" height=\"838\"\/><\/figure><\/div>\n<\/div>\n<\/div>\n","protected":false},"excerpt":{"rendered":"<p>Yar\u0131\u015fma ba\u015fvurusu ile ilgili t\u00fcm bilgiler PDF Yar\u0131\u015fma Y\u00f6nergesinde yer almaktad\u0131r.Ba\u015fvurunuzu ger\u00e7ekle\u015ftirmeden \u00f6nce l\u00fctfen y\u00f6nergeyi dikkatlice okuyunuz. Ba\u015fvuru D\u00fczeyleri \u00d6zel Sekt\u00f6r Ar-Ge Merkezi olan \u00d6zel Sekt\u00f6r Firmalar\u0131 \u00dcniversite Teknopark, Teknokent \u015eirketleri Sivil Toplum Kurulu\u015flar\u0131 Yerel Y\u00f6netimler Ba\u015fvuru Alanlar\u0131 5G ve Yeni \u0130leti\u015fim Teknolojileri A\u00e7\u0131k Kaynak Kodlu Uygulamalar\/Sistemler Ak\u0131ll\u0131 \u015eehirler Ak\u0131ll\u0131 Uygulamalar (Sa\u011fl\u0131k, Tar\u0131m vb.) Anl\u0131k &hellip; <\/p>\n","protected":false},"author":4,"featured_media":0,"parent":0,"menu_order":0,"comment_status":"closed","ping_status":"closed","template":"","meta":{"footnotes":""},"class_list":["post-813","page","type-page","status-publish","hentry"],"yoast_head":"<!-- This site is optimized with the Yoast SEO plugin v27.5 - https:\/\/yoast.com\/product\/yoast-seo-wordpress\/ -->\n<title>Ba\u015fvuru - Bili\u015fim Y\u0131ld\u0131zlar\u0131 2021<\/title>\n<meta name=\"robots\" content=\"index, follow, max-snippet:-1, max-image-preview:large, max-video-preview:-1\" \/>\n<link rel=\"canonical\" href=\"https:\/\/bilisimyildizlari.org.tr\/2021\/basvuru\" \/>\n<meta property=\"og:locale\" content=\"tr_TR\" \/>\n<meta property=\"og:type\" content=\"article\" \/>\n<meta property=\"og:title\" content=\"Ba\u015fvuru - Bili\u015fim Y\u0131ld\u0131zlar\u0131 2021\" \/>\n<meta property=\"og:description\" content=\"Yar\u0131\u015fma ba\u015fvurusu ile ilgili t\u00fcm bilgiler PDF Yar\u0131\u015fma Y\u00f6nergesinde yer almaktad\u0131r.Ba\u015fvurunuzu ger\u00e7ekle\u015ftirmeden \u00f6nce l\u00fctfen y\u00f6nergeyi dikkatlice okuyunuz. Ba\u015fvuru D\u00fczeyleri \u00d6zel Sekt\u00f6r Ar-Ge Merkezi olan \u00d6zel Sekt\u00f6r Firmalar\u0131 \u00dcniversite Teknopark, Teknokent \u015eirketleri Sivil Toplum Kurulu\u015flar\u0131 Yerel Y\u00f6netimler Ba\u015fvuru Alanlar\u0131 5G ve Yeni \u0130leti\u015fim Teknolojileri A\u00e7\u0131k Kaynak Kodlu Uygulamalar\/Sistemler Ak\u0131ll\u0131 \u015eehirler Ak\u0131ll\u0131 Uygulamalar (Sa\u011fl\u0131k, Tar\u0131m vb.) Anl\u0131k &hellip;\" \/>\n<meta property=\"og:url\" content=\"https:\/\/bilisimyildizlari.org.tr\/2021\/basvuru\" \/>\n<meta property=\"og:site_name\" content=\"Bili\u015fim Y\u0131ld\u0131zlar\u0131 2021\" \/>\n<meta property=\"article:modified_time\" content=\"2021-12-06T09:48:29+00:00\" \/>\n<meta property=\"og:image\" content=\"https:\/\/bilisimyildizlari.org.tr\/wp-content\/uploads\/sites\/2\/2021\/03\/bilisim_yildizi-212x1024.png\" \/>\n<meta name=\"twitter:card\" content=\"summary_large_image\" \/>\n<meta name=\"twitter:label1\" content=\"Tahmini okuma s\u00fcresi\" \/>\n\t<meta name=\"twitter:data1\" content=\"1 dakika\" \/>\n<script type=\"application\/ld+json\" class=\"yoast-schema-graph\">{\"@context\":\"https:\\\/\\\/schema.org\",\"@graph\":[{\"@type\":\"WebPage\",\"@id\":\"https:\\\/\\\/bilisimyildizlari.org.tr\\\/2021\\\/basvuru\",\"url\":\"https:\\\/\\\/bilisimyildizlari.org.tr\\\/2021\\\/basvuru\",\"name\":\"Ba\u015fvuru - Bili\u015fim Y\u0131ld\u0131zlar\u0131 2021\",\"isPartOf\":{\"@id\":\"https:\\\/\\\/bilisimyildizlari.org.tr\\\/2021\\\/#website\"},\"primaryImageOfPage\":{\"@id\":\"https:\\\/\\\/bilisimyildizlari.org.tr\\\/2021\\\/basvuru#primaryimage\"},\"image\":{\"@id\":\"https:\\\/\\\/bilisimyildizlari.org.tr\\\/2021\\\/basvuru#primaryimage\"},\"thumbnailUrl\":\"https:\\\/\\\/bilisimyildizlari.org.tr\\\/wp-content\\\/uploads\\\/sites\\\/2\\\/2021\\\/03\\\/bilisim_yildizi-212x1024.png\",\"datePublished\":\"2021-03-16T12:48:34+00:00\",\"dateModified\":\"2021-12-06T09:48:29+00:00\",\"breadcrumb\":{\"@id\":\"https:\\\/\\\/bilisimyildizlari.org.tr\\\/2021\\\/basvuru#breadcrumb\"},\"inLanguage\":\"tr\",\"potentialAction\":[{\"@type\":\"ReadAction\",\"target\":[\"https:\\\/\\\/bilisimyildizlari.org.tr\\\/2021\\\/basvuru\"]}]},{\"@type\":\"ImageObject\",\"inLanguage\":\"tr\",\"@id\":\"https:\\\/\\\/bilisimyildizlari.org.tr\\\/2021\\\/basvuru#primaryimage\",\"url\":\"https:\\\/\\\/bilisimyildizlari.org.tr\\\/wp-content\\\/uploads\\\/sites\\\/2\\\/2021\\\/03\\\/bilisim_yildizi-212x1024.png\",\"contentUrl\":\"https:\\\/\\\/bilisimyildizlari.org.tr\\\/wp-content\\\/uploads\\\/sites\\\/2\\\/2021\\\/03\\\/bilisim_yildizi-212x1024.png\"},{\"@type\":\"BreadcrumbList\",\"@id\":\"https:\\\/\\\/bilisimyildizlari.org.tr\\\/2021\\\/basvuru#breadcrumb\",\"itemListElement\":[{\"@type\":\"ListItem\",\"position\":1,\"name\":\"Anasayfa\",\"item\":\"https:\\\/\\\/bilisimyildizlari.org.tr\\\/2021\\\/\"},{\"@type\":\"ListItem\",\"position\":2,\"name\":\"Ba\u015fvuru\"}]},{\"@type\":\"WebSite\",\"@id\":\"https:\\\/\\\/bilisimyildizlari.org.tr\\\/2021\\\/#website\",\"url\":\"https:\\\/\\\/bilisimyildizlari.org.tr\\\/2021\\\/\",\"name\":\"Bili\u015fim Y\u0131ld\u0131zlar\u0131 2021\",\"description\":\"TBD \u0130stanbul Bili\u015fim Y\u0131ld\u0131zlar\u0131 Yar\u0131\u015fmas\u0131\",\"publisher\":{\"@id\":\"https:\\\/\\\/bilisimyildizlari.org.tr\\\/2021\\\/#organization\"},\"potentialAction\":[{\"@type\":\"SearchAction\",\"target\":{\"@type\":\"EntryPoint\",\"urlTemplate\":\"https:\\\/\\\/bilisimyildizlari.org.tr\\\/2021\\\/?s={search_term_string}\"},\"query-input\":{\"@type\":\"PropertyValueSpecification\",\"valueRequired\":true,\"valueName\":\"search_term_string\"}}],\"inLanguage\":\"tr\"},{\"@type\":\"Organization\",\"@id\":\"https:\\\/\\\/bilisimyildizlari.org.tr\\\/2021\\\/#organization\",\"name\":\"Bili\u015fim Y\u0131ld\u0131zlar\u0131 2021\",\"url\":\"https:\\\/\\\/bilisimyildizlari.org.tr\\\/2021\\\/\",\"logo\":{\"@type\":\"ImageObject\",\"inLanguage\":\"tr\",\"@id\":\"https:\\\/\\\/bilisimyildizlari.org.tr\\\/2021\\\/#\\\/schema\\\/logo\\\/image\\\/\",\"url\":\"https:\\\/\\\/bilisimyildizlari.org.tr\\\/2021\\\/wp-content\\\/uploads\\\/sites\\\/2\\\/2021\\\/03\\\/TBD-50.-Yil-Logo-200px.png\",\"contentUrl\":\"https:\\\/\\\/bilisimyildizlari.org.tr\\\/2021\\\/wp-content\\\/uploads\\\/sites\\\/2\\\/2021\\\/03\\\/TBD-50.-Yil-Logo-200px.png\",\"width\":200,\"height\":136,\"caption\":\"Bili\u015fim Y\u0131ld\u0131zlar\u0131 2021\"},\"image\":{\"@id\":\"https:\\\/\\\/bilisimyildizlari.org.tr\\\/2021\\\/#\\\/schema\\\/logo\\\/image\\\/\"}}]}<\/script>\n<!-- \/ Yoast SEO plugin. -->","yoast_head_json":{"title":"Ba\u015fvuru - Bili\u015fim Y\u0131ld\u0131zlar\u0131 2021","robots":{"index":"index","follow":"follow","max-snippet":"max-snippet:-1","max-image-preview":"max-image-preview:large","max-video-preview":"max-video-preview:-1"},"canonical":"https:\/\/bilisimyildizlari.org.tr\/2021\/basvuru","og_locale":"tr_TR","og_type":"article","og_title":"Ba\u015fvuru - Bili\u015fim Y\u0131ld\u0131zlar\u0131 2021","og_description":"Yar\u0131\u015fma ba\u015fvurusu ile ilgili t\u00fcm bilgiler PDF Yar\u0131\u015fma Y\u00f6nergesinde yer almaktad\u0131r.Ba\u015fvurunuzu ger\u00e7ekle\u015ftirmeden \u00f6nce l\u00fctfen y\u00f6nergeyi dikkatlice okuyunuz. Ba\u015fvuru D\u00fczeyleri \u00d6zel Sekt\u00f6r Ar-Ge Merkezi olan \u00d6zel Sekt\u00f6r Firmalar\u0131 \u00dcniversite Teknopark, Teknokent \u015eirketleri Sivil Toplum Kurulu\u015flar\u0131 Yerel Y\u00f6netimler Ba\u015fvuru Alanlar\u0131 5G ve Yeni \u0130leti\u015fim Teknolojileri A\u00e7\u0131k Kaynak Kodlu Uygulamalar\/Sistemler Ak\u0131ll\u0131 \u015eehirler Ak\u0131ll\u0131 Uygulamalar (Sa\u011fl\u0131k, Tar\u0131m vb.) Anl\u0131k &hellip;","og_url":"https:\/\/bilisimyildizlari.org.tr\/2021\/basvuru","og_site_name":"Bili\u015fim Y\u0131ld\u0131zlar\u0131 2021","article_modified_time":"2021-12-06T09:48:29+00:00","og_image":[{"url":"https:\/\/bilisimyildizlari.org.tr\/wp-content\/uploads\/sites\/2\/2021\/03\/bilisim_yildizi-212x1024.png","type":"","width":"","height":""}],"twitter_card":"summary_large_image","twitter_misc":{"Tahmini okuma s\u00fcresi":"1 dakika"},"schema":{"@context":"https:\/\/schema.org","@graph":[{"@type":"WebPage","@id":"https:\/\/bilisimyildizlari.org.tr\/2021\/basvuru","url":"https:\/\/bilisimyildizlari.org.tr\/2021\/basvuru","name":"Ba\u015fvuru - Bili\u015fim Y\u0131ld\u0131zlar\u0131 2021","isPartOf":{"@id":"https:\/\/bilisimyildizlari.org.tr\/2021\/#website"},"primaryImageOfPage":{"@id":"https:\/\/bilisimyildizlari.org.tr\/2021\/basvuru#primaryimage"},"image":{"@id":"https:\/\/bilisimyildizlari.org.tr\/2021\/basvuru#primaryimage"},"thumbnailUrl":"https:\/\/bilisimyildizlari.org.tr\/wp-content\/uploads\/sites\/2\/2021\/03\/bilisim_yildizi-212x1024.png","datePublished":"2021-03-16T12:48:34+00:00","dateModified":"2021-12-06T09:48:29+00:00","breadcrumb":{"@id":"https:\/\/bilisimyildizlari.org.tr\/2021\/basvuru#breadcrumb"},"inLanguage":"tr","potentialAction":[{"@type":"ReadAction","target":["https:\/\/bilisimyildizlari.org.tr\/2021\/basvuru"]}]},{"@type":"ImageObject","inLanguage":"tr","@id":"https:\/\/bilisimyildizlari.org.tr\/2021\/basvuru#primaryimage","url":"https:\/\/bilisimyildizlari.org.tr\/wp-content\/uploads\/sites\/2\/2021\/03\/bilisim_yildizi-212x1024.png","contentUrl":"https:\/\/bilisimyildizlari.org.tr\/wp-content\/uploads\/sites\/2\/2021\/03\/bilisim_yildizi-212x1024.png"},{"@type":"BreadcrumbList","@id":"https:\/\/bilisimyildizlari.org.tr\/2021\/basvuru#breadcrumb","itemListElement":[{"@type":"ListItem","position":1,"name":"Anasayfa","item":"https:\/\/bilisimyildizlari.org.tr\/2021\/"},{"@type":"ListItem","position":2,"name":"Ba\u015fvuru"}]},{"@type":"WebSite","@id":"https:\/\/bilisimyildizlari.org.tr\/2021\/#website","url":"https:\/\/bilisimyildizlari.org.tr\/2021\/","name":"Bili\u015fim Y\u0131ld\u0131zlar\u0131 2021","description":"TBD \u0130stanbul Bili\u015fim Y\u0131ld\u0131zlar\u0131 Yar\u0131\u015fmas\u0131","publisher":{"@id":"https:\/\/bilisimyildizlari.org.tr\/2021\/#organization"},"potentialAction":[{"@type":"SearchAction","target":{"@type":"EntryPoint","urlTemplate":"https:\/\/bilisimyildizlari.org.tr\/2021\/?s={search_term_string}"},"query-input":{"@type":"PropertyValueSpecification","valueRequired":true,"valueName":"search_term_string"}}],"inLanguage":"tr"},{"@type":"Organization","@id":"https:\/\/bilisimyildizlari.org.tr\/2021\/#organization","name":"Bili\u015fim Y\u0131ld\u0131zlar\u0131 2021","url":"https:\/\/bilisimyildizlari.org.tr\/2021\/","logo":{"@type":"ImageObject","inLanguage":"tr","@id":"https:\/\/bilisimyildizlari.org.tr\/2021\/#\/schema\/logo\/image\/","url":"https:\/\/bilisimyildizlari.org.tr\/2021\/wp-content\/uploads\/sites\/2\/2021\/03\/TBD-50.-Yil-Logo-200px.png","contentUrl":"https:\/\/bilisimyildizlari.org.tr\/2021\/wp-content\/uploads\/sites\/2\/2021\/03\/TBD-50.-Yil-Logo-200px.png","width":200,"height":136,"caption":"Bili\u015fim Y\u0131ld\u0131zlar\u0131 2021"},"image":{"@id":"https:\/\/bilisimyildizlari.org.tr\/2021\/#\/schema\/logo\/image\/"}}]}},"_links":{"self":[{"href":"https:\/\/bilisimyildizlari.org.tr\/2021\/wp-json\/wp\/v2\/pages\/813","targetHints":{"allow":["GET"]}}],"collection":[{"href":"https:\/\/bilisimyildizlari.org.tr\/2021\/wp-json\/wp\/v2\/pages"}],"about":[{"href":"https:\/\/bilisimyildizlari.org.tr\/2021\/wp-json\/wp\/v2\/types\/page"}],"author":[{"embeddable":true,"href":"https:\/\/bilisimyildizlari.org.tr\/2021\/wp-json\/wp\/v2\/users\/4"}],"replies":[{"embeddable":true,"href":"https:\/\/bilisimyildizlari.org.tr\/2021\/wp-json\/wp\/v2\/comments?post=813"}],"version-history":[{"count":0,"href":"https:\/\/bilisimyildizlari.org.tr\/2021\/wp-json\/wp\/v2\/pages\/813\/revisions"}],"wp:attachment":[{"href":"https:\/\/bilisimyildizlari.org.tr\/2021\/wp-json\/wp\/v2\/media?parent=813"}],"curies":[{"name":"wp","href":"https:\/\/api.w.org\/{rel}","templated":true}]}}