{"id":816,"date":"2021-03-16T15:52:52","date_gmt":"2021-03-16T12:52:52","guid":{"rendered":"https:\/\/bilisimyildizlari.org.tr\/2021\/?page_id=816"},"modified":"2021-11-23T21:14:24","modified_gmt":"2021-11-23T18:14:24","slug":"onemli-tarihler","status":"publish","type":"page","link":"https:\/\/bilisimyildizlari.org.tr\/2021\/onemli-tarihler","title":{"rendered":"\u00d6nemli Tarihler"},"content":{"rendered":"\n<figure class=\"wp-block-table is-style-regular\"><table class=\"has-fixed-layout\"><tbody><tr><td><strong>Organizasyon Ad\u0131mlar\u0131<\/strong><\/td><td><strong>\u0130lk Tarih<\/strong><\/td><td><strong>Son Tarih<\/strong><\/td><\/tr><tr><td>\u0130lk Duyuru Tarihi<\/td><td>19.05.2021<\/td><td><\/td><\/tr><tr><td><strong>Yar\u0131\u015fma Ba\u015fvuru Tarihleri<\/strong><\/td><td><strong>19.05.2021<\/strong><\/td><td><strong><s>15.07.2021<\/s><\/strong> <span class=\"has-inline-color has-vivid-red-color\"><strong>15.10.2021<\/strong><\/span><\/td><\/tr><tr><td>Ba\u015fvurular\u0131n \u00d6n Eleme Tarihleri<\/td><td><s>15.07.2021<\/s> <span class=\"has-inline-color has-vivid-red-color\">16.10.2021<\/span> <\/td><td><s>31.07.2021<\/s> <span class=\"has-inline-color has-vivid-red-color\">20.10.2021<\/span> <\/td><\/tr><tr><td>J\u00fcri De\u011ferlendirme Tarihleri<\/td><td><s>01.08.2021<\/s> <span class=\"has-inline-color has-vivid-red-color\">21.10.2021<\/span> <\/td><td><s>31.08.2021<\/s> <span class=\"has-inline-color has-vivid-red-color\">21.11.2021<\/span> <\/td><\/tr><tr><td>Son De\u011ferlendirme<\/td><td><s>01.09.2021<\/s> <span class=\"has-inline-color has-vivid-red-color\">21.11.2021<\/span> <\/td><td><s>12.09.2021<\/s> <span class=\"has-inline-color has-vivid-red-color\">01.12.2021<\/span> <\/td><\/tr><tr><td>Sonu\u00e7lar\u0131n Duyurulmas\u0131<\/td><td><s>20.10.2021<\/s> <span class=\"has-inline-color has-vivid-red-color\">01.12.2021<\/span>  <\/td><td><s>20.10.2021<\/s> <span class=\"has-inline-color has-vivid-red-color\">01.12.2021<\/span>   <\/td><\/tr><tr><td><strong>\u00d6d\u00fcl T\u00f6reni<\/strong><\/td><td><strong>09.12.2021<\/strong><\/td><td><\/td><\/tr><\/tbody><\/table><\/figure>\n","protected":false},"excerpt":{"rendered":"<p>Organizasyon Ad\u0131mlar\u0131 \u0130lk Tarih Son Tarih \u0130lk Duyuru Tarihi 19.05.2021 Yar\u0131\u015fma Ba\u015fvuru Tarihleri 19.05.2021 15.07.2021 15.10.2021 Ba\u015fvurular\u0131n \u00d6n Eleme Tarihleri 15.07.2021 16.10.2021 31.07.2021 20.10.2021 J\u00fcri De\u011ferlendirme Tarihleri 01.08.2021 21.10.2021 31.08.2021 21.11.2021 Son De\u011ferlendirme 01.09.2021 21.11.2021 12.09.2021 01.12.2021 Sonu\u00e7lar\u0131n Duyurulmas\u0131 20.10.2021 01.12.2021 20.10.2021 01.12.2021 \u00d6d\u00fcl T\u00f6reni 09.12.2021<\/p>\n","protected":false},"author":4,"featured_media":0,"parent":0,"menu_order":0,"comment_status":"closed","ping_status":"closed","template":"","meta":{"footnotes":""},"class_list":["post-816","page","type-page","status-publish","hentry"],"yoast_head":"<!-- This site is optimized with the Yoast SEO plugin v27.5 - https:\/\/yoast.com\/product\/yoast-seo-wordpress\/ -->\n<title>\u00d6nemli Tarihler - Bili\u015fim Y\u0131ld\u0131zlar\u0131 2021<\/title>\n<meta name=\"robots\" content=\"index, follow, max-snippet:-1, max-image-preview:large, max-video-preview:-1\" \/>\n<link rel=\"canonical\" href=\"https:\/\/bilisimyildizlari.org.tr\/2021\/onemli-tarihler\" \/>\n<meta property=\"og:locale\" content=\"tr_TR\" \/>\n<meta property=\"og:type\" content=\"article\" \/>\n<meta property=\"og:title\" content=\"\u00d6nemli Tarihler - Bili\u015fim Y\u0131ld\u0131zlar\u0131 2021\" \/>\n<meta property=\"og:description\" content=\"Organizasyon Ad\u0131mlar\u0131 \u0130lk Tarih Son Tarih \u0130lk Duyuru Tarihi 19.05.2021 Yar\u0131\u015fma Ba\u015fvuru Tarihleri 19.05.2021 15.07.2021 15.10.2021 Ba\u015fvurular\u0131n \u00d6n Eleme Tarihleri 15.07.2021 16.10.2021 31.07.2021 20.10.2021 J\u00fcri De\u011ferlendirme Tarihleri 01.08.2021 21.10.2021 31.08.2021 21.11.2021 Son De\u011ferlendirme 01.09.2021 21.11.2021 12.09.2021 01.12.2021 Sonu\u00e7lar\u0131n Duyurulmas\u0131 20.10.2021 01.12.2021 20.10.2021 01.12.2021 \u00d6d\u00fcl T\u00f6reni 09.12.2021\" \/>\n<meta property=\"og:url\" content=\"https:\/\/bilisimyildizlari.org.tr\/2021\/onemli-tarihler\" \/>\n<meta property=\"og:site_name\" content=\"Bili\u015fim Y\u0131ld\u0131zlar\u0131 2021\" \/>\n<meta property=\"article:modified_time\" content=\"2021-11-23T18:14:24+00:00\" \/>\n<meta name=\"twitter:card\" content=\"summary_large_image\" \/>\n<meta name=\"twitter:label1\" content=\"Tahmini okuma s\u00fcresi\" \/>\n\t<meta name=\"twitter:data1\" content=\"1 dakika\" \/>\n<script type=\"application\/ld+json\" class=\"yoast-schema-graph\">{\"@context\":\"https:\\\/\\\/schema.org\",\"@graph\":[{\"@type\":\"WebPage\",\"@id\":\"https:\\\/\\\/bilisimyildizlari.org.tr\\\/2021\\\/onemli-tarihler\",\"url\":\"https:\\\/\\\/bilisimyildizlari.org.tr\\\/2021\\\/onemli-tarihler\",\"name\":\"\u00d6nemli Tarihler - Bili\u015fim Y\u0131ld\u0131zlar\u0131 2021\",\"isPartOf\":{\"@id\":\"https:\\\/\\\/bilisimyildizlari.org.tr\\\/2021\\\/#website\"},\"datePublished\":\"2021-03-16T12:52:52+00:00\",\"dateModified\":\"2021-11-23T18:14:24+00:00\",\"breadcrumb\":{\"@id\":\"https:\\\/\\\/bilisimyildizlari.org.tr\\\/2021\\\/onemli-tarihler#breadcrumb\"},\"inLanguage\":\"tr\",\"potentialAction\":[{\"@type\":\"ReadAction\",\"target\":[\"https:\\\/\\\/bilisimyildizlari.org.tr\\\/2021\\\/onemli-tarihler\"]}]},{\"@type\":\"BreadcrumbList\",\"@id\":\"https:\\\/\\\/bilisimyildizlari.org.tr\\\/2021\\\/onemli-tarihler#breadcrumb\",\"itemListElement\":[{\"@type\":\"ListItem\",\"position\":1,\"name\":\"Anasayfa\",\"item\":\"https:\\\/\\\/bilisimyildizlari.org.tr\\\/2021\\\/\"},{\"@type\":\"ListItem\",\"position\":2,\"name\":\"\u00d6nemli Tarihler\"}]},{\"@type\":\"WebSite\",\"@id\":\"https:\\\/\\\/bilisimyildizlari.org.tr\\\/2021\\\/#website\",\"url\":\"https:\\\/\\\/bilisimyildizlari.org.tr\\\/2021\\\/\",\"name\":\"Bili\u015fim Y\u0131ld\u0131zlar\u0131 2021\",\"description\":\"TBD \u0130stanbul Bili\u015fim Y\u0131ld\u0131zlar\u0131 Yar\u0131\u015fmas\u0131\",\"publisher\":{\"@id\":\"https:\\\/\\\/bilisimyildizlari.org.tr\\\/2021\\\/#organization\"},\"potentialAction\":[{\"@type\":\"SearchAction\",\"target\":{\"@type\":\"EntryPoint\",\"urlTemplate\":\"https:\\\/\\\/bilisimyildizlari.org.tr\\\/2021\\\/?s={search_term_string}\"},\"query-input\":{\"@type\":\"PropertyValueSpecification\",\"valueRequired\":true,\"valueName\":\"search_term_string\"}}],\"inLanguage\":\"tr\"},{\"@type\":\"Organization\",\"@id\":\"https:\\\/\\\/bilisimyildizlari.org.tr\\\/2021\\\/#organization\",\"name\":\"Bili\u015fim Y\u0131ld\u0131zlar\u0131 2021\",\"url\":\"https:\\\/\\\/bilisimyildizlari.org.tr\\\/2021\\\/\",\"logo\":{\"@type\":\"ImageObject\",\"inLanguage\":\"tr\",\"@id\":\"https:\\\/\\\/bilisimyildizlari.org.tr\\\/2021\\\/#\\\/schema\\\/logo\\\/image\\\/\",\"url\":\"https:\\\/\\\/bilisimyildizlari.org.tr\\\/2021\\\/wp-content\\\/uploads\\\/sites\\\/2\\\/2021\\\/03\\\/TBD-50.-Yil-Logo-200px.png\",\"contentUrl\":\"https:\\\/\\\/bilisimyildizlari.org.tr\\\/2021\\\/wp-content\\\/uploads\\\/sites\\\/2\\\/2021\\\/03\\\/TBD-50.-Yil-Logo-200px.png\",\"width\":200,\"height\":136,\"caption\":\"Bili\u015fim Y\u0131ld\u0131zlar\u0131 2021\"},\"image\":{\"@id\":\"https:\\\/\\\/bilisimyildizlari.org.tr\\\/2021\\\/#\\\/schema\\\/logo\\\/image\\\/\"}}]}<\/script>\n<!-- \/ Yoast SEO plugin. -->","yoast_head_json":{"title":"\u00d6nemli Tarihler - Bili\u015fim Y\u0131ld\u0131zlar\u0131 2021","robots":{"index":"index","follow":"follow","max-snippet":"max-snippet:-1","max-image-preview":"max-image-preview:large","max-video-preview":"max-video-preview:-1"},"canonical":"https:\/\/bilisimyildizlari.org.tr\/2021\/onemli-tarihler","og_locale":"tr_TR","og_type":"article","og_title":"\u00d6nemli Tarihler - Bili\u015fim Y\u0131ld\u0131zlar\u0131 2021","og_description":"Organizasyon Ad\u0131mlar\u0131 \u0130lk Tarih Son Tarih \u0130lk Duyuru Tarihi 19.05.2021 Yar\u0131\u015fma Ba\u015fvuru Tarihleri 19.05.2021 15.07.2021 15.10.2021 Ba\u015fvurular\u0131n \u00d6n Eleme Tarihleri 15.07.2021 16.10.2021 31.07.2021 20.10.2021 J\u00fcri De\u011ferlendirme Tarihleri 01.08.2021 21.10.2021 31.08.2021 21.11.2021 Son De\u011ferlendirme 01.09.2021 21.11.2021 12.09.2021 01.12.2021 Sonu\u00e7lar\u0131n Duyurulmas\u0131 20.10.2021 01.12.2021 20.10.2021 01.12.2021 \u00d6d\u00fcl T\u00f6reni 09.12.2021","og_url":"https:\/\/bilisimyildizlari.org.tr\/2021\/onemli-tarihler","og_site_name":"Bili\u015fim Y\u0131ld\u0131zlar\u0131 2021","article_modified_time":"2021-11-23T18:14:24+00:00","twitter_card":"summary_large_image","twitter_misc":{"Tahmini okuma s\u00fcresi":"1 dakika"},"schema":{"@context":"https:\/\/schema.org","@graph":[{"@type":"WebPage","@id":"https:\/\/bilisimyildizlari.org.tr\/2021\/onemli-tarihler","url":"https:\/\/bilisimyildizlari.org.tr\/2021\/onemli-tarihler","name":"\u00d6nemli Tarihler - Bili\u015fim Y\u0131ld\u0131zlar\u0131 2021","isPartOf":{"@id":"https:\/\/bilisimyildizlari.org.tr\/2021\/#website"},"datePublished":"2021-03-16T12:52:52+00:00","dateModified":"2021-11-23T18:14:24+00:00","breadcrumb":{"@id":"https:\/\/bilisimyildizlari.org.tr\/2021\/onemli-tarihler#breadcrumb"},"inLanguage":"tr","potentialAction":[{"@type":"ReadAction","target":["https:\/\/bilisimyildizlari.org.tr\/2021\/onemli-tarihler"]}]},{"@type":"BreadcrumbList","@id":"https:\/\/bilisimyildizlari.org.tr\/2021\/onemli-tarihler#breadcrumb","itemListElement":[{"@type":"ListItem","position":1,"name":"Anasayfa","item":"https:\/\/bilisimyildizlari.org.tr\/2021\/"},{"@type":"ListItem","position":2,"name":"\u00d6nemli Tarihler"}]},{"@type":"WebSite","@id":"https:\/\/bilisimyildizlari.org.tr\/2021\/#website","url":"https:\/\/bilisimyildizlari.org.tr\/2021\/","name":"Bili\u015fim Y\u0131ld\u0131zlar\u0131 2021","description":"TBD \u0130stanbul Bili\u015fim Y\u0131ld\u0131zlar\u0131 Yar\u0131\u015fmas\u0131","publisher":{"@id":"https:\/\/bilisimyildizlari.org.tr\/2021\/#organization"},"potentialAction":[{"@type":"SearchAction","target":{"@type":"EntryPoint","urlTemplate":"https:\/\/bilisimyildizlari.org.tr\/2021\/?s={search_term_string}"},"query-input":{"@type":"PropertyValueSpecification","valueRequired":true,"valueName":"search_term_string"}}],"inLanguage":"tr"},{"@type":"Organization","@id":"https:\/\/bilisimyildizlari.org.tr\/2021\/#organization","name":"Bili\u015fim Y\u0131ld\u0131zlar\u0131 2021","url":"https:\/\/bilisimyildizlari.org.tr\/2021\/","logo":{"@type":"ImageObject","inLanguage":"tr","@id":"https:\/\/bilisimyildizlari.org.tr\/2021\/#\/schema\/logo\/image\/","url":"https:\/\/bilisimyildizlari.org.tr\/2021\/wp-content\/uploads\/sites\/2\/2021\/03\/TBD-50.-Yil-Logo-200px.png","contentUrl":"https:\/\/bilisimyildizlari.org.tr\/2021\/wp-content\/uploads\/sites\/2\/2021\/03\/TBD-50.-Yil-Logo-200px.png","width":200,"height":136,"caption":"Bili\u015fim Y\u0131ld\u0131zlar\u0131 2021"},"image":{"@id":"https:\/\/bilisimyildizlari.org.tr\/2021\/#\/schema\/logo\/image\/"}}]}},"_links":{"self":[{"href":"https:\/\/bilisimyildizlari.org.tr\/2021\/wp-json\/wp\/v2\/pages\/816","targetHints":{"allow":["GET"]}}],"collection":[{"href":"https:\/\/bilisimyildizlari.org.tr\/2021\/wp-json\/wp\/v2\/pages"}],"about":[{"href":"https:\/\/bilisimyildizlari.org.tr\/2021\/wp-json\/wp\/v2\/types\/page"}],"author":[{"embeddable":true,"href":"https:\/\/bilisimyildizlari.org.tr\/2021\/wp-json\/wp\/v2\/users\/4"}],"replies":[{"embeddable":true,"href":"https:\/\/bilisimyildizlari.org.tr\/2021\/wp-json\/wp\/v2\/comments?post=816"}],"version-history":[{"count":0,"href":"https:\/\/bilisimyildizlari.org.tr\/2021\/wp-json\/wp\/v2\/pages\/816\/revisions"}],"wp:attachment":[{"href":"https:\/\/bilisimyildizlari.org.tr\/2021\/wp-json\/wp\/v2\/media?parent=816"}],"curies":[{"name":"wp","href":"https:\/\/api.w.org\/{rel}","templated":true}]}}