{"id":938,"date":"2021-03-21T22:23:39","date_gmt":"2021-03-21T19:23:39","guid":{"rendered":"https:\/\/bilisimyildizlari.org.tr\/2021\/?page_id=938"},"modified":"2022-04-22T23:37:52","modified_gmt":"2022-04-22T20:37:52","slug":"kvkk-bilgilendirme","status":"publish","type":"page","link":"https:\/\/bilisimyildizlari.org.tr\/2021\/kvkk-bilgilendirme","title":{"rendered":"KVKK Bilgilendirme"},"content":{"rendered":"\n<figure class=\"wp-block-image size-large is-resized\"><img loading=\"lazy\" decoding=\"async\" src=\"https:\/\/bilisimyildizlari.org.tr\/wp-content\/uploads\/2022\/04\/KVKK-Bilgilendirme.jpg\" alt=\"\" width=\"838\" height=\"254\"\/><\/figure>\n\n\n\n<p>TBD istanbul \u015fubesi taraf\u0131dan d\u00fczenlenen Bili\u015fim Y\u0131ld\u0131zlar\u0131 Yar\u0131\u015fmas\u0131na ili\u015fkin KVKK bilgilendirme metinleri TBD Genel Merkezi taraf\u0131ndan belirlenmi\u015f olan kurallara g\u00f6re haz\u0131rlanmaktad\u0131r. <br>Detayl\u0131 bilgileri a\u015fa\u011f\u0131daki ba\u011flant\u0131larda bulabilirsiniz.<\/p>\n\n\n\n<ul class=\"wp-block-list\"><li><strong><a href=\"https:\/\/www.tbd.org.tr\/genel-aydinlatma-metni\/\">TBD, Ki\u015fisel Verilerin \u0130\u015flenmesine \u0130li\u015fkin Genel Ayd\u0131nlatma Metni<\/a><\/strong><\/li><li><a href=\"https:\/\/www.tbd.org.tr\/katilimci-aydinlatma-metni\/\"><strong>Ki\u015fisel Verilerin \u0130\u015flenmesine \u0130li\u015fkin Kat\u0131l\u0131mc\u0131 Ayd\u0131nlatma Metni<\/strong><\/a><\/li><li><a href=\"https:\/\/www.tbd.org.tr\/uye-adayi-aydinlatma-metni\/\"><strong>Ki\u015fisel Verilerin \u0130\u015flenmesine \u0130li\u015fkin \u00dcye Aday\u0131 Ayd\u0131nlatma Metni<\/strong><\/a><\/li><li><a href=\"https:\/\/www.tbd.org.tr\/ilgili-kisi-basvuru-formu\/\"><strong>TBD, \u0130lgili Ki\u015fi Ba\u015fvuru Formu<\/strong><\/a><\/li><\/ul>\n","protected":false},"excerpt":{"rendered":"<p>TBD istanbul \u015fubesi taraf\u0131dan d\u00fczenlenen Bili\u015fim Y\u0131ld\u0131zlar\u0131 Yar\u0131\u015fmas\u0131na ili\u015fkin KVKK bilgilendirme metinleri TBD Genel Merkezi taraf\u0131ndan belirlenmi\u015f olan kurallara g\u00f6re haz\u0131rlanmaktad\u0131r. Detayl\u0131 bilgileri a\u015fa\u011f\u0131daki ba\u011flant\u0131larda bulabilirsiniz. TBD, Ki\u015fisel Verilerin \u0130\u015flenmesine \u0130li\u015fkin Genel Ayd\u0131nlatma Metni Ki\u015fisel Verilerin \u0130\u015flenmesine \u0130li\u015fkin Kat\u0131l\u0131mc\u0131 Ayd\u0131nlatma Metni Ki\u015fisel Verilerin \u0130\u015flenmesine \u0130li\u015fkin \u00dcye Aday\u0131 Ayd\u0131nlatma Metni TBD, \u0130lgili Ki\u015fi Ba\u015fvuru Formu<\/p>\n","protected":false},"author":3,"featured_media":0,"parent":0,"menu_order":0,"comment_status":"closed","ping_status":"closed","template":"","meta":{"footnotes":""},"class_list":["post-938","page","type-page","status-publish","hentry"],"yoast_head":"<!-- This site is optimized with the Yoast SEO plugin v27.3 - https:\/\/yoast.com\/product\/yoast-seo-wordpress\/ -->\n<title>KVKK Bilgilendirme - Bili\u015fim Y\u0131ld\u0131zlar\u0131 2021<\/title>\n<meta name=\"robots\" content=\"index, follow, max-snippet:-1, max-image-preview:large, max-video-preview:-1\" \/>\n<link rel=\"canonical\" href=\"https:\/\/bilisimyildizlari.org.tr\/2021\/kvkk-bilgilendirme\" \/>\n<meta property=\"og:locale\" content=\"tr_TR\" \/>\n<meta property=\"og:type\" content=\"article\" \/>\n<meta property=\"og:title\" content=\"KVKK Bilgilendirme - Bili\u015fim Y\u0131ld\u0131zlar\u0131 2021\" \/>\n<meta property=\"og:description\" content=\"TBD istanbul \u015fubesi taraf\u0131dan d\u00fczenlenen Bili\u015fim Y\u0131ld\u0131zlar\u0131 Yar\u0131\u015fmas\u0131na ili\u015fkin KVKK bilgilendirme metinleri TBD Genel Merkezi taraf\u0131ndan belirlenmi\u015f olan kurallara g\u00f6re haz\u0131rlanmaktad\u0131r. Detayl\u0131 bilgileri a\u015fa\u011f\u0131daki ba\u011flant\u0131larda bulabilirsiniz. TBD, Ki\u015fisel Verilerin \u0130\u015flenmesine \u0130li\u015fkin Genel Ayd\u0131nlatma Metni Ki\u015fisel Verilerin \u0130\u015flenmesine \u0130li\u015fkin Kat\u0131l\u0131mc\u0131 Ayd\u0131nlatma Metni Ki\u015fisel Verilerin \u0130\u015flenmesine \u0130li\u015fkin \u00dcye Aday\u0131 Ayd\u0131nlatma Metni TBD, \u0130lgili Ki\u015fi Ba\u015fvuru Formu\" \/>\n<meta property=\"og:url\" content=\"https:\/\/bilisimyildizlari.org.tr\/2021\/kvkk-bilgilendirme\" \/>\n<meta property=\"og:site_name\" content=\"Bili\u015fim Y\u0131ld\u0131zlar\u0131 2021\" \/>\n<meta property=\"article:modified_time\" content=\"2022-04-22T20:37:52+00:00\" \/>\n<meta property=\"og:image\" content=\"https:\/\/bilisimyildizlari.org.tr\/wp-content\/uploads\/2022\/04\/KVKK-Bilgilendirme.jpg\" \/>\n<meta name=\"twitter:card\" content=\"summary_large_image\" \/>\n<meta name=\"twitter:label1\" content=\"Tahmini okuma s\u00fcresi\" \/>\n\t<meta name=\"twitter:data1\" content=\"1 dakika\" \/>\n<script type=\"application\/ld+json\" class=\"yoast-schema-graph\">{\"@context\":\"https:\\\/\\\/schema.org\",\"@graph\":[{\"@type\":\"WebPage\",\"@id\":\"https:\\\/\\\/bilisimyildizlari.org.tr\\\/2021\\\/kvkk-bilgilendirme\",\"url\":\"https:\\\/\\\/bilisimyildizlari.org.tr\\\/2021\\\/kvkk-bilgilendirme\",\"name\":\"KVKK Bilgilendirme - Bili\u015fim Y\u0131ld\u0131zlar\u0131 2021\",\"isPartOf\":{\"@id\":\"https:\\\/\\\/bilisimyildizlari.org.tr\\\/2021\\\/#website\"},\"primaryImageOfPage\":{\"@id\":\"https:\\\/\\\/bilisimyildizlari.org.tr\\\/2021\\\/kvkk-bilgilendirme#primaryimage\"},\"image\":{\"@id\":\"https:\\\/\\\/bilisimyildizlari.org.tr\\\/2021\\\/kvkk-bilgilendirme#primaryimage\"},\"thumbnailUrl\":\"https:\\\/\\\/bilisimyildizlari.org.tr\\\/wp-content\\\/uploads\\\/2022\\\/04\\\/KVKK-Bilgilendirme.jpg\",\"datePublished\":\"2021-03-21T19:23:39+00:00\",\"dateModified\":\"2022-04-22T20:37:52+00:00\",\"breadcrumb\":{\"@id\":\"https:\\\/\\\/bilisimyildizlari.org.tr\\\/2021\\\/kvkk-bilgilendirme#breadcrumb\"},\"inLanguage\":\"tr\",\"potentialAction\":[{\"@type\":\"ReadAction\",\"target\":[\"https:\\\/\\\/bilisimyildizlari.org.tr\\\/2021\\\/kvkk-bilgilendirme\"]}]},{\"@type\":\"ImageObject\",\"inLanguage\":\"tr\",\"@id\":\"https:\\\/\\\/bilisimyildizlari.org.tr\\\/2021\\\/kvkk-bilgilendirme#primaryimage\",\"url\":\"https:\\\/\\\/bilisimyildizlari.org.tr\\\/wp-content\\\/uploads\\\/2022\\\/04\\\/KVKK-Bilgilendirme.jpg\",\"contentUrl\":\"https:\\\/\\\/bilisimyildizlari.org.tr\\\/wp-content\\\/uploads\\\/2022\\\/04\\\/KVKK-Bilgilendirme.jpg\"},{\"@type\":\"BreadcrumbList\",\"@id\":\"https:\\\/\\\/bilisimyildizlari.org.tr\\\/2021\\\/kvkk-bilgilendirme#breadcrumb\",\"itemListElement\":[{\"@type\":\"ListItem\",\"position\":1,\"name\":\"Anasayfa\",\"item\":\"https:\\\/\\\/bilisimyildizlari.org.tr\\\/2021\\\/\"},{\"@type\":\"ListItem\",\"position\":2,\"name\":\"KVKK Bilgilendirme\"}]},{\"@type\":\"WebSite\",\"@id\":\"https:\\\/\\\/bilisimyildizlari.org.tr\\\/2021\\\/#website\",\"url\":\"https:\\\/\\\/bilisimyildizlari.org.tr\\\/2021\\\/\",\"name\":\"Bili\u015fim Y\u0131ld\u0131zlar\u0131 2021\",\"description\":\"TBD \u0130stanbul Bili\u015fim Y\u0131ld\u0131zlar\u0131 Yar\u0131\u015fmas\u0131\",\"publisher\":{\"@id\":\"https:\\\/\\\/bilisimyildizlari.org.tr\\\/2021\\\/#organization\"},\"potentialAction\":[{\"@type\":\"SearchAction\",\"target\":{\"@type\":\"EntryPoint\",\"urlTemplate\":\"https:\\\/\\\/bilisimyildizlari.org.tr\\\/2021\\\/?s={search_term_string}\"},\"query-input\":{\"@type\":\"PropertyValueSpecification\",\"valueRequired\":true,\"valueName\":\"search_term_string\"}}],\"inLanguage\":\"tr\"},{\"@type\":\"Organization\",\"@id\":\"https:\\\/\\\/bilisimyildizlari.org.tr\\\/2021\\\/#organization\",\"name\":\"Bili\u015fim Y\u0131ld\u0131zlar\u0131 2021\",\"url\":\"https:\\\/\\\/bilisimyildizlari.org.tr\\\/2021\\\/\",\"logo\":{\"@type\":\"ImageObject\",\"inLanguage\":\"tr\",\"@id\":\"https:\\\/\\\/bilisimyildizlari.org.tr\\\/2021\\\/#\\\/schema\\\/logo\\\/image\\\/\",\"url\":\"https:\\\/\\\/bilisimyildizlari.org.tr\\\/2021\\\/wp-content\\\/uploads\\\/sites\\\/2\\\/2021\\\/03\\\/TBD-50.-Yil-Logo-200px.png\",\"contentUrl\":\"https:\\\/\\\/bilisimyildizlari.org.tr\\\/2021\\\/wp-content\\\/uploads\\\/sites\\\/2\\\/2021\\\/03\\\/TBD-50.-Yil-Logo-200px.png\",\"width\":200,\"height\":136,\"caption\":\"Bili\u015fim Y\u0131ld\u0131zlar\u0131 2021\"},\"image\":{\"@id\":\"https:\\\/\\\/bilisimyildizlari.org.tr\\\/2021\\\/#\\\/schema\\\/logo\\\/image\\\/\"}}]}<\/script>\n<!-- \/ Yoast SEO plugin. -->","yoast_head_json":{"title":"KVKK Bilgilendirme - Bili\u015fim Y\u0131ld\u0131zlar\u0131 2021","robots":{"index":"index","follow":"follow","max-snippet":"max-snippet:-1","max-image-preview":"max-image-preview:large","max-video-preview":"max-video-preview:-1"},"canonical":"https:\/\/bilisimyildizlari.org.tr\/2021\/kvkk-bilgilendirme","og_locale":"tr_TR","og_type":"article","og_title":"KVKK Bilgilendirme - Bili\u015fim Y\u0131ld\u0131zlar\u0131 2021","og_description":"TBD istanbul \u015fubesi taraf\u0131dan d\u00fczenlenen Bili\u015fim Y\u0131ld\u0131zlar\u0131 Yar\u0131\u015fmas\u0131na ili\u015fkin KVKK bilgilendirme metinleri TBD Genel Merkezi taraf\u0131ndan belirlenmi\u015f olan kurallara g\u00f6re haz\u0131rlanmaktad\u0131r. Detayl\u0131 bilgileri a\u015fa\u011f\u0131daki ba\u011flant\u0131larda bulabilirsiniz. TBD, Ki\u015fisel Verilerin \u0130\u015flenmesine \u0130li\u015fkin Genel Ayd\u0131nlatma Metni Ki\u015fisel Verilerin \u0130\u015flenmesine \u0130li\u015fkin Kat\u0131l\u0131mc\u0131 Ayd\u0131nlatma Metni Ki\u015fisel Verilerin \u0130\u015flenmesine \u0130li\u015fkin \u00dcye Aday\u0131 Ayd\u0131nlatma Metni TBD, \u0130lgili Ki\u015fi Ba\u015fvuru Formu","og_url":"https:\/\/bilisimyildizlari.org.tr\/2021\/kvkk-bilgilendirme","og_site_name":"Bili\u015fim Y\u0131ld\u0131zlar\u0131 2021","article_modified_time":"2022-04-22T20:37:52+00:00","og_image":[{"url":"https:\/\/bilisimyildizlari.org.tr\/wp-content\/uploads\/2022\/04\/KVKK-Bilgilendirme.jpg","type":"","width":"","height":""}],"twitter_card":"summary_large_image","twitter_misc":{"Tahmini okuma s\u00fcresi":"1 dakika"},"schema":{"@context":"https:\/\/schema.org","@graph":[{"@type":"WebPage","@id":"https:\/\/bilisimyildizlari.org.tr\/2021\/kvkk-bilgilendirme","url":"https:\/\/bilisimyildizlari.org.tr\/2021\/kvkk-bilgilendirme","name":"KVKK Bilgilendirme - Bili\u015fim Y\u0131ld\u0131zlar\u0131 2021","isPartOf":{"@id":"https:\/\/bilisimyildizlari.org.tr\/2021\/#website"},"primaryImageOfPage":{"@id":"https:\/\/bilisimyildizlari.org.tr\/2021\/kvkk-bilgilendirme#primaryimage"},"image":{"@id":"https:\/\/bilisimyildizlari.org.tr\/2021\/kvkk-bilgilendirme#primaryimage"},"thumbnailUrl":"https:\/\/bilisimyildizlari.org.tr\/wp-content\/uploads\/2022\/04\/KVKK-Bilgilendirme.jpg","datePublished":"2021-03-21T19:23:39+00:00","dateModified":"2022-04-22T20:37:52+00:00","breadcrumb":{"@id":"https:\/\/bilisimyildizlari.org.tr\/2021\/kvkk-bilgilendirme#breadcrumb"},"inLanguage":"tr","potentialAction":[{"@type":"ReadAction","target":["https:\/\/bilisimyildizlari.org.tr\/2021\/kvkk-bilgilendirme"]}]},{"@type":"ImageObject","inLanguage":"tr","@id":"https:\/\/bilisimyildizlari.org.tr\/2021\/kvkk-bilgilendirme#primaryimage","url":"https:\/\/bilisimyildizlari.org.tr\/wp-content\/uploads\/2022\/04\/KVKK-Bilgilendirme.jpg","contentUrl":"https:\/\/bilisimyildizlari.org.tr\/wp-content\/uploads\/2022\/04\/KVKK-Bilgilendirme.jpg"},{"@type":"BreadcrumbList","@id":"https:\/\/bilisimyildizlari.org.tr\/2021\/kvkk-bilgilendirme#breadcrumb","itemListElement":[{"@type":"ListItem","position":1,"name":"Anasayfa","item":"https:\/\/bilisimyildizlari.org.tr\/2021\/"},{"@type":"ListItem","position":2,"name":"KVKK Bilgilendirme"}]},{"@type":"WebSite","@id":"https:\/\/bilisimyildizlari.org.tr\/2021\/#website","url":"https:\/\/bilisimyildizlari.org.tr\/2021\/","name":"Bili\u015fim Y\u0131ld\u0131zlar\u0131 2021","description":"TBD \u0130stanbul Bili\u015fim Y\u0131ld\u0131zlar\u0131 Yar\u0131\u015fmas\u0131","publisher":{"@id":"https:\/\/bilisimyildizlari.org.tr\/2021\/#organization"},"potentialAction":[{"@type":"SearchAction","target":{"@type":"EntryPoint","urlTemplate":"https:\/\/bilisimyildizlari.org.tr\/2021\/?s={search_term_string}"},"query-input":{"@type":"PropertyValueSpecification","valueRequired":true,"valueName":"search_term_string"}}],"inLanguage":"tr"},{"@type":"Organization","@id":"https:\/\/bilisimyildizlari.org.tr\/2021\/#organization","name":"Bili\u015fim Y\u0131ld\u0131zlar\u0131 2021","url":"https:\/\/bilisimyildizlari.org.tr\/2021\/","logo":{"@type":"ImageObject","inLanguage":"tr","@id":"https:\/\/bilisimyildizlari.org.tr\/2021\/#\/schema\/logo\/image\/","url":"https:\/\/bilisimyildizlari.org.tr\/2021\/wp-content\/uploads\/sites\/2\/2021\/03\/TBD-50.-Yil-Logo-200px.png","contentUrl":"https:\/\/bilisimyildizlari.org.tr\/2021\/wp-content\/uploads\/sites\/2\/2021\/03\/TBD-50.-Yil-Logo-200px.png","width":200,"height":136,"caption":"Bili\u015fim Y\u0131ld\u0131zlar\u0131 2021"},"image":{"@id":"https:\/\/bilisimyildizlari.org.tr\/2021\/#\/schema\/logo\/image\/"}}]}},"_links":{"self":[{"href":"https:\/\/bilisimyildizlari.org.tr\/2021\/wp-json\/wp\/v2\/pages\/938","targetHints":{"allow":["GET"]}}],"collection":[{"href":"https:\/\/bilisimyildizlari.org.tr\/2021\/wp-json\/wp\/v2\/pages"}],"about":[{"href":"https:\/\/bilisimyildizlari.org.tr\/2021\/wp-json\/wp\/v2\/types\/page"}],"author":[{"embeddable":true,"href":"https:\/\/bilisimyildizlari.org.tr\/2021\/wp-json\/wp\/v2\/users\/3"}],"replies":[{"embeddable":true,"href":"https:\/\/bilisimyildizlari.org.tr\/2021\/wp-json\/wp\/v2\/comments?post=938"}],"version-history":[{"count":1,"href":"https:\/\/bilisimyildizlari.org.tr\/2021\/wp-json\/wp\/v2\/pages\/938\/revisions"}],"predecessor-version":[{"id":1367,"href":"https:\/\/bilisimyildizlari.org.tr\/2021\/wp-json\/wp\/v2\/pages\/938\/revisions\/1367"}],"wp:attachment":[{"href":"https:\/\/bilisimyildizlari.org.tr\/2021\/wp-json\/wp\/v2\/media?parent=938"}],"curies":[{"name":"wp","href":"https:\/\/api.w.org\/{rel}","templated":true}]}}