{"id":376,"date":"2018-10-09T04:23:40","date_gmt":"2018-10-09T04:23:40","guid":{"rendered":"http:\/\/rarathemesdemo.com\/the-conference-pro\/?page_id=376"},"modified":"2022-04-23T20:18:30","modified_gmt":"2022-04-23T17:18:30","slug":"pages","status":"publish","type":"page","link":"https:\/\/bilisimyildizlari.org.tr\/2022\/pages","title":{"rendered":"\u00d6d\u00fcller"},"content":{"rendered":"\n<div class=\"wp-block-columns is-layout-flex wp-container-core-columns-is-layout-9d6595d7 wp-block-columns-is-layout-flex\">\n<div class=\"wp-block-column is-layout-flow wp-block-column-is-layout-flow\" style=\"flex-basis:80%\">\n<p>Finale kalan t\u00fcm ba\u015fvuru sahipleri ad\u0131na <strong>dijital sertifika<\/strong> d\u00fczenlenecektir.<\/p>\n\n\n\n<p><strong>\u0130lk \u00fc\u00e7 dereceye giren ba\u015fvuru sahiplerine:<\/strong><\/p>\n\n\n\n<ul class=\"wp-block-list\"><li>TBD \u0130stanbul Bili\u015fim Y\u0131ld\u0131zlar\u0131 Kat\u0131l\u0131m 10. Y\u0131l \u00d6zel Plaketi verilecektir.<\/li><li>Yar\u0131\u015fma sonu\u00e7lar\u0131 bas\u0131n ile payla\u015f\u0131larak, projelerin duyurular\u0131 ve tan\u0131t\u0131mlar\u0131 yap\u0131lacakt\u0131r.<\/li><li>Yar\u0131\u015fma sonu\u00e7lar\u0131n\u0131n en az 1 y\u0131l T\u00fcrkiye Bili\u015fim Derne\u011fi <a href=\"http:\/\/www.tbd.org.tr\">www.tbd.org.tr<\/a>&nbsp; ve \u0130stanbul Bili\u015fim Y\u0131ld\u0131zlar\u0131 2022 <a href=\"https:\/\/bilisimyildizlari.org.tr\/2022\/\">https:\/\/bilisimyildizlari.org.tr\/2022\/<\/a> web sitelerinde yay\u0131nlayarak duyuru ve tan\u0131t\u0131mlar\u0131 yap\u0131lacak ve ilgili proje internet sayfas\u0131 ba\u011flant\u0131s\u0131n\u0131n payla\u015fma izni verilecektir.<\/li><li>Birincilik alan ba\u015fvuru sahibine iki \u00e7al\u0131\u015fan\u0131 ile TBD \u0130stanbul \u015eubenin d\u00fczenledi\u011fi d\u00f6rt e\u011fitime \u00fccretsiz kat\u0131lma imk\u00e2n\u0131 verilecektir (Sertifikal\u0131 e\u011fitimler hari\u00e7tir).<\/li><li>\u0130kincilik ve \u00dc\u00e7\u00fcnc\u00fcl\u00fck alan ba\u015fvuru sahiplerine iki \u00e7al\u0131\u015fan\u0131 ile TBD \u0130stanbul \u015eubenin d\u00fczenledi\u011fi d\u00f6rt e\u011fitime %50 indirimle kat\u0131lma imk\u00e2n\u0131 verilecektir (Sertifikal\u0131 olanlar hari\u00e7tir).<\/li><li>Yar\u0131\u015fma sonucunun duyurulmas\u0131 ve ba\u015fvuru sahiplerinin kendi projelerini tan\u0131tabilmeleri i\u00e7in TBD \u0130stanbul sosyal medya hesaplar\u0131 \u00fczerinden \u00e7evrimi\u00e7i s\u00f6yle\u015filer ve tan\u0131t\u0131m faaliyetleri ger\u00e7ekle\u015ftirilecektir.<\/li><\/ul>\n\n\n\n<p><\/p>\n\n\n\n<p>Yar\u0131\u015fma sonucunda ayr\u0131ca&nbsp;<strong>be\u015f adet mansiyon \u00f6d\u00fcl\u00fc<\/strong>&nbsp;sahibini bulacakt\u0131r. <\/p>\n\n\n\n<p><strong>Mansiyon \u00f6d\u00fcl\u00fc sahiplerine:<\/strong><\/p>\n\n\n\n<ul class=\"wp-block-list\"><li>TBD \u0130stanbul Bili\u015fim Y\u0131ld\u0131zlar\u0131 Kat\u0131l\u0131m 10. Y\u0131l \u00f6zel mansiyon \u00f6d\u00fcl plaketi verilecektir.<\/li><li>Yar\u0131\u015fma sonu\u00e7lar\u0131 bas\u0131n ile payla\u015f\u0131larak, projelerin duyurular\u0131 ve tan\u0131t\u0131mlar\u0131 yap\u0131lacakt\u0131r.<\/li><li>Yar\u0131\u015fma sonu\u00e7lar\u0131n\u0131n en az 1 y\u0131l <a href=\"http:\/\/www.tbd.org.tr\">www.tbd.org.tr<\/a> ve <a href=\"https:\/\/bilisimyildizlari.org.tr\/2022\/\">https:\/\/bilisimyildizlari.org.tr\/2022\/<\/a> web sitelerinde yay\u0131nlayarak duyuru ve tan\u0131t\u0131mlar\u0131 yap\u0131lacak ve ilgili proje internet sayfas\u0131 ba\u011flant\u0131s\u0131n\u0131n payla\u015fma izni verilecektir.<\/li><li>Ba\u015fvuru sahiplerine iki \u00e7al\u0131\u015fan\u0131 ile TBD \u0130stanbul \u015eubenin d\u00fczenledi\u011fi iki e\u011fitime %50 indirimle kat\u0131lma imk\u00e2n\u0131 verilecektir (Sertifikal\u0131 olanlar hari\u00e7tir).<\/li><\/ul>\n\n\n\n<p><\/p>\n\n\n\n<p class=\"has-small-font-size\"><strong><em>* TBD \u0130stanbul e\u011fitimleri konusunda uzman ve sekt\u00f6r duayenleri taraf\u0131ndan verilen, sekt\u00f6rlerin, firmalar\u0131n, \u00e7al\u0131\u015fanlar\u0131n ihtiya\u00e7 ve sorunlar\u0131na y\u00f6nelik \u00e7\u00f6z\u00fcm sunan ve \u00f6zel vizyoner e\u011fitimlerdir.<\/em><\/strong><\/p>\n<\/div>\n\n\n\n<div class=\"wp-block-column is-layout-flow wp-block-column-is-layout-flow\">\n<figure class=\"wp-block-image size-full is-resized\"><img loading=\"lazy\" decoding=\"async\" src=\"https:\/\/bilisimyildizlari.org.tr\/2022\/wp-content\/uploads\/sites\/6\/2022\/04\/awards-qazxsw.jpg\" alt=\"\" class=\"wp-image-1428\" width=\"212\" height=\"1024\" srcset=\"https:\/\/bilisimyildizlari.org.tr\/2022\/wp-content\/uploads\/sites\/6\/2022\/04\/awards-qazxsw.jpg 212w, https:\/\/bilisimyildizlari.org.tr\/2022\/wp-content\/uploads\/sites\/6\/2022\/04\/awards-qazxsw-62x300.jpg 62w\" sizes=\"auto, (max-width: 212px) 100vw, 212px\" \/><\/figure>\n<\/div>\n<\/div>\n","protected":false},"excerpt":{"rendered":"<p>Finale kalan t\u00fcm ba\u015fvuru sahipleri ad\u0131na dijital sertifika d\u00fczenlenecektir. \u0130lk \u00fc\u00e7 dereceye giren ba\u015fvuru sahiplerine: TBD \u0130stanbul Bili\u015fim Y\u0131ld\u0131zlar\u0131 Kat\u0131l\u0131m 10. Y\u0131l \u00d6zel Plaketi verilecektir. Yar\u0131\u015fma sonu\u00e7lar\u0131 bas\u0131n ile payla\u015f\u0131larak, projelerin duyurular\u0131 ve tan\u0131t\u0131mlar\u0131 yap\u0131lacakt\u0131r. Yar\u0131\u015fma sonu\u00e7lar\u0131n\u0131n en az 1 y\u0131l T\u00fcrkiye Bili\u015fim Derne\u011fi www.tbd.org.tr&nbsp; ve \u0130stanbul Bili\u015fim Y\u0131ld\u0131zlar\u0131 2022 https:\/\/bilisimyildizlari.org.tr\/2022\/ web sitelerinde yay\u0131nlayarak duyuru &hellip; <\/p>\n","protected":false},"author":3,"featured_media":0,"parent":0,"menu_order":0,"comment_status":"closed","ping_status":"closed","template":"","meta":{"footnotes":""},"class_list":["post-376","page","type-page","status-publish","hentry"],"yoast_head":"<!-- This site is optimized with the Yoast SEO plugin v27.4 - https:\/\/yoast.com\/product\/yoast-seo-wordpress\/ -->\n<title>\u00d6d\u00fcller - Bili\u015fim Y\u0131ld\u0131zlar\u0131 2022<\/title>\n<meta name=\"robots\" content=\"index, follow, max-snippet:-1, max-image-preview:large, max-video-preview:-1\" \/>\n<link rel=\"canonical\" href=\"https:\/\/bilisimyildizlari.org.tr\/2022\/pages\" \/>\n<meta property=\"og:locale\" content=\"tr_TR\" \/>\n<meta property=\"og:type\" content=\"article\" \/>\n<meta property=\"og:title\" content=\"\u00d6d\u00fcller - Bili\u015fim Y\u0131ld\u0131zlar\u0131 2022\" \/>\n<meta property=\"og:description\" content=\"Finale kalan t\u00fcm ba\u015fvuru sahipleri ad\u0131na dijital sertifika d\u00fczenlenecektir. \u0130lk \u00fc\u00e7 dereceye giren ba\u015fvuru sahiplerine: TBD \u0130stanbul Bili\u015fim Y\u0131ld\u0131zlar\u0131 Kat\u0131l\u0131m 10. Y\u0131l \u00d6zel Plaketi verilecektir. Yar\u0131\u015fma sonu\u00e7lar\u0131 bas\u0131n ile payla\u015f\u0131larak, projelerin duyurular\u0131 ve tan\u0131t\u0131mlar\u0131 yap\u0131lacakt\u0131r. Yar\u0131\u015fma sonu\u00e7lar\u0131n\u0131n en az 1 y\u0131l T\u00fcrkiye Bili\u015fim Derne\u011fi www.tbd.org.tr&nbsp; ve \u0130stanbul Bili\u015fim Y\u0131ld\u0131zlar\u0131 2022 https:\/\/bilisimyildizlari.org.tr\/2022\/ web sitelerinde yay\u0131nlayarak duyuru &hellip;\" \/>\n<meta property=\"og:url\" content=\"https:\/\/bilisimyildizlari.org.tr\/2022\/pages\" \/>\n<meta property=\"og:site_name\" content=\"Bili\u015fim Y\u0131ld\u0131zlar\u0131 2022\" \/>\n<meta property=\"article:modified_time\" content=\"2022-04-23T17:18:30+00:00\" \/>\n<meta property=\"og:image\" content=\"https:\/\/bilisimyildizlari.org.tr\/2022\/wp-content\/uploads\/sites\/6\/2022\/04\/awards-qazxsw.jpg\" \/>\n<meta name=\"twitter:card\" content=\"summary_large_image\" \/>\n<meta name=\"twitter:label1\" content=\"Tahmini okuma s\u00fcresi\" \/>\n\t<meta name=\"twitter:data1\" content=\"2 dakika\" \/>\n<script type=\"application\/ld+json\" class=\"yoast-schema-graph\">{\"@context\":\"https:\\\/\\\/schema.org\",\"@graph\":[{\"@type\":\"WebPage\",\"@id\":\"https:\\\/\\\/bilisimyildizlari.org.tr\\\/2022\\\/pages\",\"url\":\"https:\\\/\\\/bilisimyildizlari.org.tr\\\/2022\\\/pages\",\"name\":\"\u00d6d\u00fcller - Bili\u015fim Y\u0131ld\u0131zlar\u0131 2022\",\"isPartOf\":{\"@id\":\"https:\\\/\\\/bilisimyildizlari.org.tr\\\/2022\\\/#website\"},\"primaryImageOfPage\":{\"@id\":\"https:\\\/\\\/bilisimyildizlari.org.tr\\\/2022\\\/pages#primaryimage\"},\"image\":{\"@id\":\"https:\\\/\\\/bilisimyildizlari.org.tr\\\/2022\\\/pages#primaryimage\"},\"thumbnailUrl\":\"https:\\\/\\\/bilisimyildizlari.org.tr\\\/2022\\\/wp-content\\\/uploads\\\/sites\\\/6\\\/2022\\\/04\\\/awards-qazxsw.jpg\",\"datePublished\":\"2018-10-09T04:23:40+00:00\",\"dateModified\":\"2022-04-23T17:18:30+00:00\",\"breadcrumb\":{\"@id\":\"https:\\\/\\\/bilisimyildizlari.org.tr\\\/2022\\\/pages#breadcrumb\"},\"inLanguage\":\"tr\",\"potentialAction\":[{\"@type\":\"ReadAction\",\"target\":[\"https:\\\/\\\/bilisimyildizlari.org.tr\\\/2022\\\/pages\"]}]},{\"@type\":\"ImageObject\",\"inLanguage\":\"tr\",\"@id\":\"https:\\\/\\\/bilisimyildizlari.org.tr\\\/2022\\\/pages#primaryimage\",\"url\":\"https:\\\/\\\/bilisimyildizlari.org.tr\\\/2022\\\/wp-content\\\/uploads\\\/sites\\\/6\\\/2022\\\/04\\\/awards-qazxsw.jpg\",\"contentUrl\":\"https:\\\/\\\/bilisimyildizlari.org.tr\\\/2022\\\/wp-content\\\/uploads\\\/sites\\\/6\\\/2022\\\/04\\\/awards-qazxsw.jpg\",\"width\":212,\"height\":1024},{\"@type\":\"BreadcrumbList\",\"@id\":\"https:\\\/\\\/bilisimyildizlari.org.tr\\\/2022\\\/pages#breadcrumb\",\"itemListElement\":[{\"@type\":\"ListItem\",\"position\":1,\"name\":\"Anasayfa\",\"item\":\"https:\\\/\\\/bilisimyildizlari.org.tr\\\/2022\\\/\"},{\"@type\":\"ListItem\",\"position\":2,\"name\":\"\u00d6d\u00fcller\"}]},{\"@type\":\"WebSite\",\"@id\":\"https:\\\/\\\/bilisimyildizlari.org.tr\\\/2022\\\/#website\",\"url\":\"https:\\\/\\\/bilisimyildizlari.org.tr\\\/2022\\\/\",\"name\":\"Bili\u015fim Y\u0131ld\u0131zlar\u0131 2022\",\"description\":\"TBD \u0130stanbul Bili\u015fim Y\u0131ld\u0131zlar\u0131 Yar\u0131\u015fmas\u0131\",\"publisher\":{\"@id\":\"https:\\\/\\\/bilisimyildizlari.org.tr\\\/2022\\\/#organization\"},\"potentialAction\":[{\"@type\":\"SearchAction\",\"target\":{\"@type\":\"EntryPoint\",\"urlTemplate\":\"https:\\\/\\\/bilisimyildizlari.org.tr\\\/2022\\\/?s={search_term_string}\"},\"query-input\":{\"@type\":\"PropertyValueSpecification\",\"valueRequired\":true,\"valueName\":\"search_term_string\"}}],\"inLanguage\":\"tr\"},{\"@type\":\"Organization\",\"@id\":\"https:\\\/\\\/bilisimyildizlari.org.tr\\\/2022\\\/#organization\",\"name\":\"Bili\u015fim Y\u0131ld\u0131zlar\u0131 2022\",\"url\":\"https:\\\/\\\/bilisimyildizlari.org.tr\\\/2022\\\/\",\"logo\":{\"@type\":\"ImageObject\",\"inLanguage\":\"tr\",\"@id\":\"https:\\\/\\\/bilisimyildizlari.org.tr\\\/2022\\\/#\\\/schema\\\/logo\\\/image\\\/\",\"url\":\"https:\\\/\\\/bilisimyildizlari.org.tr\\\/2022\\\/wp-content\\\/uploads\\\/sites\\\/6\\\/2022\\\/04\\\/TBD_ist_logo1.png\",\"contentUrl\":\"https:\\\/\\\/bilisimyildizlari.org.tr\\\/2022\\\/wp-content\\\/uploads\\\/sites\\\/6\\\/2022\\\/04\\\/TBD_ist_logo1.png\",\"width\":185,\"height\":80,\"caption\":\"Bili\u015fim Y\u0131ld\u0131zlar\u0131 2022\"},\"image\":{\"@id\":\"https:\\\/\\\/bilisimyildizlari.org.tr\\\/2022\\\/#\\\/schema\\\/logo\\\/image\\\/\"}}]}<\/script>\n<!-- \/ Yoast SEO plugin. -->","yoast_head_json":{"title":"\u00d6d\u00fcller - Bili\u015fim Y\u0131ld\u0131zlar\u0131 2022","robots":{"index":"index","follow":"follow","max-snippet":"max-snippet:-1","max-image-preview":"max-image-preview:large","max-video-preview":"max-video-preview:-1"},"canonical":"https:\/\/bilisimyildizlari.org.tr\/2022\/pages","og_locale":"tr_TR","og_type":"article","og_title":"\u00d6d\u00fcller - Bili\u015fim Y\u0131ld\u0131zlar\u0131 2022","og_description":"Finale kalan t\u00fcm ba\u015fvuru sahipleri ad\u0131na dijital sertifika d\u00fczenlenecektir. \u0130lk \u00fc\u00e7 dereceye giren ba\u015fvuru sahiplerine: TBD \u0130stanbul Bili\u015fim Y\u0131ld\u0131zlar\u0131 Kat\u0131l\u0131m 10. Y\u0131l \u00d6zel Plaketi verilecektir. Yar\u0131\u015fma sonu\u00e7lar\u0131 bas\u0131n ile payla\u015f\u0131larak, projelerin duyurular\u0131 ve tan\u0131t\u0131mlar\u0131 yap\u0131lacakt\u0131r. Yar\u0131\u015fma sonu\u00e7lar\u0131n\u0131n en az 1 y\u0131l T\u00fcrkiye Bili\u015fim Derne\u011fi www.tbd.org.tr&nbsp; ve \u0130stanbul Bili\u015fim Y\u0131ld\u0131zlar\u0131 2022 https:\/\/bilisimyildizlari.org.tr\/2022\/ web sitelerinde yay\u0131nlayarak duyuru &hellip;","og_url":"https:\/\/bilisimyildizlari.org.tr\/2022\/pages","og_site_name":"Bili\u015fim Y\u0131ld\u0131zlar\u0131 2022","article_modified_time":"2022-04-23T17:18:30+00:00","og_image":[{"url":"https:\/\/bilisimyildizlari.org.tr\/2022\/wp-content\/uploads\/sites\/6\/2022\/04\/awards-qazxsw.jpg","type":"","width":"","height":""}],"twitter_card":"summary_large_image","twitter_misc":{"Tahmini okuma s\u00fcresi":"2 dakika"},"schema":{"@context":"https:\/\/schema.org","@graph":[{"@type":"WebPage","@id":"https:\/\/bilisimyildizlari.org.tr\/2022\/pages","url":"https:\/\/bilisimyildizlari.org.tr\/2022\/pages","name":"\u00d6d\u00fcller - Bili\u015fim Y\u0131ld\u0131zlar\u0131 2022","isPartOf":{"@id":"https:\/\/bilisimyildizlari.org.tr\/2022\/#website"},"primaryImageOfPage":{"@id":"https:\/\/bilisimyildizlari.org.tr\/2022\/pages#primaryimage"},"image":{"@id":"https:\/\/bilisimyildizlari.org.tr\/2022\/pages#primaryimage"},"thumbnailUrl":"https:\/\/bilisimyildizlari.org.tr\/2022\/wp-content\/uploads\/sites\/6\/2022\/04\/awards-qazxsw.jpg","datePublished":"2018-10-09T04:23:40+00:00","dateModified":"2022-04-23T17:18:30+00:00","breadcrumb":{"@id":"https:\/\/bilisimyildizlari.org.tr\/2022\/pages#breadcrumb"},"inLanguage":"tr","potentialAction":[{"@type":"ReadAction","target":["https:\/\/bilisimyildizlari.org.tr\/2022\/pages"]}]},{"@type":"ImageObject","inLanguage":"tr","@id":"https:\/\/bilisimyildizlari.org.tr\/2022\/pages#primaryimage","url":"https:\/\/bilisimyildizlari.org.tr\/2022\/wp-content\/uploads\/sites\/6\/2022\/04\/awards-qazxsw.jpg","contentUrl":"https:\/\/bilisimyildizlari.org.tr\/2022\/wp-content\/uploads\/sites\/6\/2022\/04\/awards-qazxsw.jpg","width":212,"height":1024},{"@type":"BreadcrumbList","@id":"https:\/\/bilisimyildizlari.org.tr\/2022\/pages#breadcrumb","itemListElement":[{"@type":"ListItem","position":1,"name":"Anasayfa","item":"https:\/\/bilisimyildizlari.org.tr\/2022\/"},{"@type":"ListItem","position":2,"name":"\u00d6d\u00fcller"}]},{"@type":"WebSite","@id":"https:\/\/bilisimyildizlari.org.tr\/2022\/#website","url":"https:\/\/bilisimyildizlari.org.tr\/2022\/","name":"Bili\u015fim Y\u0131ld\u0131zlar\u0131 2022","description":"TBD \u0130stanbul Bili\u015fim Y\u0131ld\u0131zlar\u0131 Yar\u0131\u015fmas\u0131","publisher":{"@id":"https:\/\/bilisimyildizlari.org.tr\/2022\/#organization"},"potentialAction":[{"@type":"SearchAction","target":{"@type":"EntryPoint","urlTemplate":"https:\/\/bilisimyildizlari.org.tr\/2022\/?s={search_term_string}"},"query-input":{"@type":"PropertyValueSpecification","valueRequired":true,"valueName":"search_term_string"}}],"inLanguage":"tr"},{"@type":"Organization","@id":"https:\/\/bilisimyildizlari.org.tr\/2022\/#organization","name":"Bili\u015fim Y\u0131ld\u0131zlar\u0131 2022","url":"https:\/\/bilisimyildizlari.org.tr\/2022\/","logo":{"@type":"ImageObject","inLanguage":"tr","@id":"https:\/\/bilisimyildizlari.org.tr\/2022\/#\/schema\/logo\/image\/","url":"https:\/\/bilisimyildizlari.org.tr\/2022\/wp-content\/uploads\/sites\/6\/2022\/04\/TBD_ist_logo1.png","contentUrl":"https:\/\/bilisimyildizlari.org.tr\/2022\/wp-content\/uploads\/sites\/6\/2022\/04\/TBD_ist_logo1.png","width":185,"height":80,"caption":"Bili\u015fim Y\u0131ld\u0131zlar\u0131 2022"},"image":{"@id":"https:\/\/bilisimyildizlari.org.tr\/2022\/#\/schema\/logo\/image\/"}}]}},"_links":{"self":[{"href":"https:\/\/bilisimyildizlari.org.tr\/2022\/wp-json\/wp\/v2\/pages\/376","targetHints":{"allow":["GET"]}}],"collection":[{"href":"https:\/\/bilisimyildizlari.org.tr\/2022\/wp-json\/wp\/v2\/pages"}],"about":[{"href":"https:\/\/bilisimyildizlari.org.tr\/2022\/wp-json\/wp\/v2\/types\/page"}],"author":[{"embeddable":true,"href":"https:\/\/bilisimyildizlari.org.tr\/2022\/wp-json\/wp\/v2\/users\/3"}],"replies":[{"embeddable":true,"href":"https:\/\/bilisimyildizlari.org.tr\/2022\/wp-json\/wp\/v2\/comments?post=376"}],"version-history":[{"count":14,"href":"https:\/\/bilisimyildizlari.org.tr\/2022\/wp-json\/wp\/v2\/pages\/376\/revisions"}],"predecessor-version":[{"id":1430,"href":"https:\/\/bilisimyildizlari.org.tr\/2022\/wp-json\/wp\/v2\/pages\/376\/revisions\/1430"}],"wp:attachment":[{"href":"https:\/\/bilisimyildizlari.org.tr\/2022\/wp-json\/wp\/v2\/media?parent=376"}],"curies":[{"name":"wp","href":"https:\/\/api.w.org\/{rel}","templated":true}]}}