{"id":813,"date":"2021-03-16T15:48:34","date_gmt":"2021-03-16T12:48:34","guid":{"rendered":"https:\/\/bilisimyildizlari.org.tr\/2022\/?page_id=813"},"modified":"2022-09-12T14:33:21","modified_gmt":"2022-09-12T11:33:21","slug":"basvuru","status":"publish","type":"page","link":"https:\/\/bilisimyildizlari.org.tr\/2022\/basvuru","title":{"rendered":"Ba\u015fvuru"},"content":{"rendered":"\r\n<p><strong>2022 Y\u0131l\u0131 Bili\u015fim Y\u0131ld\u0131zlar\u0131 Yar\u0131\u015fmas\u0131 Ba\u015fvuru S\u00fcresi 11 Eyl\u00fcl 2022 Tarihinde Dolmu\u015ftur.<\/strong><\/p>\r\n<p>Yar\u0131\u015fma ba\u015fvurusu ile ilgili t\u00fcm bilgiler <strong><a href=\"https:\/\/bilisimyildizlari.org.tr\/2022\/wp-content\/uploads\/sites\/6\/2022\/08\/yonerge22.pdf\" target=\"_blank\" rel=\"noreferrer noopener\">PDF Yar\u0131\u015fma Y\u00f6nergesi<\/a><\/strong>nde yer almaktad\u0131r. <br \/>Ba\u015fvurunuzu ger\u00e7ekle\u015ftirmeden \u00f6nce l\u00fctfen y\u00f6nergeyi dikkatlice okuyunuz. <br \/>Ba\u015fvurunuzu tamamlamak i\u00e7in <a href=\"https:\/\/bilisimyildizlari.org.tr\/2022\/wp-content\/uploads\/sites\/6\/2022\/04\/beyan_2022.pdf\" target=\"_blank\" rel=\"noreferrer noopener\">ba\u015fvuru beyan formu<\/a>nu (imzal\u0131\/ka\u015feli) doldurarak forma eklemeyi unutmay\u0131n\u0131z.<\/p>\r\n\r\n\r\n\r\n<div class=\"wp-block-columns is-layout-flex wp-container-core-columns-is-layout-9d6595d7 wp-block-columns-is-layout-flex\">\r\n<div class=\"wp-block-column is-layout-flow wp-block-column-is-layout-flow\">\r\n<h4 class=\"wp-block-heading\">Ba\u015fvuru D\u00fczeyleri<\/h4>\r\n\r\n\r\n\r\n<ul class=\"wp-block-list\">\r\n<li>\u00d6zel Sekt\u00f6r Firmalar\u0131<\/li>\r\n<li>Teknopark, Teknokent Firmalar\u0131<\/li>\r\n<li>Ar-Ge Merkezi olan \u00d6zel Sekt\u00f6r Firmalar\u0131<\/li>\r\n<li>\u00dcniversite<\/li>\r\n<li>Sivil Toplum Kurulu\u015flar\u0131<\/li>\r\n<li>Yerel Y\u00f6netimler<\/li>\r\n<\/ul>\r\n\r\n\r\n\r\n<h4 class=\"wp-block-heading\">Ba\u015fvuru Alanlar\u0131<\/h4>\r\n\r\n\r\n\r\n<ul class=\"wp-block-list\">\r\n<li>5G ve Yeni \u0130leti\u015fim Teknolojileri<\/li>\r\n<li>A\u00e7\u0131k Kaynak Kodlu Uygulamalar\/Sistemler<\/li>\r\n<li>Ak\u0131ll\u0131 \u015eehirler<\/li>\r\n<li>Ak\u0131ll\u0131 Uygulamalar (Sa\u011fl\u0131k, Tar\u0131m vb.)<\/li>\r\n<li>Anl\u0131k Mesajla\u015fma Uygulamalar\u0131<\/li>\r\n<li>Bulut Bili\u015fim<\/li>\r\n<li>B\u00fcy\u00fck Veri, Yapay Zek\u00e2, Makine \u00d6\u011frenmesi ve Veri Madencili\u011fi<\/li>\r\n<li>Co\u011frafi Bilgi Sistemleri<\/li>\r\n<li>\u00c7evrimi\u00e7i E\u011fitim, Etkinlik Y\u00f6netimi ve Sanal Fuar Sistemleri<\/li>\r\n<li>End\u00fcstri ve Ticaret \u00dcr\u00fcnleri<\/li>\r\n<li>E-ticaret \/ Pazaryeri<\/li>\r\n<li>G\u00f6m\u00fcl\u00fc Sistemler<\/li>\r\n<li>Mobil Uygulama<\/li>\r\n<li>Otonom Sistemler<\/li>\r\n<li>Oyun ve E\u011flence<\/li>\r\n<li>Robotik S\u00fcre\u00e7 Otomasyonu<\/li>\r\n<li>Sanal Ger\u00e7eklik ve Art\u0131r\u0131lm\u0131\u015f Ger\u00e7eklik<\/li>\r\n<li>Say\u0131sal (Dijital) D\u00f6n\u00fc\u015f\u00fcm<\/li>\r\n<li>Siber G\u00fcvenlik<\/li>\r\n<\/ul>\r\n<\/div>\r\n\r\n\r\n\r\n<div class=\"wp-block-column is-layout-flow wp-block-column-is-layout-flow\">\r\n<figure class=\"wp-block-image size-full\"><img loading=\"lazy\" decoding=\"async\" width=\"212\" height=\"1024\" class=\"wp-image-1429\" src=\"https:\/\/bilisimyildizlari.org.tr\/2022\/wp-content\/uploads\/sites\/6\/2022\/04\/bilisim_yildizi-WB-212x1024-1.jpg\" alt=\"\" srcset=\"https:\/\/bilisimyildizlari.org.tr\/2022\/wp-content\/uploads\/sites\/6\/2022\/04\/bilisim_yildizi-WB-212x1024-1.jpg 212w, https:\/\/bilisimyildizlari.org.tr\/2022\/wp-content\/uploads\/sites\/6\/2022\/04\/bilisim_yildizi-WB-212x1024-1-62x300.jpg 62w\" sizes=\"auto, (max-width: 212px) 100vw, 212px\" \/><\/figure>\r\n<\/div>\r\n<\/div>\r\n\r\n\r\n\r\n<div>\u00a0<\/div>\r\n","protected":false},"excerpt":{"rendered":"<p>2022 Y\u0131l\u0131 Bili\u015fim Y\u0131ld\u0131zlar\u0131 Yar\u0131\u015fmas\u0131 Ba\u015fvuru S\u00fcresi 11 Eyl\u00fcl 2022 Tarihinde Dolmu\u015ftur. Yar\u0131\u015fma ba\u015fvurusu ile ilgili t\u00fcm bilgiler PDF Yar\u0131\u015fma Y\u00f6nergesinde yer almaktad\u0131r. Ba\u015fvurunuzu ger\u00e7ekle\u015ftirmeden \u00f6nce l\u00fctfen y\u00f6nergeyi dikkatlice okuyunuz. Ba\u015fvurunuzu tamamlamak i\u00e7in ba\u015fvuru beyan formunu (imzal\u0131\/ka\u015feli) doldurarak forma eklemeyi unutmay\u0131n\u0131z. Ba\u015fvuru D\u00fczeyleri \u00d6zel Sekt\u00f6r Firmalar\u0131 Teknopark, Teknokent Firmalar\u0131 Ar-Ge Merkezi olan \u00d6zel Sekt\u00f6r Firmalar\u0131 &hellip; <\/p>\n","protected":false},"author":4,"featured_media":0,"parent":0,"menu_order":0,"comment_status":"closed","ping_status":"closed","template":"","meta":{"footnotes":""},"class_list":["post-813","page","type-page","status-publish","hentry"],"yoast_head":"<!-- This site is optimized with the Yoast SEO plugin v27.3 - https:\/\/yoast.com\/product\/yoast-seo-wordpress\/ -->\n<title>Ba\u015fvuru - Bili\u015fim Y\u0131ld\u0131zlar\u0131 2022<\/title>\n<meta name=\"robots\" content=\"index, follow, max-snippet:-1, max-image-preview:large, max-video-preview:-1\" \/>\n<link rel=\"canonical\" href=\"https:\/\/bilisimyildizlari.org.tr\/2022\/basvuru\" \/>\n<meta property=\"og:locale\" content=\"tr_TR\" \/>\n<meta property=\"og:type\" content=\"article\" \/>\n<meta property=\"og:title\" content=\"Ba\u015fvuru - Bili\u015fim Y\u0131ld\u0131zlar\u0131 2022\" \/>\n<meta property=\"og:description\" content=\"2022 Y\u0131l\u0131 Bili\u015fim Y\u0131ld\u0131zlar\u0131 Yar\u0131\u015fmas\u0131 Ba\u015fvuru S\u00fcresi 11 Eyl\u00fcl 2022 Tarihinde Dolmu\u015ftur. Yar\u0131\u015fma ba\u015fvurusu ile ilgili t\u00fcm bilgiler PDF Yar\u0131\u015fma Y\u00f6nergesinde yer almaktad\u0131r. Ba\u015fvurunuzu ger\u00e7ekle\u015ftirmeden \u00f6nce l\u00fctfen y\u00f6nergeyi dikkatlice okuyunuz. Ba\u015fvurunuzu tamamlamak i\u00e7in ba\u015fvuru beyan formunu (imzal\u0131\/ka\u015feli) doldurarak forma eklemeyi unutmay\u0131n\u0131z. Ba\u015fvuru D\u00fczeyleri \u00d6zel Sekt\u00f6r Firmalar\u0131 Teknopark, Teknokent Firmalar\u0131 Ar-Ge Merkezi olan \u00d6zel Sekt\u00f6r Firmalar\u0131 &hellip;\" \/>\n<meta property=\"og:url\" content=\"https:\/\/bilisimyildizlari.org.tr\/2022\/basvuru\" \/>\n<meta property=\"og:site_name\" content=\"Bili\u015fim Y\u0131ld\u0131zlar\u0131 2022\" \/>\n<meta property=\"article:modified_time\" content=\"2022-09-12T11:33:21+00:00\" \/>\n<meta property=\"og:image\" content=\"https:\/\/bilisimyildizlari.org.tr\/2022\/wp-content\/uploads\/sites\/6\/2022\/04\/bilisim_yildizi-WB-212x1024-1.jpg\" \/>\n<meta name=\"twitter:card\" content=\"summary_large_image\" \/>\n<meta name=\"twitter:label1\" content=\"Tahmini okuma s\u00fcresi\" \/>\n\t<meta name=\"twitter:data1\" content=\"2 dakika\" \/>\n<script type=\"application\/ld+json\" class=\"yoast-schema-graph\">{\"@context\":\"https:\\\/\\\/schema.org\",\"@graph\":[{\"@type\":\"WebPage\",\"@id\":\"https:\\\/\\\/bilisimyildizlari.org.tr\\\/2022\\\/basvuru\",\"url\":\"https:\\\/\\\/bilisimyildizlari.org.tr\\\/2022\\\/basvuru\",\"name\":\"Ba\u015fvuru - Bili\u015fim Y\u0131ld\u0131zlar\u0131 2022\",\"isPartOf\":{\"@id\":\"https:\\\/\\\/bilisimyildizlari.org.tr\\\/2022\\\/#website\"},\"primaryImageOfPage\":{\"@id\":\"https:\\\/\\\/bilisimyildizlari.org.tr\\\/2022\\\/basvuru#primaryimage\"},\"image\":{\"@id\":\"https:\\\/\\\/bilisimyildizlari.org.tr\\\/2022\\\/basvuru#primaryimage\"},\"thumbnailUrl\":\"https:\\\/\\\/bilisimyildizlari.org.tr\\\/2022\\\/wp-content\\\/uploads\\\/sites\\\/6\\\/2022\\\/04\\\/bilisim_yildizi-WB-212x1024-1.jpg\",\"datePublished\":\"2021-03-16T12:48:34+00:00\",\"dateModified\":\"2022-09-12T11:33:21+00:00\",\"breadcrumb\":{\"@id\":\"https:\\\/\\\/bilisimyildizlari.org.tr\\\/2022\\\/basvuru#breadcrumb\"},\"inLanguage\":\"tr\",\"potentialAction\":[{\"@type\":\"ReadAction\",\"target\":[\"https:\\\/\\\/bilisimyildizlari.org.tr\\\/2022\\\/basvuru\"]}]},{\"@type\":\"ImageObject\",\"inLanguage\":\"tr\",\"@id\":\"https:\\\/\\\/bilisimyildizlari.org.tr\\\/2022\\\/basvuru#primaryimage\",\"url\":\"https:\\\/\\\/bilisimyildizlari.org.tr\\\/2022\\\/wp-content\\\/uploads\\\/sites\\\/6\\\/2022\\\/04\\\/bilisim_yildizi-WB-212x1024-1.jpg\",\"contentUrl\":\"https:\\\/\\\/bilisimyildizlari.org.tr\\\/2022\\\/wp-content\\\/uploads\\\/sites\\\/6\\\/2022\\\/04\\\/bilisim_yildizi-WB-212x1024-1.jpg\",\"width\":212,\"height\":1024},{\"@type\":\"BreadcrumbList\",\"@id\":\"https:\\\/\\\/bilisimyildizlari.org.tr\\\/2022\\\/basvuru#breadcrumb\",\"itemListElement\":[{\"@type\":\"ListItem\",\"position\":1,\"name\":\"Anasayfa\",\"item\":\"https:\\\/\\\/bilisimyildizlari.org.tr\\\/2022\\\/\"},{\"@type\":\"ListItem\",\"position\":2,\"name\":\"Ba\u015fvuru\"}]},{\"@type\":\"WebSite\",\"@id\":\"https:\\\/\\\/bilisimyildizlari.org.tr\\\/2022\\\/#website\",\"url\":\"https:\\\/\\\/bilisimyildizlari.org.tr\\\/2022\\\/\",\"name\":\"Bili\u015fim Y\u0131ld\u0131zlar\u0131 2022\",\"description\":\"TBD \u0130stanbul Bili\u015fim Y\u0131ld\u0131zlar\u0131 Yar\u0131\u015fmas\u0131\",\"publisher\":{\"@id\":\"https:\\\/\\\/bilisimyildizlari.org.tr\\\/2022\\\/#organization\"},\"potentialAction\":[{\"@type\":\"SearchAction\",\"target\":{\"@type\":\"EntryPoint\",\"urlTemplate\":\"https:\\\/\\\/bilisimyildizlari.org.tr\\\/2022\\\/?s={search_term_string}\"},\"query-input\":{\"@type\":\"PropertyValueSpecification\",\"valueRequired\":true,\"valueName\":\"search_term_string\"}}],\"inLanguage\":\"tr\"},{\"@type\":\"Organization\",\"@id\":\"https:\\\/\\\/bilisimyildizlari.org.tr\\\/2022\\\/#organization\",\"name\":\"Bili\u015fim Y\u0131ld\u0131zlar\u0131 2022\",\"url\":\"https:\\\/\\\/bilisimyildizlari.org.tr\\\/2022\\\/\",\"logo\":{\"@type\":\"ImageObject\",\"inLanguage\":\"tr\",\"@id\":\"https:\\\/\\\/bilisimyildizlari.org.tr\\\/2022\\\/#\\\/schema\\\/logo\\\/image\\\/\",\"url\":\"https:\\\/\\\/bilisimyildizlari.org.tr\\\/2022\\\/wp-content\\\/uploads\\\/sites\\\/6\\\/2022\\\/04\\\/TBD_ist_logo1.png\",\"contentUrl\":\"https:\\\/\\\/bilisimyildizlari.org.tr\\\/2022\\\/wp-content\\\/uploads\\\/sites\\\/6\\\/2022\\\/04\\\/TBD_ist_logo1.png\",\"width\":185,\"height\":80,\"caption\":\"Bili\u015fim Y\u0131ld\u0131zlar\u0131 2022\"},\"image\":{\"@id\":\"https:\\\/\\\/bilisimyildizlari.org.tr\\\/2022\\\/#\\\/schema\\\/logo\\\/image\\\/\"}}]}<\/script>\n<!-- \/ Yoast SEO plugin. -->","yoast_head_json":{"title":"Ba\u015fvuru - Bili\u015fim Y\u0131ld\u0131zlar\u0131 2022","robots":{"index":"index","follow":"follow","max-snippet":"max-snippet:-1","max-image-preview":"max-image-preview:large","max-video-preview":"max-video-preview:-1"},"canonical":"https:\/\/bilisimyildizlari.org.tr\/2022\/basvuru","og_locale":"tr_TR","og_type":"article","og_title":"Ba\u015fvuru - Bili\u015fim Y\u0131ld\u0131zlar\u0131 2022","og_description":"2022 Y\u0131l\u0131 Bili\u015fim Y\u0131ld\u0131zlar\u0131 Yar\u0131\u015fmas\u0131 Ba\u015fvuru S\u00fcresi 11 Eyl\u00fcl 2022 Tarihinde Dolmu\u015ftur. Yar\u0131\u015fma ba\u015fvurusu ile ilgili t\u00fcm bilgiler PDF Yar\u0131\u015fma Y\u00f6nergesinde yer almaktad\u0131r. Ba\u015fvurunuzu ger\u00e7ekle\u015ftirmeden \u00f6nce l\u00fctfen y\u00f6nergeyi dikkatlice okuyunuz. Ba\u015fvurunuzu tamamlamak i\u00e7in ba\u015fvuru beyan formunu (imzal\u0131\/ka\u015feli) doldurarak forma eklemeyi unutmay\u0131n\u0131z. Ba\u015fvuru D\u00fczeyleri \u00d6zel Sekt\u00f6r Firmalar\u0131 Teknopark, Teknokent Firmalar\u0131 Ar-Ge Merkezi olan \u00d6zel Sekt\u00f6r Firmalar\u0131 &hellip;","og_url":"https:\/\/bilisimyildizlari.org.tr\/2022\/basvuru","og_site_name":"Bili\u015fim Y\u0131ld\u0131zlar\u0131 2022","article_modified_time":"2022-09-12T11:33:21+00:00","og_image":[{"url":"https:\/\/bilisimyildizlari.org.tr\/2022\/wp-content\/uploads\/sites\/6\/2022\/04\/bilisim_yildizi-WB-212x1024-1.jpg","type":"","width":"","height":""}],"twitter_card":"summary_large_image","twitter_misc":{"Tahmini okuma s\u00fcresi":"2 dakika"},"schema":{"@context":"https:\/\/schema.org","@graph":[{"@type":"WebPage","@id":"https:\/\/bilisimyildizlari.org.tr\/2022\/basvuru","url":"https:\/\/bilisimyildizlari.org.tr\/2022\/basvuru","name":"Ba\u015fvuru - Bili\u015fim Y\u0131ld\u0131zlar\u0131 2022","isPartOf":{"@id":"https:\/\/bilisimyildizlari.org.tr\/2022\/#website"},"primaryImageOfPage":{"@id":"https:\/\/bilisimyildizlari.org.tr\/2022\/basvuru#primaryimage"},"image":{"@id":"https:\/\/bilisimyildizlari.org.tr\/2022\/basvuru#primaryimage"},"thumbnailUrl":"https:\/\/bilisimyildizlari.org.tr\/2022\/wp-content\/uploads\/sites\/6\/2022\/04\/bilisim_yildizi-WB-212x1024-1.jpg","datePublished":"2021-03-16T12:48:34+00:00","dateModified":"2022-09-12T11:33:21+00:00","breadcrumb":{"@id":"https:\/\/bilisimyildizlari.org.tr\/2022\/basvuru#breadcrumb"},"inLanguage":"tr","potentialAction":[{"@type":"ReadAction","target":["https:\/\/bilisimyildizlari.org.tr\/2022\/basvuru"]}]},{"@type":"ImageObject","inLanguage":"tr","@id":"https:\/\/bilisimyildizlari.org.tr\/2022\/basvuru#primaryimage","url":"https:\/\/bilisimyildizlari.org.tr\/2022\/wp-content\/uploads\/sites\/6\/2022\/04\/bilisim_yildizi-WB-212x1024-1.jpg","contentUrl":"https:\/\/bilisimyildizlari.org.tr\/2022\/wp-content\/uploads\/sites\/6\/2022\/04\/bilisim_yildizi-WB-212x1024-1.jpg","width":212,"height":1024},{"@type":"BreadcrumbList","@id":"https:\/\/bilisimyildizlari.org.tr\/2022\/basvuru#breadcrumb","itemListElement":[{"@type":"ListItem","position":1,"name":"Anasayfa","item":"https:\/\/bilisimyildizlari.org.tr\/2022\/"},{"@type":"ListItem","position":2,"name":"Ba\u015fvuru"}]},{"@type":"WebSite","@id":"https:\/\/bilisimyildizlari.org.tr\/2022\/#website","url":"https:\/\/bilisimyildizlari.org.tr\/2022\/","name":"Bili\u015fim Y\u0131ld\u0131zlar\u0131 2022","description":"TBD \u0130stanbul Bili\u015fim Y\u0131ld\u0131zlar\u0131 Yar\u0131\u015fmas\u0131","publisher":{"@id":"https:\/\/bilisimyildizlari.org.tr\/2022\/#organization"},"potentialAction":[{"@type":"SearchAction","target":{"@type":"EntryPoint","urlTemplate":"https:\/\/bilisimyildizlari.org.tr\/2022\/?s={search_term_string}"},"query-input":{"@type":"PropertyValueSpecification","valueRequired":true,"valueName":"search_term_string"}}],"inLanguage":"tr"},{"@type":"Organization","@id":"https:\/\/bilisimyildizlari.org.tr\/2022\/#organization","name":"Bili\u015fim Y\u0131ld\u0131zlar\u0131 2022","url":"https:\/\/bilisimyildizlari.org.tr\/2022\/","logo":{"@type":"ImageObject","inLanguage":"tr","@id":"https:\/\/bilisimyildizlari.org.tr\/2022\/#\/schema\/logo\/image\/","url":"https:\/\/bilisimyildizlari.org.tr\/2022\/wp-content\/uploads\/sites\/6\/2022\/04\/TBD_ist_logo1.png","contentUrl":"https:\/\/bilisimyildizlari.org.tr\/2022\/wp-content\/uploads\/sites\/6\/2022\/04\/TBD_ist_logo1.png","width":185,"height":80,"caption":"Bili\u015fim Y\u0131ld\u0131zlar\u0131 2022"},"image":{"@id":"https:\/\/bilisimyildizlari.org.tr\/2022\/#\/schema\/logo\/image\/"}}]}},"_links":{"self":[{"href":"https:\/\/bilisimyildizlari.org.tr\/2022\/wp-json\/wp\/v2\/pages\/813","targetHints":{"allow":["GET"]}}],"collection":[{"href":"https:\/\/bilisimyildizlari.org.tr\/2022\/wp-json\/wp\/v2\/pages"}],"about":[{"href":"https:\/\/bilisimyildizlari.org.tr\/2022\/wp-json\/wp\/v2\/types\/page"}],"author":[{"embeddable":true,"href":"https:\/\/bilisimyildizlari.org.tr\/2022\/wp-json\/wp\/v2\/users\/4"}],"replies":[{"embeddable":true,"href":"https:\/\/bilisimyildizlari.org.tr\/2022\/wp-json\/wp\/v2\/comments?post=813"}],"version-history":[{"count":10,"href":"https:\/\/bilisimyildizlari.org.tr\/2022\/wp-json\/wp\/v2\/pages\/813\/revisions"}],"predecessor-version":[{"id":1679,"href":"https:\/\/bilisimyildizlari.org.tr\/2022\/wp-json\/wp\/v2\/pages\/813\/revisions\/1679"}],"wp:attachment":[{"href":"https:\/\/bilisimyildizlari.org.tr\/2022\/wp-json\/wp\/v2\/media?parent=813"}],"curies":[{"name":"wp","href":"https:\/\/api.w.org\/{rel}","templated":true}]}}