{"id":1963,"date":"2025-11-26T16:00:32","date_gmt":"2025-11-26T13:00:32","guid":{"rendered":"https:\/\/bilisimyildizlari.org.tr\/2025\/?page_id=1963"},"modified":"2025-11-26T16:53:42","modified_gmt":"2025-11-26T13:53:42","slug":"afetnet-ai","status":"publish","type":"page","link":"https:\/\/bilisimyildizlari.org.tr\/2025\/afetnet-ai","title":{"rendered":"AfetNET-AI"},"content":{"rendered":"\n<p><strong>KURUM<\/strong>: Innosa Yaz\u0131l\u0131m Teknolojileri A.\u015e.<\/p>\n\n\n\n<p><strong>SEH\u0130R<\/strong>: \u0130zmir<\/p>\n\n\n\n<p><strong><a href=\"http:\/\/www.innosa.com.tr\">PROJE URL<\/a><\/strong><\/p>\n\n\n\n<p><strong>D\u00dcZEY<\/strong>: Ar-Ge Merkezi olan \u00d6zel Sekt\u00f6r Firmalar\u0131<\/p>\n\n\n\n<p><strong>ALAN<\/strong>: Ak\u0131ll\u0131 \u015eehirler<\/p>\n\n\n\n<p><strong>PROJE \u00d6ZET<\/strong>: AfetNET-AI, yerli teknolojilerle geli\u015ftirilen, afet sonras\u0131 belediye odakl\u0131 bir m\u00fcdahale ve koordinasyon sistemidir. Proje, T\u00fcrkiye\u2019deki il\u00e7e ve b\u00fcy\u00fck\u015fehir belediyelerinin co\u011frafi bilgi sistemleri (CBS), adres numaralama, mahalle bazl\u0131 veri altyap\u0131lar\u0131 gibi var olan kaynaklar\u0131n\u0131, drone g\u00f6r\u00fcnt\u00fcleme ve yapay zek\u00e2 destekli analizlerle birle\u015ftirerek afet sonras\u0131 karar destek ve m\u00fcdahale mekanizmalar\u0131n\u0131 g\u00fc\u00e7lendirmeyi ama\u00e7lamaktad\u0131r.<br>Projede, sabit ve d\u00f6ner kanatl\u0131 dronelar arac\u0131l\u0131\u011f\u0131yla afet b\u00f6lgelerinden y\u00fcksek \u00e7\u00f6z\u00fcn\u00fcrl\u00fckl\u00fc g\u00f6r\u00fcnt\u00fc verisi toplanmakta; bu veriler yapay zek\u00e2 algoritmalar\u0131 ile i\u015flenerek y\u0131k\u0131m alanlar\u0131, hareket eden insanlar, yo\u011funluk b\u00f6lgeleri, kritik altyap\u0131 riskleri ve yaral\u0131 tespiti gibi unsurlar belirlenmektedir. Projenin yerli yapay zek\u00e2 orta\u011f\u0131, \u00f6zellikle d\u00fc\u015f\u00fck \u00e7\u00f6z\u00fcn\u00fcrl\u00fckl\u00fc g\u00f6r\u00fcnt\u00fcleri s\u00fcper \u00e7\u00f6z\u00fcn\u00fcrl\u00fck (super resolution) y\u00f6ntemiyle netle\u015ftirme alan\u0131nda geli\u015ftirdi\u011fi algoritmalarla, y\u00fcksekten al\u0131nan geni\u015f a\u00e7\u0131l\u0131 g\u00f6r\u00fcnt\u00fclerin detay seviyesini art\u0131rarak \u00f6zg\u00fcn bir katk\u0131 sunmaktad\u0131r. Bu sayede hem kapsama alan\u0131 geni\u015flemekte hem de m\u00fcdahale hassasiyeti artmaktad\u0131r.<br>Proje \u00e7\u0131kt\u0131lar\u0131, sadece yerel y\u00f6netimlerin de\u011fil, ayn\u0131 zamanda sivil toplum kurulu\u015flar\u0131, g\u00f6n\u00fcll\u00fc gruplar, arama kurtarma ekipleri ve di\u011fer belediyeler aras\u0131nda da veri payla\u015f\u0131m\u0131 ve koordinasyon sa\u011flayacak bir afet y\u00f6netim platformunda toplanacakt\u0131r. Platform, ulusal d\u00fczeyde AFAD sistemleri ile, uluslararas\u0131 d\u00fczeyde afet m\u00fcdahale a\u011flar\u0131yla entegre edilebilir bir yap\u0131da tasarlanm\u0131\u015ft\u0131r.<br>Pilot uygulama olarak, afet riski y\u00fcksek, CBS altyap\u0131s\u0131 olan bir il\u00e7ede y\u00fcr\u00fct\u00fclecek olan proje; veri toplama, analiz, karar destek haritalar\u0131n\u0131n olu\u015fturulmas\u0131, senaryo sim\u00fclasyonlar\u0131n\u0131n ger\u00e7ekle\u015ftirilmesi ve \u00f6nerilen m\u00fcdahale rotalar\u0131n\u0131n olu\u015fturulmas\u0131 ad\u0131mlar\u0131n\u0131 i\u00e7ermektedir. Drone u\u00e7u\u015f rotalar\u0131, trafik yo\u011funlu\u011fu ve sokak yap\u0131s\u0131 gibi fakt\u00f6rler dikkate al\u0131narak yapay zek\u00e2 ile optimize edilecektir. Pilot olarak da \u0130zmir\u2019de \u00f6l\u00e7eklemesi kolay ve payda\u015flarla \u00e7al\u0131\u015f\u0131lacak geneli yans\u0131tan homojen \u00f6zelliklerde yap\u0131s\u0131 olan bir il\u00e7ede b\u00f6lge se\u00e7ilecektir.<br>AfetNET-AI, mill\u00ee yaz\u0131l\u0131m altyap\u0131s\u0131yla geli\u015ftirilen, yerli CBS sistemleri ve yapay zek\u00e2 algoritmalar\u0131yla \u00e7al\u0131\u015fan, \u00f6zg\u00fcn bir afet sonras\u0131 m\u00fcdahale ve y\u00f6netim sistemidir. Proje, T\u00fcrkiye\u2019nin afetlere haz\u0131rl\u0131k ve diren\u00e7li \u015fehirler vizyonuna katk\u0131 sunarken; teknoloji ihracat potansiyeliyle de uluslararas\u0131 d\u00fczeyde rekabet g\u00fcc\u00fc ta\u015f\u0131maktad\u0131r.<\/p>\n","protected":false},"excerpt":{"rendered":"<p>KURUM: Innosa Yaz\u0131l\u0131m Teknolojileri A.\u015e. SEH\u0130R: \u0130zmir PROJE URL D\u00dcZEY: Ar-Ge Merkezi olan \u00d6zel Sekt\u00f6r Firmalar\u0131 ALAN: Ak\u0131ll\u0131 \u015eehirler PROJE \u00d6ZET: AfetNET-AI, yerli teknolojilerle geli\u015ftirilen, afet sonras\u0131 belediye odakl\u0131 bir m\u00fcdahale ve koordinasyon sistemidir. Proje, T\u00fcrkiye\u2019deki il\u00e7e ve b\u00fcy\u00fck\u015fehir belediyelerinin co\u011frafi bilgi sistemleri (CBS), adres numaralama, mahalle bazl\u0131 veri altyap\u0131lar\u0131 gibi var olan kaynaklar\u0131n\u0131, drone &hellip; <\/p>\n","protected":false},"author":4,"featured_media":0,"parent":0,"menu_order":0,"comment_status":"closed","ping_status":"closed","template":"","meta":{"footnotes":""},"class_list":["post-1963","page","type-page","status-publish","hentry"],"yoast_head":"<!-- This site is optimized with the Yoast SEO plugin v27.5 - https:\/\/yoast.com\/product\/yoast-seo-wordpress\/ -->\n<title>AfetNET-AI - Bili\u015fim Y\u0131ld\u0131zlar\u0131 2025<\/title>\n<meta name=\"robots\" content=\"index, follow, max-snippet:-1, max-image-preview:large, max-video-preview:-1\" \/>\n<link rel=\"canonical\" href=\"https:\/\/bilisimyildizlari.org.tr\/2025\/afetnet-ai\" \/>\n<meta property=\"og:locale\" content=\"tr_TR\" \/>\n<meta property=\"og:type\" content=\"article\" \/>\n<meta property=\"og:title\" content=\"AfetNET-AI - Bili\u015fim Y\u0131ld\u0131zlar\u0131 2025\" \/>\n<meta property=\"og:description\" content=\"KURUM: Innosa Yaz\u0131l\u0131m Teknolojileri A.\u015e. SEH\u0130R: \u0130zmir PROJE URL D\u00dcZEY: Ar-Ge Merkezi olan \u00d6zel Sekt\u00f6r Firmalar\u0131 ALAN: Ak\u0131ll\u0131 \u015eehirler PROJE \u00d6ZET: AfetNET-AI, yerli teknolojilerle geli\u015ftirilen, afet sonras\u0131 belediye odakl\u0131 bir m\u00fcdahale ve koordinasyon sistemidir. Proje, T\u00fcrkiye\u2019deki il\u00e7e ve b\u00fcy\u00fck\u015fehir belediyelerinin co\u011frafi bilgi sistemleri (CBS), adres numaralama, mahalle bazl\u0131 veri altyap\u0131lar\u0131 gibi var olan kaynaklar\u0131n\u0131, drone &hellip;\" \/>\n<meta property=\"og:url\" content=\"https:\/\/bilisimyildizlari.org.tr\/2025\/afetnet-ai\" \/>\n<meta property=\"og:site_name\" content=\"Bili\u015fim Y\u0131ld\u0131zlar\u0131 2025\" \/>\n<meta property=\"article:modified_time\" content=\"2025-11-26T13:53:42+00:00\" \/>\n<meta name=\"twitter:card\" content=\"summary_large_image\" \/>\n<meta name=\"twitter:label1\" content=\"Tahmini okuma s\u00fcresi\" \/>\n\t<meta name=\"twitter:data1\" content=\"2 dakika\" \/>\n<script type=\"application\/ld+json\" class=\"yoast-schema-graph\">{\"@context\":\"https:\\\/\\\/schema.org\",\"@graph\":[{\"@type\":\"WebPage\",\"@id\":\"https:\\\/\\\/bilisimyildizlari.org.tr\\\/2025\\\/afetnet-ai\",\"url\":\"https:\\\/\\\/bilisimyildizlari.org.tr\\\/2025\\\/afetnet-ai\",\"name\":\"AfetNET-AI - Bili\u015fim Y\u0131ld\u0131zlar\u0131 2025\",\"isPartOf\":{\"@id\":\"https:\\\/\\\/bilisimyildizlari.org.tr\\\/2025\\\/#website\"},\"datePublished\":\"2025-11-26T13:00:32+00:00\",\"dateModified\":\"2025-11-26T13:53:42+00:00\",\"breadcrumb\":{\"@id\":\"https:\\\/\\\/bilisimyildizlari.org.tr\\\/2025\\\/afetnet-ai#breadcrumb\"},\"inLanguage\":\"tr\",\"potentialAction\":[{\"@type\":\"ReadAction\",\"target\":[\"https:\\\/\\\/bilisimyildizlari.org.tr\\\/2025\\\/afetnet-ai\"]}]},{\"@type\":\"BreadcrumbList\",\"@id\":\"https:\\\/\\\/bilisimyildizlari.org.tr\\\/2025\\\/afetnet-ai#breadcrumb\",\"itemListElement\":[{\"@type\":\"ListItem\",\"position\":1,\"name\":\"Anasayfa\",\"item\":\"https:\\\/\\\/bilisimyildizlari.org.tr\\\/2025\\\/\"},{\"@type\":\"ListItem\",\"position\":2,\"name\":\"AfetNET-AI\"}]},{\"@type\":\"WebSite\",\"@id\":\"https:\\\/\\\/bilisimyildizlari.org.tr\\\/2025\\\/#website\",\"url\":\"https:\\\/\\\/bilisimyildizlari.org.tr\\\/2025\\\/\",\"name\":\"Bili\u015fim Y\u0131ld\u0131zlar\u0131 2025\",\"description\":\"TBD \u0130stanbul Bili\u015fim Y\u0131ld\u0131zlar\u0131 Yar\u0131\u015fmas\u0131\",\"publisher\":{\"@id\":\"https:\\\/\\\/bilisimyildizlari.org.tr\\\/2025\\\/#organization\"},\"potentialAction\":[{\"@type\":\"SearchAction\",\"target\":{\"@type\":\"EntryPoint\",\"urlTemplate\":\"https:\\\/\\\/bilisimyildizlari.org.tr\\\/2025\\\/?s={search_term_string}\"},\"query-input\":{\"@type\":\"PropertyValueSpecification\",\"valueRequired\":true,\"valueName\":\"search_term_string\"}}],\"inLanguage\":\"tr\"},{\"@type\":\"Organization\",\"@id\":\"https:\\\/\\\/bilisimyildizlari.org.tr\\\/2025\\\/#organization\",\"name\":\"Bili\u015fim Y\u0131ld\u0131zlar\u0131 2025\",\"url\":\"https:\\\/\\\/bilisimyildizlari.org.tr\\\/2025\\\/\",\"logo\":{\"@type\":\"ImageObject\",\"inLanguage\":\"tr\",\"@id\":\"https:\\\/\\\/bilisimyildizlari.org.tr\\\/2025\\\/#\\\/schema\\\/logo\\\/image\\\/\",\"url\":\"https:\\\/\\\/bilisimyildizlari.org.tr\\\/2025\\\/wp-content\\\/uploads\\\/sites\\\/9\\\/2022\\\/04\\\/TBD_ist_logo1.png\",\"contentUrl\":\"https:\\\/\\\/bilisimyildizlari.org.tr\\\/2025\\\/wp-content\\\/uploads\\\/sites\\\/9\\\/2022\\\/04\\\/TBD_ist_logo1.png\",\"width\":185,\"height\":80,\"caption\":\"Bili\u015fim Y\u0131ld\u0131zlar\u0131 2025 \"},\"image\":{\"@id\":\"https:\\\/\\\/bilisimyildizlari.org.tr\\\/2025\\\/#\\\/schema\\\/logo\\\/image\\\/\"}}]}<\/script>\n<!-- \/ Yoast SEO plugin. -->","yoast_head_json":{"title":"AfetNET-AI - Bili\u015fim Y\u0131ld\u0131zlar\u0131 2025","robots":{"index":"index","follow":"follow","max-snippet":"max-snippet:-1","max-image-preview":"max-image-preview:large","max-video-preview":"max-video-preview:-1"},"canonical":"https:\/\/bilisimyildizlari.org.tr\/2025\/afetnet-ai","og_locale":"tr_TR","og_type":"article","og_title":"AfetNET-AI - Bili\u015fim Y\u0131ld\u0131zlar\u0131 2025","og_description":"KURUM: Innosa Yaz\u0131l\u0131m Teknolojileri A.\u015e. SEH\u0130R: \u0130zmir PROJE URL D\u00dcZEY: Ar-Ge Merkezi olan \u00d6zel Sekt\u00f6r Firmalar\u0131 ALAN: Ak\u0131ll\u0131 \u015eehirler PROJE \u00d6ZET: AfetNET-AI, yerli teknolojilerle geli\u015ftirilen, afet sonras\u0131 belediye odakl\u0131 bir m\u00fcdahale ve koordinasyon sistemidir. Proje, T\u00fcrkiye\u2019deki il\u00e7e ve b\u00fcy\u00fck\u015fehir belediyelerinin co\u011frafi bilgi sistemleri (CBS), adres numaralama, mahalle bazl\u0131 veri altyap\u0131lar\u0131 gibi var olan kaynaklar\u0131n\u0131, drone &hellip;","og_url":"https:\/\/bilisimyildizlari.org.tr\/2025\/afetnet-ai","og_site_name":"Bili\u015fim Y\u0131ld\u0131zlar\u0131 2025","article_modified_time":"2025-11-26T13:53:42+00:00","twitter_card":"summary_large_image","twitter_misc":{"Tahmini okuma s\u00fcresi":"2 dakika"},"schema":{"@context":"https:\/\/schema.org","@graph":[{"@type":"WebPage","@id":"https:\/\/bilisimyildizlari.org.tr\/2025\/afetnet-ai","url":"https:\/\/bilisimyildizlari.org.tr\/2025\/afetnet-ai","name":"AfetNET-AI - Bili\u015fim Y\u0131ld\u0131zlar\u0131 2025","isPartOf":{"@id":"https:\/\/bilisimyildizlari.org.tr\/2025\/#website"},"datePublished":"2025-11-26T13:00:32+00:00","dateModified":"2025-11-26T13:53:42+00:00","breadcrumb":{"@id":"https:\/\/bilisimyildizlari.org.tr\/2025\/afetnet-ai#breadcrumb"},"inLanguage":"tr","potentialAction":[{"@type":"ReadAction","target":["https:\/\/bilisimyildizlari.org.tr\/2025\/afetnet-ai"]}]},{"@type":"BreadcrumbList","@id":"https:\/\/bilisimyildizlari.org.tr\/2025\/afetnet-ai#breadcrumb","itemListElement":[{"@type":"ListItem","position":1,"name":"Anasayfa","item":"https:\/\/bilisimyildizlari.org.tr\/2025\/"},{"@type":"ListItem","position":2,"name":"AfetNET-AI"}]},{"@type":"WebSite","@id":"https:\/\/bilisimyildizlari.org.tr\/2025\/#website","url":"https:\/\/bilisimyildizlari.org.tr\/2025\/","name":"Bili\u015fim Y\u0131ld\u0131zlar\u0131 2025","description":"TBD \u0130stanbul Bili\u015fim Y\u0131ld\u0131zlar\u0131 Yar\u0131\u015fmas\u0131","publisher":{"@id":"https:\/\/bilisimyildizlari.org.tr\/2025\/#organization"},"potentialAction":[{"@type":"SearchAction","target":{"@type":"EntryPoint","urlTemplate":"https:\/\/bilisimyildizlari.org.tr\/2025\/?s={search_term_string}"},"query-input":{"@type":"PropertyValueSpecification","valueRequired":true,"valueName":"search_term_string"}}],"inLanguage":"tr"},{"@type":"Organization","@id":"https:\/\/bilisimyildizlari.org.tr\/2025\/#organization","name":"Bili\u015fim Y\u0131ld\u0131zlar\u0131 2025","url":"https:\/\/bilisimyildizlari.org.tr\/2025\/","logo":{"@type":"ImageObject","inLanguage":"tr","@id":"https:\/\/bilisimyildizlari.org.tr\/2025\/#\/schema\/logo\/image\/","url":"https:\/\/bilisimyildizlari.org.tr\/2025\/wp-content\/uploads\/sites\/9\/2022\/04\/TBD_ist_logo1.png","contentUrl":"https:\/\/bilisimyildizlari.org.tr\/2025\/wp-content\/uploads\/sites\/9\/2022\/04\/TBD_ist_logo1.png","width":185,"height":80,"caption":"Bili\u015fim Y\u0131ld\u0131zlar\u0131 2025 "},"image":{"@id":"https:\/\/bilisimyildizlari.org.tr\/2025\/#\/schema\/logo\/image\/"}}]}},"_links":{"self":[{"href":"https:\/\/bilisimyildizlari.org.tr\/2025\/wp-json\/wp\/v2\/pages\/1963","targetHints":{"allow":["GET"]}}],"collection":[{"href":"https:\/\/bilisimyildizlari.org.tr\/2025\/wp-json\/wp\/v2\/pages"}],"about":[{"href":"https:\/\/bilisimyildizlari.org.tr\/2025\/wp-json\/wp\/v2\/types\/page"}],"author":[{"embeddable":true,"href":"https:\/\/bilisimyildizlari.org.tr\/2025\/wp-json\/wp\/v2\/users\/4"}],"replies":[{"embeddable":true,"href":"https:\/\/bilisimyildizlari.org.tr\/2025\/wp-json\/wp\/v2\/comments?post=1963"}],"version-history":[{"count":3,"href":"https:\/\/bilisimyildizlari.org.tr\/2025\/wp-json\/wp\/v2\/pages\/1963\/revisions"}],"predecessor-version":[{"id":2017,"href":"https:\/\/bilisimyildizlari.org.tr\/2025\/wp-json\/wp\/v2\/pages\/1963\/revisions\/2017"}],"wp:attachment":[{"href":"https:\/\/bilisimyildizlari.org.tr\/2025\/wp-json\/wp\/v2\/media?parent=1963"}],"curies":[{"name":"wp","href":"https:\/\/api.w.org\/{rel}","templated":true}]}}