{"id":1969,"date":"2025-11-26T16:09:26","date_gmt":"2025-11-26T13:09:26","guid":{"rendered":"https:\/\/bilisimyildizlari.org.tr\/2025\/?page_id=1969"},"modified":"2025-11-26T16:10:41","modified_gmt":"2025-11-26T13:10:41","slug":"emberguard","status":"publish","type":"page","link":"https:\/\/bilisimyildizlari.org.tr\/2025\/emberguard","title":{"rendered":"EmberGuard"},"content":{"rendered":"\n<p><strong>KURUM<\/strong>: Vizja University, Poland<\/p>\n\n\n\n<p><strong>SEH\u0130R<\/strong>: Siirt<\/p>\n\n\n\n<p><strong>PROJE ADI<\/strong>: EmberGuard<\/p>\n\n\n\n<p><strong><a href=\"https:\/\/www.canva.com\/design\/DAGuyPBXudw\/Lu5LYIRQqeKnwSqAkqYDqQ\/edit?utm_content=DAGuyPBXudw&amp;utm_campaign=designshare&amp;utm_medium=link2&amp;utm_source=sharebutton\">PROJE URL<\/a><\/strong><\/p>\n\n\n\n<p><strong>D\u00dcZEY<\/strong>: \u00dcniversiteler<\/p>\n\n\n\n<p><strong>ALAN<\/strong>: Ak\u0131ll\u0131 Uygulamalar (Sa\u011fl\u0131k, Tar\u0131m vb.)<\/p>\n\n\n\n<p><strong>PROJE \u00d6ZET<\/strong>: EmberGuard, \u00fclkemizde son y\u0131llarda art\u0131\u015f g\u00f6steren orman yang\u0131nlar\u0131na duyulan acil ihtiya\u00e7 do\u011frultusunda geli\u015ftirilmi\u015f, erken uyar\u0131 sa\u011flayan dijital bir koruma sistemidir. Python tabanl\u0131 algoritmas\u0131 ve donan\u0131m entegrasyonu ile \u00e7al\u0131\u015fmas\u0131 planlanan sistem, \u00e7evresel fakt\u00f6rleri ger\u00e7ek zamanl\u0131 izleyerek kullan\u0131c\u0131y\u0131 sesli uyar\u0131 sistemiyle bilgilendirir.<br>Proje, s\u00fcrd\u00fcr\u00fclebilirlik ilkeleri do\u011frultusunda minimal enerji t\u00fcketimi ve \u00e7evreyle uyumlu estetik tasar\u0131m \u00f6zelliklerini bir araya getirir. Ayn\u0131 zamanda \u201cEmber\u201d (kor) ve \u201cGuard\u201d (koruyucu) kelimelerinin birle\u015fimiyle, tehlikenin k\u0131v\u0131lc\u0131m a\u015famas\u0131nda \u00f6nlenmesini temsil eden sembolik bir anlam ta\u015f\u0131r. Kod yap\u0131s\u0131 mod\u00fcler olup farkl\u0131 co\u011frafi senaryolara kolayca uyarlanabilir.<br>Proje, \u00fclkemizde artan orman yang\u0131n\u0131 vakalar\u0131na \u00e7\u00f6z\u00fcm sunma amac\u0131yla bireysel olarak ba\u015flat\u0131lm\u0131\u015f olup, sosyal sorumluluk bilinciyle teknik yenili\u011fi birle\u015ftiren \u00f6zg\u00fcn bir yakla\u015f\u0131m\u0131 temsil etmektedir.<br>Projenin be\u011fenilmesi ve uygun desteklerin sa\u011flanmas\u0131 h\u00e2linde fiziksel \u00fcretimi ger\u00e7ekle\u015ftirilerek ger\u00e7ek d\u00fcnyada kullan\u0131labilir bir \u00e7\u00f6z\u00fcm haline getirilecektir.<\/p>\n","protected":false},"excerpt":{"rendered":"<p>KURUM: Vizja University, Poland SEH\u0130R: Siirt PROJE ADI: EmberGuard PROJE URL D\u00dcZEY: \u00dcniversiteler ALAN: Ak\u0131ll\u0131 Uygulamalar (Sa\u011fl\u0131k, Tar\u0131m vb.) PROJE \u00d6ZET: EmberGuard, \u00fclkemizde son y\u0131llarda art\u0131\u015f g\u00f6steren orman yang\u0131nlar\u0131na duyulan acil ihtiya\u00e7 do\u011frultusunda geli\u015ftirilmi\u015f, erken uyar\u0131 sa\u011flayan dijital bir koruma sistemidir. Python tabanl\u0131 algoritmas\u0131 ve donan\u0131m entegrasyonu ile \u00e7al\u0131\u015fmas\u0131 planlanan sistem, \u00e7evresel fakt\u00f6rleri ger\u00e7ek zamanl\u0131 &hellip; <\/p>\n","protected":false},"author":4,"featured_media":0,"parent":0,"menu_order":0,"comment_status":"closed","ping_status":"closed","template":"","meta":{"footnotes":""},"class_list":["post-1969","page","type-page","status-publish","hentry"],"yoast_head":"<!-- This site is optimized with the Yoast SEO plugin v27.5 - https:\/\/yoast.com\/product\/yoast-seo-wordpress\/ -->\n<title>EmberGuard - Bili\u015fim Y\u0131ld\u0131zlar\u0131 2025<\/title>\n<meta name=\"robots\" content=\"index, follow, max-snippet:-1, max-image-preview:large, max-video-preview:-1\" \/>\n<link rel=\"canonical\" href=\"https:\/\/bilisimyildizlari.org.tr\/2025\/emberguard\" \/>\n<meta property=\"og:locale\" content=\"tr_TR\" \/>\n<meta property=\"og:type\" content=\"article\" \/>\n<meta property=\"og:title\" content=\"EmberGuard - Bili\u015fim Y\u0131ld\u0131zlar\u0131 2025\" \/>\n<meta property=\"og:description\" content=\"KURUM: Vizja University, Poland SEH\u0130R: Siirt PROJE ADI: EmberGuard PROJE URL D\u00dcZEY: \u00dcniversiteler ALAN: Ak\u0131ll\u0131 Uygulamalar (Sa\u011fl\u0131k, Tar\u0131m vb.) PROJE \u00d6ZET: EmberGuard, \u00fclkemizde son y\u0131llarda art\u0131\u015f g\u00f6steren orman yang\u0131nlar\u0131na duyulan acil ihtiya\u00e7 do\u011frultusunda geli\u015ftirilmi\u015f, erken uyar\u0131 sa\u011flayan dijital bir koruma sistemidir. Python tabanl\u0131 algoritmas\u0131 ve donan\u0131m entegrasyonu ile \u00e7al\u0131\u015fmas\u0131 planlanan sistem, \u00e7evresel fakt\u00f6rleri ger\u00e7ek zamanl\u0131 &hellip;\" \/>\n<meta property=\"og:url\" content=\"https:\/\/bilisimyildizlari.org.tr\/2025\/emberguard\" \/>\n<meta property=\"og:site_name\" content=\"Bili\u015fim Y\u0131ld\u0131zlar\u0131 2025\" \/>\n<meta property=\"article:modified_time\" content=\"2025-11-26T13:10:41+00:00\" \/>\n<meta name=\"twitter:card\" content=\"summary_large_image\" \/>\n<meta name=\"twitter:label1\" content=\"Tahmini okuma s\u00fcresi\" \/>\n\t<meta name=\"twitter:data1\" content=\"1 dakika\" \/>\n<script type=\"application\/ld+json\" class=\"yoast-schema-graph\">{\"@context\":\"https:\\\/\\\/schema.org\",\"@graph\":[{\"@type\":\"WebPage\",\"@id\":\"https:\\\/\\\/bilisimyildizlari.org.tr\\\/2025\\\/emberguard\",\"url\":\"https:\\\/\\\/bilisimyildizlari.org.tr\\\/2025\\\/emberguard\",\"name\":\"EmberGuard - Bili\u015fim Y\u0131ld\u0131zlar\u0131 2025\",\"isPartOf\":{\"@id\":\"https:\\\/\\\/bilisimyildizlari.org.tr\\\/2025\\\/#website\"},\"datePublished\":\"2025-11-26T13:09:26+00:00\",\"dateModified\":\"2025-11-26T13:10:41+00:00\",\"breadcrumb\":{\"@id\":\"https:\\\/\\\/bilisimyildizlari.org.tr\\\/2025\\\/emberguard#breadcrumb\"},\"inLanguage\":\"tr\",\"potentialAction\":[{\"@type\":\"ReadAction\",\"target\":[\"https:\\\/\\\/bilisimyildizlari.org.tr\\\/2025\\\/emberguard\"]}]},{\"@type\":\"BreadcrumbList\",\"@id\":\"https:\\\/\\\/bilisimyildizlari.org.tr\\\/2025\\\/emberguard#breadcrumb\",\"itemListElement\":[{\"@type\":\"ListItem\",\"position\":1,\"name\":\"Anasayfa\",\"item\":\"https:\\\/\\\/bilisimyildizlari.org.tr\\\/2025\\\/\"},{\"@type\":\"ListItem\",\"position\":2,\"name\":\"EmberGuard\"}]},{\"@type\":\"WebSite\",\"@id\":\"https:\\\/\\\/bilisimyildizlari.org.tr\\\/2025\\\/#website\",\"url\":\"https:\\\/\\\/bilisimyildizlari.org.tr\\\/2025\\\/\",\"name\":\"Bili\u015fim Y\u0131ld\u0131zlar\u0131 2025\",\"description\":\"TBD \u0130stanbul Bili\u015fim Y\u0131ld\u0131zlar\u0131 Yar\u0131\u015fmas\u0131\",\"publisher\":{\"@id\":\"https:\\\/\\\/bilisimyildizlari.org.tr\\\/2025\\\/#organization\"},\"potentialAction\":[{\"@type\":\"SearchAction\",\"target\":{\"@type\":\"EntryPoint\",\"urlTemplate\":\"https:\\\/\\\/bilisimyildizlari.org.tr\\\/2025\\\/?s={search_term_string}\"},\"query-input\":{\"@type\":\"PropertyValueSpecification\",\"valueRequired\":true,\"valueName\":\"search_term_string\"}}],\"inLanguage\":\"tr\"},{\"@type\":\"Organization\",\"@id\":\"https:\\\/\\\/bilisimyildizlari.org.tr\\\/2025\\\/#organization\",\"name\":\"Bili\u015fim Y\u0131ld\u0131zlar\u0131 2025\",\"url\":\"https:\\\/\\\/bilisimyildizlari.org.tr\\\/2025\\\/\",\"logo\":{\"@type\":\"ImageObject\",\"inLanguage\":\"tr\",\"@id\":\"https:\\\/\\\/bilisimyildizlari.org.tr\\\/2025\\\/#\\\/schema\\\/logo\\\/image\\\/\",\"url\":\"https:\\\/\\\/bilisimyildizlari.org.tr\\\/2025\\\/wp-content\\\/uploads\\\/sites\\\/9\\\/2022\\\/04\\\/TBD_ist_logo1.png\",\"contentUrl\":\"https:\\\/\\\/bilisimyildizlari.org.tr\\\/2025\\\/wp-content\\\/uploads\\\/sites\\\/9\\\/2022\\\/04\\\/TBD_ist_logo1.png\",\"width\":185,\"height\":80,\"caption\":\"Bili\u015fim Y\u0131ld\u0131zlar\u0131 2025 \"},\"image\":{\"@id\":\"https:\\\/\\\/bilisimyildizlari.org.tr\\\/2025\\\/#\\\/schema\\\/logo\\\/image\\\/\"}}]}<\/script>\n<!-- \/ Yoast SEO plugin. -->","yoast_head_json":{"title":"EmberGuard - Bili\u015fim Y\u0131ld\u0131zlar\u0131 2025","robots":{"index":"index","follow":"follow","max-snippet":"max-snippet:-1","max-image-preview":"max-image-preview:large","max-video-preview":"max-video-preview:-1"},"canonical":"https:\/\/bilisimyildizlari.org.tr\/2025\/emberguard","og_locale":"tr_TR","og_type":"article","og_title":"EmberGuard - Bili\u015fim Y\u0131ld\u0131zlar\u0131 2025","og_description":"KURUM: Vizja University, Poland SEH\u0130R: Siirt PROJE ADI: EmberGuard PROJE URL D\u00dcZEY: \u00dcniversiteler ALAN: Ak\u0131ll\u0131 Uygulamalar (Sa\u011fl\u0131k, Tar\u0131m vb.) PROJE \u00d6ZET: EmberGuard, \u00fclkemizde son y\u0131llarda art\u0131\u015f g\u00f6steren orman yang\u0131nlar\u0131na duyulan acil ihtiya\u00e7 do\u011frultusunda geli\u015ftirilmi\u015f, erken uyar\u0131 sa\u011flayan dijital bir koruma sistemidir. Python tabanl\u0131 algoritmas\u0131 ve donan\u0131m entegrasyonu ile \u00e7al\u0131\u015fmas\u0131 planlanan sistem, \u00e7evresel fakt\u00f6rleri ger\u00e7ek zamanl\u0131 &hellip;","og_url":"https:\/\/bilisimyildizlari.org.tr\/2025\/emberguard","og_site_name":"Bili\u015fim Y\u0131ld\u0131zlar\u0131 2025","article_modified_time":"2025-11-26T13:10:41+00:00","twitter_card":"summary_large_image","twitter_misc":{"Tahmini okuma s\u00fcresi":"1 dakika"},"schema":{"@context":"https:\/\/schema.org","@graph":[{"@type":"WebPage","@id":"https:\/\/bilisimyildizlari.org.tr\/2025\/emberguard","url":"https:\/\/bilisimyildizlari.org.tr\/2025\/emberguard","name":"EmberGuard - Bili\u015fim Y\u0131ld\u0131zlar\u0131 2025","isPartOf":{"@id":"https:\/\/bilisimyildizlari.org.tr\/2025\/#website"},"datePublished":"2025-11-26T13:09:26+00:00","dateModified":"2025-11-26T13:10:41+00:00","breadcrumb":{"@id":"https:\/\/bilisimyildizlari.org.tr\/2025\/emberguard#breadcrumb"},"inLanguage":"tr","potentialAction":[{"@type":"ReadAction","target":["https:\/\/bilisimyildizlari.org.tr\/2025\/emberguard"]}]},{"@type":"BreadcrumbList","@id":"https:\/\/bilisimyildizlari.org.tr\/2025\/emberguard#breadcrumb","itemListElement":[{"@type":"ListItem","position":1,"name":"Anasayfa","item":"https:\/\/bilisimyildizlari.org.tr\/2025\/"},{"@type":"ListItem","position":2,"name":"EmberGuard"}]},{"@type":"WebSite","@id":"https:\/\/bilisimyildizlari.org.tr\/2025\/#website","url":"https:\/\/bilisimyildizlari.org.tr\/2025\/","name":"Bili\u015fim Y\u0131ld\u0131zlar\u0131 2025","description":"TBD \u0130stanbul Bili\u015fim Y\u0131ld\u0131zlar\u0131 Yar\u0131\u015fmas\u0131","publisher":{"@id":"https:\/\/bilisimyildizlari.org.tr\/2025\/#organization"},"potentialAction":[{"@type":"SearchAction","target":{"@type":"EntryPoint","urlTemplate":"https:\/\/bilisimyildizlari.org.tr\/2025\/?s={search_term_string}"},"query-input":{"@type":"PropertyValueSpecification","valueRequired":true,"valueName":"search_term_string"}}],"inLanguage":"tr"},{"@type":"Organization","@id":"https:\/\/bilisimyildizlari.org.tr\/2025\/#organization","name":"Bili\u015fim Y\u0131ld\u0131zlar\u0131 2025","url":"https:\/\/bilisimyildizlari.org.tr\/2025\/","logo":{"@type":"ImageObject","inLanguage":"tr","@id":"https:\/\/bilisimyildizlari.org.tr\/2025\/#\/schema\/logo\/image\/","url":"https:\/\/bilisimyildizlari.org.tr\/2025\/wp-content\/uploads\/sites\/9\/2022\/04\/TBD_ist_logo1.png","contentUrl":"https:\/\/bilisimyildizlari.org.tr\/2025\/wp-content\/uploads\/sites\/9\/2022\/04\/TBD_ist_logo1.png","width":185,"height":80,"caption":"Bili\u015fim Y\u0131ld\u0131zlar\u0131 2025 "},"image":{"@id":"https:\/\/bilisimyildizlari.org.tr\/2025\/#\/schema\/logo\/image\/"}}]}},"_links":{"self":[{"href":"https:\/\/bilisimyildizlari.org.tr\/2025\/wp-json\/wp\/v2\/pages\/1969","targetHints":{"allow":["GET"]}}],"collection":[{"href":"https:\/\/bilisimyildizlari.org.tr\/2025\/wp-json\/wp\/v2\/pages"}],"about":[{"href":"https:\/\/bilisimyildizlari.org.tr\/2025\/wp-json\/wp\/v2\/types\/page"}],"author":[{"embeddable":true,"href":"https:\/\/bilisimyildizlari.org.tr\/2025\/wp-json\/wp\/v2\/users\/4"}],"replies":[{"embeddable":true,"href":"https:\/\/bilisimyildizlari.org.tr\/2025\/wp-json\/wp\/v2\/comments?post=1969"}],"version-history":[{"count":2,"href":"https:\/\/bilisimyildizlari.org.tr\/2025\/wp-json\/wp\/v2\/pages\/1969\/revisions"}],"predecessor-version":[{"id":1972,"href":"https:\/\/bilisimyildizlari.org.tr\/2025\/wp-json\/wp\/v2\/pages\/1969\/revisions\/1972"}],"wp:attachment":[{"href":"https:\/\/bilisimyildizlari.org.tr\/2025\/wp-json\/wp\/v2\/media?parent=1969"}],"curies":[{"name":"wp","href":"https:\/\/api.w.org\/{rel}","templated":true}]}}