{"id":1973,"date":"2025-11-26T16:12:38","date_gmt":"2025-11-26T13:12:38","guid":{"rendered":"https:\/\/bilisimyildizlari.org.tr\/2025\/?page_id=1973"},"modified":"2025-11-26T16:12:49","modified_gmt":"2025-11-26T13:12:49","slug":"ozel-metrobus-guvenli-surus-destek-sistemi","status":"publish","type":"page","link":"https:\/\/bilisimyildizlari.org.tr\/2025\/ozel-metrobus-guvenli-surus-destek-sistemi","title":{"rendered":"Metrob\u00fcs G\u00fcvenli S\u00fcr\u00fc\u015f Destek Sistemi"},"content":{"rendered":"\n<p><strong>KURUM<\/strong>: \u0130stanbul Elektrik Tramvay ve T\u00fcnel (\u0130ETT) \u0130\u015fletmeleri Umum M\u00fcd\u00fcrl\u00fc\u011f\u00fc<\/p>\n\n\n\n<p><strong>SEH\u0130R<\/strong>: \u0130stanbul<\/p>\n\n\n\n<p><strong><a href=\"https:\/\/iett.istanbul\/\">PROJE URL<\/a><\/strong><\/p>\n\n\n\n<p><strong>D\u00dcZEY<\/strong>: Yerel Y\u00f6netimler<\/p>\n\n\n\n<p><strong>ALAN<\/strong>: B\u00fcy\u00fck Veri, Yapay Zek\u00e2, Makine \u00d6\u011frenmesi ve Veri Madencili\u011fi<\/p>\n\n\n\n<p><strong>PROJE \u00d6ZET<\/strong>: Metrob\u00fcs Kaza \u00d6nleyici Sistem, \u0130stanbul\u2019da g\u00fcnde 1 milyondan fazla yolcuyu ta\u015f\u0131yan 52 km\u2019lik metrob\u00fcs hatt\u0131nda s\u00fcr\u00fc\u015f ve yolcu g\u00fcvenli\u011fi art\u0131rmak amac\u0131yla geli\u015ftirilmi\u015f yapay zek\u00e2 destekli kaza \u00f6nleyici bir \u00e7\u00f6z\u00fcmd\u00fcr.<br>Sistem; ara\u00e7 \u00fczerindeki kameralar, radarlar, ultrasonik sens\u00f6rler ve hat boyunca yerle\u015ftirilen RFID i\u015faret\u00e7ilerinden al\u0131nan verileri birle\u015ftirerek arac\u0131n konumunu ve \u00e7evresini s\u00fcrekli izler. Bu kapsamda \u0130leri Destek (\u00f6n kamera\u2013\u00f6n radar), Yak\u0131n Destek (durak yakla\u015f\u0131m sens\u00f6rleri) ve Yan Koruma (k\u00f6r nokta sens\u00f6rleri) fonksiyonlar\u0131yla arac\u0131n \u00e7evresi \u00e7ok katmanl\u0131 olarak denetlenmektedir. Alg\u0131lanan riskli durumlarda s\u00fcr\u00fcc\u00fc uyar\u0131l\u0131r, ve gerekirse araca otonom m\u00fcdahaleyi devreye al\u0131r.<br>Durak giri\u015flerinde otomatik yava\u015flama, \u00f6ndeki ara\u00e7la g\u00fcvenli takip mesafesinin korunmas\u0131, k\u00f6r noktalarda yaya ve ara\u00e7lar\u0131n alg\u0131lanmas\u0131 gibi i\u015flevlerle kazalar\u0131n \u00f6n\u00fcne ge\u00e7ilir. H\u0131z limitleri a\u015f\u0131ld\u0131\u011f\u0131nda gaz pedal\u0131 devre d\u0131\u015f\u0131 b\u0131rak\u0131l\u0131r, ani h\u0131zlanmalar engellenir. B\u00f6ylece \u015ferit ihlalleri, ani manevralar ve s\u00fcr\u00fcc\u00fc dikkat kayb\u0131 gibi riskler en aza indirilir. Ayr\u0131ca ara\u00e7lardan merkeze aktar\u0131lan anl\u0131k veriler sayesinde hat \u00fczerindeki olas\u0131 aksakl\u0131klar \u00f6nceden tespit edilerek i\u015fletme s\u00fcreklili\u011fi art\u0131r\u0131l\u0131r.<br>\u0130ETT\u2019nin ak\u0131ll\u0131 ula\u015f\u0131m ve s\u0131f\u0131r kaza vizyonuna do\u011frudan katk\u0131 sa\u011flayan bu sistem; s\u00fcr\u00fcc\u00fc destek, ak\u0131ll\u0131 alg\u0131lama ve ara\u00e7 kontrol fonksiyonlar\u0131n\u0131 tek bir g\u00fcvenlik \u00e7at\u0131s\u0131 alt\u0131nda birle\u015ftirmesiyle mevcut \u00e7\u00f6z\u00fcmlerden ayr\u0131lmaktad\u0131r. Sahadaki ilk uygulamalar g\u00fcvenlik ve operasyonel ak\u0131\u015fta olumlu sonu\u00e7lar g\u00f6stermi\u015ftir. \u00d6l\u00e7eklenebilir yap\u0131s\u0131 sayesinde filonun tamam\u0131nda kullan\u0131labilece\u011fi gibi, ilerleyen a\u015famalarda farkl\u0131 toplu ta\u015f\u0131ma t\u00fcrlerine de adapte edilebilir.<br>Sonu\u00e7 olarak Metrob\u00fcs Kaza \u00d6nleyici Sistem; yolcu g\u00fcvenli\u011fini y\u00fckselten, s\u00fcr\u00fcc\u00fcy\u00fc destekleyen, kazalar\u0131 azaltan ve kamu kaynaklar\u0131n\u0131n verimli kullan\u0131m\u0131na katk\u0131 sunan yenilik\u00e7i ve s\u00fcrd\u00fcr\u00fclebilir bir \u015fehir i\u00e7i ula\u015f\u0131m \u00e7\u00f6z\u00fcm\u00fcd\u00fcr.<\/p>\n","protected":false},"excerpt":{"rendered":"<p>KURUM: \u0130stanbul Elektrik Tramvay ve T\u00fcnel (\u0130ETT) \u0130\u015fletmeleri Umum M\u00fcd\u00fcrl\u00fc\u011f\u00fc SEH\u0130R: \u0130stanbul PROJE URL D\u00dcZEY: Yerel Y\u00f6netimler ALAN: B\u00fcy\u00fck Veri, Yapay Zek\u00e2, Makine \u00d6\u011frenmesi ve Veri Madencili\u011fi PROJE \u00d6ZET: Metrob\u00fcs Kaza \u00d6nleyici Sistem, \u0130stanbul\u2019da g\u00fcnde 1 milyondan fazla yolcuyu ta\u015f\u0131yan 52 km\u2019lik metrob\u00fcs hatt\u0131nda s\u00fcr\u00fc\u015f ve yolcu g\u00fcvenli\u011fi art\u0131rmak amac\u0131yla geli\u015ftirilmi\u015f yapay zek\u00e2 destekli kaza &hellip; <\/p>\n","protected":false},"author":4,"featured_media":0,"parent":0,"menu_order":0,"comment_status":"closed","ping_status":"closed","template":"","meta":{"footnotes":""},"class_list":["post-1973","page","type-page","status-publish","hentry"],"yoast_head":"<!-- This site is optimized with the Yoast SEO plugin v27.5 - https:\/\/yoast.com\/product\/yoast-seo-wordpress\/ -->\n<title>Metrob\u00fcs G\u00fcvenli S\u00fcr\u00fc\u015f Destek Sistemi - Bili\u015fim Y\u0131ld\u0131zlar\u0131 2025<\/title>\n<meta name=\"robots\" content=\"index, follow, max-snippet:-1, max-image-preview:large, max-video-preview:-1\" \/>\n<link rel=\"canonical\" href=\"https:\/\/bilisimyildizlari.org.tr\/2025\/ozel-metrobus-guvenli-surus-destek-sistemi\" \/>\n<meta property=\"og:locale\" content=\"tr_TR\" \/>\n<meta property=\"og:type\" content=\"article\" \/>\n<meta property=\"og:title\" content=\"Metrob\u00fcs G\u00fcvenli S\u00fcr\u00fc\u015f Destek Sistemi - Bili\u015fim Y\u0131ld\u0131zlar\u0131 2025\" \/>\n<meta property=\"og:description\" content=\"KURUM: \u0130stanbul Elektrik Tramvay ve T\u00fcnel (\u0130ETT) \u0130\u015fletmeleri Umum M\u00fcd\u00fcrl\u00fc\u011f\u00fc SEH\u0130R: \u0130stanbul PROJE URL D\u00dcZEY: Yerel Y\u00f6netimler ALAN: B\u00fcy\u00fck Veri, Yapay Zek\u00e2, Makine \u00d6\u011frenmesi ve Veri Madencili\u011fi PROJE \u00d6ZET: Metrob\u00fcs Kaza \u00d6nleyici Sistem, \u0130stanbul\u2019da g\u00fcnde 1 milyondan fazla yolcuyu ta\u015f\u0131yan 52 km\u2019lik metrob\u00fcs hatt\u0131nda s\u00fcr\u00fc\u015f ve yolcu g\u00fcvenli\u011fi art\u0131rmak amac\u0131yla geli\u015ftirilmi\u015f yapay zek\u00e2 destekli kaza &hellip;\" \/>\n<meta property=\"og:url\" content=\"https:\/\/bilisimyildizlari.org.tr\/2025\/ozel-metrobus-guvenli-surus-destek-sistemi\" \/>\n<meta property=\"og:site_name\" content=\"Bili\u015fim Y\u0131ld\u0131zlar\u0131 2025\" \/>\n<meta property=\"article:modified_time\" content=\"2025-11-26T13:12:49+00:00\" \/>\n<meta name=\"twitter:card\" content=\"summary_large_image\" \/>\n<meta name=\"twitter:label1\" content=\"Tahmini okuma s\u00fcresi\" \/>\n\t<meta name=\"twitter:data1\" content=\"2 dakika\" \/>\n<script type=\"application\/ld+json\" class=\"yoast-schema-graph\">{\"@context\":\"https:\\\/\\\/schema.org\",\"@graph\":[{\"@type\":\"WebPage\",\"@id\":\"https:\\\/\\\/bilisimyildizlari.org.tr\\\/2025\\\/ozel-metrobus-guvenli-surus-destek-sistemi\",\"url\":\"https:\\\/\\\/bilisimyildizlari.org.tr\\\/2025\\\/ozel-metrobus-guvenli-surus-destek-sistemi\",\"name\":\"Metrob\u00fcs G\u00fcvenli S\u00fcr\u00fc\u015f Destek Sistemi - Bili\u015fim Y\u0131ld\u0131zlar\u0131 2025\",\"isPartOf\":{\"@id\":\"https:\\\/\\\/bilisimyildizlari.org.tr\\\/2025\\\/#website\"},\"datePublished\":\"2025-11-26T13:12:38+00:00\",\"dateModified\":\"2025-11-26T13:12:49+00:00\",\"breadcrumb\":{\"@id\":\"https:\\\/\\\/bilisimyildizlari.org.tr\\\/2025\\\/ozel-metrobus-guvenli-surus-destek-sistemi#breadcrumb\"},\"inLanguage\":\"tr\",\"potentialAction\":[{\"@type\":\"ReadAction\",\"target\":[\"https:\\\/\\\/bilisimyildizlari.org.tr\\\/2025\\\/ozel-metrobus-guvenli-surus-destek-sistemi\"]}]},{\"@type\":\"BreadcrumbList\",\"@id\":\"https:\\\/\\\/bilisimyildizlari.org.tr\\\/2025\\\/ozel-metrobus-guvenli-surus-destek-sistemi#breadcrumb\",\"itemListElement\":[{\"@type\":\"ListItem\",\"position\":1,\"name\":\"Anasayfa\",\"item\":\"https:\\\/\\\/bilisimyildizlari.org.tr\\\/2025\\\/\"},{\"@type\":\"ListItem\",\"position\":2,\"name\":\"Metrob\u00fcs G\u00fcvenli S\u00fcr\u00fc\u015f Destek Sistemi\"}]},{\"@type\":\"WebSite\",\"@id\":\"https:\\\/\\\/bilisimyildizlari.org.tr\\\/2025\\\/#website\",\"url\":\"https:\\\/\\\/bilisimyildizlari.org.tr\\\/2025\\\/\",\"name\":\"Bili\u015fim Y\u0131ld\u0131zlar\u0131 2025\",\"description\":\"TBD \u0130stanbul Bili\u015fim Y\u0131ld\u0131zlar\u0131 Yar\u0131\u015fmas\u0131\",\"publisher\":{\"@id\":\"https:\\\/\\\/bilisimyildizlari.org.tr\\\/2025\\\/#organization\"},\"potentialAction\":[{\"@type\":\"SearchAction\",\"target\":{\"@type\":\"EntryPoint\",\"urlTemplate\":\"https:\\\/\\\/bilisimyildizlari.org.tr\\\/2025\\\/?s={search_term_string}\"},\"query-input\":{\"@type\":\"PropertyValueSpecification\",\"valueRequired\":true,\"valueName\":\"search_term_string\"}}],\"inLanguage\":\"tr\"},{\"@type\":\"Organization\",\"@id\":\"https:\\\/\\\/bilisimyildizlari.org.tr\\\/2025\\\/#organization\",\"name\":\"Bili\u015fim Y\u0131ld\u0131zlar\u0131 2025\",\"url\":\"https:\\\/\\\/bilisimyildizlari.org.tr\\\/2025\\\/\",\"logo\":{\"@type\":\"ImageObject\",\"inLanguage\":\"tr\",\"@id\":\"https:\\\/\\\/bilisimyildizlari.org.tr\\\/2025\\\/#\\\/schema\\\/logo\\\/image\\\/\",\"url\":\"https:\\\/\\\/bilisimyildizlari.org.tr\\\/2025\\\/wp-content\\\/uploads\\\/sites\\\/9\\\/2022\\\/04\\\/TBD_ist_logo1.png\",\"contentUrl\":\"https:\\\/\\\/bilisimyildizlari.org.tr\\\/2025\\\/wp-content\\\/uploads\\\/sites\\\/9\\\/2022\\\/04\\\/TBD_ist_logo1.png\",\"width\":185,\"height\":80,\"caption\":\"Bili\u015fim Y\u0131ld\u0131zlar\u0131 2025 \"},\"image\":{\"@id\":\"https:\\\/\\\/bilisimyildizlari.org.tr\\\/2025\\\/#\\\/schema\\\/logo\\\/image\\\/\"}}]}<\/script>\n<!-- \/ Yoast SEO plugin. -->","yoast_head_json":{"title":"Metrob\u00fcs G\u00fcvenli S\u00fcr\u00fc\u015f Destek Sistemi - Bili\u015fim Y\u0131ld\u0131zlar\u0131 2025","robots":{"index":"index","follow":"follow","max-snippet":"max-snippet:-1","max-image-preview":"max-image-preview:large","max-video-preview":"max-video-preview:-1"},"canonical":"https:\/\/bilisimyildizlari.org.tr\/2025\/ozel-metrobus-guvenli-surus-destek-sistemi","og_locale":"tr_TR","og_type":"article","og_title":"Metrob\u00fcs G\u00fcvenli S\u00fcr\u00fc\u015f Destek Sistemi - Bili\u015fim Y\u0131ld\u0131zlar\u0131 2025","og_description":"KURUM: \u0130stanbul Elektrik Tramvay ve T\u00fcnel (\u0130ETT) \u0130\u015fletmeleri Umum M\u00fcd\u00fcrl\u00fc\u011f\u00fc SEH\u0130R: \u0130stanbul PROJE URL D\u00dcZEY: Yerel Y\u00f6netimler ALAN: B\u00fcy\u00fck Veri, Yapay Zek\u00e2, Makine \u00d6\u011frenmesi ve Veri Madencili\u011fi PROJE \u00d6ZET: Metrob\u00fcs Kaza \u00d6nleyici Sistem, \u0130stanbul\u2019da g\u00fcnde 1 milyondan fazla yolcuyu ta\u015f\u0131yan 52 km\u2019lik metrob\u00fcs hatt\u0131nda s\u00fcr\u00fc\u015f ve yolcu g\u00fcvenli\u011fi art\u0131rmak amac\u0131yla geli\u015ftirilmi\u015f yapay zek\u00e2 destekli kaza &hellip;","og_url":"https:\/\/bilisimyildizlari.org.tr\/2025\/ozel-metrobus-guvenli-surus-destek-sistemi","og_site_name":"Bili\u015fim Y\u0131ld\u0131zlar\u0131 2025","article_modified_time":"2025-11-26T13:12:49+00:00","twitter_card":"summary_large_image","twitter_misc":{"Tahmini okuma s\u00fcresi":"2 dakika"},"schema":{"@context":"https:\/\/schema.org","@graph":[{"@type":"WebPage","@id":"https:\/\/bilisimyildizlari.org.tr\/2025\/ozel-metrobus-guvenli-surus-destek-sistemi","url":"https:\/\/bilisimyildizlari.org.tr\/2025\/ozel-metrobus-guvenli-surus-destek-sistemi","name":"Metrob\u00fcs G\u00fcvenli S\u00fcr\u00fc\u015f Destek Sistemi - Bili\u015fim Y\u0131ld\u0131zlar\u0131 2025","isPartOf":{"@id":"https:\/\/bilisimyildizlari.org.tr\/2025\/#website"},"datePublished":"2025-11-26T13:12:38+00:00","dateModified":"2025-11-26T13:12:49+00:00","breadcrumb":{"@id":"https:\/\/bilisimyildizlari.org.tr\/2025\/ozel-metrobus-guvenli-surus-destek-sistemi#breadcrumb"},"inLanguage":"tr","potentialAction":[{"@type":"ReadAction","target":["https:\/\/bilisimyildizlari.org.tr\/2025\/ozel-metrobus-guvenli-surus-destek-sistemi"]}]},{"@type":"BreadcrumbList","@id":"https:\/\/bilisimyildizlari.org.tr\/2025\/ozel-metrobus-guvenli-surus-destek-sistemi#breadcrumb","itemListElement":[{"@type":"ListItem","position":1,"name":"Anasayfa","item":"https:\/\/bilisimyildizlari.org.tr\/2025\/"},{"@type":"ListItem","position":2,"name":"Metrob\u00fcs G\u00fcvenli S\u00fcr\u00fc\u015f Destek Sistemi"}]},{"@type":"WebSite","@id":"https:\/\/bilisimyildizlari.org.tr\/2025\/#website","url":"https:\/\/bilisimyildizlari.org.tr\/2025\/","name":"Bili\u015fim Y\u0131ld\u0131zlar\u0131 2025","description":"TBD \u0130stanbul Bili\u015fim Y\u0131ld\u0131zlar\u0131 Yar\u0131\u015fmas\u0131","publisher":{"@id":"https:\/\/bilisimyildizlari.org.tr\/2025\/#organization"},"potentialAction":[{"@type":"SearchAction","target":{"@type":"EntryPoint","urlTemplate":"https:\/\/bilisimyildizlari.org.tr\/2025\/?s={search_term_string}"},"query-input":{"@type":"PropertyValueSpecification","valueRequired":true,"valueName":"search_term_string"}}],"inLanguage":"tr"},{"@type":"Organization","@id":"https:\/\/bilisimyildizlari.org.tr\/2025\/#organization","name":"Bili\u015fim Y\u0131ld\u0131zlar\u0131 2025","url":"https:\/\/bilisimyildizlari.org.tr\/2025\/","logo":{"@type":"ImageObject","inLanguage":"tr","@id":"https:\/\/bilisimyildizlari.org.tr\/2025\/#\/schema\/logo\/image\/","url":"https:\/\/bilisimyildizlari.org.tr\/2025\/wp-content\/uploads\/sites\/9\/2022\/04\/TBD_ist_logo1.png","contentUrl":"https:\/\/bilisimyildizlari.org.tr\/2025\/wp-content\/uploads\/sites\/9\/2022\/04\/TBD_ist_logo1.png","width":185,"height":80,"caption":"Bili\u015fim Y\u0131ld\u0131zlar\u0131 2025 "},"image":{"@id":"https:\/\/bilisimyildizlari.org.tr\/2025\/#\/schema\/logo\/image\/"}}]}},"_links":{"self":[{"href":"https:\/\/bilisimyildizlari.org.tr\/2025\/wp-json\/wp\/v2\/pages\/1973","targetHints":{"allow":["GET"]}}],"collection":[{"href":"https:\/\/bilisimyildizlari.org.tr\/2025\/wp-json\/wp\/v2\/pages"}],"about":[{"href":"https:\/\/bilisimyildizlari.org.tr\/2025\/wp-json\/wp\/v2\/types\/page"}],"author":[{"embeddable":true,"href":"https:\/\/bilisimyildizlari.org.tr\/2025\/wp-json\/wp\/v2\/users\/4"}],"replies":[{"embeddable":true,"href":"https:\/\/bilisimyildizlari.org.tr\/2025\/wp-json\/wp\/v2\/comments?post=1973"}],"version-history":[{"count":2,"href":"https:\/\/bilisimyildizlari.org.tr\/2025\/wp-json\/wp\/v2\/pages\/1973\/revisions"}],"predecessor-version":[{"id":1975,"href":"https:\/\/bilisimyildizlari.org.tr\/2025\/wp-json\/wp\/v2\/pages\/1973\/revisions\/1975"}],"wp:attachment":[{"href":"https:\/\/bilisimyildizlari.org.tr\/2025\/wp-json\/wp\/v2\/media?parent=1973"}],"curies":[{"name":"wp","href":"https:\/\/api.w.org\/{rel}","templated":true}]}}