{"id":1977,"date":"2025-11-26T16:16:10","date_gmt":"2025-11-26T13:16:10","guid":{"rendered":"https:\/\/bilisimyildizlari.org.tr\/2025\/?page_id=1977"},"modified":"2025-11-26T16:16:12","modified_gmt":"2025-11-26T13:16:12","slug":"aykap","status":"publish","type":"page","link":"https:\/\/bilisimyildizlari.org.tr\/2025\/aykap","title":{"rendered":"AYKAP"},"content":{"rendered":"\n<p><strong>KURUM<\/strong>: RTC Tec Ba\u011flant\u0131 Elemanlar\u0131 Sanayi ve Ticaret A.\u015e.<\/p>\n\n\n\n<p><strong>SEH\u0130R<\/strong>: \u0130stanbul<\/p>\n\n\n\n<p><strong><a href=\"http:\/\/www.aykap.com\">PROJE URL<\/a><\/strong><\/p>\n\n\n\n<p><strong>D\u00dcZEY<\/strong>: \u00d6zel Sekt\u00f6r Firmalar\u0131<\/p>\n\n\n\n<p><strong>ALAN<\/strong>: A\u00e7\u0131k Kaynak Kodlu Uygulamalar\/Sistemler<\/p>\n\n\n\n<p><strong>PROJE \u00d6ZET<\/strong>: Afet an\u0131nda zaman, yaln\u0131zca zaman de\u011fildir; bazen bir can\u0131n umudu, bazen bir \u00e7ocu\u011fun kurtulu\u015fudur. AYKAP, afet anlar\u0131nda ve sonras\u0131nda hayatlar\u0131n en kritik dakikalar\u0131nda devreye giren, konum tabanl\u0131, yapay zek\u00e2 destekli ve g\u00f6n\u00fcll\u00fc kat\u0131l\u0131m\u0131na dayal\u0131 bir dijital afet yard\u0131m y\u00f6netim platformudur.<br>Bu sistem, yard\u0131ma ihtiya\u00e7 duyan vatanda\u015flar\u0131n konumlar\u0131n\u0131 otomatik olarak tespit eder, taleplerini h\u0131zla s\u0131n\u0131fland\u0131r\u0131r ve en yak\u0131n g\u00f6n\u00fcll\u00fclerle veya yard\u0131m ekipleriyle e\u015fle\u015ftirir. Yapay zek\u00e2 destekli analiz motoru, aciliyet d\u00fczeyini belirleyerek m\u00fcdahale \u00f6nceliklerini optimize eder.<br>Her yard\u0131m talebi yaln\u0131zca bir veri de\u011fil; bir hayk\u0131r\u0131\u015ft\u0131r. AYKAP, bu hayk\u0131r\u0131\u015flar\u0131 duyulur k\u0131lar, haritalar \u00fczerinde g\u00f6r\u00fcn\u00fcr h\u00e2le getirir ve yard\u0131m\u0131 en do\u011fru yere y\u00f6nlendirir. Bu bir teknoloji projesi de\u011fil; bu, insan hayat\u0131na sayg\u0131n\u0131n dijital manifestosudur.<br>AYKAP, sadece yerel bir kriz \u00e7\u00f6z\u00fcm platformu de\u011fil, ayn\u0131 zamanda k\u00fcresel afet payla\u015f\u0131m a\u011f\u0131na katk\u0131 sa\u011flayan a\u00e7\u0131k veri temelli bir sistemdir. Uydu verisi kullan\u0131m\u0131 ve uluslararas\u0131 kriz merkezleri ile veri al\u0131\u015fveri\u015fi yetenekleri sayesinde, yerelden globale bir yard\u0131m k\u00f6pr\u00fcs\u00fc kurar.<\/p>\n","protected":false},"excerpt":{"rendered":"<p>KURUM: RTC Tec Ba\u011flant\u0131 Elemanlar\u0131 Sanayi ve Ticaret A.\u015e. SEH\u0130R: \u0130stanbul PROJE URL D\u00dcZEY: \u00d6zel Sekt\u00f6r Firmalar\u0131 ALAN: A\u00e7\u0131k Kaynak Kodlu Uygulamalar\/Sistemler PROJE \u00d6ZET: Afet an\u0131nda zaman, yaln\u0131zca zaman de\u011fildir; bazen bir can\u0131n umudu, bazen bir \u00e7ocu\u011fun kurtulu\u015fudur. AYKAP, afet anlar\u0131nda ve sonras\u0131nda hayatlar\u0131n en kritik dakikalar\u0131nda devreye giren, konum tabanl\u0131, yapay zek\u00e2 destekli ve &hellip; <\/p>\n","protected":false},"author":4,"featured_media":0,"parent":0,"menu_order":0,"comment_status":"closed","ping_status":"closed","template":"","meta":{"footnotes":""},"class_list":["post-1977","page","type-page","status-publish","hentry"],"yoast_head":"<!-- This site is optimized with the Yoast SEO plugin v27.5 - https:\/\/yoast.com\/product\/yoast-seo-wordpress\/ -->\n<title>AYKAP - Bili\u015fim Y\u0131ld\u0131zlar\u0131 2025<\/title>\n<meta name=\"robots\" content=\"index, follow, max-snippet:-1, max-image-preview:large, max-video-preview:-1\" \/>\n<link rel=\"canonical\" href=\"https:\/\/bilisimyildizlari.org.tr\/2025\/aykap\" \/>\n<meta property=\"og:locale\" content=\"tr_TR\" \/>\n<meta property=\"og:type\" content=\"article\" \/>\n<meta property=\"og:title\" content=\"AYKAP - Bili\u015fim Y\u0131ld\u0131zlar\u0131 2025\" \/>\n<meta property=\"og:description\" content=\"KURUM: RTC Tec Ba\u011flant\u0131 Elemanlar\u0131 Sanayi ve Ticaret A.\u015e. SEH\u0130R: \u0130stanbul PROJE URL D\u00dcZEY: \u00d6zel Sekt\u00f6r Firmalar\u0131 ALAN: A\u00e7\u0131k Kaynak Kodlu Uygulamalar\/Sistemler PROJE \u00d6ZET: Afet an\u0131nda zaman, yaln\u0131zca zaman de\u011fildir; bazen bir can\u0131n umudu, bazen bir \u00e7ocu\u011fun kurtulu\u015fudur. AYKAP, afet anlar\u0131nda ve sonras\u0131nda hayatlar\u0131n en kritik dakikalar\u0131nda devreye giren, konum tabanl\u0131, yapay zek\u00e2 destekli ve &hellip;\" \/>\n<meta property=\"og:url\" content=\"https:\/\/bilisimyildizlari.org.tr\/2025\/aykap\" \/>\n<meta property=\"og:site_name\" content=\"Bili\u015fim Y\u0131ld\u0131zlar\u0131 2025\" \/>\n<meta property=\"article:modified_time\" content=\"2025-11-26T13:16:12+00:00\" \/>\n<meta name=\"twitter:card\" content=\"summary_large_image\" \/>\n<meta name=\"twitter:label1\" content=\"Tahmini okuma s\u00fcresi\" \/>\n\t<meta name=\"twitter:data1\" content=\"2 dakika\" \/>\n<script type=\"application\/ld+json\" class=\"yoast-schema-graph\">{\"@context\":\"https:\\\/\\\/schema.org\",\"@graph\":[{\"@type\":\"WebPage\",\"@id\":\"https:\\\/\\\/bilisimyildizlari.org.tr\\\/2025\\\/aykap\",\"url\":\"https:\\\/\\\/bilisimyildizlari.org.tr\\\/2025\\\/aykap\",\"name\":\"AYKAP - Bili\u015fim Y\u0131ld\u0131zlar\u0131 2025\",\"isPartOf\":{\"@id\":\"https:\\\/\\\/bilisimyildizlari.org.tr\\\/2025\\\/#website\"},\"datePublished\":\"2025-11-26T13:16:10+00:00\",\"dateModified\":\"2025-11-26T13:16:12+00:00\",\"breadcrumb\":{\"@id\":\"https:\\\/\\\/bilisimyildizlari.org.tr\\\/2025\\\/aykap#breadcrumb\"},\"inLanguage\":\"tr\",\"potentialAction\":[{\"@type\":\"ReadAction\",\"target\":[\"https:\\\/\\\/bilisimyildizlari.org.tr\\\/2025\\\/aykap\"]}]},{\"@type\":\"BreadcrumbList\",\"@id\":\"https:\\\/\\\/bilisimyildizlari.org.tr\\\/2025\\\/aykap#breadcrumb\",\"itemListElement\":[{\"@type\":\"ListItem\",\"position\":1,\"name\":\"Anasayfa\",\"item\":\"https:\\\/\\\/bilisimyildizlari.org.tr\\\/2025\\\/\"},{\"@type\":\"ListItem\",\"position\":2,\"name\":\"AYKAP\"}]},{\"@type\":\"WebSite\",\"@id\":\"https:\\\/\\\/bilisimyildizlari.org.tr\\\/2025\\\/#website\",\"url\":\"https:\\\/\\\/bilisimyildizlari.org.tr\\\/2025\\\/\",\"name\":\"Bili\u015fim Y\u0131ld\u0131zlar\u0131 2025\",\"description\":\"TBD \u0130stanbul Bili\u015fim Y\u0131ld\u0131zlar\u0131 Yar\u0131\u015fmas\u0131\",\"publisher\":{\"@id\":\"https:\\\/\\\/bilisimyildizlari.org.tr\\\/2025\\\/#organization\"},\"potentialAction\":[{\"@type\":\"SearchAction\",\"target\":{\"@type\":\"EntryPoint\",\"urlTemplate\":\"https:\\\/\\\/bilisimyildizlari.org.tr\\\/2025\\\/?s={search_term_string}\"},\"query-input\":{\"@type\":\"PropertyValueSpecification\",\"valueRequired\":true,\"valueName\":\"search_term_string\"}}],\"inLanguage\":\"tr\"},{\"@type\":\"Organization\",\"@id\":\"https:\\\/\\\/bilisimyildizlari.org.tr\\\/2025\\\/#organization\",\"name\":\"Bili\u015fim Y\u0131ld\u0131zlar\u0131 2025\",\"url\":\"https:\\\/\\\/bilisimyildizlari.org.tr\\\/2025\\\/\",\"logo\":{\"@type\":\"ImageObject\",\"inLanguage\":\"tr\",\"@id\":\"https:\\\/\\\/bilisimyildizlari.org.tr\\\/2025\\\/#\\\/schema\\\/logo\\\/image\\\/\",\"url\":\"https:\\\/\\\/bilisimyildizlari.org.tr\\\/2025\\\/wp-content\\\/uploads\\\/sites\\\/9\\\/2022\\\/04\\\/TBD_ist_logo1.png\",\"contentUrl\":\"https:\\\/\\\/bilisimyildizlari.org.tr\\\/2025\\\/wp-content\\\/uploads\\\/sites\\\/9\\\/2022\\\/04\\\/TBD_ist_logo1.png\",\"width\":185,\"height\":80,\"caption\":\"Bili\u015fim Y\u0131ld\u0131zlar\u0131 2025 \"},\"image\":{\"@id\":\"https:\\\/\\\/bilisimyildizlari.org.tr\\\/2025\\\/#\\\/schema\\\/logo\\\/image\\\/\"}}]}<\/script>\n<!-- \/ Yoast SEO plugin. -->","yoast_head_json":{"title":"AYKAP - Bili\u015fim Y\u0131ld\u0131zlar\u0131 2025","robots":{"index":"index","follow":"follow","max-snippet":"max-snippet:-1","max-image-preview":"max-image-preview:large","max-video-preview":"max-video-preview:-1"},"canonical":"https:\/\/bilisimyildizlari.org.tr\/2025\/aykap","og_locale":"tr_TR","og_type":"article","og_title":"AYKAP - Bili\u015fim Y\u0131ld\u0131zlar\u0131 2025","og_description":"KURUM: RTC Tec Ba\u011flant\u0131 Elemanlar\u0131 Sanayi ve Ticaret A.\u015e. SEH\u0130R: \u0130stanbul PROJE URL D\u00dcZEY: \u00d6zel Sekt\u00f6r Firmalar\u0131 ALAN: A\u00e7\u0131k Kaynak Kodlu Uygulamalar\/Sistemler PROJE \u00d6ZET: Afet an\u0131nda zaman, yaln\u0131zca zaman de\u011fildir; bazen bir can\u0131n umudu, bazen bir \u00e7ocu\u011fun kurtulu\u015fudur. AYKAP, afet anlar\u0131nda ve sonras\u0131nda hayatlar\u0131n en kritik dakikalar\u0131nda devreye giren, konum tabanl\u0131, yapay zek\u00e2 destekli ve &hellip;","og_url":"https:\/\/bilisimyildizlari.org.tr\/2025\/aykap","og_site_name":"Bili\u015fim Y\u0131ld\u0131zlar\u0131 2025","article_modified_time":"2025-11-26T13:16:12+00:00","twitter_card":"summary_large_image","twitter_misc":{"Tahmini okuma s\u00fcresi":"2 dakika"},"schema":{"@context":"https:\/\/schema.org","@graph":[{"@type":"WebPage","@id":"https:\/\/bilisimyildizlari.org.tr\/2025\/aykap","url":"https:\/\/bilisimyildizlari.org.tr\/2025\/aykap","name":"AYKAP - Bili\u015fim Y\u0131ld\u0131zlar\u0131 2025","isPartOf":{"@id":"https:\/\/bilisimyildizlari.org.tr\/2025\/#website"},"datePublished":"2025-11-26T13:16:10+00:00","dateModified":"2025-11-26T13:16:12+00:00","breadcrumb":{"@id":"https:\/\/bilisimyildizlari.org.tr\/2025\/aykap#breadcrumb"},"inLanguage":"tr","potentialAction":[{"@type":"ReadAction","target":["https:\/\/bilisimyildizlari.org.tr\/2025\/aykap"]}]},{"@type":"BreadcrumbList","@id":"https:\/\/bilisimyildizlari.org.tr\/2025\/aykap#breadcrumb","itemListElement":[{"@type":"ListItem","position":1,"name":"Anasayfa","item":"https:\/\/bilisimyildizlari.org.tr\/2025\/"},{"@type":"ListItem","position":2,"name":"AYKAP"}]},{"@type":"WebSite","@id":"https:\/\/bilisimyildizlari.org.tr\/2025\/#website","url":"https:\/\/bilisimyildizlari.org.tr\/2025\/","name":"Bili\u015fim Y\u0131ld\u0131zlar\u0131 2025","description":"TBD \u0130stanbul Bili\u015fim Y\u0131ld\u0131zlar\u0131 Yar\u0131\u015fmas\u0131","publisher":{"@id":"https:\/\/bilisimyildizlari.org.tr\/2025\/#organization"},"potentialAction":[{"@type":"SearchAction","target":{"@type":"EntryPoint","urlTemplate":"https:\/\/bilisimyildizlari.org.tr\/2025\/?s={search_term_string}"},"query-input":{"@type":"PropertyValueSpecification","valueRequired":true,"valueName":"search_term_string"}}],"inLanguage":"tr"},{"@type":"Organization","@id":"https:\/\/bilisimyildizlari.org.tr\/2025\/#organization","name":"Bili\u015fim Y\u0131ld\u0131zlar\u0131 2025","url":"https:\/\/bilisimyildizlari.org.tr\/2025\/","logo":{"@type":"ImageObject","inLanguage":"tr","@id":"https:\/\/bilisimyildizlari.org.tr\/2025\/#\/schema\/logo\/image\/","url":"https:\/\/bilisimyildizlari.org.tr\/2025\/wp-content\/uploads\/sites\/9\/2022\/04\/TBD_ist_logo1.png","contentUrl":"https:\/\/bilisimyildizlari.org.tr\/2025\/wp-content\/uploads\/sites\/9\/2022\/04\/TBD_ist_logo1.png","width":185,"height":80,"caption":"Bili\u015fim Y\u0131ld\u0131zlar\u0131 2025 "},"image":{"@id":"https:\/\/bilisimyildizlari.org.tr\/2025\/#\/schema\/logo\/image\/"}}]}},"_links":{"self":[{"href":"https:\/\/bilisimyildizlari.org.tr\/2025\/wp-json\/wp\/v2\/pages\/1977","targetHints":{"allow":["GET"]}}],"collection":[{"href":"https:\/\/bilisimyildizlari.org.tr\/2025\/wp-json\/wp\/v2\/pages"}],"about":[{"href":"https:\/\/bilisimyildizlari.org.tr\/2025\/wp-json\/wp\/v2\/types\/page"}],"author":[{"embeddable":true,"href":"https:\/\/bilisimyildizlari.org.tr\/2025\/wp-json\/wp\/v2\/users\/4"}],"replies":[{"embeddable":true,"href":"https:\/\/bilisimyildizlari.org.tr\/2025\/wp-json\/wp\/v2\/comments?post=1977"}],"version-history":[{"count":1,"href":"https:\/\/bilisimyildizlari.org.tr\/2025\/wp-json\/wp\/v2\/pages\/1977\/revisions"}],"predecessor-version":[{"id":1978,"href":"https:\/\/bilisimyildizlari.org.tr\/2025\/wp-json\/wp\/v2\/pages\/1977\/revisions\/1978"}],"wp:attachment":[{"href":"https:\/\/bilisimyildizlari.org.tr\/2025\/wp-json\/wp\/v2\/media?parent=1977"}],"curies":[{"name":"wp","href":"https:\/\/api.w.org\/{rel}","templated":true}]}}