{"id":1988,"date":"2025-11-26T16:22:46","date_gmt":"2025-11-26T13:22:46","guid":{"rendered":"https:\/\/bilisimyildizlari.org.tr\/2025\/?page_id=1988"},"modified":"2025-11-26T16:22:48","modified_gmt":"2025-11-26T13:22:48","slug":"rotaban-personel-servis-guzergahlari-optimizasyon-uygulamasi","status":"publish","type":"page","link":"https:\/\/bilisimyildizlari.org.tr\/2025\/rotaban-personel-servis-guzergahlari-optimizasyon-uygulamasi","title":{"rendered":"Rotaban Personel Servis G\u00fczergahlar\u0131 Optimizasyon Uygulamas\u0131"},"content":{"rendered":"\n<p><strong>KURUM<\/strong>: BA\u015eARSOFT B\u0130LG\u0130 TEKNOLOJ\u0130LER\u0130 ANON\u0130M \u015e\u0130RKET\u0130<\/p>\n\n\n\n<p><strong>SEH\u0130R<\/strong>: \u0130stanbul<\/p>\n\n\n\n<p><strong><a href=\"https:\/\/www.rotaban.com\/tbd-istanbul-bilisimin-yildizlari\/\">PROJE URL<\/a><\/strong><\/p>\n\n\n\n<p><strong>D\u00dcZEY<\/strong>: \u00d6zel Sekt\u00f6r Firmalar\u0131<\/p>\n\n\n\n<p><strong>ALAN<\/strong>: Ak\u0131ll\u0131 \u015eehirler<\/p>\n\n\n\n<p><strong>PROJE \u00d6ZET<\/strong>: Rotaban Personel Servis G\u00fczergahlar\u0131 Optimizasyon Uygulamas\u0131, kurumlar\u0131n personel ta\u015f\u0131ma s\u00fcre\u00e7lerini dijitalle\u015ftirerek, daha verimli, ekonomik ve s\u00fcrd\u00fcr\u00fclebilir hale getirmek amac\u0131yla geli\u015ftirilmi\u015f yerli ve \u00f6zg\u00fcn bir yaz\u0131l\u0131m \u00e7\u00f6z\u00fcm\u00fcd\u00fcr. Artan yak\u0131t maliyetleri, trafik yo\u011funlu\u011fu, zaman kay\u0131plar\u0131 ve personel memnuniyeti gibi sorunlara \u00e7\u00f6z\u00fcm sunan Rotaban, servis g\u00fczergahlar\u0131n\u0131 ak\u0131ll\u0131 algoritmalarla optimize ederek \u015firketlere zaman, maliyet, \u00e7al\u0131\u015fan mutlulu\u011fu ve \u00e7evresel kazan\u00e7lar sa\u011flar.<br>Rotaban, personel adreslerinin sisteme entegre edilmesiyle birlikte en uygun servis da\u011f\u0131l\u0131m\u0131n\u0131 otomatik olarak belirler. Kullan\u0131c\u0131 dostu bir aray\u00fcz \u00fczerinden adresler harita \u00fczerinde i\u015flenir, ard\u0131ndan say\u0131sal harita destekli optimizasyon motoru ile en k\u0131sa, en az ara\u00e7l\u0131 ve en verimli g\u00fczergahlar\u0131 olu\u015fturur. \u0130\u015fe al\u0131m, i\u015ften ayr\u0131lma veya adres de\u011fi\u015fikli\u011fi gibi durumlarda g\u00fczergahlar sistem taraf\u0131ndan otomatik olarak g\u00fcncellenir. B\u00f6ylece manuel planlamaya gerek kalmadan her zaman g\u00fcncel ve optimum servis d\u00fczeni korunur.<br>Uygulama, rota planlamas\u0131nda insan hatas\u0131n\u0131 minimize ederken, i\u015fletmelere operasyonel kolayl\u0131k sa\u011flar. Ayn\u0131 zamanda \u00e7al\u0131\u015fanlar\u0131n i\u015fe ula\u015f\u0131m s\u00fcresini k\u0131saltarak memnuniyeti art\u0131r\u0131r. K\u0131sa ve optimize edilmi\u015f g\u00fczergahlar sayesinde hem yak\u0131t t\u00fcketimi hem de karbon sal\u0131m\u0131 azal\u0131r. Bu y\u00f6n\u00fcyle Rotaban, i\u015fletmelerin sadece ekonomik de\u011fil \u00e7evresel s\u00fcrd\u00fcr\u00fclebilirlik hedeflerine de katk\u0131 sunar.<br>Tamamen yerli kaynaklarla geli\u015ftirilen Rotaban, T\u00fcrkiye\u2019nin co\u011frafi ve toplumsal ihtiya\u00e7lar\u0131na uygun olarak tasarlanm\u0131\u015ft\u0131r. T\u00fcrkiye harita altyap\u0131lar\u0131na entegre \u00e7al\u0131\u015f\u0131r, veri g\u00fcvenli\u011fi a\u00e7\u0131s\u0131ndan da yerli sunucular \u00fczerinde hizmet verir. Bulut tabanl\u0131 yap\u0131s\u0131 sayesinde her \u00f6l\u00e7ekten kurum ve kurulu\u015f sisteme kolayca eri\u015febilir. Kurulum veya bak\u0131m maliyeti gerektirmeden h\u0131zl\u0131 ve g\u00fcvenli kullan\u0131m sunar.<br>Rotaban sadece personel ta\u015f\u0131yan \u015firketlerin de\u011fil, ayn\u0131 zamanda servis hizmeti veren ta\u015f\u0131mac\u0131l\u0131k firmalar\u0131n\u0131n da i\u015fini kolayla\u015ft\u0131r\u0131r. \u015eeffaf ve \u00f6l\u00e7\u00fclebilir g\u00fczergah planlamas\u0131 sayesinde ta\u015feron firmalarla yap\u0131lan s\u00f6zle\u015fmeler net veriler \u00fczerinden y\u00fcr\u00fct\u00fclebilir. Raporlama \u00f6zelli\u011fi sayesinde g\u00fczergah, ara\u00e7 say\u0131s\u0131, doluluk oran\u0131, firma hakedi\u015f raporu gibi bir\u00e7ok veri anl\u0131k olarak takip edilebilir.<br>Kamu kurumlar\u0131, organize sanayi b\u00f6lgeleri, b\u00fcy\u00fck \u00f6l\u00e7ekli \u00f6zel \u015firketler gibi servis ihtiyac\u0131 olan t\u00fcm kurumlara uygulanabilir olan Rotaban, esnek ve \u00f6l\u00e7eklenebilir yap\u0131s\u0131yla farkl\u0131 sekt\u00f6rlerde kolayca adapte edilebilir. T\u00fcrkiye\u2019nin dijital d\u00f6n\u00fc\u015f\u00fcm s\u00fcrecine katk\u0131 sunan proje, ayn\u0131 zamanda ak\u0131ll\u0131 \u015fehirler ve \u00e7evreci ula\u015f\u0131m politikalar\u0131na da uyumludur.<br>Rotaban, dijitalle\u015fme, s\u00fcrd\u00fcr\u00fclebilirlik ve verimlilik ekseninde geli\u015ftirilmi\u015f, t\u00fcm\u00fcyle yerli ve milli bir \u00e7\u00f6z\u00fcmd\u00fcr. Hem toplumsal fayda \u00fcretme hem de \u00fclke i\u00e7indeki bili\u015fim yetkinli\u011fini art\u0131rma hedefiyle geli\u015ftirilmi\u015f olan uygulamam\u0131z, k\u0131sa s\u00fcrede yayg\u0131nla\u015fabilir, ihracat potansiyeli de y\u00fcksek bir teknolojik \u00fcr\u00fcnd\u00fcr.<\/p>\n","protected":false},"excerpt":{"rendered":"<p>KURUM: BA\u015eARSOFT B\u0130LG\u0130 TEKNOLOJ\u0130LER\u0130 ANON\u0130M \u015e\u0130RKET\u0130 SEH\u0130R: \u0130stanbul PROJE URL D\u00dcZEY: \u00d6zel Sekt\u00f6r Firmalar\u0131 ALAN: Ak\u0131ll\u0131 \u015eehirler PROJE \u00d6ZET: Rotaban Personel Servis G\u00fczergahlar\u0131 Optimizasyon Uygulamas\u0131, kurumlar\u0131n personel ta\u015f\u0131ma s\u00fcre\u00e7lerini dijitalle\u015ftirerek, daha verimli, ekonomik ve s\u00fcrd\u00fcr\u00fclebilir hale getirmek amac\u0131yla geli\u015ftirilmi\u015f yerli ve \u00f6zg\u00fcn bir yaz\u0131l\u0131m \u00e7\u00f6z\u00fcm\u00fcd\u00fcr. Artan yak\u0131t maliyetleri, trafik yo\u011funlu\u011fu, zaman kay\u0131plar\u0131 ve personel memnuniyeti &hellip; <\/p>\n","protected":false},"author":4,"featured_media":0,"parent":0,"menu_order":0,"comment_status":"closed","ping_status":"closed","template":"","meta":{"footnotes":""},"class_list":["post-1988","page","type-page","status-publish","hentry"],"yoast_head":"<!-- This site is optimized with the Yoast SEO plugin v27.5 - https:\/\/yoast.com\/product\/yoast-seo-wordpress\/ -->\n<title>Rotaban Personel Servis G\u00fczergahlar\u0131 Optimizasyon Uygulamas\u0131 - Bili\u015fim Y\u0131ld\u0131zlar\u0131 2025<\/title>\n<meta name=\"robots\" content=\"index, follow, max-snippet:-1, max-image-preview:large, max-video-preview:-1\" \/>\n<link rel=\"canonical\" href=\"https:\/\/bilisimyildizlari.org.tr\/2025\/rotaban-personel-servis-guzergahlari-optimizasyon-uygulamasi\" \/>\n<meta property=\"og:locale\" content=\"tr_TR\" \/>\n<meta property=\"og:type\" content=\"article\" \/>\n<meta property=\"og:title\" content=\"Rotaban Personel Servis G\u00fczergahlar\u0131 Optimizasyon Uygulamas\u0131 - Bili\u015fim Y\u0131ld\u0131zlar\u0131 2025\" \/>\n<meta property=\"og:description\" content=\"KURUM: BA\u015eARSOFT B\u0130LG\u0130 TEKNOLOJ\u0130LER\u0130 ANON\u0130M \u015e\u0130RKET\u0130 SEH\u0130R: \u0130stanbul PROJE URL D\u00dcZEY: \u00d6zel Sekt\u00f6r Firmalar\u0131 ALAN: Ak\u0131ll\u0131 \u015eehirler PROJE \u00d6ZET: Rotaban Personel Servis G\u00fczergahlar\u0131 Optimizasyon Uygulamas\u0131, kurumlar\u0131n personel ta\u015f\u0131ma s\u00fcre\u00e7lerini dijitalle\u015ftirerek, daha verimli, ekonomik ve s\u00fcrd\u00fcr\u00fclebilir hale getirmek amac\u0131yla geli\u015ftirilmi\u015f yerli ve \u00f6zg\u00fcn bir yaz\u0131l\u0131m \u00e7\u00f6z\u00fcm\u00fcd\u00fcr. Artan yak\u0131t maliyetleri, trafik yo\u011funlu\u011fu, zaman kay\u0131plar\u0131 ve personel memnuniyeti &hellip;\" \/>\n<meta property=\"og:url\" content=\"https:\/\/bilisimyildizlari.org.tr\/2025\/rotaban-personel-servis-guzergahlari-optimizasyon-uygulamasi\" \/>\n<meta property=\"og:site_name\" content=\"Bili\u015fim Y\u0131ld\u0131zlar\u0131 2025\" \/>\n<meta property=\"article:modified_time\" content=\"2025-11-26T13:22:48+00:00\" \/>\n<meta name=\"twitter:card\" content=\"summary_large_image\" \/>\n<meta name=\"twitter:label1\" content=\"Tahmini okuma s\u00fcresi\" \/>\n\t<meta name=\"twitter:data1\" content=\"3 dakika\" \/>\n<script type=\"application\/ld+json\" class=\"yoast-schema-graph\">{\"@context\":\"https:\\\/\\\/schema.org\",\"@graph\":[{\"@type\":\"WebPage\",\"@id\":\"https:\\\/\\\/bilisimyildizlari.org.tr\\\/2025\\\/rotaban-personel-servis-guzergahlari-optimizasyon-uygulamasi\",\"url\":\"https:\\\/\\\/bilisimyildizlari.org.tr\\\/2025\\\/rotaban-personel-servis-guzergahlari-optimizasyon-uygulamasi\",\"name\":\"Rotaban Personel Servis G\u00fczergahlar\u0131 Optimizasyon Uygulamas\u0131 - Bili\u015fim Y\u0131ld\u0131zlar\u0131 2025\",\"isPartOf\":{\"@id\":\"https:\\\/\\\/bilisimyildizlari.org.tr\\\/2025\\\/#website\"},\"datePublished\":\"2025-11-26T13:22:46+00:00\",\"dateModified\":\"2025-11-26T13:22:48+00:00\",\"breadcrumb\":{\"@id\":\"https:\\\/\\\/bilisimyildizlari.org.tr\\\/2025\\\/rotaban-personel-servis-guzergahlari-optimizasyon-uygulamasi#breadcrumb\"},\"inLanguage\":\"tr\",\"potentialAction\":[{\"@type\":\"ReadAction\",\"target\":[\"https:\\\/\\\/bilisimyildizlari.org.tr\\\/2025\\\/rotaban-personel-servis-guzergahlari-optimizasyon-uygulamasi\"]}]},{\"@type\":\"BreadcrumbList\",\"@id\":\"https:\\\/\\\/bilisimyildizlari.org.tr\\\/2025\\\/rotaban-personel-servis-guzergahlari-optimizasyon-uygulamasi#breadcrumb\",\"itemListElement\":[{\"@type\":\"ListItem\",\"position\":1,\"name\":\"Anasayfa\",\"item\":\"https:\\\/\\\/bilisimyildizlari.org.tr\\\/2025\\\/\"},{\"@type\":\"ListItem\",\"position\":2,\"name\":\"Rotaban Personel Servis G\u00fczergahlar\u0131 Optimizasyon Uygulamas\u0131\"}]},{\"@type\":\"WebSite\",\"@id\":\"https:\\\/\\\/bilisimyildizlari.org.tr\\\/2025\\\/#website\",\"url\":\"https:\\\/\\\/bilisimyildizlari.org.tr\\\/2025\\\/\",\"name\":\"Bili\u015fim Y\u0131ld\u0131zlar\u0131 2025\",\"description\":\"TBD \u0130stanbul Bili\u015fim Y\u0131ld\u0131zlar\u0131 Yar\u0131\u015fmas\u0131\",\"publisher\":{\"@id\":\"https:\\\/\\\/bilisimyildizlari.org.tr\\\/2025\\\/#organization\"},\"potentialAction\":[{\"@type\":\"SearchAction\",\"target\":{\"@type\":\"EntryPoint\",\"urlTemplate\":\"https:\\\/\\\/bilisimyildizlari.org.tr\\\/2025\\\/?s={search_term_string}\"},\"query-input\":{\"@type\":\"PropertyValueSpecification\",\"valueRequired\":true,\"valueName\":\"search_term_string\"}}],\"inLanguage\":\"tr\"},{\"@type\":\"Organization\",\"@id\":\"https:\\\/\\\/bilisimyildizlari.org.tr\\\/2025\\\/#organization\",\"name\":\"Bili\u015fim Y\u0131ld\u0131zlar\u0131 2025\",\"url\":\"https:\\\/\\\/bilisimyildizlari.org.tr\\\/2025\\\/\",\"logo\":{\"@type\":\"ImageObject\",\"inLanguage\":\"tr\",\"@id\":\"https:\\\/\\\/bilisimyildizlari.org.tr\\\/2025\\\/#\\\/schema\\\/logo\\\/image\\\/\",\"url\":\"https:\\\/\\\/bilisimyildizlari.org.tr\\\/2025\\\/wp-content\\\/uploads\\\/sites\\\/9\\\/2022\\\/04\\\/TBD_ist_logo1.png\",\"contentUrl\":\"https:\\\/\\\/bilisimyildizlari.org.tr\\\/2025\\\/wp-content\\\/uploads\\\/sites\\\/9\\\/2022\\\/04\\\/TBD_ist_logo1.png\",\"width\":185,\"height\":80,\"caption\":\"Bili\u015fim Y\u0131ld\u0131zlar\u0131 2025 \"},\"image\":{\"@id\":\"https:\\\/\\\/bilisimyildizlari.org.tr\\\/2025\\\/#\\\/schema\\\/logo\\\/image\\\/\"}}]}<\/script>\n<!-- \/ Yoast SEO plugin. -->","yoast_head_json":{"title":"Rotaban Personel Servis G\u00fczergahlar\u0131 Optimizasyon Uygulamas\u0131 - Bili\u015fim Y\u0131ld\u0131zlar\u0131 2025","robots":{"index":"index","follow":"follow","max-snippet":"max-snippet:-1","max-image-preview":"max-image-preview:large","max-video-preview":"max-video-preview:-1"},"canonical":"https:\/\/bilisimyildizlari.org.tr\/2025\/rotaban-personel-servis-guzergahlari-optimizasyon-uygulamasi","og_locale":"tr_TR","og_type":"article","og_title":"Rotaban Personel Servis G\u00fczergahlar\u0131 Optimizasyon Uygulamas\u0131 - Bili\u015fim Y\u0131ld\u0131zlar\u0131 2025","og_description":"KURUM: BA\u015eARSOFT B\u0130LG\u0130 TEKNOLOJ\u0130LER\u0130 ANON\u0130M \u015e\u0130RKET\u0130 SEH\u0130R: \u0130stanbul PROJE URL D\u00dcZEY: \u00d6zel Sekt\u00f6r Firmalar\u0131 ALAN: Ak\u0131ll\u0131 \u015eehirler PROJE \u00d6ZET: Rotaban Personel Servis G\u00fczergahlar\u0131 Optimizasyon Uygulamas\u0131, kurumlar\u0131n personel ta\u015f\u0131ma s\u00fcre\u00e7lerini dijitalle\u015ftirerek, daha verimli, ekonomik ve s\u00fcrd\u00fcr\u00fclebilir hale getirmek amac\u0131yla geli\u015ftirilmi\u015f yerli ve \u00f6zg\u00fcn bir yaz\u0131l\u0131m \u00e7\u00f6z\u00fcm\u00fcd\u00fcr. Artan yak\u0131t maliyetleri, trafik yo\u011funlu\u011fu, zaman kay\u0131plar\u0131 ve personel memnuniyeti &hellip;","og_url":"https:\/\/bilisimyildizlari.org.tr\/2025\/rotaban-personel-servis-guzergahlari-optimizasyon-uygulamasi","og_site_name":"Bili\u015fim Y\u0131ld\u0131zlar\u0131 2025","article_modified_time":"2025-11-26T13:22:48+00:00","twitter_card":"summary_large_image","twitter_misc":{"Tahmini okuma s\u00fcresi":"3 dakika"},"schema":{"@context":"https:\/\/schema.org","@graph":[{"@type":"WebPage","@id":"https:\/\/bilisimyildizlari.org.tr\/2025\/rotaban-personel-servis-guzergahlari-optimizasyon-uygulamasi","url":"https:\/\/bilisimyildizlari.org.tr\/2025\/rotaban-personel-servis-guzergahlari-optimizasyon-uygulamasi","name":"Rotaban Personel Servis G\u00fczergahlar\u0131 Optimizasyon Uygulamas\u0131 - Bili\u015fim Y\u0131ld\u0131zlar\u0131 2025","isPartOf":{"@id":"https:\/\/bilisimyildizlari.org.tr\/2025\/#website"},"datePublished":"2025-11-26T13:22:46+00:00","dateModified":"2025-11-26T13:22:48+00:00","breadcrumb":{"@id":"https:\/\/bilisimyildizlari.org.tr\/2025\/rotaban-personel-servis-guzergahlari-optimizasyon-uygulamasi#breadcrumb"},"inLanguage":"tr","potentialAction":[{"@type":"ReadAction","target":["https:\/\/bilisimyildizlari.org.tr\/2025\/rotaban-personel-servis-guzergahlari-optimizasyon-uygulamasi"]}]},{"@type":"BreadcrumbList","@id":"https:\/\/bilisimyildizlari.org.tr\/2025\/rotaban-personel-servis-guzergahlari-optimizasyon-uygulamasi#breadcrumb","itemListElement":[{"@type":"ListItem","position":1,"name":"Anasayfa","item":"https:\/\/bilisimyildizlari.org.tr\/2025\/"},{"@type":"ListItem","position":2,"name":"Rotaban Personel Servis G\u00fczergahlar\u0131 Optimizasyon Uygulamas\u0131"}]},{"@type":"WebSite","@id":"https:\/\/bilisimyildizlari.org.tr\/2025\/#website","url":"https:\/\/bilisimyildizlari.org.tr\/2025\/","name":"Bili\u015fim Y\u0131ld\u0131zlar\u0131 2025","description":"TBD \u0130stanbul Bili\u015fim Y\u0131ld\u0131zlar\u0131 Yar\u0131\u015fmas\u0131","publisher":{"@id":"https:\/\/bilisimyildizlari.org.tr\/2025\/#organization"},"potentialAction":[{"@type":"SearchAction","target":{"@type":"EntryPoint","urlTemplate":"https:\/\/bilisimyildizlari.org.tr\/2025\/?s={search_term_string}"},"query-input":{"@type":"PropertyValueSpecification","valueRequired":true,"valueName":"search_term_string"}}],"inLanguage":"tr"},{"@type":"Organization","@id":"https:\/\/bilisimyildizlari.org.tr\/2025\/#organization","name":"Bili\u015fim Y\u0131ld\u0131zlar\u0131 2025","url":"https:\/\/bilisimyildizlari.org.tr\/2025\/","logo":{"@type":"ImageObject","inLanguage":"tr","@id":"https:\/\/bilisimyildizlari.org.tr\/2025\/#\/schema\/logo\/image\/","url":"https:\/\/bilisimyildizlari.org.tr\/2025\/wp-content\/uploads\/sites\/9\/2022\/04\/TBD_ist_logo1.png","contentUrl":"https:\/\/bilisimyildizlari.org.tr\/2025\/wp-content\/uploads\/sites\/9\/2022\/04\/TBD_ist_logo1.png","width":185,"height":80,"caption":"Bili\u015fim Y\u0131ld\u0131zlar\u0131 2025 "},"image":{"@id":"https:\/\/bilisimyildizlari.org.tr\/2025\/#\/schema\/logo\/image\/"}}]}},"_links":{"self":[{"href":"https:\/\/bilisimyildizlari.org.tr\/2025\/wp-json\/wp\/v2\/pages\/1988","targetHints":{"allow":["GET"]}}],"collection":[{"href":"https:\/\/bilisimyildizlari.org.tr\/2025\/wp-json\/wp\/v2\/pages"}],"about":[{"href":"https:\/\/bilisimyildizlari.org.tr\/2025\/wp-json\/wp\/v2\/types\/page"}],"author":[{"embeddable":true,"href":"https:\/\/bilisimyildizlari.org.tr\/2025\/wp-json\/wp\/v2\/users\/4"}],"replies":[{"embeddable":true,"href":"https:\/\/bilisimyildizlari.org.tr\/2025\/wp-json\/wp\/v2\/comments?post=1988"}],"version-history":[{"count":1,"href":"https:\/\/bilisimyildizlari.org.tr\/2025\/wp-json\/wp\/v2\/pages\/1988\/revisions"}],"predecessor-version":[{"id":1989,"href":"https:\/\/bilisimyildizlari.org.tr\/2025\/wp-json\/wp\/v2\/pages\/1988\/revisions\/1989"}],"wp:attachment":[{"href":"https:\/\/bilisimyildizlari.org.tr\/2025\/wp-json\/wp\/v2\/media?parent=1988"}],"curies":[{"name":"wp","href":"https:\/\/api.w.org\/{rel}","templated":true}]}}