{"id":1991,"date":"2025-11-26T16:25:52","date_gmt":"2025-11-26T13:25:52","guid":{"rendered":"https:\/\/bilisimyildizlari.org.tr\/2025\/?page_id=1991"},"modified":"2025-11-26T16:25:57","modified_gmt":"2025-11-26T13:25:57","slug":"visium-farm","status":"publish","type":"page","link":"https:\/\/bilisimyildizlari.org.tr\/2025\/visium-farm","title":{"rendered":"Visium Farm"},"content":{"rendered":"\n<p><strong>KURUM<\/strong>: NETA\u015e<\/p>\n\n\n\n<p><strong>SEH\u0130R<\/strong>: \u0130stanbul<\/p>\n\n\n\n<p><strong><a href=\"https:\/\/www.visiumlabs.com\/en\/visium-farm\">PROJE URL<\/a><\/strong><\/p>\n\n\n\n<p><strong>D\u00dcZEY<\/strong>: \u00d6zel Sekt\u00f6r Firmalar\u0131<\/p>\n\n\n\n<p><strong>ALAN<\/strong>: End\u00fcstri ve Ticaret \u00dcr\u00fcnleri<\/p>\n\n\n\n<p><strong>PROJE OZET<\/strong>: Visium Farm, mobil yaz\u0131l\u0131m test s\u00fcre\u00e7lerini yeniden tan\u0131mlayan merkezi bir cihaz y\u00f6netim platformudur. Mobil uygulamalar\u0131n farkl\u0131 cihaz ve i\u015fletim sistemi s\u00fcr\u00fcmlerinde tutarl\u0131 \u00e7al\u0131\u015fmas\u0131n\u0131 sa\u011flamak; fiziksel eri\u015fim k\u0131s\u0131tlar\u0131, y\u00fcksek maliyetler ve operasyonel zorluklar nedeniyle kurumlar i\u00e7in olduk\u00e7a karma\u015f\u0131k bir s\u00fcre\u00e7tir.\u00dcr\u00fcn, bu temel sorunu ele alarak yaz\u0131l\u0131m geli\u015ftirme ve test ekiplerine merkezi bir aray\u00fcz \u00fczerinden ger\u00e7ek cihazlara uzaktan eri\u015fim ve kontrol imk\u00e2n\u0131 sunar.<br>Geli\u015ftirilen sistem sayesinde, mobil cihazlar bir merkezde fiziksel olarak birle\u015ftirilir ve \u00e7al\u0131\u015fanlar, bu cihazlara uzaktan eri\u015febilir. Yaz\u0131l\u0131mc\u0131lar ve test m\u00fchendisleri, web tabanl\u0131 bir aray\u00fcz \u00fczerinden cihazlar\u0131 klavye ve fare ile ger\u00e7ek zamanl\u0131 olarak y\u00f6netebilirken; Appium deste\u011fi ile test otomasyon senaryolar\u0131 ko\u015fturulabilir. WebSocket teknolojisiyle test s\u00fcre\u00e7leri kesintisiz, g\u00fcvenli ve y\u00fcksek performansla ger\u00e7ekle\u015ftirilir.Visium Farm, hibrit ve uzaktan \u00e7al\u0131\u015fma modeline ge\u00e7ilen kurumlarda kritik rol oynamaktad\u0131r. Cihazlar\u0131n fiziksel payla\u015f\u0131m\u0131n\u0131n m\u00fcmk\u00fcn olmad\u0131\u011f\u0131 durumlarda, uzaktan eri\u015fim ve otomasyon \u00f6zellikleriyle kesintisiz yaz\u0131l\u0131m geli\u015ftirme ve test ortam\u0131 sa\u011flam\u0131\u015f; zaman, maliyet ve operasyonel verimlilik a\u00e7\u0131s\u0131ndan fark yaratm\u0131\u015ft\u0131r.<br>\u00dcr\u00fcn, \u015firketlerin veri g\u00fcvenli\u011fi politikalar\u0131na uygun olarak on-prem kurulum deste\u011fiyle kurum a\u011f\u0131na entegre edilebilir. Bu \u00f6zellik; finans, kamu ve savunma gibi sekt\u00f6rler i\u00e7in ideal bir \u00e7\u00f6z\u00fcm haline gelmektedir. Alternatif olarak, SaaS modeliyle global \u00f6l\u00e7ekte de hizmet verebilecek \u015fekilde tasarlanm\u0131\u015f olup \u00e7oklu dil deste\u011fi ile uluslararas\u0131 pazara a\u00e7\u0131lmaya uygun bir altyap\u0131ya sahiptir.<br>Visium Farm, y\u00fcksek performans\u0131, d\u00fc\u015f\u00fck gecikme s\u00fcresi, kullan\u0131c\u0131 dostu aray\u00fcz\u00fc, kurulum ve bak\u0131m kolayl\u0131\u011f\u0131 ile sadece T\u00fcrkiye\u2019de de\u011fil, global pazarda da rekabet g\u00fcc\u00fc y\u00fcksek, yenilik\u00e7i ve \u00f6zg\u00fcn bir \u00fcr\u00fcnd\u00fcr. Yerli kaynaklarla geli\u015ftirilen Visium Farm, dijital d\u00f6n\u00fc\u015f\u00fcm s\u00fcrecinde yaz\u0131l\u0131m ekiplerinin en \u00f6nemli yard\u0131mc\u0131lar\u0131ndan biri olmay\u0131 hedeflemektedir.<\/p>\n","protected":false},"excerpt":{"rendered":"<p>KURUM: NETA\u015e SEH\u0130R: \u0130stanbul PROJE URL D\u00dcZEY: \u00d6zel Sekt\u00f6r Firmalar\u0131 ALAN: End\u00fcstri ve Ticaret \u00dcr\u00fcnleri PROJE OZET: Visium Farm, mobil yaz\u0131l\u0131m test s\u00fcre\u00e7lerini yeniden tan\u0131mlayan merkezi bir cihaz y\u00f6netim platformudur. Mobil uygulamalar\u0131n farkl\u0131 cihaz ve i\u015fletim sistemi s\u00fcr\u00fcmlerinde tutarl\u0131 \u00e7al\u0131\u015fmas\u0131n\u0131 sa\u011flamak; fiziksel eri\u015fim k\u0131s\u0131tlar\u0131, y\u00fcksek maliyetler ve operasyonel zorluklar nedeniyle kurumlar i\u00e7in olduk\u00e7a karma\u015f\u0131k bir &hellip; <\/p>\n","protected":false},"author":4,"featured_media":0,"parent":0,"menu_order":0,"comment_status":"closed","ping_status":"closed","template":"","meta":{"footnotes":""},"class_list":["post-1991","page","type-page","status-publish","hentry"],"yoast_head":"<!-- This site is optimized with the Yoast SEO plugin v27.5 - https:\/\/yoast.com\/product\/yoast-seo-wordpress\/ -->\n<title>Visium Farm - Bili\u015fim Y\u0131ld\u0131zlar\u0131 2025<\/title>\n<meta name=\"robots\" content=\"index, follow, max-snippet:-1, max-image-preview:large, max-video-preview:-1\" \/>\n<link rel=\"canonical\" href=\"https:\/\/bilisimyildizlari.org.tr\/2025\/visium-farm\" \/>\n<meta property=\"og:locale\" content=\"tr_TR\" \/>\n<meta property=\"og:type\" content=\"article\" \/>\n<meta property=\"og:title\" content=\"Visium Farm - Bili\u015fim Y\u0131ld\u0131zlar\u0131 2025\" \/>\n<meta property=\"og:description\" content=\"KURUM: NETA\u015e SEH\u0130R: \u0130stanbul PROJE URL D\u00dcZEY: \u00d6zel Sekt\u00f6r Firmalar\u0131 ALAN: End\u00fcstri ve Ticaret \u00dcr\u00fcnleri PROJE OZET: Visium Farm, mobil yaz\u0131l\u0131m test s\u00fcre\u00e7lerini yeniden tan\u0131mlayan merkezi bir cihaz y\u00f6netim platformudur. Mobil uygulamalar\u0131n farkl\u0131 cihaz ve i\u015fletim sistemi s\u00fcr\u00fcmlerinde tutarl\u0131 \u00e7al\u0131\u015fmas\u0131n\u0131 sa\u011flamak; fiziksel eri\u015fim k\u0131s\u0131tlar\u0131, y\u00fcksek maliyetler ve operasyonel zorluklar nedeniyle kurumlar i\u00e7in olduk\u00e7a karma\u015f\u0131k bir &hellip;\" \/>\n<meta property=\"og:url\" content=\"https:\/\/bilisimyildizlari.org.tr\/2025\/visium-farm\" \/>\n<meta property=\"og:site_name\" content=\"Bili\u015fim Y\u0131ld\u0131zlar\u0131 2025\" \/>\n<meta property=\"article:modified_time\" content=\"2025-11-26T13:25:57+00:00\" \/>\n<meta name=\"twitter:card\" content=\"summary_large_image\" \/>\n<meta name=\"twitter:label1\" content=\"Tahmini okuma s\u00fcresi\" \/>\n\t<meta name=\"twitter:data1\" content=\"2 dakika\" \/>\n<script type=\"application\/ld+json\" class=\"yoast-schema-graph\">{\"@context\":\"https:\\\/\\\/schema.org\",\"@graph\":[{\"@type\":\"WebPage\",\"@id\":\"https:\\\/\\\/bilisimyildizlari.org.tr\\\/2025\\\/visium-farm\",\"url\":\"https:\\\/\\\/bilisimyildizlari.org.tr\\\/2025\\\/visium-farm\",\"name\":\"Visium Farm - Bili\u015fim Y\u0131ld\u0131zlar\u0131 2025\",\"isPartOf\":{\"@id\":\"https:\\\/\\\/bilisimyildizlari.org.tr\\\/2025\\\/#website\"},\"datePublished\":\"2025-11-26T13:25:52+00:00\",\"dateModified\":\"2025-11-26T13:25:57+00:00\",\"breadcrumb\":{\"@id\":\"https:\\\/\\\/bilisimyildizlari.org.tr\\\/2025\\\/visium-farm#breadcrumb\"},\"inLanguage\":\"tr\",\"potentialAction\":[{\"@type\":\"ReadAction\",\"target\":[\"https:\\\/\\\/bilisimyildizlari.org.tr\\\/2025\\\/visium-farm\"]}]},{\"@type\":\"BreadcrumbList\",\"@id\":\"https:\\\/\\\/bilisimyildizlari.org.tr\\\/2025\\\/visium-farm#breadcrumb\",\"itemListElement\":[{\"@type\":\"ListItem\",\"position\":1,\"name\":\"Anasayfa\",\"item\":\"https:\\\/\\\/bilisimyildizlari.org.tr\\\/2025\\\/\"},{\"@type\":\"ListItem\",\"position\":2,\"name\":\"Visium Farm\"}]},{\"@type\":\"WebSite\",\"@id\":\"https:\\\/\\\/bilisimyildizlari.org.tr\\\/2025\\\/#website\",\"url\":\"https:\\\/\\\/bilisimyildizlari.org.tr\\\/2025\\\/\",\"name\":\"Bili\u015fim Y\u0131ld\u0131zlar\u0131 2025\",\"description\":\"TBD \u0130stanbul Bili\u015fim Y\u0131ld\u0131zlar\u0131 Yar\u0131\u015fmas\u0131\",\"publisher\":{\"@id\":\"https:\\\/\\\/bilisimyildizlari.org.tr\\\/2025\\\/#organization\"},\"potentialAction\":[{\"@type\":\"SearchAction\",\"target\":{\"@type\":\"EntryPoint\",\"urlTemplate\":\"https:\\\/\\\/bilisimyildizlari.org.tr\\\/2025\\\/?s={search_term_string}\"},\"query-input\":{\"@type\":\"PropertyValueSpecification\",\"valueRequired\":true,\"valueName\":\"search_term_string\"}}],\"inLanguage\":\"tr\"},{\"@type\":\"Organization\",\"@id\":\"https:\\\/\\\/bilisimyildizlari.org.tr\\\/2025\\\/#organization\",\"name\":\"Bili\u015fim Y\u0131ld\u0131zlar\u0131 2025\",\"url\":\"https:\\\/\\\/bilisimyildizlari.org.tr\\\/2025\\\/\",\"logo\":{\"@type\":\"ImageObject\",\"inLanguage\":\"tr\",\"@id\":\"https:\\\/\\\/bilisimyildizlari.org.tr\\\/2025\\\/#\\\/schema\\\/logo\\\/image\\\/\",\"url\":\"https:\\\/\\\/bilisimyildizlari.org.tr\\\/2025\\\/wp-content\\\/uploads\\\/sites\\\/9\\\/2022\\\/04\\\/TBD_ist_logo1.png\",\"contentUrl\":\"https:\\\/\\\/bilisimyildizlari.org.tr\\\/2025\\\/wp-content\\\/uploads\\\/sites\\\/9\\\/2022\\\/04\\\/TBD_ist_logo1.png\",\"width\":185,\"height\":80,\"caption\":\"Bili\u015fim Y\u0131ld\u0131zlar\u0131 2025 \"},\"image\":{\"@id\":\"https:\\\/\\\/bilisimyildizlari.org.tr\\\/2025\\\/#\\\/schema\\\/logo\\\/image\\\/\"}}]}<\/script>\n<!-- \/ Yoast SEO plugin. -->","yoast_head_json":{"title":"Visium Farm - Bili\u015fim Y\u0131ld\u0131zlar\u0131 2025","robots":{"index":"index","follow":"follow","max-snippet":"max-snippet:-1","max-image-preview":"max-image-preview:large","max-video-preview":"max-video-preview:-1"},"canonical":"https:\/\/bilisimyildizlari.org.tr\/2025\/visium-farm","og_locale":"tr_TR","og_type":"article","og_title":"Visium Farm - Bili\u015fim Y\u0131ld\u0131zlar\u0131 2025","og_description":"KURUM: NETA\u015e SEH\u0130R: \u0130stanbul PROJE URL D\u00dcZEY: \u00d6zel Sekt\u00f6r Firmalar\u0131 ALAN: End\u00fcstri ve Ticaret \u00dcr\u00fcnleri PROJE OZET: Visium Farm, mobil yaz\u0131l\u0131m test s\u00fcre\u00e7lerini yeniden tan\u0131mlayan merkezi bir cihaz y\u00f6netim platformudur. Mobil uygulamalar\u0131n farkl\u0131 cihaz ve i\u015fletim sistemi s\u00fcr\u00fcmlerinde tutarl\u0131 \u00e7al\u0131\u015fmas\u0131n\u0131 sa\u011flamak; fiziksel eri\u015fim k\u0131s\u0131tlar\u0131, y\u00fcksek maliyetler ve operasyonel zorluklar nedeniyle kurumlar i\u00e7in olduk\u00e7a karma\u015f\u0131k bir &hellip;","og_url":"https:\/\/bilisimyildizlari.org.tr\/2025\/visium-farm","og_site_name":"Bili\u015fim Y\u0131ld\u0131zlar\u0131 2025","article_modified_time":"2025-11-26T13:25:57+00:00","twitter_card":"summary_large_image","twitter_misc":{"Tahmini okuma s\u00fcresi":"2 dakika"},"schema":{"@context":"https:\/\/schema.org","@graph":[{"@type":"WebPage","@id":"https:\/\/bilisimyildizlari.org.tr\/2025\/visium-farm","url":"https:\/\/bilisimyildizlari.org.tr\/2025\/visium-farm","name":"Visium Farm - Bili\u015fim Y\u0131ld\u0131zlar\u0131 2025","isPartOf":{"@id":"https:\/\/bilisimyildizlari.org.tr\/2025\/#website"},"datePublished":"2025-11-26T13:25:52+00:00","dateModified":"2025-11-26T13:25:57+00:00","breadcrumb":{"@id":"https:\/\/bilisimyildizlari.org.tr\/2025\/visium-farm#breadcrumb"},"inLanguage":"tr","potentialAction":[{"@type":"ReadAction","target":["https:\/\/bilisimyildizlari.org.tr\/2025\/visium-farm"]}]},{"@type":"BreadcrumbList","@id":"https:\/\/bilisimyildizlari.org.tr\/2025\/visium-farm#breadcrumb","itemListElement":[{"@type":"ListItem","position":1,"name":"Anasayfa","item":"https:\/\/bilisimyildizlari.org.tr\/2025\/"},{"@type":"ListItem","position":2,"name":"Visium Farm"}]},{"@type":"WebSite","@id":"https:\/\/bilisimyildizlari.org.tr\/2025\/#website","url":"https:\/\/bilisimyildizlari.org.tr\/2025\/","name":"Bili\u015fim Y\u0131ld\u0131zlar\u0131 2025","description":"TBD \u0130stanbul Bili\u015fim Y\u0131ld\u0131zlar\u0131 Yar\u0131\u015fmas\u0131","publisher":{"@id":"https:\/\/bilisimyildizlari.org.tr\/2025\/#organization"},"potentialAction":[{"@type":"SearchAction","target":{"@type":"EntryPoint","urlTemplate":"https:\/\/bilisimyildizlari.org.tr\/2025\/?s={search_term_string}"},"query-input":{"@type":"PropertyValueSpecification","valueRequired":true,"valueName":"search_term_string"}}],"inLanguage":"tr"},{"@type":"Organization","@id":"https:\/\/bilisimyildizlari.org.tr\/2025\/#organization","name":"Bili\u015fim Y\u0131ld\u0131zlar\u0131 2025","url":"https:\/\/bilisimyildizlari.org.tr\/2025\/","logo":{"@type":"ImageObject","inLanguage":"tr","@id":"https:\/\/bilisimyildizlari.org.tr\/2025\/#\/schema\/logo\/image\/","url":"https:\/\/bilisimyildizlari.org.tr\/2025\/wp-content\/uploads\/sites\/9\/2022\/04\/TBD_ist_logo1.png","contentUrl":"https:\/\/bilisimyildizlari.org.tr\/2025\/wp-content\/uploads\/sites\/9\/2022\/04\/TBD_ist_logo1.png","width":185,"height":80,"caption":"Bili\u015fim Y\u0131ld\u0131zlar\u0131 2025 "},"image":{"@id":"https:\/\/bilisimyildizlari.org.tr\/2025\/#\/schema\/logo\/image\/"}}]}},"_links":{"self":[{"href":"https:\/\/bilisimyildizlari.org.tr\/2025\/wp-json\/wp\/v2\/pages\/1991","targetHints":{"allow":["GET"]}}],"collection":[{"href":"https:\/\/bilisimyildizlari.org.tr\/2025\/wp-json\/wp\/v2\/pages"}],"about":[{"href":"https:\/\/bilisimyildizlari.org.tr\/2025\/wp-json\/wp\/v2\/types\/page"}],"author":[{"embeddable":true,"href":"https:\/\/bilisimyildizlari.org.tr\/2025\/wp-json\/wp\/v2\/users\/4"}],"replies":[{"embeddable":true,"href":"https:\/\/bilisimyildizlari.org.tr\/2025\/wp-json\/wp\/v2\/comments?post=1991"}],"version-history":[{"count":1,"href":"https:\/\/bilisimyildizlari.org.tr\/2025\/wp-json\/wp\/v2\/pages\/1991\/revisions"}],"predecessor-version":[{"id":1992,"href":"https:\/\/bilisimyildizlari.org.tr\/2025\/wp-json\/wp\/v2\/pages\/1991\/revisions\/1992"}],"wp:attachment":[{"href":"https:\/\/bilisimyildizlari.org.tr\/2025\/wp-json\/wp\/v2\/media?parent=1991"}],"curies":[{"name":"wp","href":"https:\/\/api.w.org\/{rel}","templated":true}]}}