{"id":1993,"date":"2025-11-26T16:27:59","date_gmt":"2025-11-26T13:27:59","guid":{"rendered":"https:\/\/bilisimyildizlari.org.tr\/2025\/?page_id=1993"},"modified":"2025-11-26T16:28:26","modified_gmt":"2025-11-26T13:28:26","slug":"koski-cografi-bilgi-sistemleri-projesi","status":"publish","type":"page","link":"https:\/\/bilisimyildizlari.org.tr\/2025\/koski-cografi-bilgi-sistemleri-projesi","title":{"rendered":"KOSK\u0130 Co\u011frafi Bilgi Sistemleri Projesi"},"content":{"rendered":"\n<p><strong>KURUM<\/strong>: Konya Su ve Kanalizasyon \u0130daresi Genel M\u00fcd\u00fcrl\u00fc\u011f\u00fc<\/p>\n\n\n\n<p><strong>SEH\u0130R<\/strong>: Konya<\/p>\n\n\n\n<p><strong><a href=\"https:\/\/www.koski.gov.tr\/sayfa\/cografi-bilgi-sistemi\">PROJE URL<\/a><\/strong><\/p>\n\n\n\n<p><strong>D\u00dcZEY<\/strong>: Yerel Y\u00f6netimler<\/p>\n\n\n\n<p><strong>ALAN<\/strong>: Co\u011frafi Bilgi Sistemleri<\/p>\n\n\n\n<p><strong>PROJE \u00d6ZET<\/strong>: Teknoloji katlanan bir h\u0131zla ilerlerken ve teknolojik ara\u00e7lara eri\u015fim g\u00fcnden g\u00fcne kolayla\u015f\u0131rken T\u00fcrkiye\u2019nin en b\u00fcy\u00fck co\u011frafyas\u0131na sahip Konyam\u0131z da bu de\u011fi\u015fime ayak uyduruyor. S\u00fcrekli geli\u015fen ve de\u011fi\u015fen kentimizde mevcut kaynaklar\u0131 en do\u011fru bi\u00e7imde kullanmak ve gelecek nesillere ya\u015fan\u0131labilir bir Konya b\u0131rakmak i\u00e7in Ak\u0131ll\u0131 Altyap\u0131 Sistemleri b\u00fcy\u00fck \u00f6nem ta\u015f\u0131maktad\u0131r. Altyap\u0131 projelerinin planlama, yap\u0131m ve i\u015fletme s\u00fcre\u00e7lerinde verilerin toplanmas\u0131, depolanmas\u0131 ve analizi gibi kritik ihtiya\u00e7lara \u00e7\u00f6z\u00fcm \u00fcreten, yerli ve milli olarak geli\u015ftirilen KOSK\u0130 Co\u011frafi Bilgi Sistemleri \u2018KOSK\u0130CBS\u2019 bir Ak\u0131ll\u0131 \u015eehir uygulamas\u0131d\u0131r.<br>Konya B\u00fcy\u00fck\u015fehir Belediyesi KOSK\u0130 Genel M\u00fcd\u00fcrl\u00fc\u011f\u00fc \u00c7eltik\u2019ten Ta\u015fkent\u2019e, H\u00fcy\u00fck\u2019ten Halkap\u0131nar\u2019a kadar yakla\u015f\u0131k 40.000 km2 alanda 40.000.000 metre uzunlu\u011funda 6 farkl\u0131 su \u015febekesi ve 4000\u2019den fazla \u00fcst yap\u0131 tesisiyle T\u00fcrkiye\u2019nin en b\u00fcy\u00fck su \u015febeke hizmetini verirken KOSK\u0130 Co\u011frafi Bilgi Sistemleri KOSK\u0130CBS\u2019den faydalanmaktad\u0131r. KOSK\u0130 Co\u011frafi Bilgi Sistemleri KOSK\u0130CBS, kurumumuza ait t\u00fcm co\u011frafi verileri, belirli bir amaca y\u00f6nelik olarak toplama, bilgisayar ortam\u0131nda depolama, g\u00fcncelle\u015ftirme, kontrol etme, analiz etme ve g\u00f6r\u00fcnt\u00fcleme gibi i\u015flemlere olanak sa\u011flayan, kentin t\u00fcm \u015febeke sistemlerine ait planlama ve \u00e7\u00f6z\u00fcmlerin h\u0131zl\u0131 ve sa\u011fl\u0131kl\u0131 bir \u015fekilde yap\u0131lmas\u0131n\u0131 sa\u011flayan bir karar destek sistemidir.<br>2014 y\u0131l\u0131nda hizmet alan\u0131m\u0131z\u0131n geni\u015flemesi ile birlikte \u00e7ok yo\u011funla\u015fan ve h\u0131zla de\u011fi\u015fen verilere yeterince h\u00e2kim olamamaktan kaynaklanan \u00f6nemli bir veri y\u00f6netim ihtiyac\u0131 ortaya \u00e7\u0131km\u0131\u015ft\u0131r. Bu verilerin iyi y\u00f6netilmesi, g\u00fcncel olarak bir yerde depolanmas\u0131, anl\u0131k veri de\u011fi\u015fimlerinin zaman\u0131nda yap\u0131labilmesi, milyonlarca verinin tek bir ekrandan g\u00f6steriminin, sorgulamalar\u0131n ve analizlerin yap\u0131labilmesi i\u00e7in KOSK\u0130CBS uygulamalar\u0131 geli\u015ftirilmi\u015ftir.<br>KOSK\u0130CBS ile kurumumuz taraf\u0131ndan \u00fcretilen \u0130\u00e7mesuyu \u015eebeke Hatlar\u0131, Tatl\u0131su \u015eebeke Hatlar\u0131, Kanalizasyon \u015eebeke Hatlar\u0131, Ya\u011fmursuyu \u015eebeke Hatlar\u0131, Mor \u015eebeke Hatlar\u0131, Tar\u0131msal Sulama Tesisleri, Depo, Kuyu, Pompa, Kaynak, Terfi Merkezi, Ar\u0131tma Tesisi, Havza, Baraj, G\u00f6let, Hizmet Noktalar\u0131, Tatl\u0131su \u00c7e\u015fmeleri, Tarihi \u00c7e\u015fmeler, Abone, Ar\u0131za, Kurum Ta\u015f\u0131nmazlar\u0131 vb. t\u00fcm altyap\u0131-\u00fcstyap\u0131 verileri, Elektrik, Do\u011falgaz, Telekom, Fiber vb. di\u011fer altyap\u0131 verileri, Tapu ve Kadastro Genel M\u00fcd\u00fcrl\u00fc\u011f\u00fc ile entegre olarak t\u00fcm kadastral harita ve m\u00fclkiyet verileri, Konya Kent Bilgi Sisteminden entegre olarak \u0130l\u00e7e-Mahalle S\u0131n\u0131rlar\u0131, Cadde-Sokak \u0130simleri, Adres Bilgileri, \u0130mar Planlar\u0131 ve Bina verileri, Ulusal ve Uluslararas\u0131 harita altl\u0131klar\u0131 ve uydu g\u00f6r\u00fcnt\u00fcleri gibi verileri sayesinde tek noktadan t\u00fcm kullan\u0131c\u0131lara anl\u0131k veri payla\u015f\u0131m\u0131 sunulmaktad\u0131r. Bu sayede vatanda\u015flar\u0131m\u0131za daha h\u0131zl\u0131 ve daha kaliteli hizmet sunulmaktad\u0131r.<\/p>\n","protected":false},"excerpt":{"rendered":"<p>KURUM: Konya Su ve Kanalizasyon \u0130daresi Genel M\u00fcd\u00fcrl\u00fc\u011f\u00fc SEH\u0130R: Konya PROJE URL D\u00dcZEY: Yerel Y\u00f6netimler ALAN: Co\u011frafi Bilgi Sistemleri PROJE \u00d6ZET: Teknoloji katlanan bir h\u0131zla ilerlerken ve teknolojik ara\u00e7lara eri\u015fim g\u00fcnden g\u00fcne kolayla\u015f\u0131rken T\u00fcrkiye\u2019nin en b\u00fcy\u00fck co\u011frafyas\u0131na sahip Konyam\u0131z da bu de\u011fi\u015fime ayak uyduruyor. S\u00fcrekli geli\u015fen ve de\u011fi\u015fen kentimizde mevcut kaynaklar\u0131 en do\u011fru bi\u00e7imde kullanmak &hellip; <\/p>\n","protected":false},"author":4,"featured_media":0,"parent":0,"menu_order":0,"comment_status":"closed","ping_status":"closed","template":"","meta":{"footnotes":""},"class_list":["post-1993","page","type-page","status-publish","hentry"],"yoast_head":"<!-- This site is optimized with the Yoast SEO plugin v27.5 - https:\/\/yoast.com\/product\/yoast-seo-wordpress\/ -->\n<title>KOSK\u0130 Co\u011frafi Bilgi Sistemleri Projesi - Bili\u015fim Y\u0131ld\u0131zlar\u0131 2025<\/title>\n<meta name=\"robots\" content=\"index, follow, max-snippet:-1, max-image-preview:large, max-video-preview:-1\" \/>\n<link rel=\"canonical\" href=\"https:\/\/bilisimyildizlari.org.tr\/2025\/koski-cografi-bilgi-sistemleri-projesi\" \/>\n<meta property=\"og:locale\" content=\"tr_TR\" \/>\n<meta property=\"og:type\" content=\"article\" \/>\n<meta property=\"og:title\" content=\"KOSK\u0130 Co\u011frafi Bilgi Sistemleri Projesi - Bili\u015fim Y\u0131ld\u0131zlar\u0131 2025\" \/>\n<meta property=\"og:description\" content=\"KURUM: Konya Su ve Kanalizasyon \u0130daresi Genel M\u00fcd\u00fcrl\u00fc\u011f\u00fc SEH\u0130R: Konya PROJE URL D\u00dcZEY: Yerel Y\u00f6netimler ALAN: Co\u011frafi Bilgi Sistemleri PROJE \u00d6ZET: Teknoloji katlanan bir h\u0131zla ilerlerken ve teknolojik ara\u00e7lara eri\u015fim g\u00fcnden g\u00fcne kolayla\u015f\u0131rken T\u00fcrkiye\u2019nin en b\u00fcy\u00fck co\u011frafyas\u0131na sahip Konyam\u0131z da bu de\u011fi\u015fime ayak uyduruyor. S\u00fcrekli geli\u015fen ve de\u011fi\u015fen kentimizde mevcut kaynaklar\u0131 en do\u011fru bi\u00e7imde kullanmak &hellip;\" \/>\n<meta property=\"og:url\" content=\"https:\/\/bilisimyildizlari.org.tr\/2025\/koski-cografi-bilgi-sistemleri-projesi\" \/>\n<meta property=\"og:site_name\" content=\"Bili\u015fim Y\u0131ld\u0131zlar\u0131 2025\" \/>\n<meta property=\"article:modified_time\" content=\"2025-11-26T13:28:26+00:00\" \/>\n<meta name=\"twitter:card\" content=\"summary_large_image\" \/>\n<meta name=\"twitter:label1\" content=\"Tahmini okuma s\u00fcresi\" \/>\n\t<meta name=\"twitter:data1\" content=\"3 dakika\" \/>\n<script type=\"application\/ld+json\" class=\"yoast-schema-graph\">{\"@context\":\"https:\\\/\\\/schema.org\",\"@graph\":[{\"@type\":\"WebPage\",\"@id\":\"https:\\\/\\\/bilisimyildizlari.org.tr\\\/2025\\\/koski-cografi-bilgi-sistemleri-projesi\",\"url\":\"https:\\\/\\\/bilisimyildizlari.org.tr\\\/2025\\\/koski-cografi-bilgi-sistemleri-projesi\",\"name\":\"KOSK\u0130 Co\u011frafi Bilgi Sistemleri Projesi - Bili\u015fim Y\u0131ld\u0131zlar\u0131 2025\",\"isPartOf\":{\"@id\":\"https:\\\/\\\/bilisimyildizlari.org.tr\\\/2025\\\/#website\"},\"datePublished\":\"2025-11-26T13:27:59+00:00\",\"dateModified\":\"2025-11-26T13:28:26+00:00\",\"breadcrumb\":{\"@id\":\"https:\\\/\\\/bilisimyildizlari.org.tr\\\/2025\\\/koski-cografi-bilgi-sistemleri-projesi#breadcrumb\"},\"inLanguage\":\"tr\",\"potentialAction\":[{\"@type\":\"ReadAction\",\"target\":[\"https:\\\/\\\/bilisimyildizlari.org.tr\\\/2025\\\/koski-cografi-bilgi-sistemleri-projesi\"]}]},{\"@type\":\"BreadcrumbList\",\"@id\":\"https:\\\/\\\/bilisimyildizlari.org.tr\\\/2025\\\/koski-cografi-bilgi-sistemleri-projesi#breadcrumb\",\"itemListElement\":[{\"@type\":\"ListItem\",\"position\":1,\"name\":\"Anasayfa\",\"item\":\"https:\\\/\\\/bilisimyildizlari.org.tr\\\/2025\\\/\"},{\"@type\":\"ListItem\",\"position\":2,\"name\":\"KOSK\u0130 Co\u011frafi Bilgi Sistemleri Projesi\"}]},{\"@type\":\"WebSite\",\"@id\":\"https:\\\/\\\/bilisimyildizlari.org.tr\\\/2025\\\/#website\",\"url\":\"https:\\\/\\\/bilisimyildizlari.org.tr\\\/2025\\\/\",\"name\":\"Bili\u015fim Y\u0131ld\u0131zlar\u0131 2025\",\"description\":\"TBD \u0130stanbul Bili\u015fim Y\u0131ld\u0131zlar\u0131 Yar\u0131\u015fmas\u0131\",\"publisher\":{\"@id\":\"https:\\\/\\\/bilisimyildizlari.org.tr\\\/2025\\\/#organization\"},\"potentialAction\":[{\"@type\":\"SearchAction\",\"target\":{\"@type\":\"EntryPoint\",\"urlTemplate\":\"https:\\\/\\\/bilisimyildizlari.org.tr\\\/2025\\\/?s={search_term_string}\"},\"query-input\":{\"@type\":\"PropertyValueSpecification\",\"valueRequired\":true,\"valueName\":\"search_term_string\"}}],\"inLanguage\":\"tr\"},{\"@type\":\"Organization\",\"@id\":\"https:\\\/\\\/bilisimyildizlari.org.tr\\\/2025\\\/#organization\",\"name\":\"Bili\u015fim Y\u0131ld\u0131zlar\u0131 2025\",\"url\":\"https:\\\/\\\/bilisimyildizlari.org.tr\\\/2025\\\/\",\"logo\":{\"@type\":\"ImageObject\",\"inLanguage\":\"tr\",\"@id\":\"https:\\\/\\\/bilisimyildizlari.org.tr\\\/2025\\\/#\\\/schema\\\/logo\\\/image\\\/\",\"url\":\"https:\\\/\\\/bilisimyildizlari.org.tr\\\/2025\\\/wp-content\\\/uploads\\\/sites\\\/9\\\/2022\\\/04\\\/TBD_ist_logo1.png\",\"contentUrl\":\"https:\\\/\\\/bilisimyildizlari.org.tr\\\/2025\\\/wp-content\\\/uploads\\\/sites\\\/9\\\/2022\\\/04\\\/TBD_ist_logo1.png\",\"width\":185,\"height\":80,\"caption\":\"Bili\u015fim Y\u0131ld\u0131zlar\u0131 2025 \"},\"image\":{\"@id\":\"https:\\\/\\\/bilisimyildizlari.org.tr\\\/2025\\\/#\\\/schema\\\/logo\\\/image\\\/\"}}]}<\/script>\n<!-- \/ Yoast SEO plugin. -->","yoast_head_json":{"title":"KOSK\u0130 Co\u011frafi Bilgi Sistemleri Projesi - Bili\u015fim Y\u0131ld\u0131zlar\u0131 2025","robots":{"index":"index","follow":"follow","max-snippet":"max-snippet:-1","max-image-preview":"max-image-preview:large","max-video-preview":"max-video-preview:-1"},"canonical":"https:\/\/bilisimyildizlari.org.tr\/2025\/koski-cografi-bilgi-sistemleri-projesi","og_locale":"tr_TR","og_type":"article","og_title":"KOSK\u0130 Co\u011frafi Bilgi Sistemleri Projesi - Bili\u015fim Y\u0131ld\u0131zlar\u0131 2025","og_description":"KURUM: Konya Su ve Kanalizasyon \u0130daresi Genel M\u00fcd\u00fcrl\u00fc\u011f\u00fc SEH\u0130R: Konya PROJE URL D\u00dcZEY: Yerel Y\u00f6netimler ALAN: Co\u011frafi Bilgi Sistemleri PROJE \u00d6ZET: Teknoloji katlanan bir h\u0131zla ilerlerken ve teknolojik ara\u00e7lara eri\u015fim g\u00fcnden g\u00fcne kolayla\u015f\u0131rken T\u00fcrkiye\u2019nin en b\u00fcy\u00fck co\u011frafyas\u0131na sahip Konyam\u0131z da bu de\u011fi\u015fime ayak uyduruyor. S\u00fcrekli geli\u015fen ve de\u011fi\u015fen kentimizde mevcut kaynaklar\u0131 en do\u011fru bi\u00e7imde kullanmak &hellip;","og_url":"https:\/\/bilisimyildizlari.org.tr\/2025\/koski-cografi-bilgi-sistemleri-projesi","og_site_name":"Bili\u015fim Y\u0131ld\u0131zlar\u0131 2025","article_modified_time":"2025-11-26T13:28:26+00:00","twitter_card":"summary_large_image","twitter_misc":{"Tahmini okuma s\u00fcresi":"3 dakika"},"schema":{"@context":"https:\/\/schema.org","@graph":[{"@type":"WebPage","@id":"https:\/\/bilisimyildizlari.org.tr\/2025\/koski-cografi-bilgi-sistemleri-projesi","url":"https:\/\/bilisimyildizlari.org.tr\/2025\/koski-cografi-bilgi-sistemleri-projesi","name":"KOSK\u0130 Co\u011frafi Bilgi Sistemleri Projesi - Bili\u015fim Y\u0131ld\u0131zlar\u0131 2025","isPartOf":{"@id":"https:\/\/bilisimyildizlari.org.tr\/2025\/#website"},"datePublished":"2025-11-26T13:27:59+00:00","dateModified":"2025-11-26T13:28:26+00:00","breadcrumb":{"@id":"https:\/\/bilisimyildizlari.org.tr\/2025\/koski-cografi-bilgi-sistemleri-projesi#breadcrumb"},"inLanguage":"tr","potentialAction":[{"@type":"ReadAction","target":["https:\/\/bilisimyildizlari.org.tr\/2025\/koski-cografi-bilgi-sistemleri-projesi"]}]},{"@type":"BreadcrumbList","@id":"https:\/\/bilisimyildizlari.org.tr\/2025\/koski-cografi-bilgi-sistemleri-projesi#breadcrumb","itemListElement":[{"@type":"ListItem","position":1,"name":"Anasayfa","item":"https:\/\/bilisimyildizlari.org.tr\/2025\/"},{"@type":"ListItem","position":2,"name":"KOSK\u0130 Co\u011frafi Bilgi Sistemleri Projesi"}]},{"@type":"WebSite","@id":"https:\/\/bilisimyildizlari.org.tr\/2025\/#website","url":"https:\/\/bilisimyildizlari.org.tr\/2025\/","name":"Bili\u015fim Y\u0131ld\u0131zlar\u0131 2025","description":"TBD \u0130stanbul Bili\u015fim Y\u0131ld\u0131zlar\u0131 Yar\u0131\u015fmas\u0131","publisher":{"@id":"https:\/\/bilisimyildizlari.org.tr\/2025\/#organization"},"potentialAction":[{"@type":"SearchAction","target":{"@type":"EntryPoint","urlTemplate":"https:\/\/bilisimyildizlari.org.tr\/2025\/?s={search_term_string}"},"query-input":{"@type":"PropertyValueSpecification","valueRequired":true,"valueName":"search_term_string"}}],"inLanguage":"tr"},{"@type":"Organization","@id":"https:\/\/bilisimyildizlari.org.tr\/2025\/#organization","name":"Bili\u015fim Y\u0131ld\u0131zlar\u0131 2025","url":"https:\/\/bilisimyildizlari.org.tr\/2025\/","logo":{"@type":"ImageObject","inLanguage":"tr","@id":"https:\/\/bilisimyildizlari.org.tr\/2025\/#\/schema\/logo\/image\/","url":"https:\/\/bilisimyildizlari.org.tr\/2025\/wp-content\/uploads\/sites\/9\/2022\/04\/TBD_ist_logo1.png","contentUrl":"https:\/\/bilisimyildizlari.org.tr\/2025\/wp-content\/uploads\/sites\/9\/2022\/04\/TBD_ist_logo1.png","width":185,"height":80,"caption":"Bili\u015fim Y\u0131ld\u0131zlar\u0131 2025 "},"image":{"@id":"https:\/\/bilisimyildizlari.org.tr\/2025\/#\/schema\/logo\/image\/"}}]}},"_links":{"self":[{"href":"https:\/\/bilisimyildizlari.org.tr\/2025\/wp-json\/wp\/v2\/pages\/1993","targetHints":{"allow":["GET"]}}],"collection":[{"href":"https:\/\/bilisimyildizlari.org.tr\/2025\/wp-json\/wp\/v2\/pages"}],"about":[{"href":"https:\/\/bilisimyildizlari.org.tr\/2025\/wp-json\/wp\/v2\/types\/page"}],"author":[{"embeddable":true,"href":"https:\/\/bilisimyildizlari.org.tr\/2025\/wp-json\/wp\/v2\/users\/4"}],"replies":[{"embeddable":true,"href":"https:\/\/bilisimyildizlari.org.tr\/2025\/wp-json\/wp\/v2\/comments?post=1993"}],"version-history":[{"count":1,"href":"https:\/\/bilisimyildizlari.org.tr\/2025\/wp-json\/wp\/v2\/pages\/1993\/revisions"}],"predecessor-version":[{"id":1995,"href":"https:\/\/bilisimyildizlari.org.tr\/2025\/wp-json\/wp\/v2\/pages\/1993\/revisions\/1995"}],"wp:attachment":[{"href":"https:\/\/bilisimyildizlari.org.tr\/2025\/wp-json\/wp\/v2\/media?parent=1993"}],"curies":[{"name":"wp","href":"https:\/\/api.w.org\/{rel}","templated":true}]}}