{"id":2003,"date":"2025-11-26T16:35:35","date_gmt":"2025-11-26T13:35:35","guid":{"rendered":"https:\/\/bilisimyildizlari.org.tr\/2025\/?page_id=2003"},"modified":"2025-11-26T16:35:37","modified_gmt":"2025-11-26T13:35:37","slug":"ahtabot","status":"publish","type":"page","link":"https:\/\/bilisimyildizlari.org.tr\/2025\/ahtabot","title":{"rendered":"AHTABOT"},"content":{"rendered":"\n<p><strong>KURUM<\/strong>: ETCBASE YAZILIM VE B\u0130L\u0130\u015e\u0130M TEKNOLOJ\u0130LER\u0130 A.\u015e.<\/p>\n\n\n\n<p><strong>SEH\u0130R<\/strong>: \u0130stanbul<\/p>\n\n\n\n<p><strong><a href=\"https:\/\/www.ahtabot.com.tr\/\">PROJE URL<\/a><\/strong><\/p>\n\n\n\n<p><strong>D\u00dcZEY<\/strong>: Teknopark ve Teknokent Firmalar\u0131<\/p>\n\n\n\n<p><strong>ALAN<\/strong>: Robotik S\u00fcre\u00e7 Otomasyonu<\/p>\n\n\n\n<p><strong>PROJE \u00d6ZET<\/strong>: Bankalar, GSM operat\u00f6rleri, telekom\u00fcnikasyon \u015firketleri, elektrik, do\u011falgaz, su da\u011f\u0131t\u0131m ve sat\u0131\u015f \u015firketleri, otoyol i\u015fletmeleri vb. gibi kitlesel \u00fcr\u00fcn\/hizmet sunan kurumlar, faturalar ve s\u00f6zle\u015fmelere dayal\u0131 alacaklar\u0131n\u0131 g\u00fcn\u00fcnde tahsil etmeye \u00e7al\u0131\u015fmaktad\u0131r.<br>Kurumlar g\u00fcn\u00fcnde tahsil edilemeyen alacaklar\u0131n\u0131 (dok\u00fcman i\u00e7erisinde bundan b\u00f6yle \u201csorunlu alacaklar\u201d olarak an\u0131lacakt\u0131r), belirli bir s\u00fcrenin sonunda mecburen hukuk ekosistemimizin sistemimizin bir bile\u015feni olan icra daireleri kanal\u0131yla; \u00f6deme emri, tebligat, itiraz, haciz, sat\u0131\u015f vb. sofistike s\u00fcre\u00e7lerin yer ald\u0131\u011f\u0131 UYAP sistemi \u00fczerinden, yasal yolla (olabildi\u011fince toplu bir \u015fekilde) tahsil etmek durumunda kalmaktad\u0131r.<br>\u00dclkemizde bahse konu sorunlu alacaklar\u0131n yasal takibi (icra) ; sadece insan eline ve manuel y\u00f6ntemlere b\u0131rak\u0131lmayacak kadar hassas ve sofistike bir yap\u0131da olmas\u0131na ra\u011fmen, UYAP (Ulusal Yarg\u0131 A\u011f\u0131 Portali) sisteminin d\u0131\u015f sistemlerle entegrasyona kapal\u0131 yap\u0131s\u0131ndan dolay\u0131, tamamen manuel y\u00f6ntemlerle, ki\u015filere ve birbirinden kopuk harici ara\u00e7lara (Tek ba\u015f\u0131na \u00e7al\u0131\u015fan robot programlar, excel dosyalar\u0131, kurum sistemleri, icra programlar\u0131 vb.) ba\u011f\u0131ml\u0131 bir \u015fekilde y\u00fcr\u00fct\u00fclmektedir.<br>Projemiz ile; hali haz\u0131rda son derece verimsiz ve maliyetli bir \u015fekilde y\u00fcr\u00fct\u00fclmekte olan yasal takip (icra) s\u00fcre\u00e7lerinin, olabildi\u011fince otonom yap\u0131da ve yapay zeka destekli bir \u015fekilde y\u00fcr\u00fct\u00fclmesini teminen bu ba\u015fvurumuza konu \u201cRobotik S\u00fcre\u00e7 Otomasyonu \u2013 RPA (Ahtabot)\u201d \u00fcr\u00fcn\u00fc geli\u015ftirilmi\u015ftir.<br>Bu sayede Adalet Bakanl\u0131\u011f\u0131m\u0131z\u0131n \u201cUYAP Sistemi\u201d ile \u201cKurumlar ve Hukuk B\u00fcrolar\u0131\u201d aras\u0131ndaki etkile\u015fim u\u00e7tan uca entegre hale getirilmi\u015f, ger\u00e7ek anlamda bir entegrasyonun yoklu\u011fu nedeniyle ya\u015fanan \u00e7ok boyutlu verimsizlikleri, s\u00fcre, hak ve finansal kay\u0131plar\u0131 \u00f6nemli \u00f6l\u00e7\u00fcde azaltacak bir platform olu\u015fturulmu\u015ftur.<br>Geli\u015ftirdi\u011fimiz Ahtabot isimli Robotik S\u00fcre\u00e7 Otomasyonu platformu;<br>\u2022 Kurumlar<br>\u2022 Hukuk B\u00fcrolar\u0131<br>\u2022 \u0130cra Daireleri (Adalet Bakanl\u0131\u011f\u0131) ve<br>\u2022 Vatanda\u015flar<br>gibi s\u00fcre\u00e7ten etkilenen t\u00fcm taraflar a\u00e7\u0131s\u0131ndan, bu ba\u015fvuru dok\u00fcman\u0131n\u0131n ileriki k\u0131s\u0131mlar\u0131nda anlat\u0131lan faydalar\u0131 neredeyse eksiksiz sa\u011flama kabiliyetindedir.<\/p>\n\n\n\n<p>\u201cYapay Zeka Destekli Robotik S\u00fcre\u00e7 Otomasyonu Uygulamam\u0131z (Ahtabot)\u201d ;<br>\u2022 Hukuk b\u00fcrolar\u0131 ve kurumlar\u0131n operasyonel maliyetlerini \u00f6nemli oranlarda azaltmakta,<br>\u2022 \u0130\u015flemlere h\u0131z kazand\u0131rarak s\u00fcre\u00e7 verimlili\u011fini artt\u0131rmakta,<br>\u2022 \u0130ptidai y\u00f6ntemlerle y\u00fcr\u00fct\u00fclen s\u00fcre\u00e7 izleme, manuel sonu\u00e7 kontrol\u00fc, karar alma, veri ta\u015f\u0131ma, birle\u015ftirme ve ay\u0131klama gibi operasyonel verimsizlikler ortadan kald\u0131r\u0131larak; s\u00fcre\u00e7lerin dijitalle\u015ftirilmesiyle birlikte insan kaynakl\u0131 hata riski minimize edilmekte,<br>\u2022 Mevcut altyap\u0131lar ile uyumlu, merkezi, b\u00fct\u00fcnc\u00fcl ve entegre yap\u0131da \u00e7al\u0131\u015fabilmekte,<br>\u2022 \u0130cra \u0130flas Hukuku alan\u0131ndaki teknoloji bo\u015flu\u011funu gidermektedir.<\/p>\n","protected":false},"excerpt":{"rendered":"<p>KURUM: ETCBASE YAZILIM VE B\u0130L\u0130\u015e\u0130M TEKNOLOJ\u0130LER\u0130 A.\u015e. SEH\u0130R: \u0130stanbul PROJE URL D\u00dcZEY: Teknopark ve Teknokent Firmalar\u0131 ALAN: Robotik S\u00fcre\u00e7 Otomasyonu PROJE \u00d6ZET: Bankalar, GSM operat\u00f6rleri, telekom\u00fcnikasyon \u015firketleri, elektrik, do\u011falgaz, su da\u011f\u0131t\u0131m ve sat\u0131\u015f \u015firketleri, otoyol i\u015fletmeleri vb. gibi kitlesel \u00fcr\u00fcn\/hizmet sunan kurumlar, faturalar ve s\u00f6zle\u015fmelere dayal\u0131 alacaklar\u0131n\u0131 g\u00fcn\u00fcnde tahsil etmeye \u00e7al\u0131\u015fmaktad\u0131r.Kurumlar g\u00fcn\u00fcnde tahsil edilemeyen alacaklar\u0131n\u0131 &hellip; <\/p>\n","protected":false},"author":4,"featured_media":0,"parent":0,"menu_order":0,"comment_status":"closed","ping_status":"closed","template":"","meta":{"footnotes":""},"class_list":["post-2003","page","type-page","status-publish","hentry"],"yoast_head":"<!-- This site is optimized with the Yoast SEO plugin v27.5 - https:\/\/yoast.com\/product\/yoast-seo-wordpress\/ -->\n<title>AHTABOT - Bili\u015fim Y\u0131ld\u0131zlar\u0131 2025<\/title>\n<meta name=\"robots\" content=\"index, follow, max-snippet:-1, max-image-preview:large, max-video-preview:-1\" \/>\n<link rel=\"canonical\" href=\"https:\/\/bilisimyildizlari.org.tr\/2025\/ahtabot\" \/>\n<meta property=\"og:locale\" content=\"tr_TR\" \/>\n<meta property=\"og:type\" content=\"article\" \/>\n<meta property=\"og:title\" content=\"AHTABOT - Bili\u015fim Y\u0131ld\u0131zlar\u0131 2025\" \/>\n<meta property=\"og:description\" content=\"KURUM: ETCBASE YAZILIM VE B\u0130L\u0130\u015e\u0130M TEKNOLOJ\u0130LER\u0130 A.\u015e. SEH\u0130R: \u0130stanbul PROJE URL D\u00dcZEY: Teknopark ve Teknokent Firmalar\u0131 ALAN: Robotik S\u00fcre\u00e7 Otomasyonu PROJE \u00d6ZET: Bankalar, GSM operat\u00f6rleri, telekom\u00fcnikasyon \u015firketleri, elektrik, do\u011falgaz, su da\u011f\u0131t\u0131m ve sat\u0131\u015f \u015firketleri, otoyol i\u015fletmeleri vb. gibi kitlesel \u00fcr\u00fcn\/hizmet sunan kurumlar, faturalar ve s\u00f6zle\u015fmelere dayal\u0131 alacaklar\u0131n\u0131 g\u00fcn\u00fcnde tahsil etmeye \u00e7al\u0131\u015fmaktad\u0131r.Kurumlar g\u00fcn\u00fcnde tahsil edilemeyen alacaklar\u0131n\u0131 &hellip;\" \/>\n<meta property=\"og:url\" content=\"https:\/\/bilisimyildizlari.org.tr\/2025\/ahtabot\" \/>\n<meta property=\"og:site_name\" content=\"Bili\u015fim Y\u0131ld\u0131zlar\u0131 2025\" \/>\n<meta property=\"article:modified_time\" content=\"2025-11-26T13:35:37+00:00\" \/>\n<meta name=\"twitter:card\" content=\"summary_large_image\" \/>\n<meta name=\"twitter:label1\" content=\"Tahmini okuma s\u00fcresi\" \/>\n\t<meta name=\"twitter:data1\" content=\"3 dakika\" \/>\n<script type=\"application\/ld+json\" class=\"yoast-schema-graph\">{\"@context\":\"https:\\\/\\\/schema.org\",\"@graph\":[{\"@type\":\"WebPage\",\"@id\":\"https:\\\/\\\/bilisimyildizlari.org.tr\\\/2025\\\/ahtabot\",\"url\":\"https:\\\/\\\/bilisimyildizlari.org.tr\\\/2025\\\/ahtabot\",\"name\":\"AHTABOT - Bili\u015fim Y\u0131ld\u0131zlar\u0131 2025\",\"isPartOf\":{\"@id\":\"https:\\\/\\\/bilisimyildizlari.org.tr\\\/2025\\\/#website\"},\"datePublished\":\"2025-11-26T13:35:35+00:00\",\"dateModified\":\"2025-11-26T13:35:37+00:00\",\"breadcrumb\":{\"@id\":\"https:\\\/\\\/bilisimyildizlari.org.tr\\\/2025\\\/ahtabot#breadcrumb\"},\"inLanguage\":\"tr\",\"potentialAction\":[{\"@type\":\"ReadAction\",\"target\":[\"https:\\\/\\\/bilisimyildizlari.org.tr\\\/2025\\\/ahtabot\"]}]},{\"@type\":\"BreadcrumbList\",\"@id\":\"https:\\\/\\\/bilisimyildizlari.org.tr\\\/2025\\\/ahtabot#breadcrumb\",\"itemListElement\":[{\"@type\":\"ListItem\",\"position\":1,\"name\":\"Anasayfa\",\"item\":\"https:\\\/\\\/bilisimyildizlari.org.tr\\\/2025\\\/\"},{\"@type\":\"ListItem\",\"position\":2,\"name\":\"AHTABOT\"}]},{\"@type\":\"WebSite\",\"@id\":\"https:\\\/\\\/bilisimyildizlari.org.tr\\\/2025\\\/#website\",\"url\":\"https:\\\/\\\/bilisimyildizlari.org.tr\\\/2025\\\/\",\"name\":\"Bili\u015fim Y\u0131ld\u0131zlar\u0131 2025\",\"description\":\"TBD \u0130stanbul Bili\u015fim Y\u0131ld\u0131zlar\u0131 Yar\u0131\u015fmas\u0131\",\"publisher\":{\"@id\":\"https:\\\/\\\/bilisimyildizlari.org.tr\\\/2025\\\/#organization\"},\"potentialAction\":[{\"@type\":\"SearchAction\",\"target\":{\"@type\":\"EntryPoint\",\"urlTemplate\":\"https:\\\/\\\/bilisimyildizlari.org.tr\\\/2025\\\/?s={search_term_string}\"},\"query-input\":{\"@type\":\"PropertyValueSpecification\",\"valueRequired\":true,\"valueName\":\"search_term_string\"}}],\"inLanguage\":\"tr\"},{\"@type\":\"Organization\",\"@id\":\"https:\\\/\\\/bilisimyildizlari.org.tr\\\/2025\\\/#organization\",\"name\":\"Bili\u015fim Y\u0131ld\u0131zlar\u0131 2025\",\"url\":\"https:\\\/\\\/bilisimyildizlari.org.tr\\\/2025\\\/\",\"logo\":{\"@type\":\"ImageObject\",\"inLanguage\":\"tr\",\"@id\":\"https:\\\/\\\/bilisimyildizlari.org.tr\\\/2025\\\/#\\\/schema\\\/logo\\\/image\\\/\",\"url\":\"https:\\\/\\\/bilisimyildizlari.org.tr\\\/2025\\\/wp-content\\\/uploads\\\/sites\\\/9\\\/2022\\\/04\\\/TBD_ist_logo1.png\",\"contentUrl\":\"https:\\\/\\\/bilisimyildizlari.org.tr\\\/2025\\\/wp-content\\\/uploads\\\/sites\\\/9\\\/2022\\\/04\\\/TBD_ist_logo1.png\",\"width\":185,\"height\":80,\"caption\":\"Bili\u015fim Y\u0131ld\u0131zlar\u0131 2025 \"},\"image\":{\"@id\":\"https:\\\/\\\/bilisimyildizlari.org.tr\\\/2025\\\/#\\\/schema\\\/logo\\\/image\\\/\"}}]}<\/script>\n<!-- \/ Yoast SEO plugin. -->","yoast_head_json":{"title":"AHTABOT - Bili\u015fim Y\u0131ld\u0131zlar\u0131 2025","robots":{"index":"index","follow":"follow","max-snippet":"max-snippet:-1","max-image-preview":"max-image-preview:large","max-video-preview":"max-video-preview:-1"},"canonical":"https:\/\/bilisimyildizlari.org.tr\/2025\/ahtabot","og_locale":"tr_TR","og_type":"article","og_title":"AHTABOT - Bili\u015fim Y\u0131ld\u0131zlar\u0131 2025","og_description":"KURUM: ETCBASE YAZILIM VE B\u0130L\u0130\u015e\u0130M TEKNOLOJ\u0130LER\u0130 A.\u015e. SEH\u0130R: \u0130stanbul PROJE URL D\u00dcZEY: Teknopark ve Teknokent Firmalar\u0131 ALAN: Robotik S\u00fcre\u00e7 Otomasyonu PROJE \u00d6ZET: Bankalar, GSM operat\u00f6rleri, telekom\u00fcnikasyon \u015firketleri, elektrik, do\u011falgaz, su da\u011f\u0131t\u0131m ve sat\u0131\u015f \u015firketleri, otoyol i\u015fletmeleri vb. gibi kitlesel \u00fcr\u00fcn\/hizmet sunan kurumlar, faturalar ve s\u00f6zle\u015fmelere dayal\u0131 alacaklar\u0131n\u0131 g\u00fcn\u00fcnde tahsil etmeye \u00e7al\u0131\u015fmaktad\u0131r.Kurumlar g\u00fcn\u00fcnde tahsil edilemeyen alacaklar\u0131n\u0131 &hellip;","og_url":"https:\/\/bilisimyildizlari.org.tr\/2025\/ahtabot","og_site_name":"Bili\u015fim Y\u0131ld\u0131zlar\u0131 2025","article_modified_time":"2025-11-26T13:35:37+00:00","twitter_card":"summary_large_image","twitter_misc":{"Tahmini okuma s\u00fcresi":"3 dakika"},"schema":{"@context":"https:\/\/schema.org","@graph":[{"@type":"WebPage","@id":"https:\/\/bilisimyildizlari.org.tr\/2025\/ahtabot","url":"https:\/\/bilisimyildizlari.org.tr\/2025\/ahtabot","name":"AHTABOT - Bili\u015fim Y\u0131ld\u0131zlar\u0131 2025","isPartOf":{"@id":"https:\/\/bilisimyildizlari.org.tr\/2025\/#website"},"datePublished":"2025-11-26T13:35:35+00:00","dateModified":"2025-11-26T13:35:37+00:00","breadcrumb":{"@id":"https:\/\/bilisimyildizlari.org.tr\/2025\/ahtabot#breadcrumb"},"inLanguage":"tr","potentialAction":[{"@type":"ReadAction","target":["https:\/\/bilisimyildizlari.org.tr\/2025\/ahtabot"]}]},{"@type":"BreadcrumbList","@id":"https:\/\/bilisimyildizlari.org.tr\/2025\/ahtabot#breadcrumb","itemListElement":[{"@type":"ListItem","position":1,"name":"Anasayfa","item":"https:\/\/bilisimyildizlari.org.tr\/2025\/"},{"@type":"ListItem","position":2,"name":"AHTABOT"}]},{"@type":"WebSite","@id":"https:\/\/bilisimyildizlari.org.tr\/2025\/#website","url":"https:\/\/bilisimyildizlari.org.tr\/2025\/","name":"Bili\u015fim Y\u0131ld\u0131zlar\u0131 2025","description":"TBD \u0130stanbul Bili\u015fim Y\u0131ld\u0131zlar\u0131 Yar\u0131\u015fmas\u0131","publisher":{"@id":"https:\/\/bilisimyildizlari.org.tr\/2025\/#organization"},"potentialAction":[{"@type":"SearchAction","target":{"@type":"EntryPoint","urlTemplate":"https:\/\/bilisimyildizlari.org.tr\/2025\/?s={search_term_string}"},"query-input":{"@type":"PropertyValueSpecification","valueRequired":true,"valueName":"search_term_string"}}],"inLanguage":"tr"},{"@type":"Organization","@id":"https:\/\/bilisimyildizlari.org.tr\/2025\/#organization","name":"Bili\u015fim Y\u0131ld\u0131zlar\u0131 2025","url":"https:\/\/bilisimyildizlari.org.tr\/2025\/","logo":{"@type":"ImageObject","inLanguage":"tr","@id":"https:\/\/bilisimyildizlari.org.tr\/2025\/#\/schema\/logo\/image\/","url":"https:\/\/bilisimyildizlari.org.tr\/2025\/wp-content\/uploads\/sites\/9\/2022\/04\/TBD_ist_logo1.png","contentUrl":"https:\/\/bilisimyildizlari.org.tr\/2025\/wp-content\/uploads\/sites\/9\/2022\/04\/TBD_ist_logo1.png","width":185,"height":80,"caption":"Bili\u015fim Y\u0131ld\u0131zlar\u0131 2025 "},"image":{"@id":"https:\/\/bilisimyildizlari.org.tr\/2025\/#\/schema\/logo\/image\/"}}]}},"_links":{"self":[{"href":"https:\/\/bilisimyildizlari.org.tr\/2025\/wp-json\/wp\/v2\/pages\/2003","targetHints":{"allow":["GET"]}}],"collection":[{"href":"https:\/\/bilisimyildizlari.org.tr\/2025\/wp-json\/wp\/v2\/pages"}],"about":[{"href":"https:\/\/bilisimyildizlari.org.tr\/2025\/wp-json\/wp\/v2\/types\/page"}],"author":[{"embeddable":true,"href":"https:\/\/bilisimyildizlari.org.tr\/2025\/wp-json\/wp\/v2\/users\/4"}],"replies":[{"embeddable":true,"href":"https:\/\/bilisimyildizlari.org.tr\/2025\/wp-json\/wp\/v2\/comments?post=2003"}],"version-history":[{"count":1,"href":"https:\/\/bilisimyildizlari.org.tr\/2025\/wp-json\/wp\/v2\/pages\/2003\/revisions"}],"predecessor-version":[{"id":2004,"href":"https:\/\/bilisimyildizlari.org.tr\/2025\/wp-json\/wp\/v2\/pages\/2003\/revisions\/2004"}],"wp:attachment":[{"href":"https:\/\/bilisimyildizlari.org.tr\/2025\/wp-json\/wp\/v2\/media?parent=2003"}],"curies":[{"name":"wp","href":"https:\/\/api.w.org\/{rel}","templated":true}]}}