{"id":2005,"date":"2025-11-26T16:37:46","date_gmt":"2025-11-26T13:37:46","guid":{"rendered":"https:\/\/bilisimyildizlari.org.tr\/2025\/?page_id=2005"},"modified":"2025-11-26T16:37:48","modified_gmt":"2025-11-26T13:37:48","slug":"rasyomed-yogun-bakim-bilgi-yonetim-sistemi","status":"publish","type":"page","link":"https:\/\/bilisimyildizlari.org.tr\/2025\/rasyomed-yogun-bakim-bilgi-yonetim-sistemi","title":{"rendered":"Rasyomed Yo\u011fun Bak\u0131m Bilgi Y\u00f6netim Sistemi"},"content":{"rendered":"\n<p><strong>KURUM<\/strong>: RASYOTEK \u0130NSAN KAYNAKLARI B\u0130L\u0130\u015e\u0130M ANON\u0130M \u015e\u0130RKET\u0130<\/p>\n\n\n\n<p><strong>SEH\u0130R<\/strong>: \u0130stanbul<\/p>\n\n\n\n<p><strong>PROJE ADI<\/strong>: Rasyomed Yo\u011fun Bak\u0131m Bilgi Y\u00f6netim Sistemi<\/p>\n\n\n\n<p><strong><a href=\"https:\/\/rasyomed.com.tr\/Home\/YBBYS\">PROJE URL<\/a><\/strong><\/p>\n\n\n\n<p><strong>D\u00dcZEY<\/strong>: Teknopark ve Teknokent Firmalar\u0131<\/p>\n\n\n\n<p><strong>ALAN<\/strong>: Ak\u0131ll\u0131 Uygulamalar (Sa\u011fl\u0131k, Tar\u0131m vb.)<\/p>\n\n\n\n<p><strong>PROJE \u00d6ZET<\/strong>: Rasyomed YBBYS, yo\u011fun bak\u0131m \u00fcnitelerinin dijital d\u00f6n\u00fc\u015f\u00fcm\u00fcn\u00fc sa\u011flayan, mod\u00fcler yap\u0131ya sahip, web ve mobil tabanl\u0131 bir bilgi y\u00f6netim sistemidir. Bu sistem, hasta verilerinin ger\u00e7ek zamanl\u0131 takibini, t\u0131bbi cihazlarla entegrasyonu ve karar destek algoritmalar\u0131yla klinik s\u00fcre\u00e7lerin optimize edilmesini m\u00fcmk\u00fcn k\u0131lar. Kullan\u0131c\u0131 dostu aray\u00fcz\u00fc sayesinde sa\u011fl\u0131k profesyonellerinin i\u015f y\u00fck\u00fcn\u00fc azalt\u0131r, manuel hatalar\u0131 en aza indirir ve hasta bak\u0131m kalitesini art\u0131r\u0131r. Rasyomed YBBYS, yo\u011fun bak\u0131m y\u00f6netimini proaktif ve verimli bir s\u00fcrece d\u00f6n\u00fc\u015ft\u00fcrerek sa\u011fl\u0131k hizmetlerinde m\u00fckemmeliyeti hedefler.<\/p>\n\n\n\n<p>Rasyomed YBBYS, tamamen yerli sermaye ve yaz\u0131l\u0131m ekibi taraf\u0131ndan geli\u015ftirilmi\u015ftir. Proje kapsam\u0131nda herhangi bir yabanc\u0131 ortakl\u0131k veya \u00e7al\u0131\u015fan bulunmamaktad\u0131r. Sistem, T\u00fcrkiye\u2019deki sa\u011fl\u0131k kurulu\u015flar\u0131n\u0131n ihtiya\u00e7lar\u0131na g\u00f6re \u00f6zelle\u015ftirilmi\u015f olup, yurt d\u0131\u015f\u0131 pazarlarda da rekabet edebilecek d\u00fczeyde inovatif \u00f6zelliklere sahiptir. Yurt d\u0131\u015f\u0131 pazarlara a\u00e7\u0131lma hedefiyle, uluslararas\u0131 sa\u011fl\u0131k standartlar\u0131na uyumlu olarak geli\u015ftirilmi\u015ftir.<\/p>\n","protected":false},"excerpt":{"rendered":"<p>KURUM: RASYOTEK \u0130NSAN KAYNAKLARI B\u0130L\u0130\u015e\u0130M ANON\u0130M \u015e\u0130RKET\u0130 SEH\u0130R: \u0130stanbul PROJE ADI: Rasyomed Yo\u011fun Bak\u0131m Bilgi Y\u00f6netim Sistemi PROJE URL D\u00dcZEY: Teknopark ve Teknokent Firmalar\u0131 ALAN: Ak\u0131ll\u0131 Uygulamalar (Sa\u011fl\u0131k, Tar\u0131m vb.) PROJE \u00d6ZET: Rasyomed YBBYS, yo\u011fun bak\u0131m \u00fcnitelerinin dijital d\u00f6n\u00fc\u015f\u00fcm\u00fcn\u00fc sa\u011flayan, mod\u00fcler yap\u0131ya sahip, web ve mobil tabanl\u0131 bir bilgi y\u00f6netim sistemidir. Bu sistem, hasta verilerinin &hellip; <\/p>\n","protected":false},"author":4,"featured_media":0,"parent":0,"menu_order":0,"comment_status":"closed","ping_status":"closed","template":"","meta":{"footnotes":""},"class_list":["post-2005","page","type-page","status-publish","hentry"],"yoast_head":"<!-- This site is optimized with the Yoast SEO plugin v27.5 - https:\/\/yoast.com\/product\/yoast-seo-wordpress\/ -->\n<title>Rasyomed Yo\u011fun Bak\u0131m Bilgi Y\u00f6netim Sistemi - Bili\u015fim Y\u0131ld\u0131zlar\u0131 2025<\/title>\n<meta name=\"robots\" content=\"index, follow, max-snippet:-1, max-image-preview:large, max-video-preview:-1\" \/>\n<link rel=\"canonical\" href=\"https:\/\/bilisimyildizlari.org.tr\/2025\/rasyomed-yogun-bakim-bilgi-yonetim-sistemi\" \/>\n<meta property=\"og:locale\" content=\"tr_TR\" \/>\n<meta property=\"og:type\" content=\"article\" \/>\n<meta property=\"og:title\" content=\"Rasyomed Yo\u011fun Bak\u0131m Bilgi Y\u00f6netim Sistemi - Bili\u015fim Y\u0131ld\u0131zlar\u0131 2025\" \/>\n<meta property=\"og:description\" content=\"KURUM: RASYOTEK \u0130NSAN KAYNAKLARI B\u0130L\u0130\u015e\u0130M ANON\u0130M \u015e\u0130RKET\u0130 SEH\u0130R: \u0130stanbul PROJE ADI: Rasyomed Yo\u011fun Bak\u0131m Bilgi Y\u00f6netim Sistemi PROJE URL D\u00dcZEY: Teknopark ve Teknokent Firmalar\u0131 ALAN: Ak\u0131ll\u0131 Uygulamalar (Sa\u011fl\u0131k, Tar\u0131m vb.) PROJE \u00d6ZET: Rasyomed YBBYS, yo\u011fun bak\u0131m \u00fcnitelerinin dijital d\u00f6n\u00fc\u015f\u00fcm\u00fcn\u00fc sa\u011flayan, mod\u00fcler yap\u0131ya sahip, web ve mobil tabanl\u0131 bir bilgi y\u00f6netim sistemidir. Bu sistem, hasta verilerinin &hellip;\" \/>\n<meta property=\"og:url\" content=\"https:\/\/bilisimyildizlari.org.tr\/2025\/rasyomed-yogun-bakim-bilgi-yonetim-sistemi\" \/>\n<meta property=\"og:site_name\" content=\"Bili\u015fim Y\u0131ld\u0131zlar\u0131 2025\" \/>\n<meta property=\"article:modified_time\" content=\"2025-11-26T13:37:48+00:00\" \/>\n<meta name=\"twitter:card\" content=\"summary_large_image\" \/>\n<meta name=\"twitter:label1\" content=\"Tahmini okuma s\u00fcresi\" \/>\n\t<meta name=\"twitter:data1\" content=\"1 dakika\" \/>\n<script type=\"application\/ld+json\" class=\"yoast-schema-graph\">{\"@context\":\"https:\\\/\\\/schema.org\",\"@graph\":[{\"@type\":\"WebPage\",\"@id\":\"https:\\\/\\\/bilisimyildizlari.org.tr\\\/2025\\\/rasyomed-yogun-bakim-bilgi-yonetim-sistemi\",\"url\":\"https:\\\/\\\/bilisimyildizlari.org.tr\\\/2025\\\/rasyomed-yogun-bakim-bilgi-yonetim-sistemi\",\"name\":\"Rasyomed Yo\u011fun Bak\u0131m Bilgi Y\u00f6netim Sistemi - Bili\u015fim Y\u0131ld\u0131zlar\u0131 2025\",\"isPartOf\":{\"@id\":\"https:\\\/\\\/bilisimyildizlari.org.tr\\\/2025\\\/#website\"},\"datePublished\":\"2025-11-26T13:37:46+00:00\",\"dateModified\":\"2025-11-26T13:37:48+00:00\",\"breadcrumb\":{\"@id\":\"https:\\\/\\\/bilisimyildizlari.org.tr\\\/2025\\\/rasyomed-yogun-bakim-bilgi-yonetim-sistemi#breadcrumb\"},\"inLanguage\":\"tr\",\"potentialAction\":[{\"@type\":\"ReadAction\",\"target\":[\"https:\\\/\\\/bilisimyildizlari.org.tr\\\/2025\\\/rasyomed-yogun-bakim-bilgi-yonetim-sistemi\"]}]},{\"@type\":\"BreadcrumbList\",\"@id\":\"https:\\\/\\\/bilisimyildizlari.org.tr\\\/2025\\\/rasyomed-yogun-bakim-bilgi-yonetim-sistemi#breadcrumb\",\"itemListElement\":[{\"@type\":\"ListItem\",\"position\":1,\"name\":\"Anasayfa\",\"item\":\"https:\\\/\\\/bilisimyildizlari.org.tr\\\/2025\\\/\"},{\"@type\":\"ListItem\",\"position\":2,\"name\":\"Rasyomed Yo\u011fun Bak\u0131m Bilgi Y\u00f6netim Sistemi\"}]},{\"@type\":\"WebSite\",\"@id\":\"https:\\\/\\\/bilisimyildizlari.org.tr\\\/2025\\\/#website\",\"url\":\"https:\\\/\\\/bilisimyildizlari.org.tr\\\/2025\\\/\",\"name\":\"Bili\u015fim Y\u0131ld\u0131zlar\u0131 2025\",\"description\":\"TBD \u0130stanbul Bili\u015fim Y\u0131ld\u0131zlar\u0131 Yar\u0131\u015fmas\u0131\",\"publisher\":{\"@id\":\"https:\\\/\\\/bilisimyildizlari.org.tr\\\/2025\\\/#organization\"},\"potentialAction\":[{\"@type\":\"SearchAction\",\"target\":{\"@type\":\"EntryPoint\",\"urlTemplate\":\"https:\\\/\\\/bilisimyildizlari.org.tr\\\/2025\\\/?s={search_term_string}\"},\"query-input\":{\"@type\":\"PropertyValueSpecification\",\"valueRequired\":true,\"valueName\":\"search_term_string\"}}],\"inLanguage\":\"tr\"},{\"@type\":\"Organization\",\"@id\":\"https:\\\/\\\/bilisimyildizlari.org.tr\\\/2025\\\/#organization\",\"name\":\"Bili\u015fim Y\u0131ld\u0131zlar\u0131 2025\",\"url\":\"https:\\\/\\\/bilisimyildizlari.org.tr\\\/2025\\\/\",\"logo\":{\"@type\":\"ImageObject\",\"inLanguage\":\"tr\",\"@id\":\"https:\\\/\\\/bilisimyildizlari.org.tr\\\/2025\\\/#\\\/schema\\\/logo\\\/image\\\/\",\"url\":\"https:\\\/\\\/bilisimyildizlari.org.tr\\\/2025\\\/wp-content\\\/uploads\\\/sites\\\/9\\\/2022\\\/04\\\/TBD_ist_logo1.png\",\"contentUrl\":\"https:\\\/\\\/bilisimyildizlari.org.tr\\\/2025\\\/wp-content\\\/uploads\\\/sites\\\/9\\\/2022\\\/04\\\/TBD_ist_logo1.png\",\"width\":185,\"height\":80,\"caption\":\"Bili\u015fim Y\u0131ld\u0131zlar\u0131 2025 \"},\"image\":{\"@id\":\"https:\\\/\\\/bilisimyildizlari.org.tr\\\/2025\\\/#\\\/schema\\\/logo\\\/image\\\/\"}}]}<\/script>\n<!-- \/ Yoast SEO plugin. -->","yoast_head_json":{"title":"Rasyomed Yo\u011fun Bak\u0131m Bilgi Y\u00f6netim Sistemi - Bili\u015fim Y\u0131ld\u0131zlar\u0131 2025","robots":{"index":"index","follow":"follow","max-snippet":"max-snippet:-1","max-image-preview":"max-image-preview:large","max-video-preview":"max-video-preview:-1"},"canonical":"https:\/\/bilisimyildizlari.org.tr\/2025\/rasyomed-yogun-bakim-bilgi-yonetim-sistemi","og_locale":"tr_TR","og_type":"article","og_title":"Rasyomed Yo\u011fun Bak\u0131m Bilgi Y\u00f6netim Sistemi - Bili\u015fim Y\u0131ld\u0131zlar\u0131 2025","og_description":"KURUM: RASYOTEK \u0130NSAN KAYNAKLARI B\u0130L\u0130\u015e\u0130M ANON\u0130M \u015e\u0130RKET\u0130 SEH\u0130R: \u0130stanbul PROJE ADI: Rasyomed Yo\u011fun Bak\u0131m Bilgi Y\u00f6netim Sistemi PROJE URL D\u00dcZEY: Teknopark ve Teknokent Firmalar\u0131 ALAN: Ak\u0131ll\u0131 Uygulamalar (Sa\u011fl\u0131k, Tar\u0131m vb.) PROJE \u00d6ZET: Rasyomed YBBYS, yo\u011fun bak\u0131m \u00fcnitelerinin dijital d\u00f6n\u00fc\u015f\u00fcm\u00fcn\u00fc sa\u011flayan, mod\u00fcler yap\u0131ya sahip, web ve mobil tabanl\u0131 bir bilgi y\u00f6netim sistemidir. Bu sistem, hasta verilerinin &hellip;","og_url":"https:\/\/bilisimyildizlari.org.tr\/2025\/rasyomed-yogun-bakim-bilgi-yonetim-sistemi","og_site_name":"Bili\u015fim Y\u0131ld\u0131zlar\u0131 2025","article_modified_time":"2025-11-26T13:37:48+00:00","twitter_card":"summary_large_image","twitter_misc":{"Tahmini okuma s\u00fcresi":"1 dakika"},"schema":{"@context":"https:\/\/schema.org","@graph":[{"@type":"WebPage","@id":"https:\/\/bilisimyildizlari.org.tr\/2025\/rasyomed-yogun-bakim-bilgi-yonetim-sistemi","url":"https:\/\/bilisimyildizlari.org.tr\/2025\/rasyomed-yogun-bakim-bilgi-yonetim-sistemi","name":"Rasyomed Yo\u011fun Bak\u0131m Bilgi Y\u00f6netim Sistemi - Bili\u015fim Y\u0131ld\u0131zlar\u0131 2025","isPartOf":{"@id":"https:\/\/bilisimyildizlari.org.tr\/2025\/#website"},"datePublished":"2025-11-26T13:37:46+00:00","dateModified":"2025-11-26T13:37:48+00:00","breadcrumb":{"@id":"https:\/\/bilisimyildizlari.org.tr\/2025\/rasyomed-yogun-bakim-bilgi-yonetim-sistemi#breadcrumb"},"inLanguage":"tr","potentialAction":[{"@type":"ReadAction","target":["https:\/\/bilisimyildizlari.org.tr\/2025\/rasyomed-yogun-bakim-bilgi-yonetim-sistemi"]}]},{"@type":"BreadcrumbList","@id":"https:\/\/bilisimyildizlari.org.tr\/2025\/rasyomed-yogun-bakim-bilgi-yonetim-sistemi#breadcrumb","itemListElement":[{"@type":"ListItem","position":1,"name":"Anasayfa","item":"https:\/\/bilisimyildizlari.org.tr\/2025\/"},{"@type":"ListItem","position":2,"name":"Rasyomed Yo\u011fun Bak\u0131m Bilgi Y\u00f6netim Sistemi"}]},{"@type":"WebSite","@id":"https:\/\/bilisimyildizlari.org.tr\/2025\/#website","url":"https:\/\/bilisimyildizlari.org.tr\/2025\/","name":"Bili\u015fim Y\u0131ld\u0131zlar\u0131 2025","description":"TBD \u0130stanbul Bili\u015fim Y\u0131ld\u0131zlar\u0131 Yar\u0131\u015fmas\u0131","publisher":{"@id":"https:\/\/bilisimyildizlari.org.tr\/2025\/#organization"},"potentialAction":[{"@type":"SearchAction","target":{"@type":"EntryPoint","urlTemplate":"https:\/\/bilisimyildizlari.org.tr\/2025\/?s={search_term_string}"},"query-input":{"@type":"PropertyValueSpecification","valueRequired":true,"valueName":"search_term_string"}}],"inLanguage":"tr"},{"@type":"Organization","@id":"https:\/\/bilisimyildizlari.org.tr\/2025\/#organization","name":"Bili\u015fim Y\u0131ld\u0131zlar\u0131 2025","url":"https:\/\/bilisimyildizlari.org.tr\/2025\/","logo":{"@type":"ImageObject","inLanguage":"tr","@id":"https:\/\/bilisimyildizlari.org.tr\/2025\/#\/schema\/logo\/image\/","url":"https:\/\/bilisimyildizlari.org.tr\/2025\/wp-content\/uploads\/sites\/9\/2022\/04\/TBD_ist_logo1.png","contentUrl":"https:\/\/bilisimyildizlari.org.tr\/2025\/wp-content\/uploads\/sites\/9\/2022\/04\/TBD_ist_logo1.png","width":185,"height":80,"caption":"Bili\u015fim Y\u0131ld\u0131zlar\u0131 2025 "},"image":{"@id":"https:\/\/bilisimyildizlari.org.tr\/2025\/#\/schema\/logo\/image\/"}}]}},"_links":{"self":[{"href":"https:\/\/bilisimyildizlari.org.tr\/2025\/wp-json\/wp\/v2\/pages\/2005","targetHints":{"allow":["GET"]}}],"collection":[{"href":"https:\/\/bilisimyildizlari.org.tr\/2025\/wp-json\/wp\/v2\/pages"}],"about":[{"href":"https:\/\/bilisimyildizlari.org.tr\/2025\/wp-json\/wp\/v2\/types\/page"}],"author":[{"embeddable":true,"href":"https:\/\/bilisimyildizlari.org.tr\/2025\/wp-json\/wp\/v2\/users\/4"}],"replies":[{"embeddable":true,"href":"https:\/\/bilisimyildizlari.org.tr\/2025\/wp-json\/wp\/v2\/comments?post=2005"}],"version-history":[{"count":1,"href":"https:\/\/bilisimyildizlari.org.tr\/2025\/wp-json\/wp\/v2\/pages\/2005\/revisions"}],"predecessor-version":[{"id":2006,"href":"https:\/\/bilisimyildizlari.org.tr\/2025\/wp-json\/wp\/v2\/pages\/2005\/revisions\/2006"}],"wp:attachment":[{"href":"https:\/\/bilisimyildizlari.org.tr\/2025\/wp-json\/wp\/v2\/media?parent=2005"}],"curies":[{"name":"wp","href":"https:\/\/api.w.org\/{rel}","templated":true}]}}