{"id":2007,"date":"2025-11-26T16:39:34","date_gmt":"2025-11-26T13:39:34","guid":{"rendered":"https:\/\/bilisimyildizlari.org.tr\/2025\/?page_id=2007"},"modified":"2025-11-26T16:39:36","modified_gmt":"2025-11-26T13:39:36","slug":"nexarium-forklift-reach-truck-simulatoru","status":"publish","type":"page","link":"https:\/\/bilisimyildizlari.org.tr\/2025\/nexarium-forklift-reach-truck-simulatoru","title":{"rendered":"Nexarium Forklift &#038; Reach Truck Sim\u00fclat\u00f6r\u00fc"},"content":{"rendered":"\n<p><strong>KURUM<\/strong>: Nara E\u011fitim Teknolojileri A\u015e<\/p>\n\n\n\n<p><strong>SEH\u0130R<\/strong>: \u00c7anakkale<\/p>\n\n\n\n<p><strong><a href=\"https:\/\/nexarium.co\/\">PROJE URL<\/a><\/strong><\/p>\n\n\n\n<p><strong>D\u00dcZEY<\/strong>: Teknopark ve Teknokent Firmalar\u0131<\/p>\n\n\n\n<p><strong>ALAN<\/strong>: Sanal Ger\u00e7eklik ve Art\u0131r\u0131lm\u0131\u015f Ger\u00e7eklik<\/p>\n\n\n\n<p><strong>PROJE \u00d6ZET<\/strong>: Nexarium, i\u015f sa\u011fl\u0131\u011f\u0131 ve g\u00fcvenli\u011fi standartlar\u0131na uygun \u015fekilde forklift ve reach truck operat\u00f6rlerinin yeti\u015ftirilmesini sa\u011flayan yenilik\u00e7i bir VR\/XR tabanl\u0131 e\u011fitim sim\u00fclat\u00f6r\u00fcd\u00fcr. NaraXR taraf\u0131ndan geli\u015ftirilmi\u015f ve Bor\u00e7elik Teknik Akademi (BTA) i\u015f birli\u011fiyle desteklenmi\u015ftir. Proje, riskli senaryolar\u0131 sanal ortamda g\u00fcvenli \u015fekilde sim\u00fcle ederek, kaza riskini azaltmay\u0131, operat\u00f6rlerin yetkinli\u011fini art\u0131rmay\u0131 ve i\u015fletmelerde operasyonel verimlili\u011fi y\u00fckseltmeyi ama\u00e7lar.<br><br>Platform, forklift kabini, 2 DoF hareketli platform, Meta Quest 3 VR teknolojisi, LMS entegrasyonu, \u00e7oklu senaryo ve iklim ko\u015fullar\u0131, 10 farkl\u0131 ata\u015fman ve 10 farkl\u0131 y\u00fck tipi deste\u011fi gibi geli\u015fmi\u015f teknik \u00f6zellikler sunar. Kullan\u0131c\u0131lar, g\u00fcnl\u00fck ara\u00e7 kontrol\u00fc, pratik parkur, farkl\u0131 y\u00fckleme senaryolar\u0131, \u0130SG ekipman se\u00e7imi ve beceri \u00f6l\u00e7\u00fcm\u00fc gibi mod\u00fcllerden ge\u00e7er. E\u011fitimler 35 dakikal\u0131k e-\u00f6\u011frenme dersleri ve \u00e7oktan se\u00e7meli s\u0131navlarla desteklenir; sonu\u00e7lar anl\u0131k olarak raporlan\u0131r ve sertifikaland\u0131r\u0131l\u0131r.<br><br>Nexarium, sadece bir e\u011fitim arac\u0131 de\u011fil, ayn\u0131 zamanda bak\u0131m maliyetlerini azaltan, operat\u00f6r yeti\u015fme s\u00fcresini k\u0131saltan ve \u00fcretkenli\u011fi art\u0131ran stratejik bir \u00e7\u00f6z\u00fcmd\u00fcr. Hem T\u00fcrkiye\u2019de hem de uluslararas\u0131 pazarda, sanayi ve lojistik sekt\u00f6rlerinde i\u015f g\u00fcvenli\u011fi k\u00fclt\u00fcr\u00fcn\u00fcn geli\u015fmesine uzun vadeli katk\u0131 sa\u011flayacak s\u00fcrd\u00fcr\u00fclebilir bir teknoloji platformudur.<\/p>\n","protected":false},"excerpt":{"rendered":"<p>KURUM: Nara E\u011fitim Teknolojileri A\u015e SEH\u0130R: \u00c7anakkale PROJE URL D\u00dcZEY: Teknopark ve Teknokent Firmalar\u0131 ALAN: Sanal Ger\u00e7eklik ve Art\u0131r\u0131lm\u0131\u015f Ger\u00e7eklik PROJE \u00d6ZET: Nexarium, i\u015f sa\u011fl\u0131\u011f\u0131 ve g\u00fcvenli\u011fi standartlar\u0131na uygun \u015fekilde forklift ve reach truck operat\u00f6rlerinin yeti\u015ftirilmesini sa\u011flayan yenilik\u00e7i bir VR\/XR tabanl\u0131 e\u011fitim sim\u00fclat\u00f6r\u00fcd\u00fcr. NaraXR taraf\u0131ndan geli\u015ftirilmi\u015f ve Bor\u00e7elik Teknik Akademi (BTA) i\u015f birli\u011fiyle desteklenmi\u015ftir. Proje, &hellip; <\/p>\n","protected":false},"author":4,"featured_media":0,"parent":0,"menu_order":0,"comment_status":"closed","ping_status":"closed","template":"","meta":{"footnotes":""},"class_list":["post-2007","page","type-page","status-publish","hentry"],"yoast_head":"<!-- This site is optimized with the Yoast SEO plugin v27.5 - https:\/\/yoast.com\/product\/yoast-seo-wordpress\/ -->\n<title>Nexarium Forklift &amp; Reach Truck Sim\u00fclat\u00f6r\u00fc - Bili\u015fim Y\u0131ld\u0131zlar\u0131 2025<\/title>\n<meta name=\"robots\" content=\"index, follow, max-snippet:-1, max-image-preview:large, max-video-preview:-1\" \/>\n<link rel=\"canonical\" href=\"https:\/\/bilisimyildizlari.org.tr\/2025\/nexarium-forklift-reach-truck-simulatoru\" \/>\n<meta property=\"og:locale\" content=\"tr_TR\" \/>\n<meta property=\"og:type\" content=\"article\" \/>\n<meta property=\"og:title\" content=\"Nexarium Forklift &amp; Reach Truck Sim\u00fclat\u00f6r\u00fc - Bili\u015fim Y\u0131ld\u0131zlar\u0131 2025\" \/>\n<meta property=\"og:description\" content=\"KURUM: Nara E\u011fitim Teknolojileri A\u015e SEH\u0130R: \u00c7anakkale PROJE URL D\u00dcZEY: Teknopark ve Teknokent Firmalar\u0131 ALAN: Sanal Ger\u00e7eklik ve Art\u0131r\u0131lm\u0131\u015f Ger\u00e7eklik PROJE \u00d6ZET: Nexarium, i\u015f sa\u011fl\u0131\u011f\u0131 ve g\u00fcvenli\u011fi standartlar\u0131na uygun \u015fekilde forklift ve reach truck operat\u00f6rlerinin yeti\u015ftirilmesini sa\u011flayan yenilik\u00e7i bir VR\/XR tabanl\u0131 e\u011fitim sim\u00fclat\u00f6r\u00fcd\u00fcr. NaraXR taraf\u0131ndan geli\u015ftirilmi\u015f ve Bor\u00e7elik Teknik Akademi (BTA) i\u015f birli\u011fiyle desteklenmi\u015ftir. Proje, &hellip;\" \/>\n<meta property=\"og:url\" content=\"https:\/\/bilisimyildizlari.org.tr\/2025\/nexarium-forklift-reach-truck-simulatoru\" \/>\n<meta property=\"og:site_name\" content=\"Bili\u015fim Y\u0131ld\u0131zlar\u0131 2025\" \/>\n<meta property=\"article:modified_time\" content=\"2025-11-26T13:39:36+00:00\" \/>\n<meta name=\"twitter:card\" content=\"summary_large_image\" \/>\n<meta name=\"twitter:label1\" content=\"Tahmini okuma s\u00fcresi\" \/>\n\t<meta name=\"twitter:data1\" content=\"2 dakika\" \/>\n<script type=\"application\/ld+json\" class=\"yoast-schema-graph\">{\"@context\":\"https:\\\/\\\/schema.org\",\"@graph\":[{\"@type\":\"WebPage\",\"@id\":\"https:\\\/\\\/bilisimyildizlari.org.tr\\\/2025\\\/nexarium-forklift-reach-truck-simulatoru\",\"url\":\"https:\\\/\\\/bilisimyildizlari.org.tr\\\/2025\\\/nexarium-forklift-reach-truck-simulatoru\",\"name\":\"Nexarium Forklift & Reach Truck Sim\u00fclat\u00f6r\u00fc - Bili\u015fim Y\u0131ld\u0131zlar\u0131 2025\",\"isPartOf\":{\"@id\":\"https:\\\/\\\/bilisimyildizlari.org.tr\\\/2025\\\/#website\"},\"datePublished\":\"2025-11-26T13:39:34+00:00\",\"dateModified\":\"2025-11-26T13:39:36+00:00\",\"breadcrumb\":{\"@id\":\"https:\\\/\\\/bilisimyildizlari.org.tr\\\/2025\\\/nexarium-forklift-reach-truck-simulatoru#breadcrumb\"},\"inLanguage\":\"tr\",\"potentialAction\":[{\"@type\":\"ReadAction\",\"target\":[\"https:\\\/\\\/bilisimyildizlari.org.tr\\\/2025\\\/nexarium-forklift-reach-truck-simulatoru\"]}]},{\"@type\":\"BreadcrumbList\",\"@id\":\"https:\\\/\\\/bilisimyildizlari.org.tr\\\/2025\\\/nexarium-forklift-reach-truck-simulatoru#breadcrumb\",\"itemListElement\":[{\"@type\":\"ListItem\",\"position\":1,\"name\":\"Anasayfa\",\"item\":\"https:\\\/\\\/bilisimyildizlari.org.tr\\\/2025\\\/\"},{\"@type\":\"ListItem\",\"position\":2,\"name\":\"Nexarium Forklift &#038; Reach Truck Sim\u00fclat\u00f6r\u00fc\"}]},{\"@type\":\"WebSite\",\"@id\":\"https:\\\/\\\/bilisimyildizlari.org.tr\\\/2025\\\/#website\",\"url\":\"https:\\\/\\\/bilisimyildizlari.org.tr\\\/2025\\\/\",\"name\":\"Bili\u015fim Y\u0131ld\u0131zlar\u0131 2025\",\"description\":\"TBD \u0130stanbul Bili\u015fim Y\u0131ld\u0131zlar\u0131 Yar\u0131\u015fmas\u0131\",\"publisher\":{\"@id\":\"https:\\\/\\\/bilisimyildizlari.org.tr\\\/2025\\\/#organization\"},\"potentialAction\":[{\"@type\":\"SearchAction\",\"target\":{\"@type\":\"EntryPoint\",\"urlTemplate\":\"https:\\\/\\\/bilisimyildizlari.org.tr\\\/2025\\\/?s={search_term_string}\"},\"query-input\":{\"@type\":\"PropertyValueSpecification\",\"valueRequired\":true,\"valueName\":\"search_term_string\"}}],\"inLanguage\":\"tr\"},{\"@type\":\"Organization\",\"@id\":\"https:\\\/\\\/bilisimyildizlari.org.tr\\\/2025\\\/#organization\",\"name\":\"Bili\u015fim Y\u0131ld\u0131zlar\u0131 2025\",\"url\":\"https:\\\/\\\/bilisimyildizlari.org.tr\\\/2025\\\/\",\"logo\":{\"@type\":\"ImageObject\",\"inLanguage\":\"tr\",\"@id\":\"https:\\\/\\\/bilisimyildizlari.org.tr\\\/2025\\\/#\\\/schema\\\/logo\\\/image\\\/\",\"url\":\"https:\\\/\\\/bilisimyildizlari.org.tr\\\/2025\\\/wp-content\\\/uploads\\\/sites\\\/9\\\/2022\\\/04\\\/TBD_ist_logo1.png\",\"contentUrl\":\"https:\\\/\\\/bilisimyildizlari.org.tr\\\/2025\\\/wp-content\\\/uploads\\\/sites\\\/9\\\/2022\\\/04\\\/TBD_ist_logo1.png\",\"width\":185,\"height\":80,\"caption\":\"Bili\u015fim Y\u0131ld\u0131zlar\u0131 2025 \"},\"image\":{\"@id\":\"https:\\\/\\\/bilisimyildizlari.org.tr\\\/2025\\\/#\\\/schema\\\/logo\\\/image\\\/\"}}]}<\/script>\n<!-- \/ Yoast SEO plugin. -->","yoast_head_json":{"title":"Nexarium Forklift & Reach Truck Sim\u00fclat\u00f6r\u00fc - Bili\u015fim Y\u0131ld\u0131zlar\u0131 2025","robots":{"index":"index","follow":"follow","max-snippet":"max-snippet:-1","max-image-preview":"max-image-preview:large","max-video-preview":"max-video-preview:-1"},"canonical":"https:\/\/bilisimyildizlari.org.tr\/2025\/nexarium-forklift-reach-truck-simulatoru","og_locale":"tr_TR","og_type":"article","og_title":"Nexarium Forklift & Reach Truck Sim\u00fclat\u00f6r\u00fc - Bili\u015fim Y\u0131ld\u0131zlar\u0131 2025","og_description":"KURUM: Nara E\u011fitim Teknolojileri A\u015e SEH\u0130R: \u00c7anakkale PROJE URL D\u00dcZEY: Teknopark ve Teknokent Firmalar\u0131 ALAN: Sanal Ger\u00e7eklik ve Art\u0131r\u0131lm\u0131\u015f Ger\u00e7eklik PROJE \u00d6ZET: Nexarium, i\u015f sa\u011fl\u0131\u011f\u0131 ve g\u00fcvenli\u011fi standartlar\u0131na uygun \u015fekilde forklift ve reach truck operat\u00f6rlerinin yeti\u015ftirilmesini sa\u011flayan yenilik\u00e7i bir VR\/XR tabanl\u0131 e\u011fitim sim\u00fclat\u00f6r\u00fcd\u00fcr. NaraXR taraf\u0131ndan geli\u015ftirilmi\u015f ve Bor\u00e7elik Teknik Akademi (BTA) i\u015f birli\u011fiyle desteklenmi\u015ftir. Proje, &hellip;","og_url":"https:\/\/bilisimyildizlari.org.tr\/2025\/nexarium-forklift-reach-truck-simulatoru","og_site_name":"Bili\u015fim Y\u0131ld\u0131zlar\u0131 2025","article_modified_time":"2025-11-26T13:39:36+00:00","twitter_card":"summary_large_image","twitter_misc":{"Tahmini okuma s\u00fcresi":"2 dakika"},"schema":{"@context":"https:\/\/schema.org","@graph":[{"@type":"WebPage","@id":"https:\/\/bilisimyildizlari.org.tr\/2025\/nexarium-forklift-reach-truck-simulatoru","url":"https:\/\/bilisimyildizlari.org.tr\/2025\/nexarium-forklift-reach-truck-simulatoru","name":"Nexarium Forklift & Reach Truck Sim\u00fclat\u00f6r\u00fc - Bili\u015fim Y\u0131ld\u0131zlar\u0131 2025","isPartOf":{"@id":"https:\/\/bilisimyildizlari.org.tr\/2025\/#website"},"datePublished":"2025-11-26T13:39:34+00:00","dateModified":"2025-11-26T13:39:36+00:00","breadcrumb":{"@id":"https:\/\/bilisimyildizlari.org.tr\/2025\/nexarium-forklift-reach-truck-simulatoru#breadcrumb"},"inLanguage":"tr","potentialAction":[{"@type":"ReadAction","target":["https:\/\/bilisimyildizlari.org.tr\/2025\/nexarium-forklift-reach-truck-simulatoru"]}]},{"@type":"BreadcrumbList","@id":"https:\/\/bilisimyildizlari.org.tr\/2025\/nexarium-forklift-reach-truck-simulatoru#breadcrumb","itemListElement":[{"@type":"ListItem","position":1,"name":"Anasayfa","item":"https:\/\/bilisimyildizlari.org.tr\/2025\/"},{"@type":"ListItem","position":2,"name":"Nexarium Forklift &#038; Reach Truck Sim\u00fclat\u00f6r\u00fc"}]},{"@type":"WebSite","@id":"https:\/\/bilisimyildizlari.org.tr\/2025\/#website","url":"https:\/\/bilisimyildizlari.org.tr\/2025\/","name":"Bili\u015fim Y\u0131ld\u0131zlar\u0131 2025","description":"TBD \u0130stanbul Bili\u015fim Y\u0131ld\u0131zlar\u0131 Yar\u0131\u015fmas\u0131","publisher":{"@id":"https:\/\/bilisimyildizlari.org.tr\/2025\/#organization"},"potentialAction":[{"@type":"SearchAction","target":{"@type":"EntryPoint","urlTemplate":"https:\/\/bilisimyildizlari.org.tr\/2025\/?s={search_term_string}"},"query-input":{"@type":"PropertyValueSpecification","valueRequired":true,"valueName":"search_term_string"}}],"inLanguage":"tr"},{"@type":"Organization","@id":"https:\/\/bilisimyildizlari.org.tr\/2025\/#organization","name":"Bili\u015fim Y\u0131ld\u0131zlar\u0131 2025","url":"https:\/\/bilisimyildizlari.org.tr\/2025\/","logo":{"@type":"ImageObject","inLanguage":"tr","@id":"https:\/\/bilisimyildizlari.org.tr\/2025\/#\/schema\/logo\/image\/","url":"https:\/\/bilisimyildizlari.org.tr\/2025\/wp-content\/uploads\/sites\/9\/2022\/04\/TBD_ist_logo1.png","contentUrl":"https:\/\/bilisimyildizlari.org.tr\/2025\/wp-content\/uploads\/sites\/9\/2022\/04\/TBD_ist_logo1.png","width":185,"height":80,"caption":"Bili\u015fim Y\u0131ld\u0131zlar\u0131 2025 "},"image":{"@id":"https:\/\/bilisimyildizlari.org.tr\/2025\/#\/schema\/logo\/image\/"}}]}},"_links":{"self":[{"href":"https:\/\/bilisimyildizlari.org.tr\/2025\/wp-json\/wp\/v2\/pages\/2007","targetHints":{"allow":["GET"]}}],"collection":[{"href":"https:\/\/bilisimyildizlari.org.tr\/2025\/wp-json\/wp\/v2\/pages"}],"about":[{"href":"https:\/\/bilisimyildizlari.org.tr\/2025\/wp-json\/wp\/v2\/types\/page"}],"author":[{"embeddable":true,"href":"https:\/\/bilisimyildizlari.org.tr\/2025\/wp-json\/wp\/v2\/users\/4"}],"replies":[{"embeddable":true,"href":"https:\/\/bilisimyildizlari.org.tr\/2025\/wp-json\/wp\/v2\/comments?post=2007"}],"version-history":[{"count":1,"href":"https:\/\/bilisimyildizlari.org.tr\/2025\/wp-json\/wp\/v2\/pages\/2007\/revisions"}],"predecessor-version":[{"id":2008,"href":"https:\/\/bilisimyildizlari.org.tr\/2025\/wp-json\/wp\/v2\/pages\/2007\/revisions\/2008"}],"wp:attachment":[{"href":"https:\/\/bilisimyildizlari.org.tr\/2025\/wp-json\/wp\/v2\/media?parent=2007"}],"curies":[{"name":"wp","href":"https:\/\/api.w.org\/{rel}","templated":true}]}}