{"id":2010,"date":"2025-11-26T16:41:12","date_gmt":"2025-11-26T13:41:12","guid":{"rendered":"https:\/\/bilisimyildizlari.org.tr\/2025\/?page_id=2010"},"modified":"2025-11-26T16:41:15","modified_gmt":"2025-11-26T13:41:15","slug":"ims-akilli-materyal-sistemi-ile-kapsayici-egitimde-dijital-donusum","status":"publish","type":"page","link":"https:\/\/bilisimyildizlari.org.tr\/2025\/ims-akilli-materyal-sistemi-ile-kapsayici-egitimde-dijital-donusum","title":{"rendered":"IMS: Ak\u0131ll\u0131 Materyal Sistemi ile Kapsay\u0131c\u0131 E\u011fitimde Dijital D\u00f6n\u00fc\u015f\u00fcm"},"content":{"rendered":"\n<p><strong>KURUM<\/strong>: \u0130stanbul \u00dcniversitesi \u2013 Cerrahpa\u015fa<\/p>\n\n\n\n<p><strong>SEH\u0130R<\/strong>: \u0130stanbul<\/p>\n\n\n\n<p><strong><a href=\"https:\/\/projematik.ikg.gov.tr\/miswebsite\/default.aspx?projeID=154571\">PROJE URL<\/a><\/strong><\/p>\n\n\n\n<p><strong>D\u00dcZEY<\/strong>: \u00dcniversiteler<\/p>\n\n\n\n<p><strong>ALAN<\/strong>: \u00c7evrimi\u00e7i E\u011fitim, Etkinlik Y\u00f6netimi ve Sanal Fuar Sistemleri<\/p>\n\n\n\n<p><strong>PROJE \u00d6ZET<\/strong>: Bu proje, kapsay\u0131c\u0131 e\u011fitimin niteli\u011fini art\u0131rmak amac\u0131yla \u0130stanbul\u2019un Ka\u011f\u0131thane il\u00e7esinde yer alan 5 pilot okulda ve \u0130stanbul \u00dcniversitesi-Cerrahpa\u015fa b\u00fcnyesinde toplam 6 adet TELE (Teknoloji Destekli \u00d6\u011frenme Ortam\u0131) Merkezi kurulumunu hedeflemi\u015ftir. Avrupa Birli\u011fi destekli bu proje kapsam\u0131nda, \u00f6zel gereksinimli bireylerin \u00f6\u011frenme s\u00fcre\u00e7lerini destekleyen s\u00fcrd\u00fcr\u00fclebilir, eri\u015filebilir ve teknoloji destekli materyal altyap\u0131s\u0131 olu\u015fturulmu\u015ftur.<br>Proje \u00e7er\u00e7evesinde \u00f6\u011fretmenlerin \u00f6zel e\u011fitim ve dijital materyal geli\u015ftirme konular\u0131nda fark\u0131ndal\u0131klar\u0131n\u0131 art\u0131rmak i\u00e7in kapsaml\u0131 e\u011fitimler d\u00fczenlenmi\u015f; \u00f6\u011fretmenlerin bireyselle\u015ftirilmi\u015f e\u011fitim planlar\u0131n\u0131 kolayl\u0131kla haz\u0131rlamalar\u0131na ve \u00f6\u011frencilerin \u00f6\u011frenme s\u00fcre\u00e7lerini etkin bi\u00e7imde desteklemelerine olanak tan\u0131yan Ak\u0131ll\u0131 Materyal Sistemi (IMS) geli\u015ftirilmi\u015ftir. IMS, \u00f6\u011fretmenlerin dijital materyal \u00fcretimini kullan\u0131c\u0131 dostu bir aray\u00fczle ger\u00e7ekle\u015ftirmelerine olanak tan\u0131makta ve farkl\u0131 engel t\u00fcrlerine y\u00f6nelik \u00f6zelle\u015ftirilebilir i\u00e7erikler \u00fcretmelerini desteklemektedir.<br>Proje, 1000\u2019den fazla \u00f6\u011frenciye ve \u00e7evresine do\u011frudan katk\u0131 sa\u011flam\u0131\u015f; \u00f6\u011fretmenlerin dijital okuryazarl\u0131klar\u0131n\u0131 art\u0131rarak e\u011fitimde f\u0131rsat e\u015fitli\u011fine katk\u0131 sunmu\u015ftur. Geni\u015f bir g\u00f6r\u00fcn\u00fcrl\u00fck stratejisiyle yayg\u0131nla\u015ft\u0131rma faaliyetleri y\u00fcr\u00fct\u00fclm\u00fc\u015f, bas\u0131l\u0131 ve dijital materyaller, rehber dok\u00fcmanlar ve video i\u00e7erikler \u00fcretilmi\u015ftir. Geli\u015ftirilen IMS sistemi h\u00e2lihaz\u0131rda kullan\u0131lmaya devam etmekte olup, hem yerel \u00f6l\u00e7ekte hem de potansiyel olarak ulusal \u00f6l\u00e7ekte yayg\u0131nla\u015ft\u0131r\u0131labilir niteliktedir. Proje kapsam\u0131nda geli\u015ftirilen en \u00f6nemli dijital \u00e7\u00f6z\u00fcm olan IMS (Ak\u0131ll\u0131 Materyal Sistemi), \u00f6zel e\u011fitim alan\u0131na \u00f6zg\u00fc ilk yerli i\u00e7erik \u00fcretim platformudur. Web ve mobil uyumlu bu sistem, \u00f6\u011fretmenlerin \u00f6\u011frencilerin \u00f6zelliklerine g\u00f6re \u00f6neri almas\u0131n\u0131, 3D yaz\u0131c\u0131ya uygun fiziksel materyal \u00fcretmesini ve g\u00f6rsel\/i\u015fitsel i\u00e7erikleri kullanarak \u00f6zg\u00fcn materyaller olu\u015fturmas\u0131n\u0131 sa\u011flar. IMS ile 95 adet 3D nesne, 410 g\u00f6rsel, 30 uzman videosu ve 5 \u00f6zel e\u011fitim \u015fark\u0131s\u0131 geli\u015ftirilmi\u015ftir.<\/p>\n","protected":false},"excerpt":{"rendered":"<p>KURUM: \u0130stanbul \u00dcniversitesi \u2013 Cerrahpa\u015fa SEH\u0130R: \u0130stanbul PROJE URL D\u00dcZEY: \u00dcniversiteler ALAN: \u00c7evrimi\u00e7i E\u011fitim, Etkinlik Y\u00f6netimi ve Sanal Fuar Sistemleri PROJE \u00d6ZET: Bu proje, kapsay\u0131c\u0131 e\u011fitimin niteli\u011fini art\u0131rmak amac\u0131yla \u0130stanbul\u2019un Ka\u011f\u0131thane il\u00e7esinde yer alan 5 pilot okulda ve \u0130stanbul \u00dcniversitesi-Cerrahpa\u015fa b\u00fcnyesinde toplam 6 adet TELE (Teknoloji Destekli \u00d6\u011frenme Ortam\u0131) Merkezi kurulumunu hedeflemi\u015ftir. Avrupa Birli\u011fi destekli &hellip; <\/p>\n","protected":false},"author":4,"featured_media":0,"parent":0,"menu_order":0,"comment_status":"closed","ping_status":"closed","template":"","meta":{"footnotes":""},"class_list":["post-2010","page","type-page","status-publish","hentry"],"yoast_head":"<!-- This site is optimized with the Yoast SEO plugin v27.5 - https:\/\/yoast.com\/product\/yoast-seo-wordpress\/ -->\n<title>IMS: Ak\u0131ll\u0131 Materyal Sistemi ile Kapsay\u0131c\u0131 E\u011fitimde Dijital D\u00f6n\u00fc\u015f\u00fcm - Bili\u015fim Y\u0131ld\u0131zlar\u0131 2025<\/title>\n<meta name=\"robots\" content=\"index, follow, max-snippet:-1, max-image-preview:large, max-video-preview:-1\" \/>\n<link rel=\"canonical\" href=\"https:\/\/bilisimyildizlari.org.tr\/2025\/ims-akilli-materyal-sistemi-ile-kapsayici-egitimde-dijital-donusum\" \/>\n<meta property=\"og:locale\" content=\"tr_TR\" \/>\n<meta property=\"og:type\" content=\"article\" \/>\n<meta property=\"og:title\" content=\"IMS: Ak\u0131ll\u0131 Materyal Sistemi ile Kapsay\u0131c\u0131 E\u011fitimde Dijital D\u00f6n\u00fc\u015f\u00fcm - Bili\u015fim Y\u0131ld\u0131zlar\u0131 2025\" \/>\n<meta property=\"og:description\" content=\"KURUM: \u0130stanbul \u00dcniversitesi \u2013 Cerrahpa\u015fa SEH\u0130R: \u0130stanbul PROJE URL D\u00dcZEY: \u00dcniversiteler ALAN: \u00c7evrimi\u00e7i E\u011fitim, Etkinlik Y\u00f6netimi ve Sanal Fuar Sistemleri PROJE \u00d6ZET: Bu proje, kapsay\u0131c\u0131 e\u011fitimin niteli\u011fini art\u0131rmak amac\u0131yla \u0130stanbul\u2019un Ka\u011f\u0131thane il\u00e7esinde yer alan 5 pilot okulda ve \u0130stanbul \u00dcniversitesi-Cerrahpa\u015fa b\u00fcnyesinde toplam 6 adet TELE (Teknoloji Destekli \u00d6\u011frenme Ortam\u0131) Merkezi kurulumunu hedeflemi\u015ftir. Avrupa Birli\u011fi destekli &hellip;\" \/>\n<meta property=\"og:url\" content=\"https:\/\/bilisimyildizlari.org.tr\/2025\/ims-akilli-materyal-sistemi-ile-kapsayici-egitimde-dijital-donusum\" \/>\n<meta property=\"og:site_name\" content=\"Bili\u015fim Y\u0131ld\u0131zlar\u0131 2025\" \/>\n<meta property=\"article:modified_time\" content=\"2025-11-26T13:41:15+00:00\" \/>\n<meta name=\"twitter:card\" content=\"summary_large_image\" \/>\n<meta name=\"twitter:label1\" content=\"Tahmini okuma s\u00fcresi\" \/>\n\t<meta name=\"twitter:data1\" content=\"2 dakika\" \/>\n<script type=\"application\/ld+json\" class=\"yoast-schema-graph\">{\"@context\":\"https:\\\/\\\/schema.org\",\"@graph\":[{\"@type\":\"WebPage\",\"@id\":\"https:\\\/\\\/bilisimyildizlari.org.tr\\\/2025\\\/ims-akilli-materyal-sistemi-ile-kapsayici-egitimde-dijital-donusum\",\"url\":\"https:\\\/\\\/bilisimyildizlari.org.tr\\\/2025\\\/ims-akilli-materyal-sistemi-ile-kapsayici-egitimde-dijital-donusum\",\"name\":\"IMS: Ak\u0131ll\u0131 Materyal Sistemi ile Kapsay\u0131c\u0131 E\u011fitimde Dijital D\u00f6n\u00fc\u015f\u00fcm - Bili\u015fim Y\u0131ld\u0131zlar\u0131 2025\",\"isPartOf\":{\"@id\":\"https:\\\/\\\/bilisimyildizlari.org.tr\\\/2025\\\/#website\"},\"datePublished\":\"2025-11-26T13:41:12+00:00\",\"dateModified\":\"2025-11-26T13:41:15+00:00\",\"breadcrumb\":{\"@id\":\"https:\\\/\\\/bilisimyildizlari.org.tr\\\/2025\\\/ims-akilli-materyal-sistemi-ile-kapsayici-egitimde-dijital-donusum#breadcrumb\"},\"inLanguage\":\"tr\",\"potentialAction\":[{\"@type\":\"ReadAction\",\"target\":[\"https:\\\/\\\/bilisimyildizlari.org.tr\\\/2025\\\/ims-akilli-materyal-sistemi-ile-kapsayici-egitimde-dijital-donusum\"]}]},{\"@type\":\"BreadcrumbList\",\"@id\":\"https:\\\/\\\/bilisimyildizlari.org.tr\\\/2025\\\/ims-akilli-materyal-sistemi-ile-kapsayici-egitimde-dijital-donusum#breadcrumb\",\"itemListElement\":[{\"@type\":\"ListItem\",\"position\":1,\"name\":\"Anasayfa\",\"item\":\"https:\\\/\\\/bilisimyildizlari.org.tr\\\/2025\\\/\"},{\"@type\":\"ListItem\",\"position\":2,\"name\":\"IMS: Ak\u0131ll\u0131 Materyal Sistemi ile Kapsay\u0131c\u0131 E\u011fitimde Dijital D\u00f6n\u00fc\u015f\u00fcm\"}]},{\"@type\":\"WebSite\",\"@id\":\"https:\\\/\\\/bilisimyildizlari.org.tr\\\/2025\\\/#website\",\"url\":\"https:\\\/\\\/bilisimyildizlari.org.tr\\\/2025\\\/\",\"name\":\"Bili\u015fim Y\u0131ld\u0131zlar\u0131 2025\",\"description\":\"TBD \u0130stanbul Bili\u015fim Y\u0131ld\u0131zlar\u0131 Yar\u0131\u015fmas\u0131\",\"publisher\":{\"@id\":\"https:\\\/\\\/bilisimyildizlari.org.tr\\\/2025\\\/#organization\"},\"potentialAction\":[{\"@type\":\"SearchAction\",\"target\":{\"@type\":\"EntryPoint\",\"urlTemplate\":\"https:\\\/\\\/bilisimyildizlari.org.tr\\\/2025\\\/?s={search_term_string}\"},\"query-input\":{\"@type\":\"PropertyValueSpecification\",\"valueRequired\":true,\"valueName\":\"search_term_string\"}}],\"inLanguage\":\"tr\"},{\"@type\":\"Organization\",\"@id\":\"https:\\\/\\\/bilisimyildizlari.org.tr\\\/2025\\\/#organization\",\"name\":\"Bili\u015fim Y\u0131ld\u0131zlar\u0131 2025\",\"url\":\"https:\\\/\\\/bilisimyildizlari.org.tr\\\/2025\\\/\",\"logo\":{\"@type\":\"ImageObject\",\"inLanguage\":\"tr\",\"@id\":\"https:\\\/\\\/bilisimyildizlari.org.tr\\\/2025\\\/#\\\/schema\\\/logo\\\/image\\\/\",\"url\":\"https:\\\/\\\/bilisimyildizlari.org.tr\\\/2025\\\/wp-content\\\/uploads\\\/sites\\\/9\\\/2022\\\/04\\\/TBD_ist_logo1.png\",\"contentUrl\":\"https:\\\/\\\/bilisimyildizlari.org.tr\\\/2025\\\/wp-content\\\/uploads\\\/sites\\\/9\\\/2022\\\/04\\\/TBD_ist_logo1.png\",\"width\":185,\"height\":80,\"caption\":\"Bili\u015fim Y\u0131ld\u0131zlar\u0131 2025 \"},\"image\":{\"@id\":\"https:\\\/\\\/bilisimyildizlari.org.tr\\\/2025\\\/#\\\/schema\\\/logo\\\/image\\\/\"}}]}<\/script>\n<!-- \/ Yoast SEO plugin. -->","yoast_head_json":{"title":"IMS: Ak\u0131ll\u0131 Materyal Sistemi ile Kapsay\u0131c\u0131 E\u011fitimde Dijital D\u00f6n\u00fc\u015f\u00fcm - Bili\u015fim Y\u0131ld\u0131zlar\u0131 2025","robots":{"index":"index","follow":"follow","max-snippet":"max-snippet:-1","max-image-preview":"max-image-preview:large","max-video-preview":"max-video-preview:-1"},"canonical":"https:\/\/bilisimyildizlari.org.tr\/2025\/ims-akilli-materyal-sistemi-ile-kapsayici-egitimde-dijital-donusum","og_locale":"tr_TR","og_type":"article","og_title":"IMS: Ak\u0131ll\u0131 Materyal Sistemi ile Kapsay\u0131c\u0131 E\u011fitimde Dijital D\u00f6n\u00fc\u015f\u00fcm - Bili\u015fim Y\u0131ld\u0131zlar\u0131 2025","og_description":"KURUM: \u0130stanbul \u00dcniversitesi \u2013 Cerrahpa\u015fa SEH\u0130R: \u0130stanbul PROJE URL D\u00dcZEY: \u00dcniversiteler ALAN: \u00c7evrimi\u00e7i E\u011fitim, Etkinlik Y\u00f6netimi ve Sanal Fuar Sistemleri PROJE \u00d6ZET: Bu proje, kapsay\u0131c\u0131 e\u011fitimin niteli\u011fini art\u0131rmak amac\u0131yla \u0130stanbul\u2019un Ka\u011f\u0131thane il\u00e7esinde yer alan 5 pilot okulda ve \u0130stanbul \u00dcniversitesi-Cerrahpa\u015fa b\u00fcnyesinde toplam 6 adet TELE (Teknoloji Destekli \u00d6\u011frenme Ortam\u0131) Merkezi kurulumunu hedeflemi\u015ftir. Avrupa Birli\u011fi destekli &hellip;","og_url":"https:\/\/bilisimyildizlari.org.tr\/2025\/ims-akilli-materyal-sistemi-ile-kapsayici-egitimde-dijital-donusum","og_site_name":"Bili\u015fim Y\u0131ld\u0131zlar\u0131 2025","article_modified_time":"2025-11-26T13:41:15+00:00","twitter_card":"summary_large_image","twitter_misc":{"Tahmini okuma s\u00fcresi":"2 dakika"},"schema":{"@context":"https:\/\/schema.org","@graph":[{"@type":"WebPage","@id":"https:\/\/bilisimyildizlari.org.tr\/2025\/ims-akilli-materyal-sistemi-ile-kapsayici-egitimde-dijital-donusum","url":"https:\/\/bilisimyildizlari.org.tr\/2025\/ims-akilli-materyal-sistemi-ile-kapsayici-egitimde-dijital-donusum","name":"IMS: Ak\u0131ll\u0131 Materyal Sistemi ile Kapsay\u0131c\u0131 E\u011fitimde Dijital D\u00f6n\u00fc\u015f\u00fcm - Bili\u015fim Y\u0131ld\u0131zlar\u0131 2025","isPartOf":{"@id":"https:\/\/bilisimyildizlari.org.tr\/2025\/#website"},"datePublished":"2025-11-26T13:41:12+00:00","dateModified":"2025-11-26T13:41:15+00:00","breadcrumb":{"@id":"https:\/\/bilisimyildizlari.org.tr\/2025\/ims-akilli-materyal-sistemi-ile-kapsayici-egitimde-dijital-donusum#breadcrumb"},"inLanguage":"tr","potentialAction":[{"@type":"ReadAction","target":["https:\/\/bilisimyildizlari.org.tr\/2025\/ims-akilli-materyal-sistemi-ile-kapsayici-egitimde-dijital-donusum"]}]},{"@type":"BreadcrumbList","@id":"https:\/\/bilisimyildizlari.org.tr\/2025\/ims-akilli-materyal-sistemi-ile-kapsayici-egitimde-dijital-donusum#breadcrumb","itemListElement":[{"@type":"ListItem","position":1,"name":"Anasayfa","item":"https:\/\/bilisimyildizlari.org.tr\/2025\/"},{"@type":"ListItem","position":2,"name":"IMS: Ak\u0131ll\u0131 Materyal Sistemi ile Kapsay\u0131c\u0131 E\u011fitimde Dijital D\u00f6n\u00fc\u015f\u00fcm"}]},{"@type":"WebSite","@id":"https:\/\/bilisimyildizlari.org.tr\/2025\/#website","url":"https:\/\/bilisimyildizlari.org.tr\/2025\/","name":"Bili\u015fim Y\u0131ld\u0131zlar\u0131 2025","description":"TBD \u0130stanbul Bili\u015fim Y\u0131ld\u0131zlar\u0131 Yar\u0131\u015fmas\u0131","publisher":{"@id":"https:\/\/bilisimyildizlari.org.tr\/2025\/#organization"},"potentialAction":[{"@type":"SearchAction","target":{"@type":"EntryPoint","urlTemplate":"https:\/\/bilisimyildizlari.org.tr\/2025\/?s={search_term_string}"},"query-input":{"@type":"PropertyValueSpecification","valueRequired":true,"valueName":"search_term_string"}}],"inLanguage":"tr"},{"@type":"Organization","@id":"https:\/\/bilisimyildizlari.org.tr\/2025\/#organization","name":"Bili\u015fim Y\u0131ld\u0131zlar\u0131 2025","url":"https:\/\/bilisimyildizlari.org.tr\/2025\/","logo":{"@type":"ImageObject","inLanguage":"tr","@id":"https:\/\/bilisimyildizlari.org.tr\/2025\/#\/schema\/logo\/image\/","url":"https:\/\/bilisimyildizlari.org.tr\/2025\/wp-content\/uploads\/sites\/9\/2022\/04\/TBD_ist_logo1.png","contentUrl":"https:\/\/bilisimyildizlari.org.tr\/2025\/wp-content\/uploads\/sites\/9\/2022\/04\/TBD_ist_logo1.png","width":185,"height":80,"caption":"Bili\u015fim Y\u0131ld\u0131zlar\u0131 2025 "},"image":{"@id":"https:\/\/bilisimyildizlari.org.tr\/2025\/#\/schema\/logo\/image\/"}}]}},"_links":{"self":[{"href":"https:\/\/bilisimyildizlari.org.tr\/2025\/wp-json\/wp\/v2\/pages\/2010","targetHints":{"allow":["GET"]}}],"collection":[{"href":"https:\/\/bilisimyildizlari.org.tr\/2025\/wp-json\/wp\/v2\/pages"}],"about":[{"href":"https:\/\/bilisimyildizlari.org.tr\/2025\/wp-json\/wp\/v2\/types\/page"}],"author":[{"embeddable":true,"href":"https:\/\/bilisimyildizlari.org.tr\/2025\/wp-json\/wp\/v2\/users\/4"}],"replies":[{"embeddable":true,"href":"https:\/\/bilisimyildizlari.org.tr\/2025\/wp-json\/wp\/v2\/comments?post=2010"}],"version-history":[{"count":1,"href":"https:\/\/bilisimyildizlari.org.tr\/2025\/wp-json\/wp\/v2\/pages\/2010\/revisions"}],"predecessor-version":[{"id":2011,"href":"https:\/\/bilisimyildizlari.org.tr\/2025\/wp-json\/wp\/v2\/pages\/2010\/revisions\/2011"}],"wp:attachment":[{"href":"https:\/\/bilisimyildizlari.org.tr\/2025\/wp-json\/wp\/v2\/media?parent=2010"}],"curies":[{"name":"wp","href":"https:\/\/api.w.org\/{rel}","templated":true}]}}