{"id":813,"date":"2021-03-16T15:48:34","date_gmt":"2021-03-16T12:48:34","guid":{"rendered":"https:\/\/bilisimyildizlari.org.tr\/2025\/?page_id=813"},"modified":"2025-08-20T14:10:37","modified_gmt":"2025-08-20T11:10:37","slug":"basvuru","status":"publish","type":"page","link":"https:\/\/bilisimyildizlari.org.tr\/2025\/basvuru","title":{"rendered":"Ba\u015fvuru"},"content":{"rendered":"\n<p>Yar\u0131\u015fma ba\u015fvurusu ile ilgili t\u00fcm bilgiler <strong><a href=\"https:\/\/bilisimyildizlari.org.tr\/2025\/wp-content\/uploads\/sites\/9\/2025\/08\/BY-2025-Yonerge.pdf\">Yar\u0131\u015fma Y\u00f6nergesi<\/a><\/strong>nde yer almaktad\u0131r.<br>Ba\u015fvurunuzu ger\u00e7ekle\u015ftirmeden \u00f6nce l\u00fctfen y\u00f6nergeyi dikkatlice okuyunuz. <br>Ba\u015fvurunuzu tamamlamak i\u00e7in <a href=\"https:\/\/bilisimyildizlari.org.tr\/2025\/wp-content\/uploads\/sites\/9\/2025\/03\/beyan_2025.pdf\" target=\"_blank\" rel=\"noreferrer noopener\"><strong>ba\u015fvuru beyan formu<\/strong><\/a>nu (imzal\u0131\/ka\u015feli) doldurarak forma eklemeyi unutmay\u0131n\u0131z.<\/p>\n\n\n\n<div class=\"wp-block-columns is-layout-flex wp-container-core-columns-is-layout-9d6595d7 wp-block-columns-is-layout-flex\">\n<div class=\"wp-block-column is-layout-flow wp-block-column-is-layout-flow\">\n<h4 class=\"wp-block-heading\">Ba\u015fvuru D\u00fczeyleri<\/h4>\n\n\n\n<ul class=\"wp-block-list\">\n<li>\u00d6zel Sekt\u00f6r Firmalar\u0131<\/li>\n\n\n\n<li>Teknopark, Teknokent Firmalar\u0131<\/li>\n\n\n\n<li>Ar-Ge Merkezi olan \u00d6zel Sekt\u00f6r Firmalar\u0131<\/li>\n\n\n\n<li>\u00dcniversite<\/li>\n\n\n\n<li>Sivil Toplum Kurulu\u015flar\u0131<\/li>\n\n\n\n<li>Yerel Y\u00f6netimler<\/li>\n<\/ul>\n\n\n\n<h4 class=\"wp-block-heading\">Ba\u015fvuru Alanlar\u0131<\/h4>\n\n\n\n<ul class=\"wp-block-list\">\n<li>5G ve Yeni \u0130leti\u015fim Teknolojileri<\/li>\n\n\n\n<li>A\u00e7\u0131k Kaynak Kodlu Uygulamalar\/Sistemler<\/li>\n\n\n\n<li>Ak\u0131ll\u0131 \u015eehirler<\/li>\n\n\n\n<li>Ak\u0131ll\u0131 Uygulamalar (Sa\u011fl\u0131k, Tar\u0131m vb.)<\/li>\n\n\n\n<li>Anl\u0131k Mesajla\u015fma Uygulamalar\u0131<\/li>\n\n\n\n<li>Blokzincir<\/li>\n\n\n\n<li>Bulut Bili\u015fim<\/li>\n\n\n\n<li>B\u00fcy\u00fck Veri, Yapay Zek\u00e2, Makine \u00d6\u011frenmesi ve Veri Madencili\u011fi<\/li>\n\n\n\n<li>Co\u011frafi Bilgi Sistemleri<\/li>\n\n\n\n<li>\u00c7evrimi\u00e7i E\u011fitim, Etkinlik Y\u00f6netimi ve Sanal Fuar Sistemleri<\/li>\n\n\n\n<li>End\u00fcstri ve Ticaret \u00dcr\u00fcnleri<\/li>\n\n\n\n<li>E-ticaret \/ Pazaryeri<\/li>\n\n\n\n<li>G\u00f6m\u00fcl\u00fc Sistemler<\/li>\n\n\n\n<li>Mobil Uygulama<\/li>\n\n\n\n<li>Otonom Sistemler<\/li>\n\n\n\n<li>Oyun ve E\u011flence<\/li>\n\n\n\n<li>Robotik S\u00fcre\u00e7 Otomasyonu<\/li>\n\n\n\n<li>Sanal Ger\u00e7eklik ve Art\u0131r\u0131lm\u0131\u015f Ger\u00e7eklik<\/li>\n\n\n\n<li>Say\u0131sal (Dijital) D\u00f6n\u00fc\u015f\u00fcm<\/li>\n\n\n\n<li>Siber G\u00fcvenlik<\/li>\n<\/ul>\n<\/div>\n\n\n\n<div class=\"wp-block-column is-layout-flow wp-block-column-is-layout-flow\">\n<figure class=\"wp-block-image size-full\"><img loading=\"lazy\" decoding=\"async\" width=\"212\" height=\"1024\" src=\"https:\/\/bilisimyildizlari.org.tr\/2025\/wp-content\/uploads\/sites\/9\/2022\/04\/bilisim_yildizi-WB-212x1024-1.jpg\" alt=\"\" class=\"wp-image-1429\" srcset=\"https:\/\/bilisimyildizlari.org.tr\/2025\/wp-content\/uploads\/sites\/9\/2022\/04\/bilisim_yildizi-WB-212x1024-1.jpg 212w, https:\/\/bilisimyildizlari.org.tr\/2025\/wp-content\/uploads\/sites\/9\/2022\/04\/bilisim_yildizi-WB-212x1024-1-62x300.jpg 62w\" sizes=\"auto, (max-width: 212px) 100vw, 212px\" \/><\/figure>\n<\/div>\n<\/div>\n\n\n\n<p><\/p>\n","protected":false},"excerpt":{"rendered":"<p>Yar\u0131\u015fma ba\u015fvurusu ile ilgili t\u00fcm bilgiler Yar\u0131\u015fma Y\u00f6nergesinde yer almaktad\u0131r.Ba\u015fvurunuzu ger\u00e7ekle\u015ftirmeden \u00f6nce l\u00fctfen y\u00f6nergeyi dikkatlice okuyunuz. Ba\u015fvurunuzu tamamlamak i\u00e7in ba\u015fvuru beyan formunu (imzal\u0131\/ka\u015feli) doldurarak forma eklemeyi unutmay\u0131n\u0131z. Ba\u015fvuru D\u00fczeyleri Ba\u015fvuru Alanlar\u0131<\/p>\n","protected":false},"author":4,"featured_media":0,"parent":0,"menu_order":0,"comment_status":"closed","ping_status":"closed","template":"","meta":{"footnotes":""},"class_list":["post-813","page","type-page","status-publish","hentry"],"yoast_head":"<!-- This site is optimized with the Yoast SEO plugin v27.5 - https:\/\/yoast.com\/product\/yoast-seo-wordpress\/ -->\n<title>Ba\u015fvuru - Bili\u015fim Y\u0131ld\u0131zlar\u0131 2025<\/title>\n<meta name=\"robots\" content=\"index, follow, max-snippet:-1, max-image-preview:large, max-video-preview:-1\" \/>\n<link rel=\"canonical\" href=\"https:\/\/bilisimyildizlari.org.tr\/2025\/basvuru\" \/>\n<meta property=\"og:locale\" content=\"tr_TR\" \/>\n<meta property=\"og:type\" content=\"article\" \/>\n<meta property=\"og:title\" content=\"Ba\u015fvuru - Bili\u015fim Y\u0131ld\u0131zlar\u0131 2025\" \/>\n<meta property=\"og:description\" content=\"Yar\u0131\u015fma ba\u015fvurusu ile ilgili t\u00fcm bilgiler Yar\u0131\u015fma Y\u00f6nergesinde yer almaktad\u0131r.Ba\u015fvurunuzu ger\u00e7ekle\u015ftirmeden \u00f6nce l\u00fctfen y\u00f6nergeyi dikkatlice okuyunuz. Ba\u015fvurunuzu tamamlamak i\u00e7in ba\u015fvuru beyan formunu (imzal\u0131\/ka\u015feli) doldurarak forma eklemeyi unutmay\u0131n\u0131z. Ba\u015fvuru D\u00fczeyleri Ba\u015fvuru Alanlar\u0131\" \/>\n<meta property=\"og:url\" content=\"https:\/\/bilisimyildizlari.org.tr\/2025\/basvuru\" \/>\n<meta property=\"og:site_name\" content=\"Bili\u015fim Y\u0131ld\u0131zlar\u0131 2025\" \/>\n<meta property=\"article:modified_time\" content=\"2025-08-20T11:10:37+00:00\" \/>\n<meta property=\"og:image\" content=\"https:\/\/bilisimyildizlari.org.tr\/2025\/wp-content\/uploads\/sites\/9\/2022\/04\/bilisim_yildizi-WB-212x1024-1.jpg\" \/>\n\t<meta property=\"og:image:width\" content=\"212\" \/>\n\t<meta property=\"og:image:height\" content=\"1024\" \/>\n\t<meta property=\"og:image:type\" content=\"image\/jpeg\" \/>\n<meta name=\"twitter:card\" content=\"summary_large_image\" \/>\n<meta name=\"twitter:label1\" content=\"Tahmini okuma s\u00fcresi\" \/>\n\t<meta name=\"twitter:data1\" content=\"1 dakika\" \/>\n<script type=\"application\/ld+json\" class=\"yoast-schema-graph\">{\"@context\":\"https:\\\/\\\/schema.org\",\"@graph\":[{\"@type\":\"WebPage\",\"@id\":\"https:\\\/\\\/bilisimyildizlari.org.tr\\\/2025\\\/basvuru\",\"url\":\"https:\\\/\\\/bilisimyildizlari.org.tr\\\/2025\\\/basvuru\",\"name\":\"Ba\u015fvuru - Bili\u015fim Y\u0131ld\u0131zlar\u0131 2025\",\"isPartOf\":{\"@id\":\"https:\\\/\\\/bilisimyildizlari.org.tr\\\/2025\\\/#website\"},\"primaryImageOfPage\":{\"@id\":\"https:\\\/\\\/bilisimyildizlari.org.tr\\\/2025\\\/basvuru#primaryimage\"},\"image\":{\"@id\":\"https:\\\/\\\/bilisimyildizlari.org.tr\\\/2025\\\/basvuru#primaryimage\"},\"thumbnailUrl\":\"https:\\\/\\\/bilisimyildizlari.org.tr\\\/2025\\\/wp-content\\\/uploads\\\/sites\\\/9\\\/2022\\\/04\\\/bilisim_yildizi-WB-212x1024-1.jpg\",\"datePublished\":\"2021-03-16T12:48:34+00:00\",\"dateModified\":\"2025-08-20T11:10:37+00:00\",\"breadcrumb\":{\"@id\":\"https:\\\/\\\/bilisimyildizlari.org.tr\\\/2025\\\/basvuru#breadcrumb\"},\"inLanguage\":\"tr\",\"potentialAction\":[{\"@type\":\"ReadAction\",\"target\":[\"https:\\\/\\\/bilisimyildizlari.org.tr\\\/2025\\\/basvuru\"]}]},{\"@type\":\"ImageObject\",\"inLanguage\":\"tr\",\"@id\":\"https:\\\/\\\/bilisimyildizlari.org.tr\\\/2025\\\/basvuru#primaryimage\",\"url\":\"https:\\\/\\\/bilisimyildizlari.org.tr\\\/2025\\\/wp-content\\\/uploads\\\/sites\\\/9\\\/2022\\\/04\\\/bilisim_yildizi-WB-212x1024-1.jpg\",\"contentUrl\":\"https:\\\/\\\/bilisimyildizlari.org.tr\\\/2025\\\/wp-content\\\/uploads\\\/sites\\\/9\\\/2022\\\/04\\\/bilisim_yildizi-WB-212x1024-1.jpg\",\"width\":212,\"height\":1024},{\"@type\":\"BreadcrumbList\",\"@id\":\"https:\\\/\\\/bilisimyildizlari.org.tr\\\/2025\\\/basvuru#breadcrumb\",\"itemListElement\":[{\"@type\":\"ListItem\",\"position\":1,\"name\":\"Anasayfa\",\"item\":\"https:\\\/\\\/bilisimyildizlari.org.tr\\\/2025\\\/\"},{\"@type\":\"ListItem\",\"position\":2,\"name\":\"Ba\u015fvuru\"}]},{\"@type\":\"WebSite\",\"@id\":\"https:\\\/\\\/bilisimyildizlari.org.tr\\\/2025\\\/#website\",\"url\":\"https:\\\/\\\/bilisimyildizlari.org.tr\\\/2025\\\/\",\"name\":\"Bili\u015fim Y\u0131ld\u0131zlar\u0131 2025\",\"description\":\"TBD \u0130stanbul Bili\u015fim Y\u0131ld\u0131zlar\u0131 Yar\u0131\u015fmas\u0131\",\"publisher\":{\"@id\":\"https:\\\/\\\/bilisimyildizlari.org.tr\\\/2025\\\/#organization\"},\"potentialAction\":[{\"@type\":\"SearchAction\",\"target\":{\"@type\":\"EntryPoint\",\"urlTemplate\":\"https:\\\/\\\/bilisimyildizlari.org.tr\\\/2025\\\/?s={search_term_string}\"},\"query-input\":{\"@type\":\"PropertyValueSpecification\",\"valueRequired\":true,\"valueName\":\"search_term_string\"}}],\"inLanguage\":\"tr\"},{\"@type\":\"Organization\",\"@id\":\"https:\\\/\\\/bilisimyildizlari.org.tr\\\/2025\\\/#organization\",\"name\":\"Bili\u015fim Y\u0131ld\u0131zlar\u0131 2025\",\"url\":\"https:\\\/\\\/bilisimyildizlari.org.tr\\\/2025\\\/\",\"logo\":{\"@type\":\"ImageObject\",\"inLanguage\":\"tr\",\"@id\":\"https:\\\/\\\/bilisimyildizlari.org.tr\\\/2025\\\/#\\\/schema\\\/logo\\\/image\\\/\",\"url\":\"https:\\\/\\\/bilisimyildizlari.org.tr\\\/2025\\\/wp-content\\\/uploads\\\/sites\\\/9\\\/2022\\\/04\\\/TBD_ist_logo1.png\",\"contentUrl\":\"https:\\\/\\\/bilisimyildizlari.org.tr\\\/2025\\\/wp-content\\\/uploads\\\/sites\\\/9\\\/2022\\\/04\\\/TBD_ist_logo1.png\",\"width\":185,\"height\":80,\"caption\":\"Bili\u015fim Y\u0131ld\u0131zlar\u0131 2025 \"},\"image\":{\"@id\":\"https:\\\/\\\/bilisimyildizlari.org.tr\\\/2025\\\/#\\\/schema\\\/logo\\\/image\\\/\"}}]}<\/script>\n<!-- \/ Yoast SEO plugin. -->","yoast_head_json":{"title":"Ba\u015fvuru - Bili\u015fim Y\u0131ld\u0131zlar\u0131 2025","robots":{"index":"index","follow":"follow","max-snippet":"max-snippet:-1","max-image-preview":"max-image-preview:large","max-video-preview":"max-video-preview:-1"},"canonical":"https:\/\/bilisimyildizlari.org.tr\/2025\/basvuru","og_locale":"tr_TR","og_type":"article","og_title":"Ba\u015fvuru - Bili\u015fim Y\u0131ld\u0131zlar\u0131 2025","og_description":"Yar\u0131\u015fma ba\u015fvurusu ile ilgili t\u00fcm bilgiler Yar\u0131\u015fma Y\u00f6nergesinde yer almaktad\u0131r.Ba\u015fvurunuzu ger\u00e7ekle\u015ftirmeden \u00f6nce l\u00fctfen y\u00f6nergeyi dikkatlice okuyunuz. Ba\u015fvurunuzu tamamlamak i\u00e7in ba\u015fvuru beyan formunu (imzal\u0131\/ka\u015feli) doldurarak forma eklemeyi unutmay\u0131n\u0131z. Ba\u015fvuru D\u00fczeyleri Ba\u015fvuru Alanlar\u0131","og_url":"https:\/\/bilisimyildizlari.org.tr\/2025\/basvuru","og_site_name":"Bili\u015fim Y\u0131ld\u0131zlar\u0131 2025","article_modified_time":"2025-08-20T11:10:37+00:00","og_image":[{"width":212,"height":1024,"url":"https:\/\/bilisimyildizlari.org.tr\/2025\/wp-content\/uploads\/sites\/9\/2022\/04\/bilisim_yildizi-WB-212x1024-1.jpg","type":"image\/jpeg"}],"twitter_card":"summary_large_image","twitter_misc":{"Tahmini okuma s\u00fcresi":"1 dakika"},"schema":{"@context":"https:\/\/schema.org","@graph":[{"@type":"WebPage","@id":"https:\/\/bilisimyildizlari.org.tr\/2025\/basvuru","url":"https:\/\/bilisimyildizlari.org.tr\/2025\/basvuru","name":"Ba\u015fvuru - Bili\u015fim Y\u0131ld\u0131zlar\u0131 2025","isPartOf":{"@id":"https:\/\/bilisimyildizlari.org.tr\/2025\/#website"},"primaryImageOfPage":{"@id":"https:\/\/bilisimyildizlari.org.tr\/2025\/basvuru#primaryimage"},"image":{"@id":"https:\/\/bilisimyildizlari.org.tr\/2025\/basvuru#primaryimage"},"thumbnailUrl":"https:\/\/bilisimyildizlari.org.tr\/2025\/wp-content\/uploads\/sites\/9\/2022\/04\/bilisim_yildizi-WB-212x1024-1.jpg","datePublished":"2021-03-16T12:48:34+00:00","dateModified":"2025-08-20T11:10:37+00:00","breadcrumb":{"@id":"https:\/\/bilisimyildizlari.org.tr\/2025\/basvuru#breadcrumb"},"inLanguage":"tr","potentialAction":[{"@type":"ReadAction","target":["https:\/\/bilisimyildizlari.org.tr\/2025\/basvuru"]}]},{"@type":"ImageObject","inLanguage":"tr","@id":"https:\/\/bilisimyildizlari.org.tr\/2025\/basvuru#primaryimage","url":"https:\/\/bilisimyildizlari.org.tr\/2025\/wp-content\/uploads\/sites\/9\/2022\/04\/bilisim_yildizi-WB-212x1024-1.jpg","contentUrl":"https:\/\/bilisimyildizlari.org.tr\/2025\/wp-content\/uploads\/sites\/9\/2022\/04\/bilisim_yildizi-WB-212x1024-1.jpg","width":212,"height":1024},{"@type":"BreadcrumbList","@id":"https:\/\/bilisimyildizlari.org.tr\/2025\/basvuru#breadcrumb","itemListElement":[{"@type":"ListItem","position":1,"name":"Anasayfa","item":"https:\/\/bilisimyildizlari.org.tr\/2025\/"},{"@type":"ListItem","position":2,"name":"Ba\u015fvuru"}]},{"@type":"WebSite","@id":"https:\/\/bilisimyildizlari.org.tr\/2025\/#website","url":"https:\/\/bilisimyildizlari.org.tr\/2025\/","name":"Bili\u015fim Y\u0131ld\u0131zlar\u0131 2025","description":"TBD \u0130stanbul Bili\u015fim Y\u0131ld\u0131zlar\u0131 Yar\u0131\u015fmas\u0131","publisher":{"@id":"https:\/\/bilisimyildizlari.org.tr\/2025\/#organization"},"potentialAction":[{"@type":"SearchAction","target":{"@type":"EntryPoint","urlTemplate":"https:\/\/bilisimyildizlari.org.tr\/2025\/?s={search_term_string}"},"query-input":{"@type":"PropertyValueSpecification","valueRequired":true,"valueName":"search_term_string"}}],"inLanguage":"tr"},{"@type":"Organization","@id":"https:\/\/bilisimyildizlari.org.tr\/2025\/#organization","name":"Bili\u015fim Y\u0131ld\u0131zlar\u0131 2025","url":"https:\/\/bilisimyildizlari.org.tr\/2025\/","logo":{"@type":"ImageObject","inLanguage":"tr","@id":"https:\/\/bilisimyildizlari.org.tr\/2025\/#\/schema\/logo\/image\/","url":"https:\/\/bilisimyildizlari.org.tr\/2025\/wp-content\/uploads\/sites\/9\/2022\/04\/TBD_ist_logo1.png","contentUrl":"https:\/\/bilisimyildizlari.org.tr\/2025\/wp-content\/uploads\/sites\/9\/2022\/04\/TBD_ist_logo1.png","width":185,"height":80,"caption":"Bili\u015fim Y\u0131ld\u0131zlar\u0131 2025 "},"image":{"@id":"https:\/\/bilisimyildizlari.org.tr\/2025\/#\/schema\/logo\/image\/"}}]}},"_links":{"self":[{"href":"https:\/\/bilisimyildizlari.org.tr\/2025\/wp-json\/wp\/v2\/pages\/813","targetHints":{"allow":["GET"]}}],"collection":[{"href":"https:\/\/bilisimyildizlari.org.tr\/2025\/wp-json\/wp\/v2\/pages"}],"about":[{"href":"https:\/\/bilisimyildizlari.org.tr\/2025\/wp-json\/wp\/v2\/types\/page"}],"author":[{"embeddable":true,"href":"https:\/\/bilisimyildizlari.org.tr\/2025\/wp-json\/wp\/v2\/users\/4"}],"replies":[{"embeddable":true,"href":"https:\/\/bilisimyildizlari.org.tr\/2025\/wp-json\/wp\/v2\/comments?post=813"}],"version-history":[{"count":23,"href":"https:\/\/bilisimyildizlari.org.tr\/2025\/wp-json\/wp\/v2\/pages\/813\/revisions"}],"predecessor-version":[{"id":1883,"href":"https:\/\/bilisimyildizlari.org.tr\/2025\/wp-json\/wp\/v2\/pages\/813\/revisions\/1883"}],"wp:attachment":[{"href":"https:\/\/bilisimyildizlari.org.tr\/2025\/wp-json\/wp\/v2\/media?parent=813"}],"curies":[{"name":"wp","href":"https:\/\/api.w.org\/{rel}","templated":true}]}}