{"id":816,"date":"2021-03-16T15:52:52","date_gmt":"2021-03-16T12:52:52","guid":{"rendered":"https:\/\/bilisimyildizlari.org.tr\/2025\/?page_id=816"},"modified":"2025-11-01T00:55:51","modified_gmt":"2025-10-31T21:55:51","slug":"onemli-tarihler","status":"publish","type":"page","link":"https:\/\/bilisimyildizlari.org.tr\/2025\/onemli-tarihler","title":{"rendered":"\u00d6nemli Tarihler"},"content":{"rendered":"\r\n<figure class=\"wp-block-table is-style-regular\">\r\n<table class=\"has-fixed-layout\">\r\n<tbody>\r\n<tr>\r\n<td><strong>Organizasyon Ad\u0131mlar\u0131<\/strong><\/td>\r\n<td><strong>\u0130lk Tarih<\/strong><\/td>\r\n<td><strong>Son Tarih<\/strong><\/td>\r\n<\/tr>\r\n<tr>\r\n<td>\u0130lk Duyuru Tarihi<\/td>\r\n<td>24.03.2025<\/td>\r\n<td>\u00a0<\/td>\r\n<\/tr>\r\n<tr>\r\n<td><strong>Yar\u0131\u015fma Ba\u015fvuru Tarihleri<\/strong><\/td>\r\n<td><strong><strong>01.04.2025<\/strong><\/strong><\/td>\r\n<td><strong>01.09.2025<\/strong><\/td>\r\n<\/tr>\r\n<tr>\r\n<td>Ba\u015fvurular\u0131n \u00d6n Eleme Tarihleri<\/td>\r\n<td>21.09.2025<\/td>\r\n<td>30.09.2025<\/td>\r\n<\/tr>\r\n<tr>\r\n<td>J\u00fcri De\u011ferlendirme Tarihleri<\/td>\r\n<td>01.10.2025<\/td>\r\n<td><del>18.10.2025<\/del> 05.11.2025<\/td>\r\n<\/tr>\r\n<tr>\r\n<td>Son De\u011ferlendirme<\/td>\r\n<td><del>19.10.2025<\/del> 06.11.2025<\/td>\r\n<td><del>25.10.2025<\/del> 09.11.2025<\/td>\r\n<\/tr>\r\n<tr>\r\n<td>Sonu\u00e7lar\u0131n Duyurulmas\u0131<\/td>\r\n<td><del>26.10.2025<\/del> 10.11.2025<\/td>\r\n<td><del>31.10.2025<\/del> 14.11.2025<\/td>\r\n<\/tr>\r\n<tr>\r\n<td><strong>\u00d6d\u00fcl T\u00f6reni<\/strong><\/td>\r\n<td><strong>21.11.2025<\/strong><\/td>\r\n<td>\u00a0<\/td>\r\n<\/tr>\r\n<\/tbody>\r\n<\/table>\r\n<\/figure>\r\n","protected":false},"excerpt":{"rendered":"<p>Organizasyon Ad\u0131mlar\u0131 \u0130lk Tarih Son Tarih \u0130lk Duyuru Tarihi 24.03.2025 \u00a0 Yar\u0131\u015fma Ba\u015fvuru Tarihleri 01.04.2025 01.09.2025 Ba\u015fvurular\u0131n \u00d6n Eleme Tarihleri 21.09.2025 30.09.2025 J\u00fcri De\u011ferlendirme Tarihleri 01.10.2025 18.10.2025 05.11.2025 Son De\u011ferlendirme 19.10.2025 06.11.2025 25.10.2025 09.11.2025 Sonu\u00e7lar\u0131n Duyurulmas\u0131 26.10.2025 10.11.2025 31.10.2025 14.11.2025 \u00d6d\u00fcl T\u00f6reni 21.11.2025 \u00a0<\/p>\n","protected":false},"author":4,"featured_media":0,"parent":0,"menu_order":0,"comment_status":"closed","ping_status":"closed","template":"","meta":{"footnotes":""},"class_list":["post-816","page","type-page","status-publish","hentry"],"yoast_head":"<!-- This site is optimized with the Yoast SEO plugin v27.5 - https:\/\/yoast.com\/product\/yoast-seo-wordpress\/ -->\n<title>\u00d6nemli Tarihler - Bili\u015fim Y\u0131ld\u0131zlar\u0131 2025<\/title>\n<meta name=\"robots\" content=\"index, follow, max-snippet:-1, max-image-preview:large, max-video-preview:-1\" \/>\n<link rel=\"canonical\" href=\"https:\/\/bilisimyildizlari.org.tr\/2025\/onemli-tarihler\" \/>\n<meta property=\"og:locale\" content=\"tr_TR\" \/>\n<meta property=\"og:type\" content=\"article\" \/>\n<meta property=\"og:title\" content=\"\u00d6nemli Tarihler - Bili\u015fim Y\u0131ld\u0131zlar\u0131 2025\" \/>\n<meta property=\"og:description\" content=\"Organizasyon Ad\u0131mlar\u0131 \u0130lk Tarih Son Tarih \u0130lk Duyuru Tarihi 24.03.2025 \u00a0 Yar\u0131\u015fma Ba\u015fvuru Tarihleri 01.04.2025 01.09.2025 Ba\u015fvurular\u0131n \u00d6n Eleme Tarihleri 21.09.2025 30.09.2025 J\u00fcri De\u011ferlendirme Tarihleri 01.10.2025 18.10.2025 05.11.2025 Son De\u011ferlendirme 19.10.2025 06.11.2025 25.10.2025 09.11.2025 Sonu\u00e7lar\u0131n Duyurulmas\u0131 26.10.2025 10.11.2025 31.10.2025 14.11.2025 \u00d6d\u00fcl T\u00f6reni 21.11.2025 \u00a0\" \/>\n<meta property=\"og:url\" content=\"https:\/\/bilisimyildizlari.org.tr\/2025\/onemli-tarihler\" \/>\n<meta property=\"og:site_name\" content=\"Bili\u015fim Y\u0131ld\u0131zlar\u0131 2025\" \/>\n<meta property=\"article:modified_time\" content=\"2025-10-31T21:55:51+00:00\" \/>\n<meta name=\"twitter:card\" content=\"summary_large_image\" \/>\n<meta name=\"twitter:label1\" content=\"Tahmini okuma s\u00fcresi\" \/>\n\t<meta name=\"twitter:data1\" content=\"1 dakika\" \/>\n<script type=\"application\/ld+json\" class=\"yoast-schema-graph\">{\"@context\":\"https:\\\/\\\/schema.org\",\"@graph\":[{\"@type\":\"WebPage\",\"@id\":\"https:\\\/\\\/bilisimyildizlari.org.tr\\\/2025\\\/onemli-tarihler\",\"url\":\"https:\\\/\\\/bilisimyildizlari.org.tr\\\/2025\\\/onemli-tarihler\",\"name\":\"\u00d6nemli Tarihler - Bili\u015fim Y\u0131ld\u0131zlar\u0131 2025\",\"isPartOf\":{\"@id\":\"https:\\\/\\\/bilisimyildizlari.org.tr\\\/2025\\\/#website\"},\"datePublished\":\"2021-03-16T12:52:52+00:00\",\"dateModified\":\"2025-10-31T21:55:51+00:00\",\"breadcrumb\":{\"@id\":\"https:\\\/\\\/bilisimyildizlari.org.tr\\\/2025\\\/onemli-tarihler#breadcrumb\"},\"inLanguage\":\"tr\",\"potentialAction\":[{\"@type\":\"ReadAction\",\"target\":[\"https:\\\/\\\/bilisimyildizlari.org.tr\\\/2025\\\/onemli-tarihler\"]}]},{\"@type\":\"BreadcrumbList\",\"@id\":\"https:\\\/\\\/bilisimyildizlari.org.tr\\\/2025\\\/onemli-tarihler#breadcrumb\",\"itemListElement\":[{\"@type\":\"ListItem\",\"position\":1,\"name\":\"Anasayfa\",\"item\":\"https:\\\/\\\/bilisimyildizlari.org.tr\\\/2025\\\/\"},{\"@type\":\"ListItem\",\"position\":2,\"name\":\"\u00d6nemli Tarihler\"}]},{\"@type\":\"WebSite\",\"@id\":\"https:\\\/\\\/bilisimyildizlari.org.tr\\\/2025\\\/#website\",\"url\":\"https:\\\/\\\/bilisimyildizlari.org.tr\\\/2025\\\/\",\"name\":\"Bili\u015fim Y\u0131ld\u0131zlar\u0131 2025\",\"description\":\"TBD \u0130stanbul Bili\u015fim Y\u0131ld\u0131zlar\u0131 Yar\u0131\u015fmas\u0131\",\"publisher\":{\"@id\":\"https:\\\/\\\/bilisimyildizlari.org.tr\\\/2025\\\/#organization\"},\"potentialAction\":[{\"@type\":\"SearchAction\",\"target\":{\"@type\":\"EntryPoint\",\"urlTemplate\":\"https:\\\/\\\/bilisimyildizlari.org.tr\\\/2025\\\/?s={search_term_string}\"},\"query-input\":{\"@type\":\"PropertyValueSpecification\",\"valueRequired\":true,\"valueName\":\"search_term_string\"}}],\"inLanguage\":\"tr\"},{\"@type\":\"Organization\",\"@id\":\"https:\\\/\\\/bilisimyildizlari.org.tr\\\/2025\\\/#organization\",\"name\":\"Bili\u015fim Y\u0131ld\u0131zlar\u0131 2025\",\"url\":\"https:\\\/\\\/bilisimyildizlari.org.tr\\\/2025\\\/\",\"logo\":{\"@type\":\"ImageObject\",\"inLanguage\":\"tr\",\"@id\":\"https:\\\/\\\/bilisimyildizlari.org.tr\\\/2025\\\/#\\\/schema\\\/logo\\\/image\\\/\",\"url\":\"https:\\\/\\\/bilisimyildizlari.org.tr\\\/2025\\\/wp-content\\\/uploads\\\/sites\\\/9\\\/2022\\\/04\\\/TBD_ist_logo1.png\",\"contentUrl\":\"https:\\\/\\\/bilisimyildizlari.org.tr\\\/2025\\\/wp-content\\\/uploads\\\/sites\\\/9\\\/2022\\\/04\\\/TBD_ist_logo1.png\",\"width\":185,\"height\":80,\"caption\":\"Bili\u015fim Y\u0131ld\u0131zlar\u0131 2025 \"},\"image\":{\"@id\":\"https:\\\/\\\/bilisimyildizlari.org.tr\\\/2025\\\/#\\\/schema\\\/logo\\\/image\\\/\"}}]}<\/script>\n<!-- \/ Yoast SEO plugin. -->","yoast_head_json":{"title":"\u00d6nemli Tarihler - Bili\u015fim Y\u0131ld\u0131zlar\u0131 2025","robots":{"index":"index","follow":"follow","max-snippet":"max-snippet:-1","max-image-preview":"max-image-preview:large","max-video-preview":"max-video-preview:-1"},"canonical":"https:\/\/bilisimyildizlari.org.tr\/2025\/onemli-tarihler","og_locale":"tr_TR","og_type":"article","og_title":"\u00d6nemli Tarihler - Bili\u015fim Y\u0131ld\u0131zlar\u0131 2025","og_description":"Organizasyon Ad\u0131mlar\u0131 \u0130lk Tarih Son Tarih \u0130lk Duyuru Tarihi 24.03.2025 \u00a0 Yar\u0131\u015fma Ba\u015fvuru Tarihleri 01.04.2025 01.09.2025 Ba\u015fvurular\u0131n \u00d6n Eleme Tarihleri 21.09.2025 30.09.2025 J\u00fcri De\u011ferlendirme Tarihleri 01.10.2025 18.10.2025 05.11.2025 Son De\u011ferlendirme 19.10.2025 06.11.2025 25.10.2025 09.11.2025 Sonu\u00e7lar\u0131n Duyurulmas\u0131 26.10.2025 10.11.2025 31.10.2025 14.11.2025 \u00d6d\u00fcl T\u00f6reni 21.11.2025 \u00a0","og_url":"https:\/\/bilisimyildizlari.org.tr\/2025\/onemli-tarihler","og_site_name":"Bili\u015fim Y\u0131ld\u0131zlar\u0131 2025","article_modified_time":"2025-10-31T21:55:51+00:00","twitter_card":"summary_large_image","twitter_misc":{"Tahmini okuma s\u00fcresi":"1 dakika"},"schema":{"@context":"https:\/\/schema.org","@graph":[{"@type":"WebPage","@id":"https:\/\/bilisimyildizlari.org.tr\/2025\/onemli-tarihler","url":"https:\/\/bilisimyildizlari.org.tr\/2025\/onemli-tarihler","name":"\u00d6nemli Tarihler - Bili\u015fim Y\u0131ld\u0131zlar\u0131 2025","isPartOf":{"@id":"https:\/\/bilisimyildizlari.org.tr\/2025\/#website"},"datePublished":"2021-03-16T12:52:52+00:00","dateModified":"2025-10-31T21:55:51+00:00","breadcrumb":{"@id":"https:\/\/bilisimyildizlari.org.tr\/2025\/onemli-tarihler#breadcrumb"},"inLanguage":"tr","potentialAction":[{"@type":"ReadAction","target":["https:\/\/bilisimyildizlari.org.tr\/2025\/onemli-tarihler"]}]},{"@type":"BreadcrumbList","@id":"https:\/\/bilisimyildizlari.org.tr\/2025\/onemli-tarihler#breadcrumb","itemListElement":[{"@type":"ListItem","position":1,"name":"Anasayfa","item":"https:\/\/bilisimyildizlari.org.tr\/2025\/"},{"@type":"ListItem","position":2,"name":"\u00d6nemli Tarihler"}]},{"@type":"WebSite","@id":"https:\/\/bilisimyildizlari.org.tr\/2025\/#website","url":"https:\/\/bilisimyildizlari.org.tr\/2025\/","name":"Bili\u015fim Y\u0131ld\u0131zlar\u0131 2025","description":"TBD \u0130stanbul Bili\u015fim Y\u0131ld\u0131zlar\u0131 Yar\u0131\u015fmas\u0131","publisher":{"@id":"https:\/\/bilisimyildizlari.org.tr\/2025\/#organization"},"potentialAction":[{"@type":"SearchAction","target":{"@type":"EntryPoint","urlTemplate":"https:\/\/bilisimyildizlari.org.tr\/2025\/?s={search_term_string}"},"query-input":{"@type":"PropertyValueSpecification","valueRequired":true,"valueName":"search_term_string"}}],"inLanguage":"tr"},{"@type":"Organization","@id":"https:\/\/bilisimyildizlari.org.tr\/2025\/#organization","name":"Bili\u015fim Y\u0131ld\u0131zlar\u0131 2025","url":"https:\/\/bilisimyildizlari.org.tr\/2025\/","logo":{"@type":"ImageObject","inLanguage":"tr","@id":"https:\/\/bilisimyildizlari.org.tr\/2025\/#\/schema\/logo\/image\/","url":"https:\/\/bilisimyildizlari.org.tr\/2025\/wp-content\/uploads\/sites\/9\/2022\/04\/TBD_ist_logo1.png","contentUrl":"https:\/\/bilisimyildizlari.org.tr\/2025\/wp-content\/uploads\/sites\/9\/2022\/04\/TBD_ist_logo1.png","width":185,"height":80,"caption":"Bili\u015fim Y\u0131ld\u0131zlar\u0131 2025 "},"image":{"@id":"https:\/\/bilisimyildizlari.org.tr\/2025\/#\/schema\/logo\/image\/"}}]}},"_links":{"self":[{"href":"https:\/\/bilisimyildizlari.org.tr\/2025\/wp-json\/wp\/v2\/pages\/816","targetHints":{"allow":["GET"]}}],"collection":[{"href":"https:\/\/bilisimyildizlari.org.tr\/2025\/wp-json\/wp\/v2\/pages"}],"about":[{"href":"https:\/\/bilisimyildizlari.org.tr\/2025\/wp-json\/wp\/v2\/types\/page"}],"author":[{"embeddable":true,"href":"https:\/\/bilisimyildizlari.org.tr\/2025\/wp-json\/wp\/v2\/users\/4"}],"replies":[{"embeddable":true,"href":"https:\/\/bilisimyildizlari.org.tr\/2025\/wp-json\/wp\/v2\/comments?post=816"}],"version-history":[{"count":15,"href":"https:\/\/bilisimyildizlari.org.tr\/2025\/wp-json\/wp\/v2\/pages\/816\/revisions"}],"predecessor-version":[{"id":1958,"href":"https:\/\/bilisimyildizlari.org.tr\/2025\/wp-json\/wp\/v2\/pages\/816\/revisions\/1958"}],"wp:attachment":[{"href":"https:\/\/bilisimyildizlari.org.tr\/2025\/wp-json\/wp\/v2\/media?parent=816"}],"curies":[{"name":"wp","href":"https:\/\/api.w.org\/{rel}","templated":true}]}}